{"id":6595,"date":"2016-02-19T14:33:31","date_gmt":"2016-02-19T19:33:31","guid":{"rendered":"https:\/\/bbn1.bbnradio.org\/english\/?page_id=6595"},"modified":"2023-01-12T09:40:58","modified_gmt":"2023-01-12T14:40:58","slug":"orlando-rosario","status":"publish","type":"page","link":"https:\/\/bbn1.bbnradio.org\/spanish\/quienes-somos\/nuestros-locutores\/orlando-rosario\/","title":{"rendered":"Orlando Rosario"},"content":{"rendered":"\n<style type=\"text\/css\" data-created_by=\"avia_inline_auto\" id=\"style-css-av-97pss3-10919cc28eb0d71d95828e9e59fd2cfb\">\n.flex_column.av-97pss3-10919cc28eb0d71d95828e9e59fd2cfb{\nborder-radius:0px 0px 0px 0px;\npadding:0px 0px 0px 0px;\n}\n<\/style>\n<div  class='flex_column av-97pss3-10919cc28eb0d71d95828e9e59fd2cfb av_one_fourth  avia-builder-el-0  el_before_av_three_fourth  avia-builder-el-first  first flex_column_div av-zero-column-padding  '     ><p>\n<style type=\"text\/css\" data-created_by=\"avia_inline_auto\" id=\"style-css-av-7q155v-ced6f8d77d46a1de274c6090569744eb\">\n#top .hr.hr-invisible.av-7q155v-ced6f8d77d46a1de274c6090569744eb{\nheight:1px;\n}\n<\/style>\n<div  class='hr av-7q155v-ced6f8d77d46a1de274c6090569744eb hr-invisible  avia-builder-el-1  el_before_av_team_member  avia-builder-el-first '><span class='hr-inner '><span class=\"hr-inner-style\"><\/span><\/span><\/div><br \/>\n<section  class='avia-team-member av-5aif8j-3006a9749234c5f3ebb0e13c972ddd2b  avia-builder-el-2  el_after_av_hr  avia-builder-el-last '  itemscope=\"itemscope\" itemtype=\"https:\/\/schema.org\/Person\" ><div class=\"team-img-container\"><img decoding=\"async\" fetchpriority=\"high\" class='wp-image-17468 avia-img-lazy-loading-not-17468 avia_image avia_image_team' src=\"https:\/\/i0.wp.com\/bbn1.bbnradio.org\/spanish\/wp-content\/uploads\/sites\/5\/2022\/07\/Orlando-Rosario.jpg?fit=1200%2C1800&ssl=1\" alt='Orlando Rosario'  itemprop=\"image\"   height=\"1800\" width=\"1200\" \/><\/div><h3 class='team-member-name '  itemprop=\"name\" >Orlando Rosario<\/h3><div class='team-member-job-title '  itemprop=\"jobTitle\" >Locutor<\/div><span class='hidden team-member-affiliation'  itemprop=\"affiliation\" >BBN<\/span><\/section><\/p><\/div>\n\n<style type=\"text\/css\" data-created_by=\"avia_inline_auto\" id=\"style-css-av-4mj2zn-01a5dd73836d8662c4d65da9add98d87\">\n.flex_column.av-4mj2zn-01a5dd73836d8662c4d65da9add98d87{\nborder-radius:0px 0px 0px 0px;\npadding:0px 0px 0px 0px;\n}\n<\/style>\n<div  class='flex_column av-4mj2zn-01a5dd73836d8662c4d65da9add98d87 av_three_fourth  avia-builder-el-3  el_after_av_one_fourth  avia-builder-el-last  flex_column_div av-zero-column-padding  '     ><section  class='av_textblock_section av-1wvzs3-4b2a5230c975b1e37bd71617dd67d92f '   itemscope=\"itemscope\" itemtype=\"https:\/\/schema.org\/CreativeWork\" ><div class='avia_textblock'  itemprop=\"text\" ><p><span style=\"font-weight: 400\">Soy el tercero de seis hermanos y originario de Rep\u00fablica Dominicana. En 1982, con 17 a\u00f1os, me traslad\u00e9 a Brooklyn, NY, para vivir con mis padres. \u00c9ramos una familia que, al igual que muchas, trataba de agradar al Se\u00f1or mediante las tradiciones.<\/span><\/p>\n<p><span style=\"font-weight: 400\">En la secundaria conoc\u00ed a una chica que me invit\u00f3 a una iglesia, donde por primera vez entend\u00ed acerca de mi condici\u00f3n de pecador, las consecuencias del pecado, el por qu\u00e9 Cristo vino a la tierra y cu\u00e1l es el destino del que se reh\u00fasa a creer en \u00e9l.<\/span><\/p>\n<p><span style=\"font-weight: 400\">En enero de 1985 empec\u00e9 a asistir a una buena iglesia gracias a una joven que conoc\u00ed cuando terminaba la secundaria. En ese tiempo mis prioridades estaban fundadas en las cosas materiales, los deseos de la carne y de la sociedad en la que viv\u00eda.<\/span><\/p>\n<p><span style=\"font-weight: 400\">A medida que escuchaba la Palabra del Se\u00f1or, esta obraba en mi vida. En marzo de 1985 se realiz\u00f3 un retiro de j\u00f3venes en el estado de Pennsylvania. El 30 de marzo el Se\u00f1or toc\u00f3 mi coraz\u00f3n; pude entender que era pecador y que si no recib\u00eda a Cristo como mi salvador, estaba perdido.<\/span><\/p>\n<p><span style=\"font-weight: 400\">La semana siguiente trat\u00e9 de volver a mi rutina diaria, pero me di cuenta que algo hab\u00eda sucedido en mi vida y ya no encontraba satisfacci\u00f3n en las pr\u00e1cticas antiguas. El siguiente domingo hice mi confesi\u00f3n p\u00fablica de recibir a Cristo como el Se\u00f1or de mi vida. En esta congregaci\u00f3n serv\u00ed como maestro de la Escuela Dominical y luego como Director de la Escuela Dominical.<\/span><\/p>\n<p><span style=\"font-weight: 400\">En julio de 1988 contraje matrimonio con una joven de aquella familia que me introdujo al Se\u00f1or. Junto a Evelyn, el Se\u00f1or me ha dado cuatro hijos: Kamelis, la mayor; Orlando Jr., Daniel y Mois\u00e9s.<\/span><\/p>\n<p><span style=\"font-weight: 400\">Cada d\u00eda sent\u00eda m\u00e1s deseo de pasar tiempo en las cosas de Dios. En el verano de 1997, el hermano Gabriel Guzm\u00e1n, quien tambi\u00e9n serv\u00eda a Dios en BBN, me llam\u00f3 y me dijo que BBN espa\u00f1ol estaba buscando un locutor. Estuvimos de acuerdo en orar para buscar la direcci\u00f3n del Se\u00f1or. Teniendo la paz de Dios en cuanto a esa decisi\u00f3n, el 21 de marzo nos trasladamos a Carolina del Norte para formar parte del equipo de comunicadores de BBN. Para m\u00ed es un sue\u00f1o hecho realidad el tener la oportunidad de servir al Se\u00f1or y compartir el mensaje de la Palabra con nuestros oyentes. \u00a1Qu\u00e9 m\u00e1s puedo pedir! Mi petici\u00f3n al Se\u00f1or es que me ayude a mostrar fidelidad en cada oportunidad que \u00e9l me concede para servirle en este gran ministerio. Muchas gracias por sus oraciones a favor de la familia Rosario.<\/span><\/p>\n<\/div><\/section><\/div>\n<!-- AddThis Advanced Settings generic via filter on the_content --><!-- AddThis Share Buttons generic via filter on the_content -->","protected":false},"excerpt":{"rendered":"<p><!-- AddThis Advanced Settings generic via filter on get_the_excerpt --><!-- AddThis Share Buttons generic via filter on get_the_excerpt --><\/p>\n","protected":false},"author":21,"featured_media":0,"parent":6263,"menu_order":0,"comment_status":"closed","ping_status":"closed","template":"","meta":{"jetpack_post_was_ever_published":false,"footnotes":""},"categories":[],"tags":[],"class_list":["post-6595","page","type-page","status-publish","hentry"],"yoast_head":"<!-- This site is optimized with the Yoast SEO Premium plugin v24.8 (Yoast SEO v24.8.1) - https:\/\/yoast.com\/wordpress\/plugins\/seo\/ -->\n<title>Orlando Rosario - BBN<\/title>\n<meta name=\"robots\" content=\"index, follow, max-snippet:-1, max-image-preview:large, max-video-preview:-1\" \/>\n<link rel=\"canonical\" href=\"https:\/\/bbn1.bbnradio.org\/spanish\/quienes-somos\/nuestros-locutores\/orlando-rosario\/\" \/>\n<meta property=\"og:locale\" content=\"es_ES\" \/>\n<meta property=\"og:type\" content=\"article\" \/>\n<meta property=\"og:title\" content=\"Nuestros Locutores - Orlando Rosario\" \/>\n<meta property=\"og:description\" content=\"Soy el menor de tres hermanos. Originario de la Rep\u00fablica Dominicana. A la edad de 17 a\u00f1os en 1.982 al terminar mi primer a\u00f1o de la Secundaria me traslad\u00e9 a los EE.UU. Brooklyn NY, donde viv\u00eda con mis padres. Una familia que al igual que muchas trataba de agradar al Se\u00f1or por medio de las tradiciones. En la Secundaria conoc\u00ed a una chica que me invit\u00f3 a la iglesia y fue cuando entend\u00ed por primera vez de mi condici\u00f3n como pecador, las consecuencias del pecado, el por qu\u00e9 Cristo vino a la tierra y cu\u00e1l es el destino del que reh\u00fasa creer en \u00e9l. A principio del 1.985 empec\u00e9 a asistir a una buena iglesia por medio de una joven que conoc\u00ed cuando terminaba la secundaria. En ese tiempo mis prioridades estaban fundadas en las cosas materiales, los deseos de la carne y de la sociedad en que viv\u00eda. A medida que escuchaba la Palabra el Se\u00f1or, esta obraba en mi vida. En marzo de 1.985 se realiz\u00f3 un retiro de j\u00f3venes en el estado de Pennsylvania. El 30 de Marzo el Se\u00f1or toc\u00f3 mi coraz\u00f3n y pude entender que era pecador y que si no recib\u00eda a Cristo como mi salvador estaba perdido. La semana siguiente trat\u00e9 de volver a mi rutina diaria, pero me di cuenta que algo hab\u00eda sucedido en mi vida y ya no encontraba satisfacci\u00f3n en la pr\u00e1cticas antiguas. El siguiente domingo hice mi confesi\u00f3n p\u00fablica de recibir a Cristo como el Se\u00f1or de mi vida. En la iglesia donde recib\u00ed al Se\u00f1or serv\u00eda como maestro de la Escuela Dominical y luego como Director de la Escuela Dominical. En Julio del 1.988 contraje matrimonio con una joven de aquella familia que me introdujo al Se\u00f1or; junto a Evelyn el Se\u00f1or me ha dado cuatro hijos, Kamelis la mayor, Orlando Jr., Daniel y Mois\u00e9s.\" \/>\n<meta property=\"og:url\" content=\"https:\/\/bbn1.bbnradio.org\/spanish\/quienes-somos\/nuestros-locutores\/orlando-rosario\/\" \/>\n<meta property=\"og:site_name\" content=\"BBN\" \/>\n<meta property=\"article:publisher\" content=\"https:\/\/www.facebook.com\/BBNEspanol\" \/>\n<meta property=\"article:modified_time\" content=\"2023-01-12T14:40:58+00:00\" \/>\n<meta name=\"twitter:card\" content=\"summary_large_image\" \/>\n<meta name=\"twitter:title\" content=\"Nuestros Locutores - Orlando Rosario\" \/>\n<meta name=\"twitter:description\" content=\"Soy el menor de tres hermanos. Originario de la Rep\u00fablica Dominicana. A la edad de 17 a\u00f1os en 1.982 al terminar mi primer a\u00f1o de la Secundaria me traslad\u00e9 a los EE.UU. Brooklyn NY, donde viv\u00eda con mis padres. Una familia que al igual que muchas trataba de agradar al Se\u00f1or por medio de las tradiciones. En la Secundaria conoc\u00ed a una chica que me invit\u00f3 a la iglesia y fue cuando entend\u00ed por primera vez de mi condici\u00f3n como pecador, las consecuencias del pecado, el por qu\u00e9 Cristo vino a la tierra y cu\u00e1l es el destino del que reh\u00fasa creer en \u00e9l. A principio del 1.985 empec\u00e9 a asistir a una buena iglesia por medio de una joven que conoc\u00ed cuando terminaba la secundaria. En ese tiempo mis prioridades estaban fundadas en las cosas materiales, los deseos de la carne y de la sociedad en que viv\u00eda. A medida que escuchaba la Palabra el Se\u00f1or, esta obraba en mi vida. En marzo de 1.985 se realiz\u00f3 un retiro de j\u00f3venes en el estado de Pennsylvania. El 30 de Marzo el Se\u00f1or toc\u00f3 mi coraz\u00f3n y pude entender que era pecador y que si no recib\u00eda a Cristo como mi salvador estaba perdido. La semana siguiente trat\u00e9 de volver a mi rutina diaria, pero me di cuenta que algo hab\u00eda sucedido en mi vida y ya no encontraba satisfacci\u00f3n en la pr\u00e1cticas antiguas. El siguiente domingo hice mi confesi\u00f3n p\u00fablica de recibir a Cristo como el Se\u00f1or de mi vida. En la iglesia donde recib\u00ed al Se\u00f1or serv\u00eda como maestro de la Escuela Dominical y luego como Director de la Escuela Dominical. En Julio del 1.988 contraje matrimonio con una joven de aquella familia que me introdujo al Se\u00f1or; junto a Evelyn el Se\u00f1or me ha dado cuatro hijos, Kamelis la mayor, Orlando Jr., Daniel y Mois\u00e9s.\" \/>\n<meta name=\"twitter:site\" content=\"@BBNEspanol\" \/>\n<meta name=\"twitter:label1\" content=\"Tiempo de lectura\" \/>\n\t<meta name=\"twitter:data1\" content=\"4 minutos\" \/>\n<script type=\"application\/ld+json\" class=\"yoast-schema-graph\">{\"@context\":\"https:\/\/schema.org\",\"@graph\":[{\"@type\":\"WebPage\",\"@id\":\"https:\/\/bbn1.bbnradio.org\/spanish\/quienes-somos\/nuestros-locutores\/orlando-rosario\/\",\"url\":\"https:\/\/bbn1.bbnradio.org\/spanish\/quienes-somos\/nuestros-locutores\/orlando-rosario\/\",\"name\":\"Orlando Rosario - BBN\",\"isPartOf\":{\"@id\":\"https:\/\/bbn1.bbnradio.org\/spanish\/#website\"},\"datePublished\":\"2016-02-19T19:33:31+00:00\",\"dateModified\":\"2023-01-12T14:40:58+00:00\",\"breadcrumb\":{\"@id\":\"https:\/\/bbn1.bbnradio.org\/spanish\/quienes-somos\/nuestros-locutores\/orlando-rosario\/#breadcrumb\"},\"inLanguage\":\"es\",\"potentialAction\":[{\"@type\":\"ReadAction\",\"target\":[\"https:\/\/bbn1.bbnradio.org\/spanish\/quienes-somos\/nuestros-locutores\/orlando-rosario\/\"]}]},{\"@type\":\"BreadcrumbList\",\"@id\":\"https:\/\/bbn1.bbnradio.org\/spanish\/quienes-somos\/nuestros-locutores\/orlando-rosario\/#breadcrumb\",\"itemListElement\":[{\"@type\":\"ListItem\",\"position\":1,\"name\":\"Home\",\"item\":\"https:\/\/bbn1.bbnradio.org\/spanish\/inicio\/\"},{\"@type\":\"ListItem\",\"position\":2,\"name\":\"Quienes somos\",\"item\":\"https:\/\/bbn1.bbnradio.org\/spanish\/quienes-somos\/\"},{\"@type\":\"ListItem\",\"position\":3,\"name\":\"Nuestros Locutores\",\"item\":\"https:\/\/bbn1.bbnradio.org\/spanish\/quienes-somos\/nuestros-locutores\/\"},{\"@type\":\"ListItem\",\"position\":4,\"name\":\"Orlando Rosario\"}]},{\"@type\":\"WebSite\",\"@id\":\"https:\/\/bbn1.bbnradio.org\/spanish\/#website\",\"url\":\"https:\/\/bbn1.bbnradio.org\/spanish\/\",\"name\":\"BBN Spanish\",\"description\":\"BBN\",\"potentialAction\":[{\"@type\":\"SearchAction\",\"target\":{\"@type\":\"EntryPoint\",\"urlTemplate\":\"https:\/\/bbn1.bbnradio.org\/spanish\/?s={search_term_string}\"},\"query-input\":{\"@type\":\"PropertyValueSpecification\",\"valueRequired\":true,\"valueName\":\"search_term_string\"}}],\"inLanguage\":\"es\"}]}<\/script>\n<!-- \/ Yoast SEO Premium plugin. -->","yoast_head_json":{"title":"Orlando Rosario - BBN","robots":{"index":"index","follow":"follow","max-snippet":"max-snippet:-1","max-image-preview":"max-image-preview:large","max-video-preview":"max-video-preview:-1"},"canonical":"https:\/\/bbn1.bbnradio.org\/spanish\/quienes-somos\/nuestros-locutores\/orlando-rosario\/","og_locale":"es_ES","og_type":"article","og_title":"Nuestros Locutores - Orlando Rosario","og_description":"Soy el menor de tres hermanos. Originario de la Rep\u00fablica Dominicana. A la edad de 17 a\u00f1os en 1.982 al terminar mi primer a\u00f1o de la Secundaria me traslad\u00e9 a los EE.UU. Brooklyn NY, donde viv\u00eda con mis padres. Una familia que al igual que muchas trataba de agradar al Se\u00f1or por medio de las tradiciones. En la Secundaria conoc\u00ed a una chica que me invit\u00f3 a la iglesia y fue cuando entend\u00ed por primera vez de mi condici\u00f3n como pecador, las consecuencias del pecado, el por qu\u00e9 Cristo vino a la tierra y cu\u00e1l es el destino del que reh\u00fasa creer en \u00e9l. A principio del 1.985 empec\u00e9 a asistir a una buena iglesia por medio de una joven que conoc\u00ed cuando terminaba la secundaria. En ese tiempo mis prioridades estaban fundadas en las cosas materiales, los deseos de la carne y de la sociedad en que viv\u00eda. A medida que escuchaba la Palabra el Se\u00f1or, esta obraba en mi vida. En marzo de 1.985 se realiz\u00f3 un retiro de j\u00f3venes en el estado de Pennsylvania. El 30 de Marzo el Se\u00f1or toc\u00f3 mi coraz\u00f3n y pude entender que era pecador y que si no recib\u00eda a Cristo como mi salvador estaba perdido. La semana siguiente trat\u00e9 de volver a mi rutina diaria, pero me di cuenta que algo hab\u00eda sucedido en mi vida y ya no encontraba satisfacci\u00f3n en la pr\u00e1cticas antiguas. El siguiente domingo hice mi confesi\u00f3n p\u00fablica de recibir a Cristo como el Se\u00f1or de mi vida. En la iglesia donde recib\u00ed al Se\u00f1or serv\u00eda como maestro de la Escuela Dominical y luego como Director de la Escuela Dominical. En Julio del 1.988 contraje matrimonio con una joven de aquella familia que me introdujo al Se\u00f1or; junto a Evelyn el Se\u00f1or me ha dado cuatro hijos, Kamelis la mayor, Orlando Jr., Daniel y Mois\u00e9s.","og_url":"https:\/\/bbn1.bbnradio.org\/spanish\/quienes-somos\/nuestros-locutores\/orlando-rosario\/","og_site_name":"BBN","article_publisher":"https:\/\/www.facebook.com\/BBNEspanol","article_modified_time":"2023-01-12T14:40:58+00:00","twitter_card":"summary_large_image","twitter_title":"Nuestros Locutores - Orlando Rosario","twitter_description":"Soy el menor de tres hermanos. Originario de la Rep\u00fablica Dominicana. A la edad de 17 a\u00f1os en 1.982 al terminar mi primer a\u00f1o de la Secundaria me traslad\u00e9 a los EE.UU. Brooklyn NY, donde viv\u00eda con mis padres. Una familia que al igual que muchas trataba de agradar al Se\u00f1or por medio de las tradiciones. En la Secundaria conoc\u00ed a una chica que me invit\u00f3 a la iglesia y fue cuando entend\u00ed por primera vez de mi condici\u00f3n como pecador, las consecuencias del pecado, el por qu\u00e9 Cristo vino a la tierra y cu\u00e1l es el destino del que reh\u00fasa creer en \u00e9l. A principio del 1.985 empec\u00e9 a asistir a una buena iglesia por medio de una joven que conoc\u00ed cuando terminaba la secundaria. En ese tiempo mis prioridades estaban fundadas en las cosas materiales, los deseos de la carne y de la sociedad en que viv\u00eda. A medida que escuchaba la Palabra el Se\u00f1or, esta obraba en mi vida. En marzo de 1.985 se realiz\u00f3 un retiro de j\u00f3venes en el estado de Pennsylvania. El 30 de Marzo el Se\u00f1or toc\u00f3 mi coraz\u00f3n y pude entender que era pecador y que si no recib\u00eda a Cristo como mi salvador estaba perdido. La semana siguiente trat\u00e9 de volver a mi rutina diaria, pero me di cuenta que algo hab\u00eda sucedido en mi vida y ya no encontraba satisfacci\u00f3n en la pr\u00e1cticas antiguas. El siguiente domingo hice mi confesi\u00f3n p\u00fablica de recibir a Cristo como el Se\u00f1or de mi vida. En la iglesia donde recib\u00ed al Se\u00f1or serv\u00eda como maestro de la Escuela Dominical y luego como Director de la Escuela Dominical. En Julio del 1.988 contraje matrimonio con una joven de aquella familia que me introdujo al Se\u00f1or; junto a Evelyn el Se\u00f1or me ha dado cuatro hijos, Kamelis la mayor, Orlando Jr., Daniel y Mois\u00e9s.","twitter_site":"@BBNEspanol","twitter_misc":{"Tiempo de lectura":"4 minutos"},"schema":{"@context":"https:\/\/schema.org","@graph":[{"@type":"WebPage","@id":"https:\/\/bbn1.bbnradio.org\/spanish\/quienes-somos\/nuestros-locutores\/orlando-rosario\/","url":"https:\/\/bbn1.bbnradio.org\/spanish\/quienes-somos\/nuestros-locutores\/orlando-rosario\/","name":"Orlando Rosario - BBN","isPartOf":{"@id":"https:\/\/bbn1.bbnradio.org\/spanish\/#website"},"datePublished":"2016-02-19T19:33:31+00:00","dateModified":"2023-01-12T14:40:58+00:00","breadcrumb":{"@id":"https:\/\/bbn1.bbnradio.org\/spanish\/quienes-somos\/nuestros-locutores\/orlando-rosario\/#breadcrumb"},"inLanguage":"es","potentialAction":[{"@type":"ReadAction","target":["https:\/\/bbn1.bbnradio.org\/spanish\/quienes-somos\/nuestros-locutores\/orlando-rosario\/"]}]},{"@type":"BreadcrumbList","@id":"https:\/\/bbn1.bbnradio.org\/spanish\/quienes-somos\/nuestros-locutores\/orlando-rosario\/#breadcrumb","itemListElement":[{"@type":"ListItem","position":1,"name":"Home","item":"https:\/\/bbn1.bbnradio.org\/spanish\/inicio\/"},{"@type":"ListItem","position":2,"name":"Quienes somos","item":"https:\/\/bbn1.bbnradio.org\/spanish\/quienes-somos\/"},{"@type":"ListItem","position":3,"name":"Nuestros Locutores","item":"https:\/\/bbn1.bbnradio.org\/spanish\/quienes-somos\/nuestros-locutores\/"},{"@type":"ListItem","position":4,"name":"Orlando Rosario"}]},{"@type":"WebSite","@id":"https:\/\/bbn1.bbnradio.org\/spanish\/#website","url":"https:\/\/bbn1.bbnradio.org\/spanish\/","name":"BBN Spanish","description":"BBN","potentialAction":[{"@type":"SearchAction","target":{"@type":"EntryPoint","urlTemplate":"https:\/\/bbn1.bbnradio.org\/spanish\/?s={search_term_string}"},"query-input":{"@type":"PropertyValueSpecification","valueRequired":true,"valueName":"search_term_string"}}],"inLanguage":"es"}]}},"jetpack_sharing_enabled":true,"jetpack_shortlink":"https:\/\/wp.me\/P85nNm-1In","_links":{"self":[{"href":"https:\/\/bbn1.bbnradio.org\/spanish\/wp-json\/wp\/v2\/pages\/6595","targetHints":{"allow":["GET"]}}],"collection":[{"href":"https:\/\/bbn1.bbnradio.org\/spanish\/wp-json\/wp\/v2\/pages"}],"about":[{"href":"https:\/\/bbn1.bbnradio.org\/spanish\/wp-json\/wp\/v2\/types\/page"}],"author":[{"embeddable":true,"href":"https:\/\/bbn1.bbnradio.org\/spanish\/wp-json\/wp\/v2\/users\/21"}],"replies":[{"embeddable":true,"href":"https:\/\/bbn1.bbnradio.org\/spanish\/wp-json\/wp\/v2\/comments?post=6595"}],"version-history":[{"count":4,"href":"https:\/\/bbn1.bbnradio.org\/spanish\/wp-json\/wp\/v2\/pages\/6595\/revisions"}],"predecessor-version":[{"id":17708,"href":"https:\/\/bbn1.bbnradio.org\/spanish\/wp-json\/wp\/v2\/pages\/6595\/revisions\/17708"}],"up":[{"embeddable":true,"href":"https:\/\/bbn1.bbnradio.org\/spanish\/wp-json\/wp\/v2\/pages\/6263"}],"wp:attachment":[{"href":"https:\/\/bbn1.bbnradio.org\/spanish\/wp-json\/wp\/v2\/media?parent=6595"}],"wp:term":[{"taxonomy":"category","embeddable":true,"href":"https:\/\/bbn1.bbnradio.org\/spanish\/wp-json\/wp\/v2\/categories?post=6595"},{"taxonomy":"post_tag","embeddable":true,"href":"https:\/\/bbn1.bbnradio.org\/spanish\/wp-json\/wp\/v2\/tags?post=6595"}],"curies":[{"name":"wp","href":"https:\/\/api.w.org\/{rel}","templated":true}]}}