{"id":6597,"date":"2016-02-19T14:34:53","date_gmt":"2016-02-19T19:34:53","guid":{"rendered":"https:\/\/bbn1.bbnradio.org\/english\/?page_id=6597"},"modified":"2025-09-03T13:05:51","modified_gmt":"2025-09-03T18:05:51","slug":"carlos-mejia","status":"publish","type":"page","link":"https:\/\/bbn1.bbnradio.org\/spanish\/quienes-somos\/nuestros-locutores\/carlos-mejia\/","title":{"rendered":"Carlos Mej\u00eda"},"content":{"rendered":"\n<style type=\"text\/css\" data-created_by=\"avia_inline_auto\" id=\"style-css-av-9bljn9-e6070dda5f4e70af5fe80b87ca4169fc\">\n.flex_column.av-9bljn9-e6070dda5f4e70af5fe80b87ca4169fc{\nborder-radius:0px 0px 0px 0px;\npadding:0px 0px 0px 0px;\n}\n<\/style>\n<div  class='flex_column av-9bljn9-e6070dda5f4e70af5fe80b87ca4169fc av_one_fourth  avia-builder-el-0  el_before_av_three_fourth  avia-builder-el-first  first flex_column_div av-zero-column-padding  '     ><p>\n<style type=\"text\/css\" data-created_by=\"avia_inline_auto\" id=\"style-css-av-788hw5-2b9a75356a52e019fc09885b9279b2bb\">\n#top .hr.hr-invisible.av-788hw5-2b9a75356a52e019fc09885b9279b2bb{\nheight:1px;\n}\n<\/style>\n<div  class='hr av-788hw5-2b9a75356a52e019fc09885b9279b2bb hr-invisible  avia-builder-el-1  el_before_av_team_member  avia-builder-el-first '><span class='hr-inner '><span class=\"hr-inner-style\"><\/span><\/span><\/div><br \/>\n<section  class='avia-team-member av-l3yhh-33c21711e54ce806a7bd77b9a211a8e9  avia-builder-el-2  el_after_av_hr  avia-builder-el-last '  itemscope=\"itemscope\" itemtype=\"https:\/\/schema.org\/Person\" ><div class=\"team-img-container\"><img decoding=\"async\" fetchpriority=\"high\" class='wp-image-17465 avia-img-lazy-loading-not-17465 avia_image avia_image_team' src=\"https:\/\/i0.wp.com\/bbn1.bbnradio.org\/spanish\/wp-content\/uploads\/sites\/5\/2022\/07\/Carlos-Mejia.jpg?fit=1200%2C1800&ssl=1\" alt='Carlos Mej\u00eda'  itemprop=\"image\"   height=\"1800\" width=\"1200\" \/><\/div><h3 class='team-member-name '  itemprop=\"name\" >Carlos Mej\u00eda<\/h3><div class='team-member-job-title '  itemprop=\"jobTitle\" >Locutor<\/div><span class='hidden team-member-affiliation'  itemprop=\"affiliation\" >BBN<\/span><\/section><\/p><\/div>\n\n<style type=\"text\/css\" data-created_by=\"avia_inline_auto\" id=\"style-css-av-496bw5-f083123458184024372c674205a99c58\">\n.flex_column.av-496bw5-f083123458184024372c674205a99c58{\nborder-radius:0px 0px 0px 0px;\npadding:0px 0px 0px 0px;\n}\n<\/style>\n<div  class='flex_column av-496bw5-f083123458184024372c674205a99c58 av_three_fourth  avia-builder-el-3  el_after_av_one_fourth  avia-builder-el-last  flex_column_div av-zero-column-padding  '     ><section  class='av_textblock_section av-315r51-ff56e57f69807a7857d2426d02816f93 '   itemscope=\"itemscope\" itemtype=\"https:\/\/schema.org\/CreativeWork\" ><div class='avia_textblock'  itemprop=\"text\" ><p>Mi nombre es Carlos Alberto Mej\u00eda Bail\u00f3n y soy de la ciudad de Manta, Ecuador. Estoy casado con Rebecca Lemp y fruto de nuestro matrimonio tenemos dos hijos: Caleb y Lucas. Soy el mayor de cuatro hermanos. Mis padres eran cat\u00f3licos, as\u00ed que desde peque\u00f1o iba a la iglesia cat\u00f3lica. Cuando ten\u00eda 16 a\u00f1os, empec\u00e9 a beber alcohol. Por aquel tiempo, una parte de mi familia comenz\u00f3 a asistir a una iglesia evang\u00e9lica. Recuerdo haber ido a algunos servicios junto a un t\u00edo. Y en uno de esos servicios, un di\u00e1cono de esa iglesia se me acerc\u00f3 y me cont\u00f3 de su vida: c\u00f3mo \u00e9l hab\u00eda tenido dinero y lo hab\u00eda malgastado en la bebida y otros pecados, y c\u00f3mo Cristo lo hab\u00eda cambiado. Su historia me llam\u00f3 poderosamente la atenci\u00f3n.<br \/>\nUn d\u00eda sub\u00ed a la terraza de mi casa y me puse a reflexionar acerca de la vida que estaba llevando. Levant\u00e9 mi mirada al cielo y le ped\u00ed a Dios que me sacara de ese estilo de vida. Una semana despu\u00e9s, volv\u00ed a salir con mi t\u00edo; era muy probable que yo bebiera alcohol de nuevo, pero Dios hizo la obra en mi coraz\u00f3n. A partir de ese d\u00eda ya no quise volver a beber. Desde entonces, dej\u00e9 de tomar y empec\u00e9 a asistir cada domingo a los cultos de una iglesia, hasta que un d\u00eda recib\u00ed a Cristo; aunque pienso que realmente no estuve consciente acerca del mensaje de la salvaci\u00f3n.<br \/>\nPermanec\u00ed por diez a\u00f1os en esa iglesia hasta que en alg\u00fan momento empec\u00e9 a escuchar BBN. Me llam\u00f3 la atenci\u00f3n, de forma especial, una serie que contradec\u00eda claramente lo que estaba aprendiendo en esa iglesia durante esos a\u00f1os. Comenc\u00e9 a tener muchas dudas acerca de mi salvaci\u00f3n. Pero un d\u00eda visit\u00e9 la oficina de la emisora en Manta, donde una persona me habl\u00f3 mucho m\u00e1s sobre c\u00f3mo ser salvo. Hice una oraci\u00f3n de fe junto a este hermano, depositando mi confianza en Cristo como mi Salvador. Segu\u00eda teniendo ciertas dudas en la iglesia, entonces, mi familia y yo tomamos la decisi\u00f3n de salir de all\u00ed.<br \/>\nComenzamos a asistir a una iglesia b\u00edblica, y empec\u00e9 a crecer en la fe, a estar consciente de la obra de Cristo a favor m\u00edo y a tener la convicci\u00f3n de que era salvo. Conforme iba creciendo en el conocimiento de lo que la Biblia ense\u00f1a sobre la salvaci\u00f3n, llegu\u00e9 a tener la convicci\u00f3n de que en realidad \u00a1hab\u00eda nacido de nuevo!<br \/>\nMe mud\u00e9 a los Estados Unidos despu\u00e9s de casarme. Una vez all\u00ed, comenc\u00e9 a tener algunas situaciones que me incomodaban en la compa\u00f1\u00eda en la que trabajaba. Por esto, junto a mi esposa empezamos a orar por otro trabajo para m\u00ed. Hubo un momento en que ella vino con noticias sobre una oportunidad de trabajar en BBN. Despu\u00e9s de algunos d\u00edas, oramos y decidimos enviar la solicitud al ministerio. Recib\u00ed una respuesta a la misma y coordinamos una entrevista laboral. Yo ten\u00eda muchos a\u00f1os escuchando BBN, y me parec\u00eda incre\u00edble tener una entrevista para ver la posibilidad de trabajar en el ministerio radial, que hab\u00eda sido de tanta bendici\u00f3n para mi vida. Despu\u00e9s de dicha entrevista, acept\u00e9 la oportunidad de estar tres meses a prueba y mantenerme en oraci\u00f3n. Durante ese tiempo, ellos y yo estar\u00edamos evaluando si realmente ese era un ministerio que yo iba a poder desarrollar. Una vez finalizado dicho periodo, se decidi\u00f3 que empezar\u00eda a trabajar el 1 de abril del a\u00f1o 2019. \u00a1Yo estaba realmente maravillado, conmovido de lo que Dios estaba haciendo!<br \/>\nJunto a mi familia ahora servimos en este hermoso ministerio con la convicci\u00f3n de que fue el Se\u00f1or quien nos abri\u00f3 las puertas. \u00a1A Dios sea la Gloria!<\/p>\n<\/div><\/section><\/div>\n<!-- AddThis Advanced Settings generic via filter on the_content --><!-- AddThis Share Buttons generic via filter on the_content -->","protected":false},"excerpt":{"rendered":"<p><!-- AddThis Advanced Settings generic via filter on get_the_excerpt --><!-- AddThis Share Buttons generic via filter on get_the_excerpt --><\/p>\n","protected":false},"author":21,"featured_media":0,"parent":6263,"menu_order":0,"comment_status":"closed","ping_status":"closed","template":"","meta":{"jetpack_post_was_ever_published":false,"footnotes":""},"categories":[],"tags":[],"class_list":["post-6597","page","type-page","status-publish","hentry"],"yoast_head":"<!-- This site is optimized with the Yoast SEO Premium plugin v24.8 (Yoast SEO v24.8.1) - https:\/\/yoast.com\/wordpress\/plugins\/seo\/ -->\n<title>Carlos Mej\u00eda - BBN<\/title>\n<meta name=\"robots\" content=\"index, follow, max-snippet:-1, max-image-preview:large, max-video-preview:-1\" \/>\n<link rel=\"canonical\" href=\"https:\/\/bbn1.bbnradio.org\/spanish\/quienes-somos\/nuestros-locutores\/carlos-mejia\/\" \/>\n<meta property=\"og:locale\" content=\"es_ES\" \/>\n<meta property=\"og:type\" content=\"article\" \/>\n<meta property=\"og:title\" content=\"Nuestros Locutores - Carlos Mejia\" \/>\n<meta property=\"og:url\" content=\"https:\/\/bbn1.bbnradio.org\/spanish\/quienes-somos\/nuestros-locutores\/carlos-mejia\/\" \/>\n<meta property=\"og:site_name\" content=\"BBN\" \/>\n<meta property=\"article:publisher\" content=\"https:\/\/www.facebook.com\/BBNEspanol\" \/>\n<meta property=\"article:modified_time\" content=\"2025-09-03T18:05:51+00:00\" \/>\n<meta name=\"twitter:card\" content=\"summary_large_image\" \/>\n<meta name=\"twitter:title\" content=\"Nuestros Locutores - Carlos Mejia\" \/>\n<meta name=\"twitter:site\" content=\"@BBNEspanol\" \/>\n<meta name=\"twitter:label1\" content=\"Tiempo de lectura\" \/>\n\t<meta name=\"twitter:data1\" content=\"4 minutos\" \/>\n<script type=\"application\/ld+json\" class=\"yoast-schema-graph\">{\"@context\":\"https:\/\/schema.org\",\"@graph\":[{\"@type\":\"WebPage\",\"@id\":\"https:\/\/bbn1.bbnradio.org\/spanish\/quienes-somos\/nuestros-locutores\/carlos-mejia\/\",\"url\":\"https:\/\/bbn1.bbnradio.org\/spanish\/quienes-somos\/nuestros-locutores\/carlos-mejia\/\",\"name\":\"Carlos Mej\u00eda - BBN\",\"isPartOf\":{\"@id\":\"https:\/\/bbn1.bbnradio.org\/spanish\/#website\"},\"datePublished\":\"2016-02-19T19:34:53+00:00\",\"dateModified\":\"2025-09-03T18:05:51+00:00\",\"breadcrumb\":{\"@id\":\"https:\/\/bbn1.bbnradio.org\/spanish\/quienes-somos\/nuestros-locutores\/carlos-mejia\/#breadcrumb\"},\"inLanguage\":\"es\",\"potentialAction\":[{\"@type\":\"ReadAction\",\"target\":[\"https:\/\/bbn1.bbnradio.org\/spanish\/quienes-somos\/nuestros-locutores\/carlos-mejia\/\"]}]},{\"@type\":\"BreadcrumbList\",\"@id\":\"https:\/\/bbn1.bbnradio.org\/spanish\/quienes-somos\/nuestros-locutores\/carlos-mejia\/#breadcrumb\",\"itemListElement\":[{\"@type\":\"ListItem\",\"position\":1,\"name\":\"Home\",\"item\":\"https:\/\/bbn1.bbnradio.org\/spanish\/inicio\/\"},{\"@type\":\"ListItem\",\"position\":2,\"name\":\"Quienes somos\",\"item\":\"https:\/\/bbn1.bbnradio.org\/spanish\/quienes-somos\/\"},{\"@type\":\"ListItem\",\"position\":3,\"name\":\"Nuestros Locutores\",\"item\":\"https:\/\/bbn1.bbnradio.org\/spanish\/quienes-somos\/nuestros-locutores\/\"},{\"@type\":\"ListItem\",\"position\":4,\"name\":\"Carlos Mej\u00eda\"}]},{\"@type\":\"WebSite\",\"@id\":\"https:\/\/bbn1.bbnradio.org\/spanish\/#website\",\"url\":\"https:\/\/bbn1.bbnradio.org\/spanish\/\",\"name\":\"BBN Spanish\",\"description\":\"BBN\",\"potentialAction\":[{\"@type\":\"SearchAction\",\"target\":{\"@type\":\"EntryPoint\",\"urlTemplate\":\"https:\/\/bbn1.bbnradio.org\/spanish\/?s={search_term_string}\"},\"query-input\":{\"@type\":\"PropertyValueSpecification\",\"valueRequired\":true,\"valueName\":\"search_term_string\"}}],\"inLanguage\":\"es\"}]}<\/script>\n<!-- \/ Yoast SEO Premium plugin. -->","yoast_head_json":{"title":"Carlos Mej\u00eda - BBN","robots":{"index":"index","follow":"follow","max-snippet":"max-snippet:-1","max-image-preview":"max-image-preview:large","max-video-preview":"max-video-preview:-1"},"canonical":"https:\/\/bbn1.bbnradio.org\/spanish\/quienes-somos\/nuestros-locutores\/carlos-mejia\/","og_locale":"es_ES","og_type":"article","og_title":"Nuestros Locutores - Carlos Mejia","og_url":"https:\/\/bbn1.bbnradio.org\/spanish\/quienes-somos\/nuestros-locutores\/carlos-mejia\/","og_site_name":"BBN","article_publisher":"https:\/\/www.facebook.com\/BBNEspanol","article_modified_time":"2025-09-03T18:05:51+00:00","twitter_card":"summary_large_image","twitter_title":"Nuestros Locutores - Carlos Mejia","twitter_site":"@BBNEspanol","twitter_misc":{"Tiempo de lectura":"4 minutos"},"schema":{"@context":"https:\/\/schema.org","@graph":[{"@type":"WebPage","@id":"https:\/\/bbn1.bbnradio.org\/spanish\/quienes-somos\/nuestros-locutores\/carlos-mejia\/","url":"https:\/\/bbn1.bbnradio.org\/spanish\/quienes-somos\/nuestros-locutores\/carlos-mejia\/","name":"Carlos Mej\u00eda - BBN","isPartOf":{"@id":"https:\/\/bbn1.bbnradio.org\/spanish\/#website"},"datePublished":"2016-02-19T19:34:53+00:00","dateModified":"2025-09-03T18:05:51+00:00","breadcrumb":{"@id":"https:\/\/bbn1.bbnradio.org\/spanish\/quienes-somos\/nuestros-locutores\/carlos-mejia\/#breadcrumb"},"inLanguage":"es","potentialAction":[{"@type":"ReadAction","target":["https:\/\/bbn1.bbnradio.org\/spanish\/quienes-somos\/nuestros-locutores\/carlos-mejia\/"]}]},{"@type":"BreadcrumbList","@id":"https:\/\/bbn1.bbnradio.org\/spanish\/quienes-somos\/nuestros-locutores\/carlos-mejia\/#breadcrumb","itemListElement":[{"@type":"ListItem","position":1,"name":"Home","item":"https:\/\/bbn1.bbnradio.org\/spanish\/inicio\/"},{"@type":"ListItem","position":2,"name":"Quienes somos","item":"https:\/\/bbn1.bbnradio.org\/spanish\/quienes-somos\/"},{"@type":"ListItem","position":3,"name":"Nuestros Locutores","item":"https:\/\/bbn1.bbnradio.org\/spanish\/quienes-somos\/nuestros-locutores\/"},{"@type":"ListItem","position":4,"name":"Carlos Mej\u00eda"}]},{"@type":"WebSite","@id":"https:\/\/bbn1.bbnradio.org\/spanish\/#website","url":"https:\/\/bbn1.bbnradio.org\/spanish\/","name":"BBN Spanish","description":"BBN","potentialAction":[{"@type":"SearchAction","target":{"@type":"EntryPoint","urlTemplate":"https:\/\/bbn1.bbnradio.org\/spanish\/?s={search_term_string}"},"query-input":{"@type":"PropertyValueSpecification","valueRequired":true,"valueName":"search_term_string"}}],"inLanguage":"es"}]}},"jetpack_sharing_enabled":true,"jetpack_shortlink":"https:\/\/wp.me\/P85nNm-1Ip","_links":{"self":[{"href":"https:\/\/bbn1.bbnradio.org\/spanish\/wp-json\/wp\/v2\/pages\/6597","targetHints":{"allow":["GET"]}}],"collection":[{"href":"https:\/\/bbn1.bbnradio.org\/spanish\/wp-json\/wp\/v2\/pages"}],"about":[{"href":"https:\/\/bbn1.bbnradio.org\/spanish\/wp-json\/wp\/v2\/types\/page"}],"author":[{"embeddable":true,"href":"https:\/\/bbn1.bbnradio.org\/spanish\/wp-json\/wp\/v2\/users\/21"}],"replies":[{"embeddable":true,"href":"https:\/\/bbn1.bbnradio.org\/spanish\/wp-json\/wp\/v2\/comments?post=6597"}],"version-history":[{"count":4,"href":"https:\/\/bbn1.bbnradio.org\/spanish\/wp-json\/wp\/v2\/pages\/6597\/revisions"}],"predecessor-version":[{"id":19833,"href":"https:\/\/bbn1.bbnradio.org\/spanish\/wp-json\/wp\/v2\/pages\/6597\/revisions\/19833"}],"up":[{"embeddable":true,"href":"https:\/\/bbn1.bbnradio.org\/spanish\/wp-json\/wp\/v2\/pages\/6263"}],"wp:attachment":[{"href":"https:\/\/bbn1.bbnradio.org\/spanish\/wp-json\/wp\/v2\/media?parent=6597"}],"wp:term":[{"taxonomy":"category","embeddable":true,"href":"https:\/\/bbn1.bbnradio.org\/spanish\/wp-json\/wp\/v2\/categories?post=6597"},{"taxonomy":"post_tag","embeddable":true,"href":"https:\/\/bbn1.bbnradio.org\/spanish\/wp-json\/wp\/v2\/tags?post=6597"}],"curies":[{"name":"wp","href":"https:\/\/api.w.org\/{rel}","templated":true}]}}