{"id":7576,"date":"2016-04-04T15:48:53","date_gmt":"2016-04-04T19:48:53","guid":{"rendered":"https:\/\/bbn1.bbnradio.org\/english\/?page_id=7576"},"modified":"2018-04-05T15:15:41","modified_gmt":"2018-04-05T20:15:41","slug":"que-ensena-la-biblia-la-biblia","status":"publish","type":"page","link":"https:\/\/bbn1.bbnradio.org\/spanish\/herramientas\/que-temas-ensena-la-biblia\/que-ensena-la-biblia-la-biblia\/","title":{"rendered":"Que ense\u00f1a la Biblia &#8211; La Biblia"},"content":{"rendered":"<p><strong>LA BIBLIA<\/strong><\/p>\n<p><strong>I. INTRODUCCI\u00d3N<\/strong><\/p>\n<p>Alguien ha denominado a la Santa Biblia como \u201cla biblioteca divina\u201d, y esta es una declaraci\u00f3n verdadera. Pese a que consideramos la Biblia como un libro, no obstante est\u00e1 conformada por 66 libros individuales, de los cuales el primero es G\u00e9nesis y el \u00faltimo es Apocalipsis, y est\u00e1n divididos en 2 secciones principales: la primera es llamada el Antiguo Testamento y contiene 39 libros; la segunda es el Nuevo Testamento y tiene 27 libros. Al principio de la mayor\u00eda de las Biblias hay un \u00edndice con el listado de los nombres de los libros, y nos indica el n\u00famero de la p\u00e1gina en que cada libro comienza.<\/p>\n<p><strong>II. \u00bfQUI\u00c9N ESCRIBI\u00d3 LA BIBLIA?<\/strong><\/p>\n<p>Desde el punto de vista humano la Biblia es s\u00f3lo historia de hombres y fue escrita por no menos de 36 autores en un per\u00edodo de alrededor de 16 siglos. Pero lo m\u00e1s importante para recordar es que esos hombres escribieron bajo el directo control de Dios. Esto convierte a la Biblia en un libro inspirado por Dios, Quien les gui\u00f3 para escribir cada una de las palabras. Esto es lo que nosotros queremos decir con \u201cinspiraci\u00f3n\u201d. Los siguientes textos b\u00edblicos claramente ense\u00f1an que la Biblia es inspirada por Dios: \u201cPorque nunca la profec\u00eda fue tra\u00edda por voluntad humana, sino que los santos hombres de Dios hablaron siendo inspirados por el Esp\u00edritu Santo\u201d (2 Pedro 1:21). \u201cToda la Escritura es inspirada por Dios, y \u00fatil para ense\u00f1ar, para redarg\u00fcir, para corregir, para instruir en justicia, a fin de que el hombre de Dios sea perfecto, enteramente preparado para toda buena obra.\u201d (2 Timoteo 3:16-17)<\/p>\n<p>De modo que la Biblia es la Palabra de Dios. Alguno dir\u00eda que la Biblia podr\u00eda contener la Palabra de Dios. Esto implicar\u00eda que partes de ella son inspiradas y partes no. Pero entonces qui\u00e9n sabr\u00eda qu\u00e9 parte es y qu\u00e9 parte no es inspirada. Luego de muchos a\u00f1os de investigaci\u00f3n y de estudio, estamos convencidos de que no hay una explicaci\u00f3n humana para este libro. Esta decisi\u00f3n no es dejada a opiniones terrenales, sino m\u00e1s bien como el Salmo 119:89 dice: \u201cpara siempre, oh Jehov\u00e1, permanece tu palabra en los Cielos.\u201d<\/p>\n<p>Otro punto importante para recordar es que la Biblia es la \u00fanica revelaci\u00f3n escrita que Dios ha dado al hombre. En la Biblia, Dios nos advierte 3 veces de no agregar a las Escrituras ni quitar de ellas, la \u00faltima vez es en Apocalipsis 22:18-19.<\/p>\n<p><strong>III. \u00bfCU\u00c1L ES EL TEMA DE LA BIBLIA?<\/strong><\/p>\n<p>Pese a que la Biblia est\u00e1 constituida por 66 libros, tiene un \u00fanico y gran tema sobresaliente: Cristo. El Antiguo Testamento contiene muchas predicciones o profec\u00edas, concernientes a Cristo. El Nuevo Testamento nos habla de su venida como Redentor. Cristo es anunciado en el Antiguo Testamento y revelado en el Nuevo Testamento. Tambi\u00e9n nos habla de su muerte, sepultura, resurrecci\u00f3n, ascenso y regreso al Cielo. Concluye revelando los pr\u00f3ximos acontecimientos que tendr\u00e1n lugar en el planeta Tierra. Jesucristo reinar\u00e1 sobre la Tierra por 1000 a\u00f1os, entonces habr\u00e1 un juicio final llamado \u201cEl Juicio del Gran Trono Blanco\u201d. Finalmente, \u201cun nuevo cielo y una nueva tierra ser\u00e1n establecidos\u201d. La Biblia nos da el plan de la edades, desde la creaci\u00f3n hasta la nueva creaci\u00f3n (Apocalipsis 21 y 22).<\/p>\n<p><strong>IV. \u00bfC\u00d3MO EST\u00c1 DIVIDIDA LA BIBLIA?<\/strong><\/p>\n<p>La Biblia es el registro del mundo desde el principio del tiempo (creaci\u00f3n) hasta el fin futuro. G\u00e9nesis nos habla de la creaci\u00f3n del mundo, la entrada del pecado, el diluvio y el comienzo de la naci\u00f3n de Israel. Desde \u00c9xodo hasta Ester tenemos la historia de Israel hasta cerca de 400 a\u00f1os antes del nacimiento de Cristo. Los libros desde Job hasta Cantar de los Cantares de Salom\u00f3n contienen maravillosa poes\u00eda y sabidur\u00eda. El resto del Antiguo Testamento, desde Isa\u00edas a Malaqu\u00edas, es prof\u00e9tico; eso es, estos libros contienen mensajes de Dios a Israel concernientes a su presente condici\u00f3n y su futuro destino.<\/p>\n<p>El Nuevo Testamento comienza con los 4 Evangelios, los cuales presentan la vida del Se\u00f1or Jesucristo. Hechos nos narra la historia del cristianismo en su infancia, revela el comienzo de la Iglesia y nos da testimonios personales de encuentros con el Evangelio de Jesucristo, incluyendo la conversi\u00f3n del gran ap\u00f3stol Pablo. De Romanos a Judas, encontramos cartas a iglesias e individuos, desarrollando las grandes verdades de la fe cristiana, e instrucci\u00f3n pr\u00e1ctica concerniente a la vida cristiana. Apocalipsis nos da una visi\u00f3n del futuro sobre eventos que tendr\u00e1n lugar en los cielos, en la tierra y en el infierno.<\/p>\n<p><strong>V. CONCLUSI\u00d3N<\/strong><\/p>\n<p>\u201cEste libro contiene la mente de Dios, el estado del hombre, el camino de salvaci\u00f3n, la condenaci\u00f3n de los pecadores y la felicidad de los creyentes. Sus doctrinas son santas, sus preceptos son comprometidos, sus historias son verdaderas, y sus decisiones son inmutables. L\u00e9ala para ser sabio, cr\u00e9ala para ser salvo, y pract\u00edquela para ser santo. Contiene luz para dirigirlo, alimento para sostenerlo, y consuelo para alentarlo. Es el mapa del viajero, la br\u00fajula del piloto, la espada del soldado, y el itinerario del cristiano. Aqu\u00ed se restablece el Para\u00edso, los Cielos son abiertos, y las puertas del infierno son reveladas. Cristo es su gran tema, nuestro bien es su dise\u00f1o, y la Gloria de Dios su finalidad. L\u00e9ala lentamente, frecuentemente y en plena oraci\u00f3n. Es una mina de riquezas, un para\u00edso de gloria y un r\u00edo de placer. Recompensar\u00e1 la labor m\u00e1s grande y condenar\u00e1 a todos los que menosprecian su contenido sagrado. Es el Libro de los libros \u2013 El Libro de Dios \u2013 La revelaci\u00f3n de Dios a la humanidad.\u00bb Citas seleccionadas.<\/p>\n<!-- AddThis Advanced Settings generic via filter on the_content --><!-- AddThis Share Buttons generic via filter on the_content -->","protected":false},"excerpt":{"rendered":"<p>LA BIBLIA I. INTRODUCCI\u00d3N Alguien ha denominado a la Santa Biblia como \u201cla biblioteca divina\u201d, y esta es una declaraci\u00f3n verdadera. Pese a que consideramos la Biblia como un libro, no obstante est\u00e1 conformada por 66 libros individuales, de los cuales el primero es G\u00e9nesis y el \u00faltimo es Apocalipsis, y est\u00e1n divididos en 2 [&hellip;]<!-- AddThis Advanced Settings generic via filter on get_the_excerpt --><!-- AddThis Share Buttons generic via filter on get_the_excerpt --><\/p>\n","protected":false},"author":21,"featured_media":0,"parent":5034,"menu_order":0,"comment_status":"closed","ping_status":"closed","template":"","meta":{"jetpack_post_was_ever_published":false,"footnotes":""},"categories":[],"tags":[],"class_list":["post-7576","page","type-page","status-publish","hentry"],"yoast_head":"<!-- This site is optimized with the Yoast SEO Premium plugin v24.8 (Yoast SEO v24.8.1) - https:\/\/yoast.com\/wordpress\/plugins\/seo\/ -->\n<title>Que ense\u00f1a la Biblia - La Biblia - BBN<\/title>\n<meta name=\"robots\" content=\"index, follow, max-snippet:-1, max-image-preview:large, max-video-preview:-1\" \/>\n<link rel=\"canonical\" href=\"https:\/\/bbn1.bbnradio.org\/spanish\/herramientas\/que-temas-ensena-la-biblia\/que-ensena-la-biblia-la-biblia\/\" \/>\n<meta property=\"og:locale\" content=\"es_ES\" \/>\n<meta property=\"og:type\" content=\"article\" \/>\n<meta property=\"og:title\" content=\"\u00bfDe que se trata la Biblia? -BBN- Que ense\u00f1a la Biblia\" \/>\n<meta property=\"og:description\" content=\"I. INTRODUCCI\u00d3N Alguien ha denominado a la Santa Biblia como \u201cla biblioteca divina\u201d, y esta es una declaraci\u00f3n verdadera. Pese a que consideramos la Biblia como un libro, no obstante est\u00e1 conformada por 66 libros individuales, de los cuales el primero es G\u00e9nesis y el \u00faltimo es Apocalipsis, y est\u00e1n divididos en 2 secciones principales: la primera es llamada el Antiguo Testamento y contiene 39 libros; la segunda es el Nuevo Testamento y tiene 27 libros. Al principio de la mayor\u00eda de las Biblias hay un \u00edndice con el listado de los nombres de los libros, y nos indica el n\u00famero de la p\u00e1gina en que cada libro comienza.\" \/>\n<meta property=\"og:url\" content=\"https:\/\/bbn1.bbnradio.org\/spanish\/herramientas\/que-temas-ensena-la-biblia\/que-ensena-la-biblia-la-biblia\/\" \/>\n<meta property=\"og:site_name\" content=\"BBN\" \/>\n<meta property=\"article:publisher\" content=\"https:\/\/www.facebook.com\/BBNEspanol\" \/>\n<meta property=\"article:modified_time\" content=\"2018-04-05T20:15:41+00:00\" \/>\n<meta name=\"twitter:card\" content=\"summary_large_image\" \/>\n<meta name=\"twitter:title\" content=\"\u00bfDe qu\u00e9 se trata la Biblia -BBN- Que ense\u00f1a la Biblia\" \/>\n<meta name=\"twitter:description\" content=\"I. INTRODUCCI\u00d3N Alguien ha denominado a la Santa Biblia como \u201cla biblioteca divina\u201d, y esta es una declaraci\u00f3n verdadera. Pese a que consideramos la Biblia como un libro, no obstante est\u00e1 conformada por 66 libros individuales, de los cuales el primero es G\u00e9nesis y el \u00faltimo es Apocalipsis, y est\u00e1n divididos en 2 secciones principales: la primera es llamada el Antiguo Testamento y contiene 39 libros; la segunda es el Nuevo Testamento y tiene 27 libros. Al principio de la mayor\u00eda de las Biblias hay un \u00edndice con el listado de los nombres de los libros, y nos indica el n\u00famero de la p\u00e1gina en que cada libro comienza.\" \/>\n<meta name=\"twitter:site\" content=\"@BBNEspanol\" \/>\n<meta name=\"twitter:label1\" content=\"Tiempo de lectura\" \/>\n\t<meta name=\"twitter:data1\" content=\"5 minutos\" \/>\n<script type=\"application\/ld+json\" class=\"yoast-schema-graph\">{\"@context\":\"https:\/\/schema.org\",\"@graph\":[{\"@type\":\"WebPage\",\"@id\":\"https:\/\/bbn1.bbnradio.org\/spanish\/herramientas\/que-temas-ensena-la-biblia\/que-ensena-la-biblia-la-biblia\/\",\"url\":\"https:\/\/bbn1.bbnradio.org\/spanish\/herramientas\/que-temas-ensena-la-biblia\/que-ensena-la-biblia-la-biblia\/\",\"name\":\"Que ense\u00f1a la Biblia - La Biblia - BBN\",\"isPartOf\":{\"@id\":\"https:\/\/bbn1.bbnradio.org\/spanish\/#website\"},\"datePublished\":\"2016-04-04T19:48:53+00:00\",\"dateModified\":\"2018-04-05T20:15:41+00:00\",\"breadcrumb\":{\"@id\":\"https:\/\/bbn1.bbnradio.org\/spanish\/herramientas\/que-temas-ensena-la-biblia\/que-ensena-la-biblia-la-biblia\/#breadcrumb\"},\"inLanguage\":\"es\",\"potentialAction\":[{\"@type\":\"ReadAction\",\"target\":[\"https:\/\/bbn1.bbnradio.org\/spanish\/herramientas\/que-temas-ensena-la-biblia\/que-ensena-la-biblia-la-biblia\/\"]}]},{\"@type\":\"BreadcrumbList\",\"@id\":\"https:\/\/bbn1.bbnradio.org\/spanish\/herramientas\/que-temas-ensena-la-biblia\/que-ensena-la-biblia-la-biblia\/#breadcrumb\",\"itemListElement\":[{\"@type\":\"ListItem\",\"position\":1,\"name\":\"Home\",\"item\":\"https:\/\/bbn1.bbnradio.org\/spanish\/inicio\/\"},{\"@type\":\"ListItem\",\"position\":2,\"name\":\"Herramientas\",\"item\":\"https:\/\/bbn1.bbnradio.org\/spanish\/herramientas\/\"},{\"@type\":\"ListItem\",\"position\":3,\"name\":\"Que temas ense\u00f1a la Biblia\",\"item\":\"https:\/\/bbn1.bbnradio.org\/spanish\/herramientas\/que-temas-ensena-la-biblia\/\"},{\"@type\":\"ListItem\",\"position\":4,\"name\":\"Que ense\u00f1a la Biblia &#8211; La Biblia\"}]},{\"@type\":\"WebSite\",\"@id\":\"https:\/\/bbn1.bbnradio.org\/spanish\/#website\",\"url\":\"https:\/\/bbn1.bbnradio.org\/spanish\/\",\"name\":\"BBN Spanish\",\"description\":\"BBN\",\"potentialAction\":[{\"@type\":\"SearchAction\",\"target\":{\"@type\":\"EntryPoint\",\"urlTemplate\":\"https:\/\/bbn1.bbnradio.org\/spanish\/?s={search_term_string}\"},\"query-input\":{\"@type\":\"PropertyValueSpecification\",\"valueRequired\":true,\"valueName\":\"search_term_string\"}}],\"inLanguage\":\"es\"}]}<\/script>\n<!-- \/ Yoast SEO Premium plugin. -->","yoast_head_json":{"title":"Que ense\u00f1a la Biblia - La Biblia - BBN","robots":{"index":"index","follow":"follow","max-snippet":"max-snippet:-1","max-image-preview":"max-image-preview:large","max-video-preview":"max-video-preview:-1"},"canonical":"https:\/\/bbn1.bbnradio.org\/spanish\/herramientas\/que-temas-ensena-la-biblia\/que-ensena-la-biblia-la-biblia\/","og_locale":"es_ES","og_type":"article","og_title":"\u00bfDe que se trata la Biblia? -BBN- Que ense\u00f1a la Biblia","og_description":"I. INTRODUCCI\u00d3N Alguien ha denominado a la Santa Biblia como \u201cla biblioteca divina\u201d, y esta es una declaraci\u00f3n verdadera. Pese a que consideramos la Biblia como un libro, no obstante est\u00e1 conformada por 66 libros individuales, de los cuales el primero es G\u00e9nesis y el \u00faltimo es Apocalipsis, y est\u00e1n divididos en 2 secciones principales: la primera es llamada el Antiguo Testamento y contiene 39 libros; la segunda es el Nuevo Testamento y tiene 27 libros. Al principio de la mayor\u00eda de las Biblias hay un \u00edndice con el listado de los nombres de los libros, y nos indica el n\u00famero de la p\u00e1gina en que cada libro comienza.","og_url":"https:\/\/bbn1.bbnradio.org\/spanish\/herramientas\/que-temas-ensena-la-biblia\/que-ensena-la-biblia-la-biblia\/","og_site_name":"BBN","article_publisher":"https:\/\/www.facebook.com\/BBNEspanol","article_modified_time":"2018-04-05T20:15:41+00:00","twitter_card":"summary_large_image","twitter_title":"\u00bfDe qu\u00e9 se trata la Biblia -BBN- Que ense\u00f1a la Biblia","twitter_description":"I. INTRODUCCI\u00d3N Alguien ha denominado a la Santa Biblia como \u201cla biblioteca divina\u201d, y esta es una declaraci\u00f3n verdadera. Pese a que consideramos la Biblia como un libro, no obstante est\u00e1 conformada por 66 libros individuales, de los cuales el primero es G\u00e9nesis y el \u00faltimo es Apocalipsis, y est\u00e1n divididos en 2 secciones principales: la primera es llamada el Antiguo Testamento y contiene 39 libros; la segunda es el Nuevo Testamento y tiene 27 libros. Al principio de la mayor\u00eda de las Biblias hay un \u00edndice con el listado de los nombres de los libros, y nos indica el n\u00famero de la p\u00e1gina en que cada libro comienza.","twitter_site":"@BBNEspanol","twitter_misc":{"Tiempo de lectura":"5 minutos"},"schema":{"@context":"https:\/\/schema.org","@graph":[{"@type":"WebPage","@id":"https:\/\/bbn1.bbnradio.org\/spanish\/herramientas\/que-temas-ensena-la-biblia\/que-ensena-la-biblia-la-biblia\/","url":"https:\/\/bbn1.bbnradio.org\/spanish\/herramientas\/que-temas-ensena-la-biblia\/que-ensena-la-biblia-la-biblia\/","name":"Que ense\u00f1a la Biblia - La Biblia - BBN","isPartOf":{"@id":"https:\/\/bbn1.bbnradio.org\/spanish\/#website"},"datePublished":"2016-04-04T19:48:53+00:00","dateModified":"2018-04-05T20:15:41+00:00","breadcrumb":{"@id":"https:\/\/bbn1.bbnradio.org\/spanish\/herramientas\/que-temas-ensena-la-biblia\/que-ensena-la-biblia-la-biblia\/#breadcrumb"},"inLanguage":"es","potentialAction":[{"@type":"ReadAction","target":["https:\/\/bbn1.bbnradio.org\/spanish\/herramientas\/que-temas-ensena-la-biblia\/que-ensena-la-biblia-la-biblia\/"]}]},{"@type":"BreadcrumbList","@id":"https:\/\/bbn1.bbnradio.org\/spanish\/herramientas\/que-temas-ensena-la-biblia\/que-ensena-la-biblia-la-biblia\/#breadcrumb","itemListElement":[{"@type":"ListItem","position":1,"name":"Home","item":"https:\/\/bbn1.bbnradio.org\/spanish\/inicio\/"},{"@type":"ListItem","position":2,"name":"Herramientas","item":"https:\/\/bbn1.bbnradio.org\/spanish\/herramientas\/"},{"@type":"ListItem","position":3,"name":"Que temas ense\u00f1a la Biblia","item":"https:\/\/bbn1.bbnradio.org\/spanish\/herramientas\/que-temas-ensena-la-biblia\/"},{"@type":"ListItem","position":4,"name":"Que ense\u00f1a la Biblia &#8211; La Biblia"}]},{"@type":"WebSite","@id":"https:\/\/bbn1.bbnradio.org\/spanish\/#website","url":"https:\/\/bbn1.bbnradio.org\/spanish\/","name":"BBN Spanish","description":"BBN","potentialAction":[{"@type":"SearchAction","target":{"@type":"EntryPoint","urlTemplate":"https:\/\/bbn1.bbnradio.org\/spanish\/?s={search_term_string}"},"query-input":{"@type":"PropertyValueSpecification","valueRequired":true,"valueName":"search_term_string"}}],"inLanguage":"es"}]}},"jetpack_sharing_enabled":true,"jetpack_shortlink":"https:\/\/wp.me\/P85nNm-1Yc","_links":{"self":[{"href":"https:\/\/bbn1.bbnradio.org\/spanish\/wp-json\/wp\/v2\/pages\/7576","targetHints":{"allow":["GET"]}}],"collection":[{"href":"https:\/\/bbn1.bbnradio.org\/spanish\/wp-json\/wp\/v2\/pages"}],"about":[{"href":"https:\/\/bbn1.bbnradio.org\/spanish\/wp-json\/wp\/v2\/types\/page"}],"author":[{"embeddable":true,"href":"https:\/\/bbn1.bbnradio.org\/spanish\/wp-json\/wp\/v2\/users\/21"}],"replies":[{"embeddable":true,"href":"https:\/\/bbn1.bbnradio.org\/spanish\/wp-json\/wp\/v2\/comments?post=7576"}],"version-history":[{"count":2,"href":"https:\/\/bbn1.bbnradio.org\/spanish\/wp-json\/wp\/v2\/pages\/7576\/revisions"}],"predecessor-version":[{"id":12680,"href":"https:\/\/bbn1.bbnradio.org\/spanish\/wp-json\/wp\/v2\/pages\/7576\/revisions\/12680"}],"up":[{"embeddable":true,"href":"https:\/\/bbn1.bbnradio.org\/spanish\/wp-json\/wp\/v2\/pages\/5034"}],"wp:attachment":[{"href":"https:\/\/bbn1.bbnradio.org\/spanish\/wp-json\/wp\/v2\/media?parent=7576"}],"wp:term":[{"taxonomy":"category","embeddable":true,"href":"https:\/\/bbn1.bbnradio.org\/spanish\/wp-json\/wp\/v2\/categories?post=7576"},{"taxonomy":"post_tag","embeddable":true,"href":"https:\/\/bbn1.bbnradio.org\/spanish\/wp-json\/wp\/v2\/tags?post=7576"}],"curies":[{"name":"wp","href":"https:\/\/api.w.org\/{rel}","templated":true}]}}