{"id":7586,"date":"2016-04-04T15:54:22","date_gmt":"2016-04-04T19:54:22","guid":{"rendered":"https:\/\/bbn1.bbnradio.org\/english\/?page_id=7586"},"modified":"2018-04-12T10:40:45","modified_gmt":"2018-04-12T15:40:45","slug":"que-ensena-la-biblia-el-pecado","status":"publish","type":"page","link":"https:\/\/bbn1.bbnradio.org\/spanish\/herramientas\/que-temas-ensena-la-biblia\/que-ensena-la-biblia-el-pecado\/","title":{"rendered":"Que ense\u00f1a la Biblia -El Pecado"},"content":{"rendered":"<p>&nbsp;<\/p>\n<p><strong>I. \u00bfQU\u00c9 ES PECADO?<\/strong><\/p>\n<p>Nadie puede leer mucho la Biblia sin darse cuenta que un gran punto de atenci\u00f3n es dado al tema del pecado, su causa y su cura. Habitualmente pensamos en pecado en conexi\u00f3n con un crimen o asesinato. Pero el pecado en la Biblia se refiere a todo lo que no alcanza la perfecci\u00f3n de Dios. En Romanos 3:23, leemos: \u00abpor cuanto todos pecaron y est\u00e1n destituidos de la gloria de Dios\u00bb. La \u00abgloria de Dios\u00bb incluye el pensamiento de absoluta perfecci\u00f3n. Pecado es por tanto quedar corto en la marca. Todos los hombres son culpables de esto. Pecado es tambi\u00e9n declarado en la Biblia de las siguientes maneras:<\/p>\n<p>A. Transgredir la Ley de Dios. Romanos 5:13.<br \/>\nB. Rebeli\u00f3n contra Dios, o infracci\u00f3n de la ley. I Juan 3:4.<br \/>\nC. Impureza moral. Salmo 32:5.<br \/>\nD. Los pensamientos malvados son tan pecaminosos, como los hechos malvados. Mateo 5:28.<\/p>\n<p><strong>II. EL ORIGEN DEL PECADO<\/strong><\/p>\n<p>La primera instancia de pecado registrada tuvo lugar en el cielo. El \u00e1ngel Lucifer ambicion\u00f3 ser igual a Dios (Isa\u00edas 14:12-14). Por este pecado de orgullo, fue echado del cielo y lleg\u00f3 a ser aquel que la Biblia describe por todos lados como el diablo o Satan\u00e1s.<br \/>\nLa primera instancia de pecado en la tierra se describe en G\u00e9nesis cap\u00edtulo tres. Tuvo lugar en el Jard\u00edn del Ed\u00e9n. Dios prohibi\u00f3 a Ad\u00e1n y Eva comer del fruto del \u00e1rbol del conocimiento del bien y del mal. Ellos desobedecieron a Dios, comieron el fruto prohibido y se convirtieron en pecadores.<\/p>\n<p><strong>III. LOS RESULTADOS DEL PECADO<\/strong><\/p>\n<p>Tan pronto como los padres de la raza humana pecaron, tomaron conciencia del hecho de que estaban desnudos y trataron de esconderse de Dios (G\u00e9nesis 3:10).<\/p>\n<p>La paga del pecado es muerte. Ad\u00e1n lleg\u00f3 a estar espiritualmente muerto en el momento en que pec\u00f3. Qued\u00f3 separado de Dios y fue expulsado de Su presencia. Tambi\u00e9n lleg\u00f3 a estar sujeto a la muerte f\u00edsica. Pese a que no muri\u00f3 inmediatamente, su cuerpo eventualmente fue condenado a morir (Romanos 5:12).<\/p>\n<p>La naturaleza pecaminosa de Ad\u00e1n fue transmitida a toda la raza humana. Cada ni\u00f1o nace de padres pecadores, es un pecador por nacimiento, por elecci\u00f3n y por pr\u00e1ctica. Por eso el hijo de Ad\u00e1n, Ca\u00edn, fue un asesino, y el pecado comenz\u00f3 su labor en la raza humana. Porque todos los hombres nacen pecadores, todos est\u00e1n muertos espiritualmente, y todos condenados a morir f\u00edsicamente alg\u00fan d\u00eda. Leer Romanos 5:12-18 cuidadosamente.<\/p>\n<p>El pecado del hombre acarre\u00f3 la maldici\u00f3n de Dios sobre toda la Creaci\u00f3n: el mayor de los hijos de Ad\u00e1n fue un asesino; espinas y cardos, por ejemplo, son evidencia de esa maldici\u00f3n. Otras evidencias son mencionadas en G\u00e9nesis 3:14-19. El hombre moderno trata de explicar que nuestra depravaci\u00f3n es s\u00f3lo fallas humanas y errores. Algunos de nuestros psic\u00f3logos tratar\u00edan de hacernos creer que el hombre est\u00e1 mejorando a causa de sus avances en conocimiento y tecnolog\u00eda. De todos modos, no necesitamos pruebas del pecado teniendo cementerios, prisiones, hospitales y salas para funerales. Podemos llamarlo como queramos, pero l\u00e1grimas, enfermedades, tristeza, dolor y muerte son claras evidencias de los resultados del pecado.<br \/>\n\u00bfPor qu\u00e9 el hombre peca? Leer Juan 8:44. Comenz\u00f3 en el cielo y terminar\u00e1 en el infierno (Apocalipsis 20:10).<\/p>\n<p><strong>IV. LA PENA LEGAL POR EL PECADO<\/strong><\/p>\n<p>\u00abLa paga del pecado es muerte\u00bb (Romanos 6:23). Dios ha pronunciado a la muerte como penalidad por el pecado. No hay manera que un hombre pueda perfeccionarse a s\u00ed mismo de modo que sea aceptable ante Dios. \u201cPor cuanto todos pecaron y est\u00e1n destituidos de la Gloria de Dios\u201d (Romanos 3:23). Ya hemos visto que esto significa muerte espiritual y muerte f\u00edsica. Esta penalidad debe ser pagada. Dios debe juzgar al pecado o proveer una manera de limpiarnos y perdonarnos de nuestros pecados.<\/p>\n<p>Mientras un hombre vive en sus pecados, est\u00e1 muerto espiritualmente y propenso a morir f\u00edsicamente en cualquier momento. Si todav\u00eda \u00e9l est\u00e1 en sus pecados al momento de morir, est\u00e1 sujeto a la muerte eterna. Esto significa que ser\u00e1 separado para siempre de Dios y sufrir\u00e1 para siempre en el lago de fuego. Esta es la muerte segunda de la que se habla en Apocalipsis 20:14.<\/p>\n<p><strong>V. EL REMEDIO PARA EL PECADO<\/strong><\/p>\n<p>Dios ha provisto un remedio de modo que el hombre no necesite sufrir la condenaci\u00f3n eterna por sus pecados. \u00c9l envi\u00f3 a Su Hijo Jesucristo a este mundo para proveer una v\u00eda de escape para el hombre. El Se\u00f1or Jesucristo naci\u00f3 de la virgen Mar\u00eda, quien concibi\u00f3 por el Esp\u00edritu Santo, este nacimiento virginal fue absolutamente necesario a fin de que \u00c9l naciera sin pecado y de este modo no heredar la naturaleza pecaminosa de Ad\u00e1n. \u00c9l es el \u00fanico hombre sin pecado que ha existido. En la cruz sufri\u00f3 voluntariamente la paga del pecado y satisfizo todas las demandas santas de Dios. Desde que la pena por el pecado ha sido pagada, Dios puede dar vida eterna a todo pecador que se confiesa como tal y recibe al Se\u00f1or Jesucristo como su Se\u00f1or y Salvador (II Corintios 5:21). (Esto ser\u00e1 mas plenamente explicado en el tema de Salvaci\u00f3n.)<\/p>\n<p>Cuando una persona conf\u00eda en Cristo, esa persona es salva de la pena y del poder del pecado. Esto no significa que no cometer\u00e1 m\u00e1s pecado, sino que quiere decir que todos sus pecados, pasados, presentes y futuros han sido perdonados y que nunca m\u00e1s ser\u00e1 juzgado por ellos. Recuerda que todos tus pecados eran futuros cuando Cristo muri\u00f3. En Cristo, cada persona tiene el poder para vivir en victoria sobre el pecado en vez de vivir para los placeres, poder del pecado y Satan\u00e1s.<\/p>\n<p>Por esto es que Cristo Jes\u00fas muri\u00f3 en la cruz. \u201cQuien llev\u00f3 \u00e9l mismo nuestros pecados en su cuerpo sobre el madero, para que nosotros, estando muertos a los pecados, vivamos a la justicia\u201d (I Pedro 2:24).<\/p>\n<!-- AddThis Advanced Settings generic via filter on the_content --><!-- AddThis Share Buttons generic via filter on the_content -->","protected":false},"excerpt":{"rendered":"<p>&nbsp; I. \u00bfQU\u00c9 ES PECADO? Nadie puede leer mucho la Biblia sin darse cuenta que un gran punto de atenci\u00f3n es dado al tema del pecado, su causa y su cura. Habitualmente pensamos en pecado en conexi\u00f3n con un crimen o asesinato. Pero el pecado en la Biblia se refiere a todo lo que no [&hellip;]<!-- AddThis Advanced Settings generic via filter on get_the_excerpt --><!-- AddThis Share Buttons generic via filter on get_the_excerpt --><\/p>\n","protected":false},"author":21,"featured_media":0,"parent":5034,"menu_order":0,"comment_status":"closed","ping_status":"closed","template":"","meta":{"jetpack_post_was_ever_published":false,"footnotes":""},"categories":[],"tags":[],"class_list":["post-7586","page","type-page","status-publish","hentry"],"yoast_head":"<!-- This site is optimized with the Yoast SEO Premium plugin v24.8 (Yoast SEO v24.8.1) - https:\/\/yoast.com\/wordpress\/plugins\/seo\/ -->\n<title>Que ense\u00f1a la Biblia -El Pecado - BBN<\/title>\n<meta name=\"robots\" content=\"index, follow, max-snippet:-1, max-image-preview:large, max-video-preview:-1\" \/>\n<link rel=\"canonical\" href=\"https:\/\/bbn1.bbnradio.org\/spanish\/herramientas\/que-temas-ensena-la-biblia\/que-ensena-la-biblia-el-pecado\/\" \/>\n<meta property=\"og:locale\" content=\"es_ES\" \/>\n<meta property=\"og:type\" content=\"article\" \/>\n<meta property=\"og:title\" content=\"Que ense\u00f1a la Biblia- El Pecado -BBN\" \/>\n<meta property=\"og:description\" content=\"PECADO I. \u00bfQU\u00c9 ES PECADO? Nadie puede leer mucho la Biblia sin darse cuenta que un gran punto de atenci\u00f3n es dado al tema del pecado, su causa y su cura. Habitualmente pensamos en pecado en conexi\u00f3n con un crimen o asesinato. Pero el pecado en la Biblia se refiere a todo lo que no alcanza la perfecci\u00f3n de Dios. En Romanos 3:23, leemos: &quot;por cuanto todos pecaron y est\u00e1n destituidos de la gloria de Dios&quot;. La &quot;gloria de Dios&quot; incluye el pensamiento de absoluta perfecci\u00f3n. Pecado es por tanto quedar corto en la marca. Todos los hombres son culpables de esto. Pecado es tambi\u00e9n declarado en la Biblia de las siguientes maneras:\" \/>\n<meta property=\"og:url\" content=\"https:\/\/bbn1.bbnradio.org\/spanish\/herramientas\/que-temas-ensena-la-biblia\/que-ensena-la-biblia-el-pecado\/\" \/>\n<meta property=\"og:site_name\" content=\"BBN\" \/>\n<meta property=\"article:publisher\" content=\"https:\/\/www.facebook.com\/BBNEspanol\" \/>\n<meta property=\"article:modified_time\" content=\"2018-04-12T15:40:45+00:00\" \/>\n<meta name=\"twitter:card\" content=\"summary_large_image\" \/>\n<meta name=\"twitter:title\" content=\"Que ense\u00f1a la Biblia- El Pecado -BBN\" \/>\n<meta name=\"twitter:description\" content=\"PECADO I. \u00bfQU\u00c9 ES PECADO? Nadie puede leer mucho la Biblia sin darse cuenta que un gran punto de atenci\u00f3n es dado al tema del pecado, su causa y su cura. Habitualmente pensamos en pecado en conexi\u00f3n con un crimen o asesinato. Pero el pecado en la Biblia se refiere a todo lo que no alcanza la perfecci\u00f3n de Dios. En Romanos 3:23, leemos: &quot;por cuanto todos pecaron y est\u00e1n destituidos de la gloria de Dios&quot;. La &quot;gloria de Dios&quot; incluye el pensamiento de absoluta perfecci\u00f3n. Pecado es por tanto quedar corto en la marca. Todos los hombres son culpables de esto. Pecado es tambi\u00e9n declarado en la Biblia de las siguientes maneras:\" \/>\n<meta name=\"twitter:site\" content=\"@BBNEspanol\" \/>\n<meta name=\"twitter:label1\" content=\"Tiempo de lectura\" \/>\n\t<meta name=\"twitter:data1\" content=\"5 minutos\" \/>\n<script type=\"application\/ld+json\" class=\"yoast-schema-graph\">{\"@context\":\"https:\/\/schema.org\",\"@graph\":[{\"@type\":\"WebPage\",\"@id\":\"https:\/\/bbn1.bbnradio.org\/spanish\/herramientas\/que-temas-ensena-la-biblia\/que-ensena-la-biblia-el-pecado\/\",\"url\":\"https:\/\/bbn1.bbnradio.org\/spanish\/herramientas\/que-temas-ensena-la-biblia\/que-ensena-la-biblia-el-pecado\/\",\"name\":\"Que ense\u00f1a la Biblia -El Pecado - BBN\",\"isPartOf\":{\"@id\":\"https:\/\/bbn1.bbnradio.org\/spanish\/#website\"},\"datePublished\":\"2016-04-04T19:54:22+00:00\",\"dateModified\":\"2018-04-12T15:40:45+00:00\",\"breadcrumb\":{\"@id\":\"https:\/\/bbn1.bbnradio.org\/spanish\/herramientas\/que-temas-ensena-la-biblia\/que-ensena-la-biblia-el-pecado\/#breadcrumb\"},\"inLanguage\":\"es\",\"potentialAction\":[{\"@type\":\"ReadAction\",\"target\":[\"https:\/\/bbn1.bbnradio.org\/spanish\/herramientas\/que-temas-ensena-la-biblia\/que-ensena-la-biblia-el-pecado\/\"]}]},{\"@type\":\"BreadcrumbList\",\"@id\":\"https:\/\/bbn1.bbnradio.org\/spanish\/herramientas\/que-temas-ensena-la-biblia\/que-ensena-la-biblia-el-pecado\/#breadcrumb\",\"itemListElement\":[{\"@type\":\"ListItem\",\"position\":1,\"name\":\"Home\",\"item\":\"https:\/\/bbn1.bbnradio.org\/spanish\/inicio\/\"},{\"@type\":\"ListItem\",\"position\":2,\"name\":\"Herramientas\",\"item\":\"https:\/\/bbn1.bbnradio.org\/spanish\/herramientas\/\"},{\"@type\":\"ListItem\",\"position\":3,\"name\":\"Que temas ense\u00f1a la Biblia\",\"item\":\"https:\/\/bbn1.bbnradio.org\/spanish\/herramientas\/que-temas-ensena-la-biblia\/\"},{\"@type\":\"ListItem\",\"position\":4,\"name\":\"Que ense\u00f1a la Biblia -El Pecado\"}]},{\"@type\":\"WebSite\",\"@id\":\"https:\/\/bbn1.bbnradio.org\/spanish\/#website\",\"url\":\"https:\/\/bbn1.bbnradio.org\/spanish\/\",\"name\":\"BBN Spanish\",\"description\":\"BBN\",\"potentialAction\":[{\"@type\":\"SearchAction\",\"target\":{\"@type\":\"EntryPoint\",\"urlTemplate\":\"https:\/\/bbn1.bbnradio.org\/spanish\/?s={search_term_string}\"},\"query-input\":{\"@type\":\"PropertyValueSpecification\",\"valueRequired\":true,\"valueName\":\"search_term_string\"}}],\"inLanguage\":\"es\"}]}<\/script>\n<!-- \/ Yoast SEO Premium plugin. -->","yoast_head_json":{"title":"Que ense\u00f1a la Biblia -El Pecado - BBN","robots":{"index":"index","follow":"follow","max-snippet":"max-snippet:-1","max-image-preview":"max-image-preview:large","max-video-preview":"max-video-preview:-1"},"canonical":"https:\/\/bbn1.bbnradio.org\/spanish\/herramientas\/que-temas-ensena-la-biblia\/que-ensena-la-biblia-el-pecado\/","og_locale":"es_ES","og_type":"article","og_title":"Que ense\u00f1a la Biblia- El Pecado -BBN","og_description":"PECADO I. \u00bfQU\u00c9 ES PECADO? Nadie puede leer mucho la Biblia sin darse cuenta que un gran punto de atenci\u00f3n es dado al tema del pecado, su causa y su cura. Habitualmente pensamos en pecado en conexi\u00f3n con un crimen o asesinato. Pero el pecado en la Biblia se refiere a todo lo que no alcanza la perfecci\u00f3n de Dios. En Romanos 3:23, leemos: \"por cuanto todos pecaron y est\u00e1n destituidos de la gloria de Dios\". La \"gloria de Dios\" incluye el pensamiento de absoluta perfecci\u00f3n. Pecado es por tanto quedar corto en la marca. Todos los hombres son culpables de esto. Pecado es tambi\u00e9n declarado en la Biblia de las siguientes maneras:","og_url":"https:\/\/bbn1.bbnradio.org\/spanish\/herramientas\/que-temas-ensena-la-biblia\/que-ensena-la-biblia-el-pecado\/","og_site_name":"BBN","article_publisher":"https:\/\/www.facebook.com\/BBNEspanol","article_modified_time":"2018-04-12T15:40:45+00:00","twitter_card":"summary_large_image","twitter_title":"Que ense\u00f1a la Biblia- El Pecado -BBN","twitter_description":"PECADO I. \u00bfQU\u00c9 ES PECADO? Nadie puede leer mucho la Biblia sin darse cuenta que un gran punto de atenci\u00f3n es dado al tema del pecado, su causa y su cura. Habitualmente pensamos en pecado en conexi\u00f3n con un crimen o asesinato. Pero el pecado en la Biblia se refiere a todo lo que no alcanza la perfecci\u00f3n de Dios. En Romanos 3:23, leemos: \"por cuanto todos pecaron y est\u00e1n destituidos de la gloria de Dios\". La \"gloria de Dios\" incluye el pensamiento de absoluta perfecci\u00f3n. Pecado es por tanto quedar corto en la marca. Todos los hombres son culpables de esto. Pecado es tambi\u00e9n declarado en la Biblia de las siguientes maneras:","twitter_site":"@BBNEspanol","twitter_misc":{"Tiempo de lectura":"5 minutos"},"schema":{"@context":"https:\/\/schema.org","@graph":[{"@type":"WebPage","@id":"https:\/\/bbn1.bbnradio.org\/spanish\/herramientas\/que-temas-ensena-la-biblia\/que-ensena-la-biblia-el-pecado\/","url":"https:\/\/bbn1.bbnradio.org\/spanish\/herramientas\/que-temas-ensena-la-biblia\/que-ensena-la-biblia-el-pecado\/","name":"Que ense\u00f1a la Biblia -El Pecado - BBN","isPartOf":{"@id":"https:\/\/bbn1.bbnradio.org\/spanish\/#website"},"datePublished":"2016-04-04T19:54:22+00:00","dateModified":"2018-04-12T15:40:45+00:00","breadcrumb":{"@id":"https:\/\/bbn1.bbnradio.org\/spanish\/herramientas\/que-temas-ensena-la-biblia\/que-ensena-la-biblia-el-pecado\/#breadcrumb"},"inLanguage":"es","potentialAction":[{"@type":"ReadAction","target":["https:\/\/bbn1.bbnradio.org\/spanish\/herramientas\/que-temas-ensena-la-biblia\/que-ensena-la-biblia-el-pecado\/"]}]},{"@type":"BreadcrumbList","@id":"https:\/\/bbn1.bbnradio.org\/spanish\/herramientas\/que-temas-ensena-la-biblia\/que-ensena-la-biblia-el-pecado\/#breadcrumb","itemListElement":[{"@type":"ListItem","position":1,"name":"Home","item":"https:\/\/bbn1.bbnradio.org\/spanish\/inicio\/"},{"@type":"ListItem","position":2,"name":"Herramientas","item":"https:\/\/bbn1.bbnradio.org\/spanish\/herramientas\/"},{"@type":"ListItem","position":3,"name":"Que temas ense\u00f1a la Biblia","item":"https:\/\/bbn1.bbnradio.org\/spanish\/herramientas\/que-temas-ensena-la-biblia\/"},{"@type":"ListItem","position":4,"name":"Que ense\u00f1a la Biblia -El Pecado"}]},{"@type":"WebSite","@id":"https:\/\/bbn1.bbnradio.org\/spanish\/#website","url":"https:\/\/bbn1.bbnradio.org\/spanish\/","name":"BBN Spanish","description":"BBN","potentialAction":[{"@type":"SearchAction","target":{"@type":"EntryPoint","urlTemplate":"https:\/\/bbn1.bbnradio.org\/spanish\/?s={search_term_string}"},"query-input":{"@type":"PropertyValueSpecification","valueRequired":true,"valueName":"search_term_string"}}],"inLanguage":"es"}]}},"jetpack_sharing_enabled":true,"jetpack_shortlink":"https:\/\/wp.me\/P85nNm-1Ym","_links":{"self":[{"href":"https:\/\/bbn1.bbnradio.org\/spanish\/wp-json\/wp\/v2\/pages\/7586","targetHints":{"allow":["GET"]}}],"collection":[{"href":"https:\/\/bbn1.bbnradio.org\/spanish\/wp-json\/wp\/v2\/pages"}],"about":[{"href":"https:\/\/bbn1.bbnradio.org\/spanish\/wp-json\/wp\/v2\/types\/page"}],"author":[{"embeddable":true,"href":"https:\/\/bbn1.bbnradio.org\/spanish\/wp-json\/wp\/v2\/users\/21"}],"replies":[{"embeddable":true,"href":"https:\/\/bbn1.bbnradio.org\/spanish\/wp-json\/wp\/v2\/comments?post=7586"}],"version-history":[{"count":2,"href":"https:\/\/bbn1.bbnradio.org\/spanish\/wp-json\/wp\/v2\/pages\/7586\/revisions"}],"predecessor-version":[{"id":12835,"href":"https:\/\/bbn1.bbnradio.org\/spanish\/wp-json\/wp\/v2\/pages\/7586\/revisions\/12835"}],"up":[{"embeddable":true,"href":"https:\/\/bbn1.bbnradio.org\/spanish\/wp-json\/wp\/v2\/pages\/5034"}],"wp:attachment":[{"href":"https:\/\/bbn1.bbnradio.org\/spanish\/wp-json\/wp\/v2\/media?parent=7586"}],"wp:term":[{"taxonomy":"category","embeddable":true,"href":"https:\/\/bbn1.bbnradio.org\/spanish\/wp-json\/wp\/v2\/categories?post=7586"},{"taxonomy":"post_tag","embeddable":true,"href":"https:\/\/bbn1.bbnradio.org\/spanish\/wp-json\/wp\/v2\/tags?post=7586"}],"curies":[{"name":"wp","href":"https:\/\/api.w.org\/{rel}","templated":true}]}}