{"id":7590,"date":"2016-04-04T15:56:32","date_gmt":"2016-04-04T19:56:32","guid":{"rendered":"https:\/\/bbn1.bbnradio.org\/english\/?page_id=7590"},"modified":"2018-03-06T11:26:11","modified_gmt":"2018-03-06T16:26:11","slug":"que-ensena-la-biblia-explicacion-e-ilustracion-de-la-salvacion","status":"publish","type":"page","link":"https:\/\/bbn1.bbnradio.org\/spanish\/herramientas\/que-temas-ensena-la-biblia\/que-ensena-la-biblia-explicacion-e-ilustracion-de-la-salvacion\/","title":{"rendered":"Que ense\u00f1a la Biblia &#8211; Explicaci\u00f3n e Ilustraci\u00f3n de la Salvaci\u00f3n"},"content":{"rendered":"<p>&nbsp;<\/p>\n<p>UNA EXPLICACI\u00d3N B\u00cdBLICA Y UNA ILUSTRACI\u00d3N DE LA SALVACI\u00d3N<\/p>\n<p><strong>Cristo define tres medios por los cuales la salvaci\u00f3n se hace evidente<\/strong>:<\/p>\n<p>A. Es revelada en la Biblia como un \u201cNuevo Nacimiento.\u201d Juan 3:3-8.<\/p>\n<p>Esto es dado al que oye y cree la Palabra de Dios. Juan 3:5, el \u00abagua\u00bb aqu\u00ed es el bien conocido s\u00edmbolo de la Palabra de Dios. Efesios 5:26; Juan 15:3; Salmo 119:9, no es una referencia al bautismo. Otras Escrituras muestran claramente que el Nuevo Nacimiento viene a trav\u00e9s de la Palabra de Dios. I Pedro 1:23-25; Santiago 1:18. As\u00ed como el agua limpia nuestros ojos de polvo que oscurece nuestra visi\u00f3n, as\u00ed la Palabra de Dios, cuando es le\u00edda y cre\u00edda, borra de la mente del pecador sus ideas equivocadas de Dios y Su Salvaci\u00f3n. La entrada de la Palabra de Dios al hombre trae luz sobre su condici\u00f3n perdida (Romanos 3:10-19), el amor de Dios visto en Su provisi\u00f3n para la Salvaci\u00f3n del hombre (Juan 3:16) y la manera por la cual un pecador pueda ser salvo (Romanos 10:1-17).<\/p>\n<p>B. Es revelada por la morada del Esp\u00edritu de Dios. Juan 3:5.<\/p>\n<p>El Esp\u00edritu Santo, la tercera Persona de la Trinidad, fue enviada por Cristo, en su ascenso, para usar la Palabra de Dios a fin de convencer al hombre de su pecado; conducirlo a poner su confianza en Cristo; a morar en cada creyente; a comunicar a cada creyente una naturaleza divina o capacidad para las cosas espirituales, y guiar cada persona nacida de nuevo a la verdad. Juan 16:7-15; Efesios 1:13; 4:30; II Pedro 1:3-4; G\u00e1latas 5:22-26.<\/p>\n<p>Cuando la Palabra de Dios es le\u00edda o escuchada, el Esp\u00edritu Santo aplica la verdad al coraz\u00f3n con fuerza de convicci\u00f3n, mostr\u00e1ndole al pecador que est\u00e1 perdido, es culpable y est\u00e1 en una condici\u00f3n de desesperanza y sin ayuda. Entonces \u00c9l revela a trav\u00e9s de la Palabra la manera de la salvaci\u00f3n por la fe en Cristo y su obra terminada. Al momento en que el pecador conf\u00eda en Cristo \u00c9l lo sella como su posesi\u00f3n adquirida. Esto no es una cuesti\u00f3n de sentimientos, sino un hecho; no sentimos el nuevo nacimiento, sabemos que lo tenemos.<\/p>\n<p>C. Es revelada por los testimonios de aquellos que la experimentaron.<\/p>\n<p>A trav\u00e9s del Nuevo Testamento y la historia, millones han vivido y dieron testimonio de la salvaci\u00f3n por la fe en el sacrificio de Cristo. Juan 3:14-16. En estas palabras Cristo hace claro como el cristal c\u00f3mo esta nueva vida puede venir a un pecador. En respuesta a la pregunta de Nicodemo: \u00ab\u00bfc\u00f3mo puede hacerse eso?\u00bb Cristo us\u00f3 un incidente registrado en el antiguo Testamento para ilustrar c\u00f3mo pod\u00eda ser experimentado el nuevo nacimiento. Ahora, por favor: pare y lea N\u00fameros 21:4-9.<\/p>\n<p><strong>Siete palabras parecen resumir el incidente. Vamos a darle una atenci\u00f3n m\u00e1s cercana y cuidadosa, porque es la propia ilustraci\u00f3n de Cristo de c\u00f3mo el pecador puede nacer de nuevo:<\/strong><\/p>\n<p>1. Pecado &#8211; N\u00fameros 21:5. As\u00ed como Israel pec\u00f3, toda la humanidad ha pecado contra Dios en pensamientos, palabras y hechos. Romanos 3:23.<br \/>\n2. Juicio &#8211; N\u00fameros 21: 6. As\u00ed como el pecado trajo juicio sobre ellos, Dios ha revelado su ira contra todo pecado. Romanos 1:18; Job 36:18; Romanos 6:23.<br \/>\n3. Arrepentimiento &#8211; N\u00fameros 21:7. Israel reconoci\u00f3, confes\u00f3 y busc\u00f3 perd\u00f3n por sus pecados. Esto es arrepentimiento: consiste en un cambio de mente resultante en un cambio de actitud, el cual es expresado en un cambio de acci\u00f3n. Dios demanda el arrepentimiento de los pecadores. Lucas 13:3; Hechos 17:31; 20:21; Marcos 1:15.<br \/>\n4. Revelaci\u00f3n &#8211; N\u00fameros 21:8. \u00abY el Se\u00f1or dijo.\u00bb As\u00ed como Dios revel\u00f3 a Mois\u00e9s la manera de salvaci\u00f3n para aquellos israelitas mordidos por las serpientes, Dios ha revelado en la Biblia Su manera de Salvaci\u00f3n para nosotros. II Timoteo 3:15-17; Romanos 10:8-9.<br \/>\n5. Provisi\u00f3n &#8211; N\u00fameros 21:8-9. Una serpiente de bronce fue hecha y levantada en un asta a plena vista del campamento de Israel. Compare con Juan 3:14. Como la serpiente fue levantada en el desierto, as\u00ed Cristo debi\u00f3 ser levantado para proveer salvaci\u00f3n para la humanidad envenenada. Sobre la cruz \u00c9l carg\u00f3 nuestros pecados, tom\u00f3 nuestro lugar, soport\u00f3 todo el juicio por nuestros pecados y por su muerte satisfizo todas las demandas de Dios contra el pecador. Dios ha indicado Su aceptaci\u00f3n del sacrificio sustituto de Su Hijo resucit\u00e1ndole entre los muertos. Isa\u00edas 53:5-6; I Corintios 15:1-4; Romanos 5:7-8.<br \/>\n6. Condici\u00f3n &#8211; N\u00fameros 21:8. \u00abCuando ellos miraban.\u00bb El hecho de que la serpiente de bronce fuera levantada no los hac\u00eda salvos, mirar no era suficiente. Hab\u00eda un paso de fe requerido para cada israelita: ellos ten\u00edan que creer que mirando a la serpiente realmente ser\u00edan salvos, no podr\u00edan mirar con incredulidad. Podr\u00edan haber dicho que era tonto creer en una serpiente, a\u00fan pese a que Dios les hab\u00eda dicho que podr\u00eda realmente salvarles. Podr\u00edan haberse burlado y re\u00eddo con otros de que eso era tonto. De todos modos, para que cada israelita envenenado viviera, ten\u00eda que mirar. El hecho de que Jesucristo muri\u00f3 por nuestros pecados en la cruz y cumpli\u00f3 toda la obra necesaria para salvaci\u00f3n no nos salva. Como pecadores perdidos, cada uno debe personalmente mirar por fe, creyendo y confiando que lo que Dios ha dicho es verdadero. \u201cTodo el que invoque el Nombre del Se\u00f1or ser\u00e1 salvo\u201d (Romanos 10:13). As\u00ed como un israelita envenenado no pod\u00eda orar, confesar o hacer buenas obras para merecer la salvaci\u00f3n, del mismo modo los pecadores no salvos son urgidos a creer en Jesucristo por fe como su Salvador personal. Juan 1:12; Efesios 2:8-9.<br \/>\n7. Resultado &#8211; N\u00fameros 21:9. \u00aby viv\u00eda.\u00bb Al momento en que un israelita envenenado miraba, recib\u00eda nueva vida. \u00c9l era como nacido de nuevo! As\u00ed, un culpable, un perdido pecador en el momento que cree al evangelio de que Cristo muri\u00f3 por nuestros pecados, y definitivamente le acepta como su Salvador personal, recibe vida eterna. Entonces viene a su vida el Esp\u00edritu Santo, llega a ser participante de la naturaleza divina, y es nueva criatura, o regenerado. Este es el nuevo nacimiento, el cual Cristo declar\u00f3 era absolutamente esencial para ver y entrar al Reino de Dios. Juan 5:24.<\/p>\n<!-- AddThis Advanced Settings generic via filter on the_content --><!-- AddThis Share Buttons generic via filter on the_content -->","protected":false},"excerpt":{"rendered":"<p>&nbsp; UNA EXPLICACI\u00d3N B\u00cdBLICA Y UNA ILUSTRACI\u00d3N DE LA SALVACI\u00d3N Cristo define tres medios por los cuales la salvaci\u00f3n se hace evidente: A. Es revelada en la Biblia como un \u201cNuevo Nacimiento.\u201d Juan 3:3-8. Esto es dado al que oye y cree la Palabra de Dios. Juan 3:5, el \u00abagua\u00bb aqu\u00ed es el bien conocido [&hellip;]<!-- AddThis Advanced Settings generic via filter on get_the_excerpt --><!-- AddThis Share Buttons generic via filter on get_the_excerpt --><\/p>\n","protected":false},"author":21,"featured_media":0,"parent":5034,"menu_order":0,"comment_status":"closed","ping_status":"closed","template":"","meta":{"jetpack_post_was_ever_published":false,"footnotes":""},"categories":[],"tags":[],"class_list":["post-7590","page","type-page","status-publish","hentry"],"yoast_head":"<!-- This site is optimized with the Yoast SEO Premium plugin v24.8 (Yoast SEO v24.8.1) - https:\/\/yoast.com\/wordpress\/plugins\/seo\/ -->\n<title>Que ense\u00f1a la Biblia - Explicaci\u00f3n e Ilustraci\u00f3n de la Salvaci\u00f3n - BBN<\/title>\n<meta name=\"robots\" content=\"index, follow, max-snippet:-1, max-image-preview:large, max-video-preview:-1\" \/>\n<link rel=\"canonical\" href=\"https:\/\/bbn1.bbnradio.org\/spanish\/herramientas\/que-temas-ensena-la-biblia\/que-ensena-la-biblia-explicacion-e-ilustracion-de-la-salvacion\/\" \/>\n<meta property=\"og:locale\" content=\"es_ES\" \/>\n<meta property=\"og:type\" content=\"article\" \/>\n<meta property=\"og:title\" content=\"Que ense\u00f1a la Biblia -Explicaci\u00f3n e ilustraci\u00f3n de la Salvaci\u00f3n\" \/>\n<meta property=\"og:description\" content=\"UNA EXPLICACI\u00d3N B\u00cdBLICA Y UNA ILUSTRACI\u00d3N DE LA SALVACI\u00d3N Cristo define tres medios por los cuales la salvaci\u00f3n se hace evidente: A. Es revelada en la Biblia como un \u201cNuevo Nacimiento.\u201d Juan 3:3-8. Esto es dado al que oye y cree la Palabra de Dios. Juan 3:5, el &quot;agua&quot; aqu\u00ed es el bien conocido s\u00edmbolo de la Palabra de Dios. Efesios 5:26; Juan 15:3; Salmo 119:9, no es una referencia al bautismo. Otras Escrituras muestran claramente que el Nuevo Nacimiento viene a trav\u00e9s de la Palabra de Dios. I Pedro 1:23-25; Santiago 1:18. As\u00ed como el agua limpia nuestros ojos de polvo que oscurece nuestra visi\u00f3n, as\u00ed la Palabra de Dios, cuando es le\u00edda y cre\u00edda, borra de la mente del pecador sus ideas equivocadas de Dios y Su Salvaci\u00f3n. La entrada de la Palabra de Dios al hombre trae luz sobre su condici\u00f3n perdida (Romanos 3:10-19), el amor de Dios visto en Su provisi\u00f3n para la Salvaci\u00f3n del hombre (Juan 3:16) y la manera por la cual un pecador pueda ser salvo (Romanos 10:1-17).\" \/>\n<meta property=\"og:url\" content=\"https:\/\/bbn1.bbnradio.org\/spanish\/herramientas\/que-temas-ensena-la-biblia\/que-ensena-la-biblia-explicacion-e-ilustracion-de-la-salvacion\/\" \/>\n<meta property=\"og:site_name\" content=\"BBN\" \/>\n<meta property=\"article:publisher\" content=\"https:\/\/www.facebook.com\/BBNEspanol\" \/>\n<meta property=\"article:modified_time\" content=\"2018-03-06T16:26:11+00:00\" \/>\n<meta name=\"twitter:card\" content=\"summary_large_image\" \/>\n<meta name=\"twitter:title\" content=\"Que ense\u00f1a la Biblia - Explicaci\u00f3n e Ilustraci\u00f3n de la Salvaci\u00f3n\" \/>\n<meta name=\"twitter:description\" content=\"UNA EXPLICACI\u00d3N B\u00cdBLICA Y UNA ILUSTRACI\u00d3N DE LA SALVACI\u00d3N Cristo define tres medios por los cuales la salvaci\u00f3n se hace evidente: A. Es revelada en la Biblia como un \u201cNuevo Nacimiento.\u201d Juan 3:3-8. Esto es dado al que oye y cree la Palabra de Dios. Juan 3:5, el &quot;agua&quot; aqu\u00ed es el bien conocido s\u00edmbolo de la Palabra de Dios. Efesios 5:26; Juan 15:3; Salmo 119:9, no es una referencia al bautismo. Otras Escrituras muestran claramente que el Nuevo Nacimiento viene a trav\u00e9s de la Palabra de Dios. I Pedro 1:23-25; Santiago 1:18. As\u00ed como el agua limpia nuestros ojos de polvo que oscurece nuestra visi\u00f3n, as\u00ed la Palabra de Dios, cuando es le\u00edda y cre\u00edda, borra de la mente del pecador sus ideas equivocadas de Dios y Su Salvaci\u00f3n. La entrada de la Palabra de Dios al hombre trae luz sobre su condici\u00f3n perdida (Romanos 3:10-19), el amor de Dios visto en Su provisi\u00f3n para la Salvaci\u00f3n del hombre (Juan 3:16) y la manera por la cual un pecador pueda ser salvo (Romanos 10:1-17).\" \/>\n<meta name=\"twitter:site\" content=\"@BBNEspanol\" \/>\n<meta name=\"twitter:label1\" content=\"Tiempo de lectura\" \/>\n\t<meta name=\"twitter:data1\" content=\"5 minutos\" \/>\n<script type=\"application\/ld+json\" class=\"yoast-schema-graph\">{\"@context\":\"https:\/\/schema.org\",\"@graph\":[{\"@type\":\"WebPage\",\"@id\":\"https:\/\/bbn1.bbnradio.org\/spanish\/herramientas\/que-temas-ensena-la-biblia\/que-ensena-la-biblia-explicacion-e-ilustracion-de-la-salvacion\/\",\"url\":\"https:\/\/bbn1.bbnradio.org\/spanish\/herramientas\/que-temas-ensena-la-biblia\/que-ensena-la-biblia-explicacion-e-ilustracion-de-la-salvacion\/\",\"name\":\"Que ense\u00f1a la Biblia - Explicaci\u00f3n e Ilustraci\u00f3n de la Salvaci\u00f3n - BBN\",\"isPartOf\":{\"@id\":\"https:\/\/bbn1.bbnradio.org\/spanish\/#website\"},\"datePublished\":\"2016-04-04T19:56:32+00:00\",\"dateModified\":\"2018-03-06T16:26:11+00:00\",\"breadcrumb\":{\"@id\":\"https:\/\/bbn1.bbnradio.org\/spanish\/herramientas\/que-temas-ensena-la-biblia\/que-ensena-la-biblia-explicacion-e-ilustracion-de-la-salvacion\/#breadcrumb\"},\"inLanguage\":\"es\",\"potentialAction\":[{\"@type\":\"ReadAction\",\"target\":[\"https:\/\/bbn1.bbnradio.org\/spanish\/herramientas\/que-temas-ensena-la-biblia\/que-ensena-la-biblia-explicacion-e-ilustracion-de-la-salvacion\/\"]}]},{\"@type\":\"BreadcrumbList\",\"@id\":\"https:\/\/bbn1.bbnradio.org\/spanish\/herramientas\/que-temas-ensena-la-biblia\/que-ensena-la-biblia-explicacion-e-ilustracion-de-la-salvacion\/#breadcrumb\",\"itemListElement\":[{\"@type\":\"ListItem\",\"position\":1,\"name\":\"Home\",\"item\":\"https:\/\/bbn1.bbnradio.org\/spanish\/inicio\/\"},{\"@type\":\"ListItem\",\"position\":2,\"name\":\"Herramientas\",\"item\":\"https:\/\/bbn1.bbnradio.org\/spanish\/herramientas\/\"},{\"@type\":\"ListItem\",\"position\":3,\"name\":\"Que temas ense\u00f1a la Biblia\",\"item\":\"https:\/\/bbn1.bbnradio.org\/spanish\/herramientas\/que-temas-ensena-la-biblia\/\"},{\"@type\":\"ListItem\",\"position\":4,\"name\":\"Que ense\u00f1a la Biblia &#8211; Explicaci\u00f3n e Ilustraci\u00f3n de la Salvaci\u00f3n\"}]},{\"@type\":\"WebSite\",\"@id\":\"https:\/\/bbn1.bbnradio.org\/spanish\/#website\",\"url\":\"https:\/\/bbn1.bbnradio.org\/spanish\/\",\"name\":\"BBN Spanish\",\"description\":\"BBN\",\"potentialAction\":[{\"@type\":\"SearchAction\",\"target\":{\"@type\":\"EntryPoint\",\"urlTemplate\":\"https:\/\/bbn1.bbnradio.org\/spanish\/?s={search_term_string}\"},\"query-input\":{\"@type\":\"PropertyValueSpecification\",\"valueRequired\":true,\"valueName\":\"search_term_string\"}}],\"inLanguage\":\"es\"}]}<\/script>\n<!-- \/ Yoast SEO Premium plugin. -->","yoast_head_json":{"title":"Que ense\u00f1a la Biblia - Explicaci\u00f3n e Ilustraci\u00f3n de la Salvaci\u00f3n - BBN","robots":{"index":"index","follow":"follow","max-snippet":"max-snippet:-1","max-image-preview":"max-image-preview:large","max-video-preview":"max-video-preview:-1"},"canonical":"https:\/\/bbn1.bbnradio.org\/spanish\/herramientas\/que-temas-ensena-la-biblia\/que-ensena-la-biblia-explicacion-e-ilustracion-de-la-salvacion\/","og_locale":"es_ES","og_type":"article","og_title":"Que ense\u00f1a la Biblia -Explicaci\u00f3n e ilustraci\u00f3n de la Salvaci\u00f3n","og_description":"UNA EXPLICACI\u00d3N B\u00cdBLICA Y UNA ILUSTRACI\u00d3N DE LA SALVACI\u00d3N Cristo define tres medios por los cuales la salvaci\u00f3n se hace evidente: A. Es revelada en la Biblia como un \u201cNuevo Nacimiento.\u201d Juan 3:3-8. Esto es dado al que oye y cree la Palabra de Dios. Juan 3:5, el \"agua\" aqu\u00ed es el bien conocido s\u00edmbolo de la Palabra de Dios. Efesios 5:26; Juan 15:3; Salmo 119:9, no es una referencia al bautismo. Otras Escrituras muestran claramente que el Nuevo Nacimiento viene a trav\u00e9s de la Palabra de Dios. I Pedro 1:23-25; Santiago 1:18. As\u00ed como el agua limpia nuestros ojos de polvo que oscurece nuestra visi\u00f3n, as\u00ed la Palabra de Dios, cuando es le\u00edda y cre\u00edda, borra de la mente del pecador sus ideas equivocadas de Dios y Su Salvaci\u00f3n. La entrada de la Palabra de Dios al hombre trae luz sobre su condici\u00f3n perdida (Romanos 3:10-19), el amor de Dios visto en Su provisi\u00f3n para la Salvaci\u00f3n del hombre (Juan 3:16) y la manera por la cual un pecador pueda ser salvo (Romanos 10:1-17).","og_url":"https:\/\/bbn1.bbnradio.org\/spanish\/herramientas\/que-temas-ensena-la-biblia\/que-ensena-la-biblia-explicacion-e-ilustracion-de-la-salvacion\/","og_site_name":"BBN","article_publisher":"https:\/\/www.facebook.com\/BBNEspanol","article_modified_time":"2018-03-06T16:26:11+00:00","twitter_card":"summary_large_image","twitter_title":"Que ense\u00f1a la Biblia - Explicaci\u00f3n e Ilustraci\u00f3n de la Salvaci\u00f3n","twitter_description":"UNA EXPLICACI\u00d3N B\u00cdBLICA Y UNA ILUSTRACI\u00d3N DE LA SALVACI\u00d3N Cristo define tres medios por los cuales la salvaci\u00f3n se hace evidente: A. Es revelada en la Biblia como un \u201cNuevo Nacimiento.\u201d Juan 3:3-8. Esto es dado al que oye y cree la Palabra de Dios. Juan 3:5, el \"agua\" aqu\u00ed es el bien conocido s\u00edmbolo de la Palabra de Dios. Efesios 5:26; Juan 15:3; Salmo 119:9, no es una referencia al bautismo. Otras Escrituras muestran claramente que el Nuevo Nacimiento viene a trav\u00e9s de la Palabra de Dios. I Pedro 1:23-25; Santiago 1:18. As\u00ed como el agua limpia nuestros ojos de polvo que oscurece nuestra visi\u00f3n, as\u00ed la Palabra de Dios, cuando es le\u00edda y cre\u00edda, borra de la mente del pecador sus ideas equivocadas de Dios y Su Salvaci\u00f3n. La entrada de la Palabra de Dios al hombre trae luz sobre su condici\u00f3n perdida (Romanos 3:10-19), el amor de Dios visto en Su provisi\u00f3n para la Salvaci\u00f3n del hombre (Juan 3:16) y la manera por la cual un pecador pueda ser salvo (Romanos 10:1-17).","twitter_site":"@BBNEspanol","twitter_misc":{"Tiempo de lectura":"5 minutos"},"schema":{"@context":"https:\/\/schema.org","@graph":[{"@type":"WebPage","@id":"https:\/\/bbn1.bbnradio.org\/spanish\/herramientas\/que-temas-ensena-la-biblia\/que-ensena-la-biblia-explicacion-e-ilustracion-de-la-salvacion\/","url":"https:\/\/bbn1.bbnradio.org\/spanish\/herramientas\/que-temas-ensena-la-biblia\/que-ensena-la-biblia-explicacion-e-ilustracion-de-la-salvacion\/","name":"Que ense\u00f1a la Biblia - Explicaci\u00f3n e Ilustraci\u00f3n de la Salvaci\u00f3n - BBN","isPartOf":{"@id":"https:\/\/bbn1.bbnradio.org\/spanish\/#website"},"datePublished":"2016-04-04T19:56:32+00:00","dateModified":"2018-03-06T16:26:11+00:00","breadcrumb":{"@id":"https:\/\/bbn1.bbnradio.org\/spanish\/herramientas\/que-temas-ensena-la-biblia\/que-ensena-la-biblia-explicacion-e-ilustracion-de-la-salvacion\/#breadcrumb"},"inLanguage":"es","potentialAction":[{"@type":"ReadAction","target":["https:\/\/bbn1.bbnradio.org\/spanish\/herramientas\/que-temas-ensena-la-biblia\/que-ensena-la-biblia-explicacion-e-ilustracion-de-la-salvacion\/"]}]},{"@type":"BreadcrumbList","@id":"https:\/\/bbn1.bbnradio.org\/spanish\/herramientas\/que-temas-ensena-la-biblia\/que-ensena-la-biblia-explicacion-e-ilustracion-de-la-salvacion\/#breadcrumb","itemListElement":[{"@type":"ListItem","position":1,"name":"Home","item":"https:\/\/bbn1.bbnradio.org\/spanish\/inicio\/"},{"@type":"ListItem","position":2,"name":"Herramientas","item":"https:\/\/bbn1.bbnradio.org\/spanish\/herramientas\/"},{"@type":"ListItem","position":3,"name":"Que temas ense\u00f1a la Biblia","item":"https:\/\/bbn1.bbnradio.org\/spanish\/herramientas\/que-temas-ensena-la-biblia\/"},{"@type":"ListItem","position":4,"name":"Que ense\u00f1a la Biblia &#8211; Explicaci\u00f3n e Ilustraci\u00f3n de la Salvaci\u00f3n"}]},{"@type":"WebSite","@id":"https:\/\/bbn1.bbnradio.org\/spanish\/#website","url":"https:\/\/bbn1.bbnradio.org\/spanish\/","name":"BBN Spanish","description":"BBN","potentialAction":[{"@type":"SearchAction","target":{"@type":"EntryPoint","urlTemplate":"https:\/\/bbn1.bbnradio.org\/spanish\/?s={search_term_string}"},"query-input":{"@type":"PropertyValueSpecification","valueRequired":true,"valueName":"search_term_string"}}],"inLanguage":"es"}]}},"jetpack_sharing_enabled":true,"jetpack_shortlink":"https:\/\/wp.me\/P85nNm-1Yq","_links":{"self":[{"href":"https:\/\/bbn1.bbnradio.org\/spanish\/wp-json\/wp\/v2\/pages\/7590","targetHints":{"allow":["GET"]}}],"collection":[{"href":"https:\/\/bbn1.bbnradio.org\/spanish\/wp-json\/wp\/v2\/pages"}],"about":[{"href":"https:\/\/bbn1.bbnradio.org\/spanish\/wp-json\/wp\/v2\/types\/page"}],"author":[{"embeddable":true,"href":"https:\/\/bbn1.bbnradio.org\/spanish\/wp-json\/wp\/v2\/users\/21"}],"replies":[{"embeddable":true,"href":"https:\/\/bbn1.bbnradio.org\/spanish\/wp-json\/wp\/v2\/comments?post=7590"}],"version-history":[{"count":3,"href":"https:\/\/bbn1.bbnradio.org\/spanish\/wp-json\/wp\/v2\/pages\/7590\/revisions"}],"predecessor-version":[{"id":12541,"href":"https:\/\/bbn1.bbnradio.org\/spanish\/wp-json\/wp\/v2\/pages\/7590\/revisions\/12541"}],"up":[{"embeddable":true,"href":"https:\/\/bbn1.bbnradio.org\/spanish\/wp-json\/wp\/v2\/pages\/5034"}],"wp:attachment":[{"href":"https:\/\/bbn1.bbnradio.org\/spanish\/wp-json\/wp\/v2\/media?parent=7590"}],"wp:term":[{"taxonomy":"category","embeddable":true,"href":"https:\/\/bbn1.bbnradio.org\/spanish\/wp-json\/wp\/v2\/categories?post=7590"},{"taxonomy":"post_tag","embeddable":true,"href":"https:\/\/bbn1.bbnradio.org\/spanish\/wp-json\/wp\/v2\/tags?post=7590"}],"curies":[{"name":"wp","href":"https:\/\/api.w.org\/{rel}","templated":true}]}}