{"id":7592,"date":"2016-04-04T15:58:21","date_gmt":"2016-04-04T19:58:21","guid":{"rendered":"https:\/\/bbn1.bbnradio.org\/english\/?page_id=7592"},"modified":"2018-04-05T15:12:48","modified_gmt":"2018-04-05T20:12:48","slug":"que-ensena-la-biblia-arrepentimiento-para-salvacion","status":"publish","type":"page","link":"https:\/\/bbn1.bbnradio.org\/spanish\/herramientas\/que-temas-ensena-la-biblia\/que-ensena-la-biblia-arrepentimiento-para-salvacion\/","title":{"rendered":"Que ense\u00f1a la Biblia &#8211; Arrepentimiento para Salvaci\u00f3n"},"content":{"rendered":"<p><strong>ARREPENTIMIENTO PARA SALVACI\u00d3N<\/strong><\/p>\n<p><strong>A. No es una reforma de la persona.<\/strong><\/p>\n<p>Arrepentimiento es un acto total e interno de la mente. Para muchas personas significa volverse de sus pecados, pero esto ser\u00eda s\u00f3lo una reformaci\u00f3n. Arrepentimiento no es hacer algo. Un hombre puede volverse de sus pecados y todav\u00eda no ser cristiano.<\/p>\n<p><strong>B. No es penitencia.<\/strong><\/p>\n<p>Penitencia es un acto de tristeza para pagar por el pecado. Muchas personas en diferentes religiones hacen muchas cosas que llaman penitencias. Ofrecen sacrificios, personalmente se torturan a s\u00ed mismos, pagan dinero para que l\u00edderes religiosos oren por ellos, personalmente oran por largos per\u00edodos de tiempo, repiten oraciones con rosarios o elementos contadores de oraciones, van a los confesionarios y confiesan sus pecados a gente religiosa y realizan ciertos ritos religiosos, todo con la esperanza de librarse de sus pecados.<\/p>\n<p><strong>C. No es contricci\u00f3n.<\/strong><\/p>\n<p>Queremos decir que el arrepentimiento no es un sentimiento de tristeza por nuestros pecados y recibimiento de perd\u00f3n. Muchas personas en la c\u00e1rcel se sienten tristes por lo que hicieron, pero eso no borra sus cr\u00edmenes. El arrepentimiento verdadero incluye la tristeza por el pecado, pero el s\u00f3lo hecho de sentir tristeza por el pecado no es arrepentimiento, pero puede conducir al arrepentimiento. \u201cPorque la tristeza que es seg\u00fan Dios produce arrepentimiento para salvaci\u00f3n, de que no hay que arrepentirse; pero la tristeza del mundo produce muerte\u201d (II Corintios 7:10).<\/p>\n<p><strong>D. Es un cambio de mente, no un cambio de opini\u00f3n.<\/strong><\/p>\n<p>El verdadero arrepentimiento es un cambio de mente que conducir\u00e1 a un cambio de acci\u00f3n, pero recuerda, t\u00fa puedes tener un cambio de acci\u00f3n sin un cambio de mente. Mateo 21:28-29 es un buen ejemplo. Antes de que alguien pueda ser salvo debe haber un cambio de mente acerca de muchas cosas incluyendo, pecado, ego, Dios y Jesucristo. En realidad, arrepentimiento es realmente tomar un paso contra \u201cnuestro viejo yo\u201d y ponernos a nosotros mismos en el lado de Dios.<\/p>\n<p><strong>E. Es obra de Dios.<\/strong><\/p>\n<p>Arrepentimiento es Dios convenci\u00e9ndonos de nuestra necesidad de un Salvador a causa de nuestra carga de pecado. Dios comienza a trabajar en nuestra conciencia, y decidimos que una elecci\u00f3n debe ser hecha. Podemos decidir seguirle a \u00c9l o continuar el camino por el que vamos. Para cambiar la direcci\u00f3n debemos arrepentirnos y clamar que \u00c9l nos salve. Esa decisi\u00f3n resultar\u00e1 en un cambio de mente en nuestra relaci\u00f3n con Dios. Cuatro cosas ser\u00e1n evidenciadas en el verdadero arrepentimiento: un cambio de intelecto, un cambio de sentimientos, un cambio de voluntad y un cambio de acci\u00f3n.<\/p>\n<p>La siguiente es una ilustraci\u00f3n del real arrepentimiento. Una persona perdida y confundida, que est\u00e1 yendo por el camino de la vida buscando direcciones, y repentinamente se detiene porque la Palabra de Dios capta su atenci\u00f3n, y mientras la escucha, se da cuenta que est\u00e1 yendo por un camino equivocado. Ahora la elecci\u00f3n es suya, contin\u00faa o retorna. Arrepentimiento es decidir dar la vuelta y tomar la otra direcci\u00f3n. T\u00fa tomas la decisi\u00f3n de seguir el camino de Dios.<\/p>\n<!-- AddThis Advanced Settings generic via filter on the_content --><!-- AddThis Share Buttons generic via filter on the_content -->","protected":false},"excerpt":{"rendered":"<p>ARREPENTIMIENTO PARA SALVACI\u00d3N A. No es una reforma de la persona. Arrepentimiento es un acto total e interno de la mente. Para muchas personas significa volverse de sus pecados, pero esto ser\u00eda s\u00f3lo una reformaci\u00f3n. Arrepentimiento no es hacer algo. Un hombre puede volverse de sus pecados y todav\u00eda no ser cristiano. B. No es [&hellip;]<!-- AddThis Advanced Settings generic via filter on get_the_excerpt --><!-- AddThis Share Buttons generic via filter on get_the_excerpt --><\/p>\n","protected":false},"author":21,"featured_media":0,"parent":5034,"menu_order":0,"comment_status":"closed","ping_status":"closed","template":"","meta":{"jetpack_post_was_ever_published":false,"footnotes":""},"categories":[],"tags":[],"class_list":["post-7592","page","type-page","status-publish","hentry"],"yoast_head":"<!-- This site is optimized with the Yoast SEO Premium plugin v24.8 (Yoast SEO v24.8.1) - https:\/\/yoast.com\/wordpress\/plugins\/seo\/ -->\n<title>Que ense\u00f1a la Biblia - Arrepentimiento para Salvaci\u00f3n - BBN<\/title>\n<meta name=\"robots\" content=\"index, follow, max-snippet:-1, max-image-preview:large, max-video-preview:-1\" \/>\n<link rel=\"canonical\" href=\"https:\/\/bbn1.bbnradio.org\/spanish\/herramientas\/que-temas-ensena-la-biblia\/que-ensena-la-biblia-arrepentimiento-para-salvacion\/\" \/>\n<meta property=\"og:locale\" content=\"es_ES\" \/>\n<meta property=\"og:type\" content=\"article\" \/>\n<meta property=\"og:title\" content=\"\u00bfQue ense\u00f1a la Biblia en cuanto al Arrepentimiento para Salvaci\u00f3n? -BBN\" \/>\n<meta property=\"og:description\" content=\"ARREPENTIMIENTO PARA SALVACI\u00d3N A. No es una reformaci\u00f3n de la persona. Arrepentimiento es un acto total e interno de la mente. Para muchas personas significa volverse de sus pecados, pero esto ser\u00eda s\u00f3lo una reformaci\u00f3n. Arrepentimiento no es hacer algo. Un hombre puede volverse de sus pecados y todav\u00eda no ser cristiano. B. No es penitencia. Penitencia es un acto de tristeza para pagar por el pecado. Muchas personas en diferentes religiones hacen muchas cosas que llaman penitencias. Ofrecen sacrificios, personalmente se torturan a s\u00ed mismos, pagan dinero para que l\u00edderes religiosos oren por ellos, personalmente oran por largos per\u00edodos de tiempo, repiten oraciones con rosarios o elementos contadores de oraciones, van a los confesionarios y confiesan sus pecados a gente religiosa y realizan ciertos ritos religiosos, todo con la esperanza de librarse de sus pecados. C. No es contricci\u00f3n. Queremos decir que el arrepentimiento no es un sentimiento de tristeza por nuestros pecados y recibimiento de perd\u00f3n. Muchas personas en la c\u00e1rcel se sienten tristes por lo que hicieron, pero eso no borra sus cr\u00edmenes. El arrepentimiento verdadero incluye la tristeza por el pecado, pero el s\u00f3lo hecho de sentir tristeza por el pecado no es arrepentimiento, pero puede conducir al arrepentimiento. \u201cPorque la tristeza que es seg\u00fan Dios produce arrepentimiento para salvaci\u00f3n, de que no hay que arrepentirse; pero la tristeza del mundo produce muerte\u201d (II Corintios 7:10). D. Es un cambio de mente, no un cambio de opini\u00f3n. El verdadero arrepentimiento es un cambio de mente que conducir\u00e1 a un cambio de acci\u00f3n, pero recuerda, t\u00fa puedes tener un cambio de acci\u00f3n sin un cambio de mente. Mateo 21:28-29 es un buen ejemplo. Antes de que alguien pueda ser salvo debe haber un cambio de mente acerca de muchas cosas incluyendo, pecado, ego, Dios y Jesucristo. En realidad, arrepentimiento es realmente tomar un paso contra \u201cnuestro viejo yo\u201d y ponernos a nosotros mismos en el lado de Dios. E. Es obra de Dios. Arrepentimiento es Dios convenci\u00e9ndonos de nuestra necesidad de un Salvador a causa de nuestra carga de pecado. Dios comienza a trabajar en nuestra conciencia, y decidimos que una elecci\u00f3n debe ser hecha. Podemos decidir seguirle a \u00c9l o continuar el camino por el que vamos. Para cambiar la direcci\u00f3n debemos arrepentirnos y clamar que \u00c9l nos salve. Esa decisi\u00f3n resultar\u00e1 en un cambio de mente en nuestra relaci\u00f3n con Dios. Cuatro cosas ser\u00e1n evidenciadas en el verdadero arrepentimiento: un cambio de intelecto, un cambio de sentimientos, un cambio de voluntad y un cambio de acci\u00f3n. La siguiente es una ilustraci\u00f3n del real arrepentimiento. Una persona perdida y confundida, que est\u00e1 yendo por el camino de la vida buscando direcciones, y repentinamente se detiene porque la Palabra de Dios capta su atenci\u00f3n, y mientras la escucha, se da cuenta que est\u00e1 yendo por un camino equivocado. Ahora la elecci\u00f3n es suya, contin\u00faa o retorna. Arrepentimiento es decidir dar la vuelta y tomar la otra direcci\u00f3n. T\u00fa tomas la decisi\u00f3n de seguir el camino de Dios.\" \/>\n<meta property=\"og:url\" content=\"https:\/\/bbn1.bbnradio.org\/spanish\/herramientas\/que-temas-ensena-la-biblia\/que-ensena-la-biblia-arrepentimiento-para-salvacion\/\" \/>\n<meta property=\"og:site_name\" content=\"BBN\" \/>\n<meta property=\"article:publisher\" content=\"https:\/\/www.facebook.com\/BBNEspanol\" \/>\n<meta property=\"article:modified_time\" content=\"2018-04-05T20:12:48+00:00\" \/>\n<meta name=\"twitter:card\" content=\"summary_large_image\" \/>\n<meta name=\"twitter:title\" content=\"\u00bfQue ense\u00f1a la Biblia acerca del Arrepentimiento para Salvaci\u00f3n? -BBN\" \/>\n<meta name=\"twitter:description\" content=\"ARREPENTIMIENTO PARA SALVACI\u00d3N A. No es una reformaci\u00f3n de la persona. Arrepentimiento es un acto total e interno de la mente. Para muchas personas significa volverse de sus pecados, pero esto ser\u00eda s\u00f3lo una reformaci\u00f3n. Arrepentimiento no es hacer algo. Un hombre puede volverse de sus pecados y todav\u00eda no ser cristiano. B. No es penitencia. Penitencia es un acto de tristeza para pagar por el pecado. Muchas personas en diferentes religiones hacen muchas cosas que llaman penitencias. Ofrecen sacrificios, personalmente se torturan a s\u00ed mismos, pagan dinero para que l\u00edderes religiosos oren por ellos, personalmente oran por largos per\u00edodos de tiempo, repiten oraciones con rosarios o elementos contadores de oraciones, van a los confesionarios y confiesan sus pecados a gente religiosa y realizan ciertos ritos religiosos, todo con la esperanza de librarse de sus pecados. C. No es contricci\u00f3n. Queremos decir que el arrepentimiento no es un sentimiento de tristeza por nuestros pecados y recibimiento de perd\u00f3n. Muchas personas en la c\u00e1rcel se sienten tristes por lo que hicieron, pero eso no borra sus cr\u00edmenes. El arrepentimiento verdadero incluye la tristeza por el pecado, pero el s\u00f3lo hecho de sentir tristeza por el pecado no es arrepentimiento, pero puede conducir al arrepentimiento. \u201cPorque la tristeza que es seg\u00fan Dios produce arrepentimiento para salvaci\u00f3n, de que no hay que arrepentirse; pero la tristeza del mundo produce muerte\u201d (II Corintios 7:10). D. Es un cambio de mente, no un cambio de opini\u00f3n. El verdadero arrepentimiento es un cambio de mente que conducir\u00e1 a un cambio de acci\u00f3n, pero recuerda, t\u00fa puedes tener un cambio de acci\u00f3n sin un cambio de mente. Mateo 21:28-29 es un buen ejemplo. Antes de que alguien pueda ser salvo debe haber un cambio de mente acerca de muchas cosas incluyendo, pecado, ego, Dios y Jesucristo. En realidad, arrepentimiento es realmente tomar un paso contra \u201cnuestro viejo yo\u201d y ponernos a nosotros mismos en el lado de Dios. E. Es obra de Dios. Arrepentimiento es Dios convenci\u00e9ndonos de nuestra necesidad de un Salvador a causa de nuestra carga de pecado. Dios comienza a trabajar en nuestra conciencia, y decidimos que una elecci\u00f3n debe ser hecha. Podemos decidir seguirle a \u00c9l o continuar el camino por el que vamos. Para cambiar la direcci\u00f3n debemos arrepentirnos y clamar que \u00c9l nos salve. Esa decisi\u00f3n resultar\u00e1 en un cambio de mente en nuestra relaci\u00f3n con Dios. Cuatro cosas ser\u00e1n evidenciadas en el verdadero arrepentimiento: un cambio de intelecto, un cambio de sentimientos, un cambio de voluntad y un cambio de acci\u00f3n. La siguiente es una ilustraci\u00f3n del real arrepentimiento. Una persona perdida y confundida, que est\u00e1 yendo por el camino de la vida buscando direcciones, y repentinamente se detiene porque la Palabra de Dios capta su atenci\u00f3n, y mientras la escucha, se da cuenta que est\u00e1 yendo por un camino equivocado. Ahora la elecci\u00f3n es suya, contin\u00faa o retorna. Arrepentimiento es decidir dar la vuelta y tomar la otra direcci\u00f3n. T\u00fa tomas la decisi\u00f3n de seguir el camino de Dios.\" \/>\n<meta name=\"twitter:site\" content=\"@BBNEspanol\" \/>\n<meta name=\"twitter:label1\" content=\"Tiempo de lectura\" \/>\n\t<meta name=\"twitter:data1\" content=\"3 minutos\" \/>\n<script type=\"application\/ld+json\" class=\"yoast-schema-graph\">{\"@context\":\"https:\/\/schema.org\",\"@graph\":[{\"@type\":\"WebPage\",\"@id\":\"https:\/\/bbn1.bbnradio.org\/spanish\/herramientas\/que-temas-ensena-la-biblia\/que-ensena-la-biblia-arrepentimiento-para-salvacion\/\",\"url\":\"https:\/\/bbn1.bbnradio.org\/spanish\/herramientas\/que-temas-ensena-la-biblia\/que-ensena-la-biblia-arrepentimiento-para-salvacion\/\",\"name\":\"Que ense\u00f1a la Biblia - Arrepentimiento para Salvaci\u00f3n - BBN\",\"isPartOf\":{\"@id\":\"https:\/\/bbn1.bbnradio.org\/spanish\/#website\"},\"datePublished\":\"2016-04-04T19:58:21+00:00\",\"dateModified\":\"2018-04-05T20:12:48+00:00\",\"breadcrumb\":{\"@id\":\"https:\/\/bbn1.bbnradio.org\/spanish\/herramientas\/que-temas-ensena-la-biblia\/que-ensena-la-biblia-arrepentimiento-para-salvacion\/#breadcrumb\"},\"inLanguage\":\"es\",\"potentialAction\":[{\"@type\":\"ReadAction\",\"target\":[\"https:\/\/bbn1.bbnradio.org\/spanish\/herramientas\/que-temas-ensena-la-biblia\/que-ensena-la-biblia-arrepentimiento-para-salvacion\/\"]}]},{\"@type\":\"BreadcrumbList\",\"@id\":\"https:\/\/bbn1.bbnradio.org\/spanish\/herramientas\/que-temas-ensena-la-biblia\/que-ensena-la-biblia-arrepentimiento-para-salvacion\/#breadcrumb\",\"itemListElement\":[{\"@type\":\"ListItem\",\"position\":1,\"name\":\"Home\",\"item\":\"https:\/\/bbn1.bbnradio.org\/spanish\/inicio\/\"},{\"@type\":\"ListItem\",\"position\":2,\"name\":\"Herramientas\",\"item\":\"https:\/\/bbn1.bbnradio.org\/spanish\/herramientas\/\"},{\"@type\":\"ListItem\",\"position\":3,\"name\":\"Que temas ense\u00f1a la Biblia\",\"item\":\"https:\/\/bbn1.bbnradio.org\/spanish\/herramientas\/que-temas-ensena-la-biblia\/\"},{\"@type\":\"ListItem\",\"position\":4,\"name\":\"Que ense\u00f1a la Biblia &#8211; Arrepentimiento para Salvaci\u00f3n\"}]},{\"@type\":\"WebSite\",\"@id\":\"https:\/\/bbn1.bbnradio.org\/spanish\/#website\",\"url\":\"https:\/\/bbn1.bbnradio.org\/spanish\/\",\"name\":\"BBN Spanish\",\"description\":\"BBN\",\"potentialAction\":[{\"@type\":\"SearchAction\",\"target\":{\"@type\":\"EntryPoint\",\"urlTemplate\":\"https:\/\/bbn1.bbnradio.org\/spanish\/?s={search_term_string}\"},\"query-input\":{\"@type\":\"PropertyValueSpecification\",\"valueRequired\":true,\"valueName\":\"search_term_string\"}}],\"inLanguage\":\"es\"}]}<\/script>\n<!-- \/ Yoast SEO Premium plugin. -->","yoast_head_json":{"title":"Que ense\u00f1a la Biblia - Arrepentimiento para Salvaci\u00f3n - BBN","robots":{"index":"index","follow":"follow","max-snippet":"max-snippet:-1","max-image-preview":"max-image-preview:large","max-video-preview":"max-video-preview:-1"},"canonical":"https:\/\/bbn1.bbnradio.org\/spanish\/herramientas\/que-temas-ensena-la-biblia\/que-ensena-la-biblia-arrepentimiento-para-salvacion\/","og_locale":"es_ES","og_type":"article","og_title":"\u00bfQue ense\u00f1a la Biblia en cuanto al Arrepentimiento para Salvaci\u00f3n? -BBN","og_description":"ARREPENTIMIENTO PARA SALVACI\u00d3N A. No es una reformaci\u00f3n de la persona. Arrepentimiento es un acto total e interno de la mente. Para muchas personas significa volverse de sus pecados, pero esto ser\u00eda s\u00f3lo una reformaci\u00f3n. Arrepentimiento no es hacer algo. Un hombre puede volverse de sus pecados y todav\u00eda no ser cristiano. B. No es penitencia. Penitencia es un acto de tristeza para pagar por el pecado. Muchas personas en diferentes religiones hacen muchas cosas que llaman penitencias. Ofrecen sacrificios, personalmente se torturan a s\u00ed mismos, pagan dinero para que l\u00edderes religiosos oren por ellos, personalmente oran por largos per\u00edodos de tiempo, repiten oraciones con rosarios o elementos contadores de oraciones, van a los confesionarios y confiesan sus pecados a gente religiosa y realizan ciertos ritos religiosos, todo con la esperanza de librarse de sus pecados. C. No es contricci\u00f3n. Queremos decir que el arrepentimiento no es un sentimiento de tristeza por nuestros pecados y recibimiento de perd\u00f3n. Muchas personas en la c\u00e1rcel se sienten tristes por lo que hicieron, pero eso no borra sus cr\u00edmenes. El arrepentimiento verdadero incluye la tristeza por el pecado, pero el s\u00f3lo hecho de sentir tristeza por el pecado no es arrepentimiento, pero puede conducir al arrepentimiento. \u201cPorque la tristeza que es seg\u00fan Dios produce arrepentimiento para salvaci\u00f3n, de que no hay que arrepentirse; pero la tristeza del mundo produce muerte\u201d (II Corintios 7:10). D. Es un cambio de mente, no un cambio de opini\u00f3n. El verdadero arrepentimiento es un cambio de mente que conducir\u00e1 a un cambio de acci\u00f3n, pero recuerda, t\u00fa puedes tener un cambio de acci\u00f3n sin un cambio de mente. Mateo 21:28-29 es un buen ejemplo. Antes de que alguien pueda ser salvo debe haber un cambio de mente acerca de muchas cosas incluyendo, pecado, ego, Dios y Jesucristo. En realidad, arrepentimiento es realmente tomar un paso contra \u201cnuestro viejo yo\u201d y ponernos a nosotros mismos en el lado de Dios. E. Es obra de Dios. Arrepentimiento es Dios convenci\u00e9ndonos de nuestra necesidad de un Salvador a causa de nuestra carga de pecado. Dios comienza a trabajar en nuestra conciencia, y decidimos que una elecci\u00f3n debe ser hecha. Podemos decidir seguirle a \u00c9l o continuar el camino por el que vamos. Para cambiar la direcci\u00f3n debemos arrepentirnos y clamar que \u00c9l nos salve. Esa decisi\u00f3n resultar\u00e1 en un cambio de mente en nuestra relaci\u00f3n con Dios. Cuatro cosas ser\u00e1n evidenciadas en el verdadero arrepentimiento: un cambio de intelecto, un cambio de sentimientos, un cambio de voluntad y un cambio de acci\u00f3n. La siguiente es una ilustraci\u00f3n del real arrepentimiento. Una persona perdida y confundida, que est\u00e1 yendo por el camino de la vida buscando direcciones, y repentinamente se detiene porque la Palabra de Dios capta su atenci\u00f3n, y mientras la escucha, se da cuenta que est\u00e1 yendo por un camino equivocado. Ahora la elecci\u00f3n es suya, contin\u00faa o retorna. Arrepentimiento es decidir dar la vuelta y tomar la otra direcci\u00f3n. T\u00fa tomas la decisi\u00f3n de seguir el camino de Dios.","og_url":"https:\/\/bbn1.bbnradio.org\/spanish\/herramientas\/que-temas-ensena-la-biblia\/que-ensena-la-biblia-arrepentimiento-para-salvacion\/","og_site_name":"BBN","article_publisher":"https:\/\/www.facebook.com\/BBNEspanol","article_modified_time":"2018-04-05T20:12:48+00:00","twitter_card":"summary_large_image","twitter_title":"\u00bfQue ense\u00f1a la Biblia acerca del Arrepentimiento para Salvaci\u00f3n? -BBN","twitter_description":"ARREPENTIMIENTO PARA SALVACI\u00d3N A. No es una reformaci\u00f3n de la persona. Arrepentimiento es un acto total e interno de la mente. Para muchas personas significa volverse de sus pecados, pero esto ser\u00eda s\u00f3lo una reformaci\u00f3n. Arrepentimiento no es hacer algo. Un hombre puede volverse de sus pecados y todav\u00eda no ser cristiano. B. No es penitencia. Penitencia es un acto de tristeza para pagar por el pecado. Muchas personas en diferentes religiones hacen muchas cosas que llaman penitencias. Ofrecen sacrificios, personalmente se torturan a s\u00ed mismos, pagan dinero para que l\u00edderes religiosos oren por ellos, personalmente oran por largos per\u00edodos de tiempo, repiten oraciones con rosarios o elementos contadores de oraciones, van a los confesionarios y confiesan sus pecados a gente religiosa y realizan ciertos ritos religiosos, todo con la esperanza de librarse de sus pecados. C. No es contricci\u00f3n. Queremos decir que el arrepentimiento no es un sentimiento de tristeza por nuestros pecados y recibimiento de perd\u00f3n. Muchas personas en la c\u00e1rcel se sienten tristes por lo que hicieron, pero eso no borra sus cr\u00edmenes. El arrepentimiento verdadero incluye la tristeza por el pecado, pero el s\u00f3lo hecho de sentir tristeza por el pecado no es arrepentimiento, pero puede conducir al arrepentimiento. \u201cPorque la tristeza que es seg\u00fan Dios produce arrepentimiento para salvaci\u00f3n, de que no hay que arrepentirse; pero la tristeza del mundo produce muerte\u201d (II Corintios 7:10). D. Es un cambio de mente, no un cambio de opini\u00f3n. El verdadero arrepentimiento es un cambio de mente que conducir\u00e1 a un cambio de acci\u00f3n, pero recuerda, t\u00fa puedes tener un cambio de acci\u00f3n sin un cambio de mente. Mateo 21:28-29 es un buen ejemplo. Antes de que alguien pueda ser salvo debe haber un cambio de mente acerca de muchas cosas incluyendo, pecado, ego, Dios y Jesucristo. En realidad, arrepentimiento es realmente tomar un paso contra \u201cnuestro viejo yo\u201d y ponernos a nosotros mismos en el lado de Dios. E. Es obra de Dios. Arrepentimiento es Dios convenci\u00e9ndonos de nuestra necesidad de un Salvador a causa de nuestra carga de pecado. Dios comienza a trabajar en nuestra conciencia, y decidimos que una elecci\u00f3n debe ser hecha. Podemos decidir seguirle a \u00c9l o continuar el camino por el que vamos. Para cambiar la direcci\u00f3n debemos arrepentirnos y clamar que \u00c9l nos salve. Esa decisi\u00f3n resultar\u00e1 en un cambio de mente en nuestra relaci\u00f3n con Dios. Cuatro cosas ser\u00e1n evidenciadas en el verdadero arrepentimiento: un cambio de intelecto, un cambio de sentimientos, un cambio de voluntad y un cambio de acci\u00f3n. La siguiente es una ilustraci\u00f3n del real arrepentimiento. Una persona perdida y confundida, que est\u00e1 yendo por el camino de la vida buscando direcciones, y repentinamente se detiene porque la Palabra de Dios capta su atenci\u00f3n, y mientras la escucha, se da cuenta que est\u00e1 yendo por un camino equivocado. Ahora la elecci\u00f3n es suya, contin\u00faa o retorna. Arrepentimiento es decidir dar la vuelta y tomar la otra direcci\u00f3n. T\u00fa tomas la decisi\u00f3n de seguir el camino de Dios.","twitter_site":"@BBNEspanol","twitter_misc":{"Tiempo de lectura":"3 minutos"},"schema":{"@context":"https:\/\/schema.org","@graph":[{"@type":"WebPage","@id":"https:\/\/bbn1.bbnradio.org\/spanish\/herramientas\/que-temas-ensena-la-biblia\/que-ensena-la-biblia-arrepentimiento-para-salvacion\/","url":"https:\/\/bbn1.bbnradio.org\/spanish\/herramientas\/que-temas-ensena-la-biblia\/que-ensena-la-biblia-arrepentimiento-para-salvacion\/","name":"Que ense\u00f1a la Biblia - Arrepentimiento para Salvaci\u00f3n - BBN","isPartOf":{"@id":"https:\/\/bbn1.bbnradio.org\/spanish\/#website"},"datePublished":"2016-04-04T19:58:21+00:00","dateModified":"2018-04-05T20:12:48+00:00","breadcrumb":{"@id":"https:\/\/bbn1.bbnradio.org\/spanish\/herramientas\/que-temas-ensena-la-biblia\/que-ensena-la-biblia-arrepentimiento-para-salvacion\/#breadcrumb"},"inLanguage":"es","potentialAction":[{"@type":"ReadAction","target":["https:\/\/bbn1.bbnradio.org\/spanish\/herramientas\/que-temas-ensena-la-biblia\/que-ensena-la-biblia-arrepentimiento-para-salvacion\/"]}]},{"@type":"BreadcrumbList","@id":"https:\/\/bbn1.bbnradio.org\/spanish\/herramientas\/que-temas-ensena-la-biblia\/que-ensena-la-biblia-arrepentimiento-para-salvacion\/#breadcrumb","itemListElement":[{"@type":"ListItem","position":1,"name":"Home","item":"https:\/\/bbn1.bbnradio.org\/spanish\/inicio\/"},{"@type":"ListItem","position":2,"name":"Herramientas","item":"https:\/\/bbn1.bbnradio.org\/spanish\/herramientas\/"},{"@type":"ListItem","position":3,"name":"Que temas ense\u00f1a la Biblia","item":"https:\/\/bbn1.bbnradio.org\/spanish\/herramientas\/que-temas-ensena-la-biblia\/"},{"@type":"ListItem","position":4,"name":"Que ense\u00f1a la Biblia &#8211; Arrepentimiento para Salvaci\u00f3n"}]},{"@type":"WebSite","@id":"https:\/\/bbn1.bbnradio.org\/spanish\/#website","url":"https:\/\/bbn1.bbnradio.org\/spanish\/","name":"BBN Spanish","description":"BBN","potentialAction":[{"@type":"SearchAction","target":{"@type":"EntryPoint","urlTemplate":"https:\/\/bbn1.bbnradio.org\/spanish\/?s={search_term_string}"},"query-input":{"@type":"PropertyValueSpecification","valueRequired":true,"valueName":"search_term_string"}}],"inLanguage":"es"}]}},"jetpack_sharing_enabled":true,"jetpack_shortlink":"https:\/\/wp.me\/P85nNm-1Ys","_links":{"self":[{"href":"https:\/\/bbn1.bbnradio.org\/spanish\/wp-json\/wp\/v2\/pages\/7592","targetHints":{"allow":["GET"]}}],"collection":[{"href":"https:\/\/bbn1.bbnradio.org\/spanish\/wp-json\/wp\/v2\/pages"}],"about":[{"href":"https:\/\/bbn1.bbnradio.org\/spanish\/wp-json\/wp\/v2\/types\/page"}],"author":[{"embeddable":true,"href":"https:\/\/bbn1.bbnradio.org\/spanish\/wp-json\/wp\/v2\/users\/21"}],"replies":[{"embeddable":true,"href":"https:\/\/bbn1.bbnradio.org\/spanish\/wp-json\/wp\/v2\/comments?post=7592"}],"version-history":[{"count":1,"href":"https:\/\/bbn1.bbnradio.org\/spanish\/wp-json\/wp\/v2\/pages\/7592\/revisions"}],"predecessor-version":[{"id":12305,"href":"https:\/\/bbn1.bbnradio.org\/spanish\/wp-json\/wp\/v2\/pages\/7592\/revisions\/12305"}],"up":[{"embeddable":true,"href":"https:\/\/bbn1.bbnradio.org\/spanish\/wp-json\/wp\/v2\/pages\/5034"}],"wp:attachment":[{"href":"https:\/\/bbn1.bbnradio.org\/spanish\/wp-json\/wp\/v2\/media?parent=7592"}],"wp:term":[{"taxonomy":"category","embeddable":true,"href":"https:\/\/bbn1.bbnradio.org\/spanish\/wp-json\/wp\/v2\/categories?post=7592"},{"taxonomy":"post_tag","embeddable":true,"href":"https:\/\/bbn1.bbnradio.org\/spanish\/wp-json\/wp\/v2\/tags?post=7592"}],"curies":[{"name":"wp","href":"https:\/\/api.w.org\/{rel}","templated":true}]}}