{"id":7594,"date":"2016-04-04T15:59:48","date_gmt":"2016-04-04T19:59:48","guid":{"rendered":"https:\/\/bbn1.bbnradio.org\/english\/?page_id=7594"},"modified":"2018-04-12T10:38:23","modified_gmt":"2018-04-12T15:38:23","slug":"que-ensena-la-biblia-la-gracia-provee-salvacion","status":"publish","type":"page","link":"https:\/\/bbn1.bbnradio.org\/spanish\/herramientas\/que-temas-ensena-la-biblia\/que-ensena-la-biblia-la-gracia-provee-salvacion\/","title":{"rendered":"Que ense\u00f1a la Biblia &#8211; La Gracia provee Salvaci\u00f3n"},"content":{"rendered":"<p><strong>LA GRACIA PROVEE SALVACI\u00d3N<\/strong><\/p>\n<p><strong>I. INTRODUCCI\u00d3N<\/strong><\/p>\n<p>Todos los tratos de Dios con la humanidad al presente tiempo est\u00e1n basados en su gracia, misericordia y paz. Gracia significa \u201cfavor inmerecido de parte de Dios\u201d. Esto significa que \u00c9l nos muestra su favor, el cual nosotros no debemos desechar, lo que se evidencia en la Salvaci\u00f3n que libremente recibimos. La palabra gracia aparece alrededor de 160 veces en la Biblia, de \u00e9stas, 128 en el Nuevo Testamento. Dios se manifiesta como \u00abel Dios de toda gracia\u00bb (I Pedro 5:10). Cristo es presentado \u00ablleno de gracia\u00bb (Juan 1:14). El Esp\u00edritu Santo es llamado \u00abel Esp\u00edritu de Gracia\u00bb (Hebreos 10:29). De ese modo las tres personas de la Deidad est\u00e1n vinculadas con la gracia.<\/p>\n<p><strong>II. DEFINICI\u00d3N<\/strong><\/p>\n<p>La palabra gracia usada en el Antiguo Testamento trae el significado de \u00abinclinarse o agacharse en bondad hacia alguien inferior\u00bb. La palabra en el Nuevo Testamento es \u201cfavor, buena voluntad, amor bondadoso\u00bb.<\/p>\n<p>Las siguientes definiciones han probado ser de ayuda en la explicaci\u00f3n de lo que la gracia es:<\/p>\n<p>A. Gracia es amor desplegado sobre objetos inmerecedores. Dios es amor, y cuando coloca ese amor sobre culpa, impureza, pecadores rebeldes, entonces es gracia.<\/p>\n<p>B. Amor que mira hacia arriba es adoraci\u00f3n. Amor a un mismo nivel es afecto. Amor que desciende es gracia.<\/p>\n<p>C. Gracia es Dios mostrando amor y misericordia cuando nosotros s\u00f3lo merec\u00edamos ira y juicio. Es Dios inclin\u00e1ndose a nosotros en infinito amor.<\/p>\n<p>D. La gracia es vista en Dios dando lo mejor del cielo para salvar lo peor de la tierra.<\/p>\n<p><strong>III. CONTRASTE<\/strong><\/p>\n<p>La gracia no debe ser confundida con obras. Si el hombre pudiera obtener salvaci\u00f3n haciendo buenas obras, entonces la salvaci\u00f3n ser\u00eda simplemente por sus m\u00e9ritos. Romanos 4:4-5; Romanos 11:6. Dios no le debe nada al hombre. La salvaci\u00f3n es un regalo gratuito.<\/p>\n<p>La gracia no debe ser confundida con la ley. Los hombres no son salvos por guardar la ley. Ellos son salvos por gracia. Lo siguiente nos ayudar\u00e1 a ponerlo m\u00e1s en claro:<\/p>\n<p>A. La ley nos da una obra para hacer.<br \/>\nLa gracia nos habla de una obra que ya fue hecha.<br \/>\nB. La ley dice: \u00abHaz esto y vivir\u00e1s\u00bb.<br \/>\nLa gracia dice: \u00abVive, y entonces har\u00e1s\u00bb.<br \/>\nC. La ley dice: \u00abAmar\u00e1s al Se\u00f1or tu Dios\u00bb.<br \/>\nLa gracia dice: \u00abDe tal manera am\u00f3 Dios al mundo\u00bb Juan 3:16, y \u00abNosotros le amamos a \u00e9l porque \u00e9l nos am\u00f3 primero\u00bb I Juan 4:19.<br \/>\nD. La ley condena al mejor. Romanos 3:19.<br \/>\nLa gracia salva al peor. Romanos 3:24; 4:5.<br \/>\nE. La ley revela el pecado. Romanos 3:20.<br \/>\nLa gracia revela la salvaci\u00f3n. Tito 2:11-13.<\/p>\n<p><strong>IV. LA NECESIDAD DE LA GRACIA<\/strong><\/p>\n<p>El hombre necesita la gracia de Dios porque:<\/p>\n<p>&#8211; en su pecado se rebela contra la santa ley de Dios (Romanos 3:23; Colosenses 1:21), por lo tanto, \u00e9l no merece nada sino el juicio de Dios.<\/p>\n<p>&#8211; permanece culpable delante de Dios, habiendo quebrantado Su santa ley (Romanos 3:19; G\u00e1latas 3:10; Santiago 2:10), en tal condici\u00f3n, est\u00e1 sujeto a la maldici\u00f3n de Dios.<\/p>\n<p>&#8211; porque ha rechazado y ha asesinado al Hijo de Dios, el hombre no tiene absolutamente ning\u00fan reclamo v\u00e1lido delante de Dios (Juan 12:31-33; 3:18).<\/p>\n<p><strong>V. SALVACI\u00d3N POR GRACIA<\/strong><\/p>\n<p>Si el hombre llega a ser salvo, ser\u00e1 s\u00f3lo por la gracia de Dios. Ninguno de nosotros merece salvaci\u00f3n. \u201cEn quien tenemos redenci\u00f3n por su sangre, el perd\u00f3n de pecados, seg\u00fan las riquezas de su gracia\u201d (Efesios 1:7). La santidad de Dios no puede disimular el pecado, por el contrario: debe sentenciarlo. Esto es lo que Dios hizo en la cruz. El evangelio nos dice c\u00f3mo Dios puede salvar pecadores por gracia y a\u00fan ser santo al hacerlo.<\/p>\n<p>La clave es que Cristo sufri\u00f3 la ira y el juicio de Dios contra el pecado. Sobre la base de la obra de Cristo y no las obras de los hombres, Dios puede perdonar los pecados de aquellos que conf\u00edan en el Se\u00f1or Jesucristo. Cristo, el Cordero sacrificado, ha terminado la obra de la redenci\u00f3n. La gracia solamente demanda fe de parte del pecador que busca salvaci\u00f3n. (Efesios 2:8-9)<\/p>\n<p><strong>IV. BENDICIONES A TRAV\u00c9S DE LA GRACIA<\/strong><\/p>\n<p>Las bendiciones a trav\u00e9s de la gracia traen muchos resultados maravillosos al pecador. Tres de los m\u00e1s grandes de estos resultados son los siguientes:<\/p>\n<p>A. Salvaci\u00f3n &#8211; Tito 2:11-13. Esto significa que un cristiano nacido de nuevo tiene vida eterna. \u201cY yo les doy vida eterna y no perecer\u00e1n jam\u00e1s\u201d (Juan 10:28).<\/p>\n<p>B. Justificaci\u00f3n \u2013 Romanos 5:1. Esto significa que Dios considera a un pecador que ha cre\u00eddo en Cristo como sin culpa. \u201cJustificados pues por la fe tenemos paz para con Dios por medio de nuestro Se\u00f1or Jesucristo\u201d.<\/p>\n<p>C. Entrada delante de Dios &#8211; Romanos 5:2. Esto significa que un verdadero creyente puede entrar a la presencia de Dios en oraci\u00f3n. No est\u00e1 ya m\u00e1s separado de Dios por sus pecados. \u201cAcerqu\u00e9monos, pues, confiadamente al trono de la gracia, para alcanzar misericordia y hallar gracia para el oportuno socorro\u201d (Hebreos 4:14-16).<\/p>\n<!-- AddThis Advanced Settings generic via filter on the_content --><!-- AddThis Share Buttons generic via filter on the_content -->","protected":false},"excerpt":{"rendered":"<p>LA GRACIA PROVEE SALVACI\u00d3N I. INTRODUCCI\u00d3N Todos los tratos de Dios con la humanidad al presente tiempo est\u00e1n basados en su gracia, misericordia y paz. Gracia significa \u201cfavor inmerecido de parte de Dios\u201d. Esto significa que \u00c9l nos muestra su favor, el cual nosotros no debemos desechar, lo que se evidencia en la Salvaci\u00f3n que [&hellip;]<!-- AddThis Advanced Settings generic via filter on get_the_excerpt --><!-- AddThis Share Buttons generic via filter on get_the_excerpt --><\/p>\n","protected":false},"author":21,"featured_media":0,"parent":5034,"menu_order":0,"comment_status":"closed","ping_status":"closed","template":"","meta":{"jetpack_post_was_ever_published":false,"footnotes":""},"categories":[],"tags":[],"class_list":["post-7594","page","type-page","status-publish","hentry"],"yoast_head":"<!-- This site is optimized with the Yoast SEO Premium plugin v24.8 (Yoast SEO v24.8.1) - https:\/\/yoast.com\/wordpress\/plugins\/seo\/ -->\n<title>Que ense\u00f1a la Biblia - La Gracia provee Salvaci\u00f3n - BBN<\/title>\n<meta name=\"robots\" content=\"index, follow, max-snippet:-1, max-image-preview:large, max-video-preview:-1\" \/>\n<link rel=\"canonical\" href=\"https:\/\/bbn1.bbnradio.org\/spanish\/herramientas\/que-temas-ensena-la-biblia\/que-ensena-la-biblia-la-gracia-provee-salvacion\/\" \/>\n<meta property=\"og:locale\" content=\"es_ES\" \/>\n<meta property=\"og:type\" content=\"article\" \/>\n<meta property=\"og:title\" content=\"Que ense\u00f1a la Biblia- La Gracia produce Salvaci\u00f3n -BBN\" \/>\n<meta property=\"og:description\" content=\"LA GRACIA PROVEE SALVACI\u00d3N I. INTRODUCCI\u00d3N Todos los tratos de Dios con la humanidad al presente tiempo est\u00e1n basados en su gracia, misericordia y paz. Gracia significa \u201cfavor inmerecido de parte de Dios\u201d. Esto significa que \u00c9l nos muestra su favor, el cual nosotros no debemos desechar, lo que se evidencia en la Salvaci\u00f3n que libremente recibimos. La palabra gracia aparece alrededor de 160 veces en la Biblia, de \u00e9stas, 128 en el Nuevo Testamento. Dios se manifiesta como &quot;el Dios de toda gracia&quot; (I Pedro 5:10). Cristo es presentado &quot;lleno de gracia&quot; (Juan 1:14). El Esp\u00edritu Santo es llamado &quot;el Esp\u00edritu de Gracia&quot; (Hebreos 10:29). De ese modo las tres personas de la Deidad est\u00e1n vinculadas con la gracia.\" \/>\n<meta property=\"og:url\" content=\"https:\/\/bbn1.bbnradio.org\/spanish\/herramientas\/que-temas-ensena-la-biblia\/que-ensena-la-biblia-la-gracia-provee-salvacion\/\" \/>\n<meta property=\"og:site_name\" content=\"BBN\" \/>\n<meta property=\"article:publisher\" content=\"https:\/\/www.facebook.com\/BBNEspanol\" \/>\n<meta property=\"article:modified_time\" content=\"2018-04-12T15:38:23+00:00\" \/>\n<meta name=\"twitter:card\" content=\"summary_large_image\" \/>\n<meta name=\"twitter:title\" content=\"Que ense\u00f1a la Biblia - La Gracia produce Salvaci\u00f3n -BBN\" \/>\n<meta name=\"twitter:description\" content=\"LA GRACIA PROVEE SALVACI\u00d3N I. INTRODUCCI\u00d3N Todos los tratos de Dios con la humanidad al presente tiempo est\u00e1n basados en su gracia, misericordia y paz. Gracia significa \u201cfavor inmerecido de parte de Dios\u201d. Esto significa que \u00c9l nos muestra su favor, el cual nosotros no debemos desechar, lo que se evidencia en la Salvaci\u00f3n que libremente recibimos. La palabra gracia aparece alrededor de 160 veces en la Biblia, de \u00e9stas, 128 en el Nuevo Testamento. Dios se manifiesta como &quot;el Dios de toda gracia&quot; (I Pedro 5:10). Cristo es presentado &quot;lleno de gracia&quot; (Juan 1:14). El Esp\u00edritu Santo es llamado &quot;el Esp\u00edritu de Gracia&quot; (Hebreos 10:29). De ese modo las tres personas de la Deidad est\u00e1n vinculadas con la gracia.\" \/>\n<meta name=\"twitter:site\" content=\"@BBNEspanol\" \/>\n<meta name=\"twitter:label1\" content=\"Tiempo de lectura\" \/>\n\t<meta name=\"twitter:data1\" content=\"4 minutos\" \/>\n<script type=\"application\/ld+json\" class=\"yoast-schema-graph\">{\"@context\":\"https:\/\/schema.org\",\"@graph\":[{\"@type\":\"WebPage\",\"@id\":\"https:\/\/bbn1.bbnradio.org\/spanish\/herramientas\/que-temas-ensena-la-biblia\/que-ensena-la-biblia-la-gracia-provee-salvacion\/\",\"url\":\"https:\/\/bbn1.bbnradio.org\/spanish\/herramientas\/que-temas-ensena-la-biblia\/que-ensena-la-biblia-la-gracia-provee-salvacion\/\",\"name\":\"Que ense\u00f1a la Biblia - La Gracia provee Salvaci\u00f3n - BBN\",\"isPartOf\":{\"@id\":\"https:\/\/bbn1.bbnradio.org\/spanish\/#website\"},\"datePublished\":\"2016-04-04T19:59:48+00:00\",\"dateModified\":\"2018-04-12T15:38:23+00:00\",\"breadcrumb\":{\"@id\":\"https:\/\/bbn1.bbnradio.org\/spanish\/herramientas\/que-temas-ensena-la-biblia\/que-ensena-la-biblia-la-gracia-provee-salvacion\/#breadcrumb\"},\"inLanguage\":\"es\",\"potentialAction\":[{\"@type\":\"ReadAction\",\"target\":[\"https:\/\/bbn1.bbnradio.org\/spanish\/herramientas\/que-temas-ensena-la-biblia\/que-ensena-la-biblia-la-gracia-provee-salvacion\/\"]}]},{\"@type\":\"BreadcrumbList\",\"@id\":\"https:\/\/bbn1.bbnradio.org\/spanish\/herramientas\/que-temas-ensena-la-biblia\/que-ensena-la-biblia-la-gracia-provee-salvacion\/#breadcrumb\",\"itemListElement\":[{\"@type\":\"ListItem\",\"position\":1,\"name\":\"Home\",\"item\":\"https:\/\/bbn1.bbnradio.org\/spanish\/inicio\/\"},{\"@type\":\"ListItem\",\"position\":2,\"name\":\"Herramientas\",\"item\":\"https:\/\/bbn1.bbnradio.org\/spanish\/herramientas\/\"},{\"@type\":\"ListItem\",\"position\":3,\"name\":\"Que temas ense\u00f1a la Biblia\",\"item\":\"https:\/\/bbn1.bbnradio.org\/spanish\/herramientas\/que-temas-ensena-la-biblia\/\"},{\"@type\":\"ListItem\",\"position\":4,\"name\":\"Que ense\u00f1a la Biblia &#8211; La Gracia provee Salvaci\u00f3n\"}]},{\"@type\":\"WebSite\",\"@id\":\"https:\/\/bbn1.bbnradio.org\/spanish\/#website\",\"url\":\"https:\/\/bbn1.bbnradio.org\/spanish\/\",\"name\":\"BBN Spanish\",\"description\":\"BBN\",\"potentialAction\":[{\"@type\":\"SearchAction\",\"target\":{\"@type\":\"EntryPoint\",\"urlTemplate\":\"https:\/\/bbn1.bbnradio.org\/spanish\/?s={search_term_string}\"},\"query-input\":{\"@type\":\"PropertyValueSpecification\",\"valueRequired\":true,\"valueName\":\"search_term_string\"}}],\"inLanguage\":\"es\"}]}<\/script>\n<!-- \/ Yoast SEO Premium plugin. -->","yoast_head_json":{"title":"Que ense\u00f1a la Biblia - La Gracia provee Salvaci\u00f3n - BBN","robots":{"index":"index","follow":"follow","max-snippet":"max-snippet:-1","max-image-preview":"max-image-preview:large","max-video-preview":"max-video-preview:-1"},"canonical":"https:\/\/bbn1.bbnradio.org\/spanish\/herramientas\/que-temas-ensena-la-biblia\/que-ensena-la-biblia-la-gracia-provee-salvacion\/","og_locale":"es_ES","og_type":"article","og_title":"Que ense\u00f1a la Biblia- La Gracia produce Salvaci\u00f3n -BBN","og_description":"LA GRACIA PROVEE SALVACI\u00d3N I. INTRODUCCI\u00d3N Todos los tratos de Dios con la humanidad al presente tiempo est\u00e1n basados en su gracia, misericordia y paz. Gracia significa \u201cfavor inmerecido de parte de Dios\u201d. Esto significa que \u00c9l nos muestra su favor, el cual nosotros no debemos desechar, lo que se evidencia en la Salvaci\u00f3n que libremente recibimos. La palabra gracia aparece alrededor de 160 veces en la Biblia, de \u00e9stas, 128 en el Nuevo Testamento. Dios se manifiesta como \"el Dios de toda gracia\" (I Pedro 5:10). Cristo es presentado \"lleno de gracia\" (Juan 1:14). El Esp\u00edritu Santo es llamado \"el Esp\u00edritu de Gracia\" (Hebreos 10:29). De ese modo las tres personas de la Deidad est\u00e1n vinculadas con la gracia.","og_url":"https:\/\/bbn1.bbnradio.org\/spanish\/herramientas\/que-temas-ensena-la-biblia\/que-ensena-la-biblia-la-gracia-provee-salvacion\/","og_site_name":"BBN","article_publisher":"https:\/\/www.facebook.com\/BBNEspanol","article_modified_time":"2018-04-12T15:38:23+00:00","twitter_card":"summary_large_image","twitter_title":"Que ense\u00f1a la Biblia - La Gracia produce Salvaci\u00f3n -BBN","twitter_description":"LA GRACIA PROVEE SALVACI\u00d3N I. INTRODUCCI\u00d3N Todos los tratos de Dios con la humanidad al presente tiempo est\u00e1n basados en su gracia, misericordia y paz. Gracia significa \u201cfavor inmerecido de parte de Dios\u201d. Esto significa que \u00c9l nos muestra su favor, el cual nosotros no debemos desechar, lo que se evidencia en la Salvaci\u00f3n que libremente recibimos. La palabra gracia aparece alrededor de 160 veces en la Biblia, de \u00e9stas, 128 en el Nuevo Testamento. Dios se manifiesta como \"el Dios de toda gracia\" (I Pedro 5:10). Cristo es presentado \"lleno de gracia\" (Juan 1:14). El Esp\u00edritu Santo es llamado \"el Esp\u00edritu de Gracia\" (Hebreos 10:29). De ese modo las tres personas de la Deidad est\u00e1n vinculadas con la gracia.","twitter_site":"@BBNEspanol","twitter_misc":{"Tiempo de lectura":"4 minutos"},"schema":{"@context":"https:\/\/schema.org","@graph":[{"@type":"WebPage","@id":"https:\/\/bbn1.bbnradio.org\/spanish\/herramientas\/que-temas-ensena-la-biblia\/que-ensena-la-biblia-la-gracia-provee-salvacion\/","url":"https:\/\/bbn1.bbnradio.org\/spanish\/herramientas\/que-temas-ensena-la-biblia\/que-ensena-la-biblia-la-gracia-provee-salvacion\/","name":"Que ense\u00f1a la Biblia - La Gracia provee Salvaci\u00f3n - BBN","isPartOf":{"@id":"https:\/\/bbn1.bbnradio.org\/spanish\/#website"},"datePublished":"2016-04-04T19:59:48+00:00","dateModified":"2018-04-12T15:38:23+00:00","breadcrumb":{"@id":"https:\/\/bbn1.bbnradio.org\/spanish\/herramientas\/que-temas-ensena-la-biblia\/que-ensena-la-biblia-la-gracia-provee-salvacion\/#breadcrumb"},"inLanguage":"es","potentialAction":[{"@type":"ReadAction","target":["https:\/\/bbn1.bbnradio.org\/spanish\/herramientas\/que-temas-ensena-la-biblia\/que-ensena-la-biblia-la-gracia-provee-salvacion\/"]}]},{"@type":"BreadcrumbList","@id":"https:\/\/bbn1.bbnradio.org\/spanish\/herramientas\/que-temas-ensena-la-biblia\/que-ensena-la-biblia-la-gracia-provee-salvacion\/#breadcrumb","itemListElement":[{"@type":"ListItem","position":1,"name":"Home","item":"https:\/\/bbn1.bbnradio.org\/spanish\/inicio\/"},{"@type":"ListItem","position":2,"name":"Herramientas","item":"https:\/\/bbn1.bbnradio.org\/spanish\/herramientas\/"},{"@type":"ListItem","position":3,"name":"Que temas ense\u00f1a la Biblia","item":"https:\/\/bbn1.bbnradio.org\/spanish\/herramientas\/que-temas-ensena-la-biblia\/"},{"@type":"ListItem","position":4,"name":"Que ense\u00f1a la Biblia &#8211; La Gracia provee Salvaci\u00f3n"}]},{"@type":"WebSite","@id":"https:\/\/bbn1.bbnradio.org\/spanish\/#website","url":"https:\/\/bbn1.bbnradio.org\/spanish\/","name":"BBN Spanish","description":"BBN","potentialAction":[{"@type":"SearchAction","target":{"@type":"EntryPoint","urlTemplate":"https:\/\/bbn1.bbnradio.org\/spanish\/?s={search_term_string}"},"query-input":{"@type":"PropertyValueSpecification","valueRequired":true,"valueName":"search_term_string"}}],"inLanguage":"es"}]}},"jetpack_sharing_enabled":true,"jetpack_shortlink":"https:\/\/wp.me\/P85nNm-1Yu","_links":{"self":[{"href":"https:\/\/bbn1.bbnradio.org\/spanish\/wp-json\/wp\/v2\/pages\/7594","targetHints":{"allow":["GET"]}}],"collection":[{"href":"https:\/\/bbn1.bbnradio.org\/spanish\/wp-json\/wp\/v2\/pages"}],"about":[{"href":"https:\/\/bbn1.bbnradio.org\/spanish\/wp-json\/wp\/v2\/types\/page"}],"author":[{"embeddable":true,"href":"https:\/\/bbn1.bbnradio.org\/spanish\/wp-json\/wp\/v2\/users\/21"}],"replies":[{"embeddable":true,"href":"https:\/\/bbn1.bbnradio.org\/spanish\/wp-json\/wp\/v2\/comments?post=7594"}],"version-history":[{"count":2,"href":"https:\/\/bbn1.bbnradio.org\/spanish\/wp-json\/wp\/v2\/pages\/7594\/revisions"}],"predecessor-version":[{"id":12833,"href":"https:\/\/bbn1.bbnradio.org\/spanish\/wp-json\/wp\/v2\/pages\/7594\/revisions\/12833"}],"up":[{"embeddable":true,"href":"https:\/\/bbn1.bbnradio.org\/spanish\/wp-json\/wp\/v2\/pages\/5034"}],"wp:attachment":[{"href":"https:\/\/bbn1.bbnradio.org\/spanish\/wp-json\/wp\/v2\/media?parent=7594"}],"wp:term":[{"taxonomy":"category","embeddable":true,"href":"https:\/\/bbn1.bbnradio.org\/spanish\/wp-json\/wp\/v2\/categories?post=7594"},{"taxonomy":"post_tag","embeddable":true,"href":"https:\/\/bbn1.bbnradio.org\/spanish\/wp-json\/wp\/v2\/tags?post=7594"}],"curies":[{"name":"wp","href":"https:\/\/api.w.org\/{rel}","templated":true}]}}