{"id":7600,"date":"2016-04-04T16:18:36","date_gmt":"2016-04-04T20:18:36","guid":{"rendered":"https:\/\/bbn1.bbnradio.org\/english\/?page_id=7600"},"modified":"2018-04-12T10:36:56","modified_gmt":"2018-04-12T15:36:56","slug":"bible-teaches-death","status":"publish","type":"page","link":"https:\/\/bbn1.bbnradio.org\/spanish\/herramientas\/que-temas-ensena-la-biblia\/bible-teaches-death\/","title":{"rendered":"Que ense\u00f1a la Biblia  &#8211; La muerte"},"content":{"rendered":"<p><strong>LA MUERTE<\/strong><\/p>\n<p>La gente ha tenido siempre un sincero inter\u00e9s por el futuro. Hay una universal e hist\u00f3rica creencia en la vida despu\u00e9s de la muerte. Evidencia (rituales) alrededor del mundo revela que la gente no cree que con la muerte termina todo. Frecuentemente se pregunta: \u00bfD\u00f3nde est\u00e1n los muertos? \u00bfExiste el para\u00edso? \u00bfExiste un lugar de sufrimientos? \u00bfC\u00f3mo es?<\/p>\n<p>Primero vamos a entender que el hombre es un ser tripartito, eso significa que est\u00e1 compuesto de tres partes: cuerpo, alma y esp\u00edritu (I Tesalonicenses 5:23). La primera es material, las otras dos son inmateriales. Por medio de su esp\u00edritu el hombre es capaz de tener conciencia de Dios; con su alma es capaz de tener conciencia de s\u00ed mismo; con su cuerpo es capaz de tener comunicaci\u00f3n con el mundo. S\u00f3lo la Palabra de Dios puede diferenciar entre alma y esp\u00edritu (Hebreos 4:12).<\/p>\n<p>Al momento de la muerte, el alma y el esp\u00edritu dejan al cuerpo. El cuerpo es puesto en una tumba. En el caso de los creyentes, se describe al cuerpo como durmiendo (Hechos 7:59, 60; 8:2), mientras que del cuerpo de la persona no salva se dice que est\u00e1 muerto. El alma y el esp\u00edritu nunca duermen. Si la persona que muri\u00f3 era salva, el alma y el esp\u00edritu van a un lugar de gozo y felicidad: el Cielo (II Corintios 5:8; Filipenses 1:21- 23). Si la persona no era salva, el esp\u00edritu y el alma van a un lugar de tristeza y juicio: el infierno. En Lucas 16:19-31, nuestro Se\u00f1or claramente ense\u00f1\u00f3 que todos aquellos que murieron est\u00e1n concientes.<\/p>\n<p>La muerte no es sue\u00f1o del alma. La palabra en la Escritura, cuando se habla de muerte del creyente en Cristo, significa \u201cdescanso.\u201d No significa \u201cinconciencia\u201d. El cuerpo puede morir, pero el alma y el esp\u00edritu est\u00e1n plenamente despiertos y nunca morir\u00e1n. Muerte en la Biblia significa siempre \u201cseparaci\u00f3n\u201d. Muerte f\u00edsica es separaci\u00f3n del alma y del esp\u00edritu, del cuerpo. La muerte espiritual es separaci\u00f3n eterna de Dios.<\/p>\n<p>Entendamos que no somos un cuerpo que tiene un alma y un esp\u00edritu, sino que somos un alma y un esp\u00edritu teniendo un cuerpo. La muerte simplemente significa: \u201cHe dejado mi cuerpo\u201d.<\/p>\n<!-- AddThis Advanced Settings generic via filter on the_content --><!-- AddThis Share Buttons generic via filter on the_content -->","protected":false},"excerpt":{"rendered":"<p>LA MUERTE La gente ha tenido siempre un sincero inter\u00e9s por el futuro. Hay una universal e hist\u00f3rica creencia en la vida despu\u00e9s de la muerte. Evidencia (rituales) alrededor del mundo revela que la gente no cree que con la muerte termina todo. Frecuentemente se pregunta: \u00bfD\u00f3nde est\u00e1n los muertos? \u00bfExiste el para\u00edso? \u00bfExiste un [&hellip;]<!-- AddThis Advanced Settings generic via filter on get_the_excerpt --><!-- AddThis Share Buttons generic via filter on get_the_excerpt --><\/p>\n","protected":false},"author":21,"featured_media":0,"parent":5034,"menu_order":0,"comment_status":"closed","ping_status":"closed","template":"","meta":{"jetpack_post_was_ever_published":false,"footnotes":""},"categories":[],"tags":[],"class_list":["post-7600","page","type-page","status-publish","hentry"],"yoast_head":"<!-- This site is optimized with the Yoast SEO Premium plugin v24.8 (Yoast SEO v24.8.1) - https:\/\/yoast.com\/wordpress\/plugins\/seo\/ -->\n<title>Que ense\u00f1a la Biblia - La muerte - BBN<\/title>\n<meta name=\"robots\" content=\"index, follow, max-snippet:-1, max-image-preview:large, max-video-preview:-1\" \/>\n<link rel=\"canonical\" href=\"https:\/\/bbn1.bbnradio.org\/spanish\/herramientas\/que-temas-ensena-la-biblia\/bible-teaches-death\/\" \/>\n<meta property=\"og:locale\" content=\"es_ES\" \/>\n<meta property=\"og:type\" content=\"article\" \/>\n<meta property=\"og:title\" content=\"\u00bfQue ense\u00f1a la Biblia acerca de la muerte? -BBN\" \/>\n<meta property=\"og:description\" content=\"LA MUERTE La gente ha tenido siempre un sincero inter\u00e9s por el futuro. Hay una universal e hist\u00f3rica creencia en la vida despu\u00e9s de la muerte. Evidencia (rituales) alrededor del mundo revela que la gente no cree que con la muerte termina todo. Frecuentemente se pregunta: \u00bfD\u00f3nde est\u00e1n los muertos? \u00bfExiste el para\u00edso? \u00bfExiste un lugar de sufrimientos? \u00bfC\u00f3mo es? Primero vamos a entender que el hombre es un ser tripartito, eso significa que est\u00e1 compuesto de tres partes: cuerpo, alma y esp\u00edritu (I Tesalonicenses 5:23). La primera es material, las otras dos son inmateriales. Por medio de su esp\u00edritu el hombre es capaz de tener conciencia de Dios; con su alma es capaz de tener conciencia de s\u00ed mismo; con su cuerpo es capaz de tener comunicaci\u00f3n con el mundo. S\u00f3lo la Palabra de Dios puede diferenciar entre alma y esp\u00edritu (Hebreos 4:12).\" \/>\n<meta property=\"og:url\" content=\"https:\/\/bbn1.bbnradio.org\/spanish\/herramientas\/que-temas-ensena-la-biblia\/bible-teaches-death\/\" \/>\n<meta property=\"og:site_name\" content=\"BBN\" \/>\n<meta property=\"article:publisher\" content=\"https:\/\/www.facebook.com\/BBNEspanol\" \/>\n<meta property=\"article:modified_time\" content=\"2018-04-12T15:36:56+00:00\" \/>\n<meta name=\"twitter:card\" content=\"summary_large_image\" \/>\n<meta name=\"twitter:title\" content=\"\u00bfQue ense\u00f1a la Biblia acerca de la muerte? -BBN\" \/>\n<meta name=\"twitter:description\" content=\"LA MUERTE La gente ha tenido siempre un sincero inter\u00e9s por el futuro. Hay una universal e hist\u00f3rica creencia en la vida despu\u00e9s de la muerte. Evidencia (rituales) alrededor del mundo revela que la gente no cree que con la muerte termina todo. Frecuentemente se pregunta: \u00bfD\u00f3nde est\u00e1n los muertos? \u00bfExiste el para\u00edso? \u00bfExiste un lugar de sufrimientos? \u00bfC\u00f3mo es? Primero vamos a entender que el hombre es un ser tripartito, eso significa que est\u00e1 compuesto de tres partes: cuerpo, alma y esp\u00edritu (I Tesalonicenses 5:23). La primera es material, las otras dos son inmateriales. Por medio de su esp\u00edritu el hombre es capaz de tener conciencia de Dios; con su alma es capaz de tener conciencia de s\u00ed mismo; con su cuerpo es capaz de tener comunicaci\u00f3n con el mundo. S\u00f3lo la Palabra de Dios puede diferenciar entre alma y esp\u00edritu (Hebreos 4:12).\" \/>\n<meta name=\"twitter:site\" content=\"@BBNEspanol\" \/>\n<meta name=\"twitter:label1\" content=\"Tiempo de lectura\" \/>\n\t<meta name=\"twitter:data1\" content=\"2 minutos\" \/>\n<script type=\"application\/ld+json\" class=\"yoast-schema-graph\">{\"@context\":\"https:\/\/schema.org\",\"@graph\":[{\"@type\":\"WebPage\",\"@id\":\"https:\/\/bbn1.bbnradio.org\/spanish\/herramientas\/que-temas-ensena-la-biblia\/bible-teaches-death\/\",\"url\":\"https:\/\/bbn1.bbnradio.org\/spanish\/herramientas\/que-temas-ensena-la-biblia\/bible-teaches-death\/\",\"name\":\"Que ense\u00f1a la Biblia - La muerte - BBN\",\"isPartOf\":{\"@id\":\"https:\/\/bbn1.bbnradio.org\/spanish\/#website\"},\"datePublished\":\"2016-04-04T20:18:36+00:00\",\"dateModified\":\"2018-04-12T15:36:56+00:00\",\"breadcrumb\":{\"@id\":\"https:\/\/bbn1.bbnradio.org\/spanish\/herramientas\/que-temas-ensena-la-biblia\/bible-teaches-death\/#breadcrumb\"},\"inLanguage\":\"es\",\"potentialAction\":[{\"@type\":\"ReadAction\",\"target\":[\"https:\/\/bbn1.bbnradio.org\/spanish\/herramientas\/que-temas-ensena-la-biblia\/bible-teaches-death\/\"]}]},{\"@type\":\"BreadcrumbList\",\"@id\":\"https:\/\/bbn1.bbnradio.org\/spanish\/herramientas\/que-temas-ensena-la-biblia\/bible-teaches-death\/#breadcrumb\",\"itemListElement\":[{\"@type\":\"ListItem\",\"position\":1,\"name\":\"Home\",\"item\":\"https:\/\/bbn1.bbnradio.org\/spanish\/inicio\/\"},{\"@type\":\"ListItem\",\"position\":2,\"name\":\"Herramientas\",\"item\":\"https:\/\/bbn1.bbnradio.org\/spanish\/herramientas\/\"},{\"@type\":\"ListItem\",\"position\":3,\"name\":\"Que temas ense\u00f1a la Biblia\",\"item\":\"https:\/\/bbn1.bbnradio.org\/spanish\/herramientas\/que-temas-ensena-la-biblia\/\"},{\"@type\":\"ListItem\",\"position\":4,\"name\":\"Que ense\u00f1a la Biblia &#8211; La muerte\"}]},{\"@type\":\"WebSite\",\"@id\":\"https:\/\/bbn1.bbnradio.org\/spanish\/#website\",\"url\":\"https:\/\/bbn1.bbnradio.org\/spanish\/\",\"name\":\"BBN Spanish\",\"description\":\"BBN\",\"potentialAction\":[{\"@type\":\"SearchAction\",\"target\":{\"@type\":\"EntryPoint\",\"urlTemplate\":\"https:\/\/bbn1.bbnradio.org\/spanish\/?s={search_term_string}\"},\"query-input\":{\"@type\":\"PropertyValueSpecification\",\"valueRequired\":true,\"valueName\":\"search_term_string\"}}],\"inLanguage\":\"es\"}]}<\/script>\n<!-- \/ Yoast SEO Premium plugin. -->","yoast_head_json":{"title":"Que ense\u00f1a la Biblia - La muerte - BBN","robots":{"index":"index","follow":"follow","max-snippet":"max-snippet:-1","max-image-preview":"max-image-preview:large","max-video-preview":"max-video-preview:-1"},"canonical":"https:\/\/bbn1.bbnradio.org\/spanish\/herramientas\/que-temas-ensena-la-biblia\/bible-teaches-death\/","og_locale":"es_ES","og_type":"article","og_title":"\u00bfQue ense\u00f1a la Biblia acerca de la muerte? -BBN","og_description":"LA MUERTE La gente ha tenido siempre un sincero inter\u00e9s por el futuro. Hay una universal e hist\u00f3rica creencia en la vida despu\u00e9s de la muerte. Evidencia (rituales) alrededor del mundo revela que la gente no cree que con la muerte termina todo. Frecuentemente se pregunta: \u00bfD\u00f3nde est\u00e1n los muertos? \u00bfExiste el para\u00edso? \u00bfExiste un lugar de sufrimientos? \u00bfC\u00f3mo es? Primero vamos a entender que el hombre es un ser tripartito, eso significa que est\u00e1 compuesto de tres partes: cuerpo, alma y esp\u00edritu (I Tesalonicenses 5:23). La primera es material, las otras dos son inmateriales. Por medio de su esp\u00edritu el hombre es capaz de tener conciencia de Dios; con su alma es capaz de tener conciencia de s\u00ed mismo; con su cuerpo es capaz de tener comunicaci\u00f3n con el mundo. S\u00f3lo la Palabra de Dios puede diferenciar entre alma y esp\u00edritu (Hebreos 4:12).","og_url":"https:\/\/bbn1.bbnradio.org\/spanish\/herramientas\/que-temas-ensena-la-biblia\/bible-teaches-death\/","og_site_name":"BBN","article_publisher":"https:\/\/www.facebook.com\/BBNEspanol","article_modified_time":"2018-04-12T15:36:56+00:00","twitter_card":"summary_large_image","twitter_title":"\u00bfQue ense\u00f1a la Biblia acerca de la muerte? -BBN","twitter_description":"LA MUERTE La gente ha tenido siempre un sincero inter\u00e9s por el futuro. Hay una universal e hist\u00f3rica creencia en la vida despu\u00e9s de la muerte. Evidencia (rituales) alrededor del mundo revela que la gente no cree que con la muerte termina todo. Frecuentemente se pregunta: \u00bfD\u00f3nde est\u00e1n los muertos? \u00bfExiste el para\u00edso? \u00bfExiste un lugar de sufrimientos? \u00bfC\u00f3mo es? Primero vamos a entender que el hombre es un ser tripartito, eso significa que est\u00e1 compuesto de tres partes: cuerpo, alma y esp\u00edritu (I Tesalonicenses 5:23). La primera es material, las otras dos son inmateriales. Por medio de su esp\u00edritu el hombre es capaz de tener conciencia de Dios; con su alma es capaz de tener conciencia de s\u00ed mismo; con su cuerpo es capaz de tener comunicaci\u00f3n con el mundo. S\u00f3lo la Palabra de Dios puede diferenciar entre alma y esp\u00edritu (Hebreos 4:12).","twitter_site":"@BBNEspanol","twitter_misc":{"Tiempo de lectura":"2 minutos"},"schema":{"@context":"https:\/\/schema.org","@graph":[{"@type":"WebPage","@id":"https:\/\/bbn1.bbnradio.org\/spanish\/herramientas\/que-temas-ensena-la-biblia\/bible-teaches-death\/","url":"https:\/\/bbn1.bbnradio.org\/spanish\/herramientas\/que-temas-ensena-la-biblia\/bible-teaches-death\/","name":"Que ense\u00f1a la Biblia - La muerte - BBN","isPartOf":{"@id":"https:\/\/bbn1.bbnradio.org\/spanish\/#website"},"datePublished":"2016-04-04T20:18:36+00:00","dateModified":"2018-04-12T15:36:56+00:00","breadcrumb":{"@id":"https:\/\/bbn1.bbnradio.org\/spanish\/herramientas\/que-temas-ensena-la-biblia\/bible-teaches-death\/#breadcrumb"},"inLanguage":"es","potentialAction":[{"@type":"ReadAction","target":["https:\/\/bbn1.bbnradio.org\/spanish\/herramientas\/que-temas-ensena-la-biblia\/bible-teaches-death\/"]}]},{"@type":"BreadcrumbList","@id":"https:\/\/bbn1.bbnradio.org\/spanish\/herramientas\/que-temas-ensena-la-biblia\/bible-teaches-death\/#breadcrumb","itemListElement":[{"@type":"ListItem","position":1,"name":"Home","item":"https:\/\/bbn1.bbnradio.org\/spanish\/inicio\/"},{"@type":"ListItem","position":2,"name":"Herramientas","item":"https:\/\/bbn1.bbnradio.org\/spanish\/herramientas\/"},{"@type":"ListItem","position":3,"name":"Que temas ense\u00f1a la Biblia","item":"https:\/\/bbn1.bbnradio.org\/spanish\/herramientas\/que-temas-ensena-la-biblia\/"},{"@type":"ListItem","position":4,"name":"Que ense\u00f1a la Biblia &#8211; La muerte"}]},{"@type":"WebSite","@id":"https:\/\/bbn1.bbnradio.org\/spanish\/#website","url":"https:\/\/bbn1.bbnradio.org\/spanish\/","name":"BBN Spanish","description":"BBN","potentialAction":[{"@type":"SearchAction","target":{"@type":"EntryPoint","urlTemplate":"https:\/\/bbn1.bbnradio.org\/spanish\/?s={search_term_string}"},"query-input":{"@type":"PropertyValueSpecification","valueRequired":true,"valueName":"search_term_string"}}],"inLanguage":"es"}]}},"jetpack_sharing_enabled":true,"jetpack_shortlink":"https:\/\/wp.me\/P85nNm-1YA","_links":{"self":[{"href":"https:\/\/bbn1.bbnradio.org\/spanish\/wp-json\/wp\/v2\/pages\/7600","targetHints":{"allow":["GET"]}}],"collection":[{"href":"https:\/\/bbn1.bbnradio.org\/spanish\/wp-json\/wp\/v2\/pages"}],"about":[{"href":"https:\/\/bbn1.bbnradio.org\/spanish\/wp-json\/wp\/v2\/types\/page"}],"author":[{"embeddable":true,"href":"https:\/\/bbn1.bbnradio.org\/spanish\/wp-json\/wp\/v2\/users\/21"}],"replies":[{"embeddable":true,"href":"https:\/\/bbn1.bbnradio.org\/spanish\/wp-json\/wp\/v2\/comments?post=7600"}],"version-history":[{"count":1,"href":"https:\/\/bbn1.bbnradio.org\/spanish\/wp-json\/wp\/v2\/pages\/7600\/revisions"}],"predecessor-version":[{"id":12327,"href":"https:\/\/bbn1.bbnradio.org\/spanish\/wp-json\/wp\/v2\/pages\/7600\/revisions\/12327"}],"up":[{"embeddable":true,"href":"https:\/\/bbn1.bbnradio.org\/spanish\/wp-json\/wp\/v2\/pages\/5034"}],"wp:attachment":[{"href":"https:\/\/bbn1.bbnradio.org\/spanish\/wp-json\/wp\/v2\/media?parent=7600"}],"wp:term":[{"taxonomy":"category","embeddable":true,"href":"https:\/\/bbn1.bbnradio.org\/spanish\/wp-json\/wp\/v2\/categories?post=7600"},{"taxonomy":"post_tag","embeddable":true,"href":"https:\/\/bbn1.bbnradio.org\/spanish\/wp-json\/wp\/v2\/tags?post=7600"}],"curies":[{"name":"wp","href":"https:\/\/api.w.org\/{rel}","templated":true}]}}