{"id":7602,"date":"2016-04-04T16:19:38","date_gmt":"2016-04-04T20:19:38","guid":{"rendered":"https:\/\/bbn1.bbnradio.org\/english\/?page_id=7602"},"modified":"2018-04-05T15:13:42","modified_gmt":"2018-04-05T20:13:42","slug":"que-ensena-la-biblia-resurreccion-para-el-cristiano","status":"publish","type":"page","link":"https:\/\/bbn1.bbnradio.org\/spanish\/herramientas\/que-temas-ensena-la-biblia\/que-ensena-la-biblia-resurreccion-para-el-cristiano\/","title":{"rendered":"Que ense\u00f1a la Biblia &#8211; Resurrecci\u00f3n para el Cristiano"},"content":{"rendered":"<p><strong>RESURRECCI\u00d3N PARA EL CRISTIANO<\/strong><\/p>\n<p>La Biblia habla mucho de la resurrecci\u00f3n corporal. En diferentes ocasiones algunos en la Biblia fueron resucitados de los muertos. Estas fueron demostraciones milagrosas del poder de Dios sobre la muerte. Pero a causa de que eventualmente esta gente volvi\u00f3 a morir, ellos no fueron f\u00edsicamente resucitados en el sentido final, mas bien, ellos fueron vueltos a la vida. L\u00e1zaro es un buen ejemplo, Juan 11:39-44.<\/p>\n<p>El primer ejemplo de muerte y resurrecci\u00f3n corporal es Jesucristo. Cristo es las primicias de los muertos. \u201cAhora Cristo ha resucitado de los muertos, primicias de los que durmieron es hecho\u201d (I Corintios 15:20). La Biblia siempre habla de la muerte de un creyente como dormir, no morir. Los primeros frutos en la resurrecci\u00f3n de Cristo entre los muertos, fueron la garant\u00eda de Dios de la completa cosecha que se levantar\u00e1 despu\u00e9s.<\/p>\n<p>El Cuerpo de Cristo, la verdadera Iglesia, tendr\u00e1 una resurrecci\u00f3n corporal de los suyos. \u201cLos muertos en Cristo resucitar\u00e1n primero\u201d (I Tesalonicenses 4:16). Esta es la resurrecci\u00f3n de los cuerpos de todos los que hayan muerto en Cristo, ser\u00e1n unidos a sus almas y esp\u00edritus y ascender\u00e1n al cielo para ser la esposa de Jesucristo. Esto es llamado el \u201cArrebatamiento\u201d de la Iglesia. Compartiremos m\u00e1s de este tema.<\/p>\n<p>Alrededor de 500 personas fueron testigos de las apariciones de Cristo luego de su resurrecci\u00f3n corporal. Sus testimonios como testigos oculares desaf\u00edan a aquellos que no son creyentes. En la mayor\u00eda de las Cortes la mayor cantidad de testigos oculares que se han requerido son siete. El Nuevo Testamente ha registrado testimonios de aquellos que personalmente le vieron. Alrededor de 500 le vieron en su cuerpo resucitado. Otros que le vieron testificaron que \u00c9l est\u00e1 vivo. Hablaron con \u00c9l, comieron con \u00c9l, y tuvieron un tiempo de comuni\u00f3n mientras estuvieron con \u00c9l varias veces despu\u00e9s de llegar a ellos corporalmente luego de una brutal crucifixi\u00f3n y de tres d\u00edas en una custodiada tumba de roca. Hay much\u00edsima evidencia clara de que Jesucristo, de hecho, resucit\u00f3 corporalmente de entre los muertos.<br \/>\nLos 27 libros del Nuevo Testamento y la Iglesia son los efectos causados por el Cristo resucitado. La iglesia comienza inmediatamente, mientras los ap\u00f3stoles comienzan predicando en Jerusal\u00e9n, lugar donde \u00c9l hab\u00eda sido crucificado y sepultado. Tres mil fueron salvos en un d\u00eda. Ellos fueron por todos lados diciendo que Jes\u00fas hab\u00eda resucitado de los muertos. Cr\u00e9anme, si no hubiese sido cierto, el enemigo habr\u00eda mostrado el cuerpo porque de ese modo habr\u00eda silenciado todas las proclamas de la iglesia de aquellos d\u00edas. El hecho es que 3 d\u00edas despu\u00e9s de Su crucifixi\u00f3n, \u00c9l corporalmente resucit\u00f3 de la tumba. \u00c9l est\u00e1 vivo, y porque \u00c9l vive, nosotros viviremos.<\/p>\n<!-- AddThis Advanced Settings generic via filter on the_content --><!-- AddThis Share Buttons generic via filter on the_content -->","protected":false},"excerpt":{"rendered":"<p>RESURRECCI\u00d3N PARA EL CRISTIANO La Biblia habla mucho de la resurrecci\u00f3n corporal. En diferentes ocasiones algunos en la Biblia fueron resucitados de los muertos. Estas fueron demostraciones milagrosas del poder de Dios sobre la muerte. Pero a causa de que eventualmente esta gente volvi\u00f3 a morir, ellos no fueron f\u00edsicamente resucitados en el sentido final, [&hellip;]<!-- AddThis Advanced Settings generic via filter on get_the_excerpt --><!-- AddThis Share Buttons generic via filter on get_the_excerpt --><\/p>\n","protected":false},"author":21,"featured_media":0,"parent":5034,"menu_order":0,"comment_status":"closed","ping_status":"closed","template":"","meta":{"jetpack_post_was_ever_published":false,"footnotes":""},"categories":[],"tags":[],"class_list":["post-7602","page","type-page","status-publish","hentry"],"yoast_head":"<!-- This site is optimized with the Yoast SEO Premium plugin v24.8 (Yoast SEO v24.8.1) - https:\/\/yoast.com\/wordpress\/plugins\/seo\/ -->\n<title>Que ense\u00f1a la Biblia - Resurrecci\u00f3n para el Cristiano - BBN<\/title>\n<meta name=\"robots\" content=\"index, follow, max-snippet:-1, max-image-preview:large, max-video-preview:-1\" \/>\n<link rel=\"canonical\" href=\"https:\/\/bbn1.bbnradio.org\/spanish\/herramientas\/que-temas-ensena-la-biblia\/que-ensena-la-biblia-resurreccion-para-el-cristiano\/\" \/>\n<meta property=\"og:locale\" content=\"es_ES\" \/>\n<meta property=\"og:type\" content=\"article\" \/>\n<meta property=\"og:title\" content=\"\u00bfQue ense\u00f1a la Biblia en cuanto a la resurrecci\u00f3n del creyente? -BBN\" \/>\n<meta property=\"og:description\" content=\"RESURRECCI\u00d3N PARA EL CRISTIANO La Biblia habla mucho de la resurrecci\u00f3n corporal. En diferentes ocasiones algunos en la Biblia fueron resucitados de los muertos. Estas fueron demostraciones milagrosas del poder de Dios sobre la muerte. Pero a causa de que eventualmente esta gente volvi\u00f3 a morir, ellos no fueron f\u00edsicamente resucitados en el sentido final, mas bien, ellos fueron vueltos a la vida. L\u00e1zaro es un buen ejemplo, Juan 11:39-44. El primer ejemplo de muerte y resurrecci\u00f3n corporal es Jesucristo. Cristo es las primicias de los muertos. \u201cAhora Cristo ha resucitado de los muertos, primicias de los que durmieron es hecho\u201d (I Corintios 15:20). La Biblia siempre habla de la muerte de un creyente como dormir, no morir. Los primeros frutos en la resurrecci\u00f3n de Cristo entre los muertos, fueron la garant\u00eda de Dios de la completa cosecha que se levantar\u00e1 despu\u00e9s. El Cuerpo de Cristo, la verdadera Iglesia, tendr\u00e1 una resurrecci\u00f3n corporal de los suyos. \u201cLos muertos en Cristo resucitar\u00e1n primero\u201d (I Tesalonicenses 4:16). Esta es la resurrecci\u00f3n de los cuerpos de todos los que hayan muerto en Cristo, ser\u00e1n unidos a sus almas y esp\u00edritus y ascender\u00e1n al cielo para ser la esposa de Jesucristo. Esto es llamado el \u201cArrebatamiento\u201d de la Iglesia. Compartiremos m\u00e1s de este tema. Alrededor de 500 personas fueron testigos de las apariciones de Cristo luego de su resurrecci\u00f3n corporal. Sus testimonios como testigos oculares desaf\u00edan a aquellos que no son creyentes. En la mayor\u00eda de las Cortes la mayor cantidad de testigos oculares que se han requerido son siete. El Nuevo Testamente ha registrado testimonios de aquellos que personalmente le vieron. Alrededor de 500 le vieron en su cuerpo resucitado. Otros que le vieron testificaron que \u00c9l est\u00e1 vivo. Hablaron con \u00c9l, comieron con \u00c9l, y tuvieron un tiempo de comuni\u00f3n mientras estuvieron con \u00c9l varias veces despu\u00e9s de llegar a ellos corporalmente luego de una brutal crucifixi\u00f3n y de tres d\u00edas en una custodiada tumba de roca. Hay much\u00edsima evidencia clara de que Jesucristo, de hecho, resucit\u00f3 corporalmente de entre los muertos. Los 27 libros del Nuevo Testamento y la Iglesia son los efectos causados por el Cristo resucitado. La iglesia comienza inmediatamente, mientras los ap\u00f3stoles comienzan predicando en Jerusal\u00e9n, lugar donde \u00c9l hab\u00eda sido crucificado y sepultado. Tres mil fueron salvos en un d\u00eda. Ellos fueron por todos lados diciendo que Jes\u00fas hab\u00eda resucitado de los muertos. Cr\u00e9anme, si no hubiese sido cierto, el enemigo habr\u00eda mostrado el cuerpo porque de ese modo habr\u00eda silenciado todas las proclamas de la iglesia de aquellos d\u00edas. El hecho es que 3 d\u00edas despu\u00e9s de Su crucifixi\u00f3n, \u00c9l corporalmente resucit\u00f3 de la tumba. \u00c9l est\u00e1 vivo, y porque \u00c9l vive, nosotros viviremos.\" \/>\n<meta property=\"og:url\" content=\"https:\/\/bbn1.bbnradio.org\/spanish\/herramientas\/que-temas-ensena-la-biblia\/que-ensena-la-biblia-resurreccion-para-el-cristiano\/\" \/>\n<meta property=\"og:site_name\" content=\"BBN\" \/>\n<meta property=\"article:publisher\" content=\"https:\/\/www.facebook.com\/BBNEspanol\" \/>\n<meta property=\"article:modified_time\" content=\"2018-04-05T20:13:42+00:00\" \/>\n<meta name=\"twitter:card\" content=\"summary_large_image\" \/>\n<meta name=\"twitter:title\" content=\"\u00bfQu\u00e9 ense\u00f1a la Biblia en cuanto a la resurrecci\u00f3n del creyente? -BBN\" \/>\n<meta name=\"twitter:description\" content=\"RESURRECCI\u00d3N PARA EL CRISTIANO La Biblia habla mucho de la resurrecci\u00f3n corporal. En diferentes ocasiones algunos en la Biblia fueron resucitados de los muertos. Estas fueron demostraciones milagrosas del poder de Dios sobre la muerte. Pero a causa de que eventualmente esta gente volvi\u00f3 a morir, ellos no fueron f\u00edsicamente resucitados en el sentido final, mas bien, ellos fueron vueltos a la vida. L\u00e1zaro es un buen ejemplo, Juan 11:39-44. El primer ejemplo de muerte y resurrecci\u00f3n corporal es Jesucristo. Cristo es las primicias de los muertos. \u201cAhora Cristo ha resucitado de los muertos, primicias de los que durmieron es hecho\u201d (I Corintios 15:20). La Biblia siempre habla de la muerte de un creyente como dormir, no morir. Los primeros frutos en la resurrecci\u00f3n de Cristo entre los muertos, fueron la garant\u00eda de Dios de la completa cosecha que se levantar\u00e1 despu\u00e9s. El Cuerpo de Cristo, la verdadera Iglesia, tendr\u00e1 una resurrecci\u00f3n corporal de los suyos. \u201cLos muertos en Cristo resucitar\u00e1n primero\u201d (I Tesalonicenses 4:16). Esta es la resurrecci\u00f3n de los cuerpos de todos los que hayan muerto en Cristo, ser\u00e1n unidos a sus almas y esp\u00edritus y ascender\u00e1n al cielo para ser la esposa de Jesucristo. Esto es llamado el \u201cArrebatamiento\u201d de la Iglesia. Compartiremos m\u00e1s de este tema. Alrededor de 500 personas fueron testigos de las apariciones de Cristo luego de su resurrecci\u00f3n corporal. Sus testimonios como testigos oculares desaf\u00edan a aquellos que no son creyentes. En la mayor\u00eda de las Cortes la mayor cantidad de testigos oculares que se han requerido son siete. El Nuevo Testamente ha registrado testimonios de aquellos que personalmente le vieron. Alrededor de 500 le vieron en su cuerpo resucitado. Otros que le vieron testificaron que \u00c9l est\u00e1 vivo. Hablaron con \u00c9l, comieron con \u00c9l, y tuvieron un tiempo de comuni\u00f3n mientras estuvieron con \u00c9l varias veces despu\u00e9s de llegar a ellos corporalmente luego de una brutal crucifixi\u00f3n y de tres d\u00edas en una custodiada tumba de roca. Hay much\u00edsima evidencia clara de que Jesucristo, de hecho, resucit\u00f3 corporalmente de entre los muertos. Los 27 libros del Nuevo Testamento y la Iglesia son los efectos causados por el Cristo resucitado. La iglesia comienza inmediatamente, mientras los ap\u00f3stoles comienzan predicando en Jerusal\u00e9n, lugar donde \u00c9l hab\u00eda sido crucificado y sepultado. Tres mil fueron salvos en un d\u00eda. Ellos fueron por todos lados diciendo que Jes\u00fas hab\u00eda resucitado de los muertos. Cr\u00e9anme, si no hubiese sido cierto, el enemigo habr\u00eda mostrado el cuerpo porque de ese modo habr\u00eda silenciado todas las proclamas de la iglesia de aquellos d\u00edas. El hecho es que 3 d\u00edas despu\u00e9s de Su crucifixi\u00f3n, \u00c9l corporalmente resucit\u00f3 de la tumba. \u00c9l est\u00e1 vivo, y porque \u00c9l vive, nosotros viviremos.\" \/>\n<meta name=\"twitter:site\" content=\"@BBNEspanol\" \/>\n<meta name=\"twitter:label1\" content=\"Tiempo de lectura\" \/>\n\t<meta name=\"twitter:data1\" content=\"2 minutos\" \/>\n<script type=\"application\/ld+json\" class=\"yoast-schema-graph\">{\"@context\":\"https:\/\/schema.org\",\"@graph\":[{\"@type\":\"WebPage\",\"@id\":\"https:\/\/bbn1.bbnradio.org\/spanish\/herramientas\/que-temas-ensena-la-biblia\/que-ensena-la-biblia-resurreccion-para-el-cristiano\/\",\"url\":\"https:\/\/bbn1.bbnradio.org\/spanish\/herramientas\/que-temas-ensena-la-biblia\/que-ensena-la-biblia-resurreccion-para-el-cristiano\/\",\"name\":\"Que ense\u00f1a la Biblia - Resurrecci\u00f3n para el Cristiano - BBN\",\"isPartOf\":{\"@id\":\"https:\/\/bbn1.bbnradio.org\/spanish\/#website\"},\"datePublished\":\"2016-04-04T20:19:38+00:00\",\"dateModified\":\"2018-04-05T20:13:42+00:00\",\"breadcrumb\":{\"@id\":\"https:\/\/bbn1.bbnradio.org\/spanish\/herramientas\/que-temas-ensena-la-biblia\/que-ensena-la-biblia-resurreccion-para-el-cristiano\/#breadcrumb\"},\"inLanguage\":\"es\",\"potentialAction\":[{\"@type\":\"ReadAction\",\"target\":[\"https:\/\/bbn1.bbnradio.org\/spanish\/herramientas\/que-temas-ensena-la-biblia\/que-ensena-la-biblia-resurreccion-para-el-cristiano\/\"]}]},{\"@type\":\"BreadcrumbList\",\"@id\":\"https:\/\/bbn1.bbnradio.org\/spanish\/herramientas\/que-temas-ensena-la-biblia\/que-ensena-la-biblia-resurreccion-para-el-cristiano\/#breadcrumb\",\"itemListElement\":[{\"@type\":\"ListItem\",\"position\":1,\"name\":\"Home\",\"item\":\"https:\/\/bbn1.bbnradio.org\/spanish\/inicio\/\"},{\"@type\":\"ListItem\",\"position\":2,\"name\":\"Herramientas\",\"item\":\"https:\/\/bbn1.bbnradio.org\/spanish\/herramientas\/\"},{\"@type\":\"ListItem\",\"position\":3,\"name\":\"Que temas ense\u00f1a la Biblia\",\"item\":\"https:\/\/bbn1.bbnradio.org\/spanish\/herramientas\/que-temas-ensena-la-biblia\/\"},{\"@type\":\"ListItem\",\"position\":4,\"name\":\"Que ense\u00f1a la Biblia &#8211; Resurrecci\u00f3n para el Cristiano\"}]},{\"@type\":\"WebSite\",\"@id\":\"https:\/\/bbn1.bbnradio.org\/spanish\/#website\",\"url\":\"https:\/\/bbn1.bbnradio.org\/spanish\/\",\"name\":\"BBN Spanish\",\"description\":\"BBN\",\"potentialAction\":[{\"@type\":\"SearchAction\",\"target\":{\"@type\":\"EntryPoint\",\"urlTemplate\":\"https:\/\/bbn1.bbnradio.org\/spanish\/?s={search_term_string}\"},\"query-input\":{\"@type\":\"PropertyValueSpecification\",\"valueRequired\":true,\"valueName\":\"search_term_string\"}}],\"inLanguage\":\"es\"}]}<\/script>\n<!-- \/ Yoast SEO Premium plugin. -->","yoast_head_json":{"title":"Que ense\u00f1a la Biblia - Resurrecci\u00f3n para el Cristiano - BBN","robots":{"index":"index","follow":"follow","max-snippet":"max-snippet:-1","max-image-preview":"max-image-preview:large","max-video-preview":"max-video-preview:-1"},"canonical":"https:\/\/bbn1.bbnradio.org\/spanish\/herramientas\/que-temas-ensena-la-biblia\/que-ensena-la-biblia-resurreccion-para-el-cristiano\/","og_locale":"es_ES","og_type":"article","og_title":"\u00bfQue ense\u00f1a la Biblia en cuanto a la resurrecci\u00f3n del creyente? -BBN","og_description":"RESURRECCI\u00d3N PARA EL CRISTIANO La Biblia habla mucho de la resurrecci\u00f3n corporal. En diferentes ocasiones algunos en la Biblia fueron resucitados de los muertos. Estas fueron demostraciones milagrosas del poder de Dios sobre la muerte. Pero a causa de que eventualmente esta gente volvi\u00f3 a morir, ellos no fueron f\u00edsicamente resucitados en el sentido final, mas bien, ellos fueron vueltos a la vida. L\u00e1zaro es un buen ejemplo, Juan 11:39-44. El primer ejemplo de muerte y resurrecci\u00f3n corporal es Jesucristo. Cristo es las primicias de los muertos. \u201cAhora Cristo ha resucitado de los muertos, primicias de los que durmieron es hecho\u201d (I Corintios 15:20). La Biblia siempre habla de la muerte de un creyente como dormir, no morir. Los primeros frutos en la resurrecci\u00f3n de Cristo entre los muertos, fueron la garant\u00eda de Dios de la completa cosecha que se levantar\u00e1 despu\u00e9s. El Cuerpo de Cristo, la verdadera Iglesia, tendr\u00e1 una resurrecci\u00f3n corporal de los suyos. \u201cLos muertos en Cristo resucitar\u00e1n primero\u201d (I Tesalonicenses 4:16). Esta es la resurrecci\u00f3n de los cuerpos de todos los que hayan muerto en Cristo, ser\u00e1n unidos a sus almas y esp\u00edritus y ascender\u00e1n al cielo para ser la esposa de Jesucristo. Esto es llamado el \u201cArrebatamiento\u201d de la Iglesia. Compartiremos m\u00e1s de este tema. Alrededor de 500 personas fueron testigos de las apariciones de Cristo luego de su resurrecci\u00f3n corporal. Sus testimonios como testigos oculares desaf\u00edan a aquellos que no son creyentes. En la mayor\u00eda de las Cortes la mayor cantidad de testigos oculares que se han requerido son siete. El Nuevo Testamente ha registrado testimonios de aquellos que personalmente le vieron. Alrededor de 500 le vieron en su cuerpo resucitado. Otros que le vieron testificaron que \u00c9l est\u00e1 vivo. Hablaron con \u00c9l, comieron con \u00c9l, y tuvieron un tiempo de comuni\u00f3n mientras estuvieron con \u00c9l varias veces despu\u00e9s de llegar a ellos corporalmente luego de una brutal crucifixi\u00f3n y de tres d\u00edas en una custodiada tumba de roca. Hay much\u00edsima evidencia clara de que Jesucristo, de hecho, resucit\u00f3 corporalmente de entre los muertos. Los 27 libros del Nuevo Testamento y la Iglesia son los efectos causados por el Cristo resucitado. La iglesia comienza inmediatamente, mientras los ap\u00f3stoles comienzan predicando en Jerusal\u00e9n, lugar donde \u00c9l hab\u00eda sido crucificado y sepultado. Tres mil fueron salvos en un d\u00eda. Ellos fueron por todos lados diciendo que Jes\u00fas hab\u00eda resucitado de los muertos. Cr\u00e9anme, si no hubiese sido cierto, el enemigo habr\u00eda mostrado el cuerpo porque de ese modo habr\u00eda silenciado todas las proclamas de la iglesia de aquellos d\u00edas. El hecho es que 3 d\u00edas despu\u00e9s de Su crucifixi\u00f3n, \u00c9l corporalmente resucit\u00f3 de la tumba. \u00c9l est\u00e1 vivo, y porque \u00c9l vive, nosotros viviremos.","og_url":"https:\/\/bbn1.bbnradio.org\/spanish\/herramientas\/que-temas-ensena-la-biblia\/que-ensena-la-biblia-resurreccion-para-el-cristiano\/","og_site_name":"BBN","article_publisher":"https:\/\/www.facebook.com\/BBNEspanol","article_modified_time":"2018-04-05T20:13:42+00:00","twitter_card":"summary_large_image","twitter_title":"\u00bfQu\u00e9 ense\u00f1a la Biblia en cuanto a la resurrecci\u00f3n del creyente? -BBN","twitter_description":"RESURRECCI\u00d3N PARA EL CRISTIANO La Biblia habla mucho de la resurrecci\u00f3n corporal. En diferentes ocasiones algunos en la Biblia fueron resucitados de los muertos. Estas fueron demostraciones milagrosas del poder de Dios sobre la muerte. Pero a causa de que eventualmente esta gente volvi\u00f3 a morir, ellos no fueron f\u00edsicamente resucitados en el sentido final, mas bien, ellos fueron vueltos a la vida. L\u00e1zaro es un buen ejemplo, Juan 11:39-44. El primer ejemplo de muerte y resurrecci\u00f3n corporal es Jesucristo. Cristo es las primicias de los muertos. \u201cAhora Cristo ha resucitado de los muertos, primicias de los que durmieron es hecho\u201d (I Corintios 15:20). La Biblia siempre habla de la muerte de un creyente como dormir, no morir. Los primeros frutos en la resurrecci\u00f3n de Cristo entre los muertos, fueron la garant\u00eda de Dios de la completa cosecha que se levantar\u00e1 despu\u00e9s. El Cuerpo de Cristo, la verdadera Iglesia, tendr\u00e1 una resurrecci\u00f3n corporal de los suyos. \u201cLos muertos en Cristo resucitar\u00e1n primero\u201d (I Tesalonicenses 4:16). Esta es la resurrecci\u00f3n de los cuerpos de todos los que hayan muerto en Cristo, ser\u00e1n unidos a sus almas y esp\u00edritus y ascender\u00e1n al cielo para ser la esposa de Jesucristo. Esto es llamado el \u201cArrebatamiento\u201d de la Iglesia. Compartiremos m\u00e1s de este tema. Alrededor de 500 personas fueron testigos de las apariciones de Cristo luego de su resurrecci\u00f3n corporal. Sus testimonios como testigos oculares desaf\u00edan a aquellos que no son creyentes. En la mayor\u00eda de las Cortes la mayor cantidad de testigos oculares que se han requerido son siete. El Nuevo Testamente ha registrado testimonios de aquellos que personalmente le vieron. Alrededor de 500 le vieron en su cuerpo resucitado. Otros que le vieron testificaron que \u00c9l est\u00e1 vivo. Hablaron con \u00c9l, comieron con \u00c9l, y tuvieron un tiempo de comuni\u00f3n mientras estuvieron con \u00c9l varias veces despu\u00e9s de llegar a ellos corporalmente luego de una brutal crucifixi\u00f3n y de tres d\u00edas en una custodiada tumba de roca. Hay much\u00edsima evidencia clara de que Jesucristo, de hecho, resucit\u00f3 corporalmente de entre los muertos. Los 27 libros del Nuevo Testamento y la Iglesia son los efectos causados por el Cristo resucitado. La iglesia comienza inmediatamente, mientras los ap\u00f3stoles comienzan predicando en Jerusal\u00e9n, lugar donde \u00c9l hab\u00eda sido crucificado y sepultado. Tres mil fueron salvos en un d\u00eda. Ellos fueron por todos lados diciendo que Jes\u00fas hab\u00eda resucitado de los muertos. Cr\u00e9anme, si no hubiese sido cierto, el enemigo habr\u00eda mostrado el cuerpo porque de ese modo habr\u00eda silenciado todas las proclamas de la iglesia de aquellos d\u00edas. El hecho es que 3 d\u00edas despu\u00e9s de Su crucifixi\u00f3n, \u00c9l corporalmente resucit\u00f3 de la tumba. \u00c9l est\u00e1 vivo, y porque \u00c9l vive, nosotros viviremos.","twitter_site":"@BBNEspanol","twitter_misc":{"Tiempo de lectura":"2 minutos"},"schema":{"@context":"https:\/\/schema.org","@graph":[{"@type":"WebPage","@id":"https:\/\/bbn1.bbnradio.org\/spanish\/herramientas\/que-temas-ensena-la-biblia\/que-ensena-la-biblia-resurreccion-para-el-cristiano\/","url":"https:\/\/bbn1.bbnradio.org\/spanish\/herramientas\/que-temas-ensena-la-biblia\/que-ensena-la-biblia-resurreccion-para-el-cristiano\/","name":"Que ense\u00f1a la Biblia - Resurrecci\u00f3n para el Cristiano - BBN","isPartOf":{"@id":"https:\/\/bbn1.bbnradio.org\/spanish\/#website"},"datePublished":"2016-04-04T20:19:38+00:00","dateModified":"2018-04-05T20:13:42+00:00","breadcrumb":{"@id":"https:\/\/bbn1.bbnradio.org\/spanish\/herramientas\/que-temas-ensena-la-biblia\/que-ensena-la-biblia-resurreccion-para-el-cristiano\/#breadcrumb"},"inLanguage":"es","potentialAction":[{"@type":"ReadAction","target":["https:\/\/bbn1.bbnradio.org\/spanish\/herramientas\/que-temas-ensena-la-biblia\/que-ensena-la-biblia-resurreccion-para-el-cristiano\/"]}]},{"@type":"BreadcrumbList","@id":"https:\/\/bbn1.bbnradio.org\/spanish\/herramientas\/que-temas-ensena-la-biblia\/que-ensena-la-biblia-resurreccion-para-el-cristiano\/#breadcrumb","itemListElement":[{"@type":"ListItem","position":1,"name":"Home","item":"https:\/\/bbn1.bbnradio.org\/spanish\/inicio\/"},{"@type":"ListItem","position":2,"name":"Herramientas","item":"https:\/\/bbn1.bbnradio.org\/spanish\/herramientas\/"},{"@type":"ListItem","position":3,"name":"Que temas ense\u00f1a la Biblia","item":"https:\/\/bbn1.bbnradio.org\/spanish\/herramientas\/que-temas-ensena-la-biblia\/"},{"@type":"ListItem","position":4,"name":"Que ense\u00f1a la Biblia &#8211; Resurrecci\u00f3n para el Cristiano"}]},{"@type":"WebSite","@id":"https:\/\/bbn1.bbnradio.org\/spanish\/#website","url":"https:\/\/bbn1.bbnradio.org\/spanish\/","name":"BBN Spanish","description":"BBN","potentialAction":[{"@type":"SearchAction","target":{"@type":"EntryPoint","urlTemplate":"https:\/\/bbn1.bbnradio.org\/spanish\/?s={search_term_string}"},"query-input":{"@type":"PropertyValueSpecification","valueRequired":true,"valueName":"search_term_string"}}],"inLanguage":"es"}]}},"jetpack_sharing_enabled":true,"jetpack_shortlink":"https:\/\/wp.me\/P85nNm-1YC","_links":{"self":[{"href":"https:\/\/bbn1.bbnradio.org\/spanish\/wp-json\/wp\/v2\/pages\/7602","targetHints":{"allow":["GET"]}}],"collection":[{"href":"https:\/\/bbn1.bbnradio.org\/spanish\/wp-json\/wp\/v2\/pages"}],"about":[{"href":"https:\/\/bbn1.bbnradio.org\/spanish\/wp-json\/wp\/v2\/types\/page"}],"author":[{"embeddable":true,"href":"https:\/\/bbn1.bbnradio.org\/spanish\/wp-json\/wp\/v2\/users\/21"}],"replies":[{"embeddable":true,"href":"https:\/\/bbn1.bbnradio.org\/spanish\/wp-json\/wp\/v2\/comments?post=7602"}],"version-history":[{"count":2,"href":"https:\/\/bbn1.bbnradio.org\/spanish\/wp-json\/wp\/v2\/pages\/7602\/revisions"}],"predecessor-version":[{"id":12676,"href":"https:\/\/bbn1.bbnradio.org\/spanish\/wp-json\/wp\/v2\/pages\/7602\/revisions\/12676"}],"up":[{"embeddable":true,"href":"https:\/\/bbn1.bbnradio.org\/spanish\/wp-json\/wp\/v2\/pages\/5034"}],"wp:attachment":[{"href":"https:\/\/bbn1.bbnradio.org\/spanish\/wp-json\/wp\/v2\/media?parent=7602"}],"wp:term":[{"taxonomy":"category","embeddable":true,"href":"https:\/\/bbn1.bbnradio.org\/spanish\/wp-json\/wp\/v2\/categories?post=7602"},{"taxonomy":"post_tag","embeddable":true,"href":"https:\/\/bbn1.bbnradio.org\/spanish\/wp-json\/wp\/v2\/tags?post=7602"}],"curies":[{"name":"wp","href":"https:\/\/api.w.org\/{rel}","templated":true}]}}