{"id":7604,"date":"2016-04-04T16:20:34","date_gmt":"2016-04-04T20:20:34","guid":{"rendered":"https:\/\/bbn1.bbnradio.org\/english\/?page_id=7604"},"modified":"2018-04-20T15:41:06","modified_gmt":"2018-04-20T20:41:06","slug":"que-ensena-la-biblia-que-dice-la-biblia-sobre-el-infierno","status":"publish","type":"page","link":"https:\/\/bbn1.bbnradio.org\/spanish\/herramientas\/que-temas-ensena-la-biblia\/que-ensena-la-biblia-que-dice-la-biblia-sobre-el-infierno\/","title":{"rendered":"Que ense\u00f1a la Biblia &#8211; \u00bfQue dice la Biblia sobre el Infierno?"},"content":{"rendered":"<p><strong>\u00bfQU\u00c9 DICE LA BIBLIA SOBRE EL INFIERNO?<\/strong><\/p>\n<p>Como ya hemos notado, el esp\u00edritu y el alma de una persona no creyente vuelan al infierno al momento de su muerte, este es un lugar de juicio conciente. El alma en el infierno habla como persona, tiene ojos, o\u00eddos, dedos, lengua y memoria. Hay un completo conocimiento de las condiciones all\u00e1. Lucas 16:23-25 no es una par\u00e1bola porque las par\u00e1bolas no incluyen nombres personales. Esto es un evento real.<\/p>\n<p>La Biblia habla de otro lugar de tormentos luego del juicio final de toda la humanidad. Es llamado \u201cEl Lago de Fuego.\u201d En el Juicio del Gran Trono Blanco, las almas del Hades ser\u00e1n unidas a sus cuerpos, los cuales ser\u00e1n resucitados de sus tumbas. Cristo entonces pronunciar\u00e1 la sentencia final de juicio sobre los muertos imp\u00edos, y ser\u00e1n arrojados al Lago de Fuego, el eterno lugar de los perdidos (Apocalipsis 20:11-15). Podemos relacionar al Hades como una c\u00e1rcel local donde el prisionero temporalmente aguarda su sentencia. Luego son tomados de esa c\u00e1rcel para comparecer ante el Juez para la sentencia final. Apocalipsis 20:9-15 es el registro de aquel Juicio del Gran Trono Blanco, de Satan\u00e1s y todos aquellos que hayan rechazado a Cristo. El Lago de Fuego puede ser ilustrado por una prisi\u00f3n a la cual son recluidos aquellos bajo sentencia convictos por su eternal existencia. Describiendo el infierno, nuestro Se\u00f1or habl\u00f3 acerca del gusano que no muere y del fuego que nunca se apaga (Marcos 9:43-48). Es un lugar de sufrimiento conciente. Es un lugar de fuego literal. Es castigo por pecado eternamente.<\/p>\n<p>En el libro de Apocalipsis, la frase \u00abpor los siglos de los siglos\u00bb es usada para describir la miseria de los perdidos (Apocalipsis 14:11). \u00bfPuede un Dios de amor arrojar personas al infierno?<\/p>\n<p>A. Dios no quiere que ning\u00fan hombre perezca. Cielo o infierno son decisiones personales que cada individuo toma mientras est\u00e1 aqu\u00ed en el planeta Tierra. Dios provey\u00f3 la obra de Su Hijo sobre la cruz del Calvario para la salvaci\u00f3n del hombre (Romanos 5:6-8). Si el hombre rechaza al Salvador, ir\u00e1 al infierno por su propia elecci\u00f3n. Alguien ha dicho que Dios ama de tal manera al pecador que si elige ir al infierno en vez de ir al cielo \u00c9l le dejar\u00e1 ir. Recuerda que todo el que va al infierno lo har\u00e1 por su propia elecci\u00f3n.<\/p>\n<p>B. Dios es un Dios de amor, I Juan 4:8, pero \u00c9l tambi\u00e9n es santo (I Pedro 1:16) y debe juzgar el pecado. Si permitiera entrar el pecado en el cielo, destruir\u00eda todo lo que Dios ha hecho en rescate de la humanidad. Satan\u00e1s hizo su elecci\u00f3n en el jard\u00edn del Ed\u00e9n. El hombre hace su elecci\u00f3n durante el tiempo de su vida. Al momento de la muerte el hombre ha determinado su destino eterno. No hay purgatorio o lugar intermedio. La Biblia claramente ense\u00f1a que hay s\u00f3lo dos lugares. \u201cE ir\u00e1n \u00e9stos al castigo eterno, y los justos a la vida eterna\u201d (Mateo 25:46).<\/p>\n<p>C. El hombre no vacila en poner los enfermos en hospitales, los criminales en la c\u00e1rcel o los cad\u00e1veres en el cementerio. Eso no indica falta de amor de su parte. \u00bfQu\u00e9 acerca de los paganos que nunca han o\u00eddo el evangelio? Como el resto de la humanidad, los paganos son pecadores perdidos y solamente Cristo puede salvarles. Ellos pueden conocer que hay un Dios a trav\u00e9s de las obras de la Creaci\u00f3n (Romanos 1:20 y Salmos 19:1) y por sus propias conciencias (Romanos 2:15). Si ellos responden a la Luz que tienen, Dios les dar\u00e1 mayor Luz. Ver el caso de Cornelio, Hechos 10 y 11.<\/p>\n<!-- AddThis Advanced Settings generic via filter on the_content --><!-- AddThis Share Buttons generic via filter on the_content -->","protected":false},"excerpt":{"rendered":"<p>\u00bfQU\u00c9 DICE LA BIBLIA SOBRE EL INFIERNO? Como ya hemos notado, el esp\u00edritu y el alma de una persona no creyente vuelan al infierno al momento de su muerte, este es un lugar de juicio conciente. El alma en el infierno habla como persona, tiene ojos, o\u00eddos, dedos, lengua y memoria. Hay un completo conocimiento [&hellip;]<!-- AddThis Advanced Settings generic via filter on get_the_excerpt --><!-- AddThis Share Buttons generic via filter on get_the_excerpt --><\/p>\n","protected":false},"author":21,"featured_media":0,"parent":5034,"menu_order":0,"comment_status":"closed","ping_status":"closed","template":"","meta":{"jetpack_post_was_ever_published":false,"footnotes":""},"categories":[],"tags":[],"class_list":["post-7604","page","type-page","status-publish","hentry"],"yoast_head":"<!-- This site is optimized with the Yoast SEO Premium plugin v24.8 (Yoast SEO v24.8.1) - https:\/\/yoast.com\/wordpress\/plugins\/seo\/ -->\n<title>Que ense\u00f1a la Biblia - \u00bfQue dice la Biblia sobre el Infierno? - BBN<\/title>\n<meta name=\"robots\" content=\"index, follow, max-snippet:-1, max-image-preview:large, max-video-preview:-1\" \/>\n<link rel=\"canonical\" href=\"https:\/\/bbn1.bbnradio.org\/spanish\/herramientas\/que-temas-ensena-la-biblia\/que-ensena-la-biblia-que-dice-la-biblia-sobre-el-infierno\/\" \/>\n<meta property=\"og:locale\" content=\"es_ES\" \/>\n<meta property=\"og:type\" content=\"article\" \/>\n<meta property=\"og:title\" content=\"\u00bfQue dice la Biblia en cuanto al infierno? -BBN\" \/>\n<meta property=\"og:description\" content=\"\u00bfQU\u00c9 DICE LA BIBLIA SOBRE EL INFIERNO? Como ya hemos notado, el esp\u00edritu y el alma de una persona no creyente vuelan al infierno al momento de su muerte, este es un lugar de juicio conciente. El alma en el infierno habla como persona, tiene ojos, o\u00eddos, dedos, lengua y memoria. Hay un completo conocimiento de las condiciones all\u00e1. Lucas 16:23-25 no es una par\u00e1bola porque las par\u00e1bolas no incluyen nombres personales. Esto es un evento real.\" \/>\n<meta property=\"og:url\" content=\"https:\/\/bbn1.bbnradio.org\/spanish\/herramientas\/que-temas-ensena-la-biblia\/que-ensena-la-biblia-que-dice-la-biblia-sobre-el-infierno\/\" \/>\n<meta property=\"og:site_name\" content=\"BBN\" \/>\n<meta property=\"article:publisher\" content=\"https:\/\/www.facebook.com\/BBNEspanol\" \/>\n<meta property=\"article:modified_time\" content=\"2018-04-20T20:41:06+00:00\" \/>\n<meta name=\"twitter:card\" content=\"summary_large_image\" \/>\n<meta name=\"twitter:title\" content=\"\u00bfQu\u00e9 dice la Biblia sobre el infierno? -BBN\" \/>\n<meta name=\"twitter:description\" content=\"\u00bfQU\u00c9 DICE LA BIBLIA SOBRE EL INFIERNO? Como ya hemos notado, el esp\u00edritu y el alma de una persona no creyente vuelan al infierno al momento de su muerte, este es un lugar de juicio conciente. El alma en el infierno habla como persona, tiene ojos, o\u00eddos, dedos, lengua y memoria. Hay un completo conocimiento de las condiciones all\u00e1. Lucas 16:23-25 no es una par\u00e1bola porque las par\u00e1bolas no incluyen nombres personales. Esto es un evento real.\" \/>\n<meta name=\"twitter:site\" content=\"@BBNEspanol\" \/>\n<meta name=\"twitter:label1\" content=\"Tiempo de lectura\" \/>\n\t<meta name=\"twitter:data1\" content=\"3 minutos\" \/>\n<script type=\"application\/ld+json\" class=\"yoast-schema-graph\">{\"@context\":\"https:\/\/schema.org\",\"@graph\":[{\"@type\":\"WebPage\",\"@id\":\"https:\/\/bbn1.bbnradio.org\/spanish\/herramientas\/que-temas-ensena-la-biblia\/que-ensena-la-biblia-que-dice-la-biblia-sobre-el-infierno\/\",\"url\":\"https:\/\/bbn1.bbnradio.org\/spanish\/herramientas\/que-temas-ensena-la-biblia\/que-ensena-la-biblia-que-dice-la-biblia-sobre-el-infierno\/\",\"name\":\"Que ense\u00f1a la Biblia - \u00bfQue dice la Biblia sobre el Infierno? - BBN\",\"isPartOf\":{\"@id\":\"https:\/\/bbn1.bbnradio.org\/spanish\/#website\"},\"datePublished\":\"2016-04-04T20:20:34+00:00\",\"dateModified\":\"2018-04-20T20:41:06+00:00\",\"breadcrumb\":{\"@id\":\"https:\/\/bbn1.bbnradio.org\/spanish\/herramientas\/que-temas-ensena-la-biblia\/que-ensena-la-biblia-que-dice-la-biblia-sobre-el-infierno\/#breadcrumb\"},\"inLanguage\":\"es\",\"potentialAction\":[{\"@type\":\"ReadAction\",\"target\":[\"https:\/\/bbn1.bbnradio.org\/spanish\/herramientas\/que-temas-ensena-la-biblia\/que-ensena-la-biblia-que-dice-la-biblia-sobre-el-infierno\/\"]}]},{\"@type\":\"BreadcrumbList\",\"@id\":\"https:\/\/bbn1.bbnradio.org\/spanish\/herramientas\/que-temas-ensena-la-biblia\/que-ensena-la-biblia-que-dice-la-biblia-sobre-el-infierno\/#breadcrumb\",\"itemListElement\":[{\"@type\":\"ListItem\",\"position\":1,\"name\":\"Home\",\"item\":\"https:\/\/bbn1.bbnradio.org\/spanish\/inicio\/\"},{\"@type\":\"ListItem\",\"position\":2,\"name\":\"Herramientas\",\"item\":\"https:\/\/bbn1.bbnradio.org\/spanish\/herramientas\/\"},{\"@type\":\"ListItem\",\"position\":3,\"name\":\"Que temas ense\u00f1a la Biblia\",\"item\":\"https:\/\/bbn1.bbnradio.org\/spanish\/herramientas\/que-temas-ensena-la-biblia\/\"},{\"@type\":\"ListItem\",\"position\":4,\"name\":\"Que ense\u00f1a la Biblia &#8211; \u00bfQue dice la Biblia sobre el Infierno?\"}]},{\"@type\":\"WebSite\",\"@id\":\"https:\/\/bbn1.bbnradio.org\/spanish\/#website\",\"url\":\"https:\/\/bbn1.bbnradio.org\/spanish\/\",\"name\":\"BBN Spanish\",\"description\":\"BBN\",\"potentialAction\":[{\"@type\":\"SearchAction\",\"target\":{\"@type\":\"EntryPoint\",\"urlTemplate\":\"https:\/\/bbn1.bbnradio.org\/spanish\/?s={search_term_string}\"},\"query-input\":{\"@type\":\"PropertyValueSpecification\",\"valueRequired\":true,\"valueName\":\"search_term_string\"}}],\"inLanguage\":\"es\"}]}<\/script>\n<!-- \/ Yoast SEO Premium plugin. -->","yoast_head_json":{"title":"Que ense\u00f1a la Biblia - \u00bfQue dice la Biblia sobre el Infierno? - BBN","robots":{"index":"index","follow":"follow","max-snippet":"max-snippet:-1","max-image-preview":"max-image-preview:large","max-video-preview":"max-video-preview:-1"},"canonical":"https:\/\/bbn1.bbnradio.org\/spanish\/herramientas\/que-temas-ensena-la-biblia\/que-ensena-la-biblia-que-dice-la-biblia-sobre-el-infierno\/","og_locale":"es_ES","og_type":"article","og_title":"\u00bfQue dice la Biblia en cuanto al infierno? -BBN","og_description":"\u00bfQU\u00c9 DICE LA BIBLIA SOBRE EL INFIERNO? Como ya hemos notado, el esp\u00edritu y el alma de una persona no creyente vuelan al infierno al momento de su muerte, este es un lugar de juicio conciente. El alma en el infierno habla como persona, tiene ojos, o\u00eddos, dedos, lengua y memoria. Hay un completo conocimiento de las condiciones all\u00e1. Lucas 16:23-25 no es una par\u00e1bola porque las par\u00e1bolas no incluyen nombres personales. Esto es un evento real.","og_url":"https:\/\/bbn1.bbnradio.org\/spanish\/herramientas\/que-temas-ensena-la-biblia\/que-ensena-la-biblia-que-dice-la-biblia-sobre-el-infierno\/","og_site_name":"BBN","article_publisher":"https:\/\/www.facebook.com\/BBNEspanol","article_modified_time":"2018-04-20T20:41:06+00:00","twitter_card":"summary_large_image","twitter_title":"\u00bfQu\u00e9 dice la Biblia sobre el infierno? -BBN","twitter_description":"\u00bfQU\u00c9 DICE LA BIBLIA SOBRE EL INFIERNO? Como ya hemos notado, el esp\u00edritu y el alma de una persona no creyente vuelan al infierno al momento de su muerte, este es un lugar de juicio conciente. El alma en el infierno habla como persona, tiene ojos, o\u00eddos, dedos, lengua y memoria. Hay un completo conocimiento de las condiciones all\u00e1. Lucas 16:23-25 no es una par\u00e1bola porque las par\u00e1bolas no incluyen nombres personales. Esto es un evento real.","twitter_site":"@BBNEspanol","twitter_misc":{"Tiempo de lectura":"3 minutos"},"schema":{"@context":"https:\/\/schema.org","@graph":[{"@type":"WebPage","@id":"https:\/\/bbn1.bbnradio.org\/spanish\/herramientas\/que-temas-ensena-la-biblia\/que-ensena-la-biblia-que-dice-la-biblia-sobre-el-infierno\/","url":"https:\/\/bbn1.bbnradio.org\/spanish\/herramientas\/que-temas-ensena-la-biblia\/que-ensena-la-biblia-que-dice-la-biblia-sobre-el-infierno\/","name":"Que ense\u00f1a la Biblia - \u00bfQue dice la Biblia sobre el Infierno? - BBN","isPartOf":{"@id":"https:\/\/bbn1.bbnradio.org\/spanish\/#website"},"datePublished":"2016-04-04T20:20:34+00:00","dateModified":"2018-04-20T20:41:06+00:00","breadcrumb":{"@id":"https:\/\/bbn1.bbnradio.org\/spanish\/herramientas\/que-temas-ensena-la-biblia\/que-ensena-la-biblia-que-dice-la-biblia-sobre-el-infierno\/#breadcrumb"},"inLanguage":"es","potentialAction":[{"@type":"ReadAction","target":["https:\/\/bbn1.bbnradio.org\/spanish\/herramientas\/que-temas-ensena-la-biblia\/que-ensena-la-biblia-que-dice-la-biblia-sobre-el-infierno\/"]}]},{"@type":"BreadcrumbList","@id":"https:\/\/bbn1.bbnradio.org\/spanish\/herramientas\/que-temas-ensena-la-biblia\/que-ensena-la-biblia-que-dice-la-biblia-sobre-el-infierno\/#breadcrumb","itemListElement":[{"@type":"ListItem","position":1,"name":"Home","item":"https:\/\/bbn1.bbnradio.org\/spanish\/inicio\/"},{"@type":"ListItem","position":2,"name":"Herramientas","item":"https:\/\/bbn1.bbnradio.org\/spanish\/herramientas\/"},{"@type":"ListItem","position":3,"name":"Que temas ense\u00f1a la Biblia","item":"https:\/\/bbn1.bbnradio.org\/spanish\/herramientas\/que-temas-ensena-la-biblia\/"},{"@type":"ListItem","position":4,"name":"Que ense\u00f1a la Biblia &#8211; \u00bfQue dice la Biblia sobre el Infierno?"}]},{"@type":"WebSite","@id":"https:\/\/bbn1.bbnradio.org\/spanish\/#website","url":"https:\/\/bbn1.bbnradio.org\/spanish\/","name":"BBN Spanish","description":"BBN","potentialAction":[{"@type":"SearchAction","target":{"@type":"EntryPoint","urlTemplate":"https:\/\/bbn1.bbnradio.org\/spanish\/?s={search_term_string}"},"query-input":{"@type":"PropertyValueSpecification","valueRequired":true,"valueName":"search_term_string"}}],"inLanguage":"es"}]}},"jetpack_sharing_enabled":true,"jetpack_shortlink":"https:\/\/wp.me\/P85nNm-1YE","_links":{"self":[{"href":"https:\/\/bbn1.bbnradio.org\/spanish\/wp-json\/wp\/v2\/pages\/7604","targetHints":{"allow":["GET"]}}],"collection":[{"href":"https:\/\/bbn1.bbnradio.org\/spanish\/wp-json\/wp\/v2\/pages"}],"about":[{"href":"https:\/\/bbn1.bbnradio.org\/spanish\/wp-json\/wp\/v2\/types\/page"}],"author":[{"embeddable":true,"href":"https:\/\/bbn1.bbnradio.org\/spanish\/wp-json\/wp\/v2\/users\/21"}],"replies":[{"embeddable":true,"href":"https:\/\/bbn1.bbnradio.org\/spanish\/wp-json\/wp\/v2\/comments?post=7604"}],"version-history":[{"count":2,"href":"https:\/\/bbn1.bbnradio.org\/spanish\/wp-json\/wp\/v2\/pages\/7604\/revisions"}],"predecessor-version":[{"id":13659,"href":"https:\/\/bbn1.bbnradio.org\/spanish\/wp-json\/wp\/v2\/pages\/7604\/revisions\/13659"}],"up":[{"embeddable":true,"href":"https:\/\/bbn1.bbnradio.org\/spanish\/wp-json\/wp\/v2\/pages\/5034"}],"wp:attachment":[{"href":"https:\/\/bbn1.bbnradio.org\/spanish\/wp-json\/wp\/v2\/media?parent=7604"}],"wp:term":[{"taxonomy":"category","embeddable":true,"href":"https:\/\/bbn1.bbnradio.org\/spanish\/wp-json\/wp\/v2\/categories?post=7604"},{"taxonomy":"post_tag","embeddable":true,"href":"https:\/\/bbn1.bbnradio.org\/spanish\/wp-json\/wp\/v2\/tags?post=7604"}],"curies":[{"name":"wp","href":"https:\/\/api.w.org\/{rel}","templated":true}]}}