{"id":7610,"date":"2016-04-04T16:23:20","date_gmt":"2016-04-04T20:23:20","guid":{"rendered":"https:\/\/bbn1.bbnradio.org\/english\/?page_id=7610"},"modified":"2018-04-05T15:18:23","modified_gmt":"2018-04-05T20:18:23","slug":"que-ensena-la-biblia-triunfo-sobre-la-tentacion","status":"publish","type":"page","link":"https:\/\/bbn1.bbnradio.org\/spanish\/herramientas\/que-temas-ensena-la-biblia\/que-ensena-la-biblia-triunfo-sobre-la-tentacion\/","title":{"rendered":"Que ense\u00f1a la Biblia &#8211; Triunfo sobre la Tentaci\u00f3n"},"content":{"rendered":"<p><strong>TRIUNFO SOBRE LA TENTACI\u00d3N<\/strong><\/p>\n<p>\u00bfC\u00f3mo puede un cristiano resistir tentaciones pecaminosas? Al momento que una persona llega a ser salva, una gran lucha comienza. Todav\u00eda tiene la vieja naturaleza, la pecaminosa naturaleza de Ad\u00e1n, la cual tratar\u00e1 de llevarlo al pecado todo el tiempo. Pero tambi\u00e9n \u00e9l tiene la nueva naturaleza, la vida de Dios, la cual odia el pecado y quiere lograr que hagamos lo recto. Las dos naturalezas luchan una contra otra continuamente. La cuesti\u00f3n es cual vencer\u00e1. La respuesta es: \u201cla que alimentemos\u201d (G\u00e1latas 5:16-17; Romanos 8:5-8).<\/p>\n<p>La vieja naturaleza es incurablemente mala, no puede ser mejorada y no ser\u00e1 removida hasta que el cristiano llegue al hogar celestial. Dios la conden\u00f3 cuando Cristo muri\u00f3 en la cruz, y quiere que los cristianos la tratemos como si estuviera muerta. \u00a1No la animes! \u00a1No la alimentes! \u00a1Nunca le des una oportunidad! (Romanos 13:14).<\/p>\n<p>La nueva naturaleza inspira al cristiano a hacer lo bueno, deber\u00eda ser motivada y alimentada. Esta, entonces, es la manera como los cristianos resisten la tentaci\u00f3n, diciendo \u00abNo\u00bb al mundo, a la carne y al diablo. Al mismo tiempo el creyente debe nutrir la nueva vida que tiene en su interior. Las siguientes son sugerencias pr\u00e1cticas de lo que podr\u00edamos hacer:<\/p>\n<p>A. \u00a1Lee la Biblia! \u00a1Est\u00fadiala! \u00a1Memor\u00edzala! \u00a1Med\u00edtala! \u00a1Obed\u00e9cela! Salmos 119:9, 11.<\/p>\n<p>Aprendemos que la Palabra de Dios nos ayuda a guardarnos del pecado. Debes estar seguro, por lo tanto, que apartes un tiempo definido cada d\u00eda para la lectura de la Palabra de Dios (Colosenses 3:16).<\/p>\n<p>B. \u00a1Ora sin cesar!<\/p>\n<p>Cada vez que te enfrentes a una tentaci\u00f3n, clama a Dios por ayuda (Hebreos 4:16). \u00c9l te dar\u00e1 fuerzas para vencer (I Corintios 10:13). Si tratas de resistir por tu propia fuerza, seguramente fallar\u00e1s.<\/p>\n<p>C. Busca el compa\u00f1erismo de creyentes y no de los imp\u00edos!<br \/>\nProverbios 1:10-16; Hebreos 10:24-25.<\/p>\n<p>Frecuentemente es necesario trabajar y vivir con no creyentes, y en tales casos deber\u00edamos testificarles con nuestras bocas y con nuestras vidas. Pero no deber\u00edamos unirnos a ellos en sus placeres y diversiones mundanos (Efesios 5:10).<br \/>\nD. \u00a1Confiesa tus pecados inmediatamente! I Juan 1:9.<\/p>\n<p>Tan pronto como seas conciente de que has ofendido a tu Padre por un pensamiento pecaminoso, palabra o hecho, pide su perd\u00f3n inmediatamente. No esperes hasta la noche o hasta el fin de semana. Proverbios 28:13.<\/p>\n<p>E. \u00a1Mantente ocupado para el Se\u00f1or!<\/p>\n<p>Alguien ha dicho que manos ociosas son el taller del diablo. \u00a1Entrega tu cuerpo al Se\u00f1or para usarlo como \u00e9l desea! (Romanos 6:19) Hay much\u00edsimo trabajo para hacer, y estar\u00e1s sirviendo al mejor de los maestros.<\/p>\n<p>F. \u00a1Invol\u00facrate en alg\u00fan ejercicio f\u00edsico!<\/p>\n<p>El ejercicio f\u00edsico es provechoso (I Timoteo 4:8). Debido a que el cuerpo del creyente es el Templo del Esp\u00edritu Santo, deber\u00edamos usar medios razonables para mantener nuestro cuerpo en buena salud y fortaleza. De todos modos, no deber\u00edamos permitir que el deporte asuma un lugar de tal importancia que las cosas espirituales sean ahogadas (I Corintios 6:19-20).<\/p>\n<p>G. \u00a1Deja pasar hambre a tu vieja naturaleza!<\/p>\n<p>S\u00e9 cuidadoso con lo que lees, con lo que miras, a donde vas y con lo que escuchas (Colosenses 3:5-9).<\/p>\n<p>H. \u00a1Alimenta la nueva naturaleza!<\/p>\n<p>\u00a1Oc\u00fapate con Cristo! Cuando est\u00e1s pensando acerca de \u00c9l, no puedes estar pensando en el pecado (Colosenses 3:10-14). Esto es realmente el secreto de una vida santa, ocuparnos de y con Cristo. Una regla fija en nuestra vida es que llegamos a ser tal como es el objeto de nuestra adoraci\u00f3n. II Corintios 3:18 nos ense\u00f1a que llegamos a ser como Jesucristo mientras le contemplamos en el espejo de Su Palabra. El Esp\u00edritu Santo que mora en nosotros nos cambia a Su imagen y semejanza. Ocuparnos con otros nos trae distracci\u00f3n. Ocuparnos de nosotros mismos nos trae tristeza. Ocuparnos de Cristo nos trae deleite.<\/p>\n<p>\u00a1Una palabra final! Notar\u00e1s mientras avanzas que liberarse de la tentaci\u00f3n no es una experiencia de una vez para siempre sino un proceso continuo de dependencia de Dios. No importa cuan viejo eres o cuanto hayas aprendido sobre la Biblia, todav\u00eda estamos en peligro de someternos a la tentaci\u00f3n si quitamos los ojos del Se\u00f1or. Un hombre muy piadoso sol\u00eda orar que Dios le guardara de morir como un viejo hombre imp\u00edo. Todos nosotros necesitamos orar la misma oraci\u00f3n (Colosenses 3:1-4).<\/p>\n<!-- AddThis Advanced Settings generic via filter on the_content --><!-- AddThis Share Buttons generic via filter on the_content -->","protected":false},"excerpt":{"rendered":"<p>TRIUNFO SOBRE LA TENTACI\u00d3N \u00bfC\u00f3mo puede un cristiano resistir tentaciones pecaminosas? Al momento que una persona llega a ser salva, una gran lucha comienza. Todav\u00eda tiene la vieja naturaleza, la pecaminosa naturaleza de Ad\u00e1n, la cual tratar\u00e1 de llevarlo al pecado todo el tiempo. Pero tambi\u00e9n \u00e9l tiene la nueva naturaleza, la vida de Dios, [&hellip;]<!-- AddThis Advanced Settings generic via filter on get_the_excerpt --><!-- AddThis Share Buttons generic via filter on get_the_excerpt --><\/p>\n","protected":false},"author":21,"featured_media":0,"parent":5034,"menu_order":0,"comment_status":"closed","ping_status":"closed","template":"","meta":{"jetpack_post_was_ever_published":false,"footnotes":""},"categories":[],"tags":[],"class_list":["post-7610","page","type-page","status-publish","hentry"],"yoast_head":"<!-- This site is optimized with the Yoast SEO Premium plugin v24.8 (Yoast SEO v24.8.1) - https:\/\/yoast.com\/wordpress\/plugins\/seo\/ -->\n<title>Que ense\u00f1a la Biblia - Triunfo sobre la Tentaci\u00f3n - BBN<\/title>\n<meta name=\"robots\" content=\"index, follow, max-snippet:-1, max-image-preview:large, max-video-preview:-1\" \/>\n<link rel=\"canonical\" href=\"https:\/\/bbn1.bbnradio.org\/spanish\/herramientas\/que-temas-ensena-la-biblia\/que-ensena-la-biblia-triunfo-sobre-la-tentacion\/\" \/>\n<meta property=\"og:locale\" content=\"es_ES\" \/>\n<meta property=\"og:type\" content=\"article\" \/>\n<meta property=\"og:title\" content=\"Que ense\u00f1a la Biblia - Triunfo sobre la Tentaci\u00f3n- BBN\" \/>\n<meta property=\"og:description\" content=\"TRIUNFO SOBRE LA TENTACI\u00d3N \u00bfC\u00f3mo puede un cristiano resistir tentaciones pecaminosas? Al momento que una persona llega a ser salva, una gran lucha comienza. Todav\u00eda tiene la vieja naturaleza, la pecaminosa naturaleza de Ad\u00e1n, la cual tratar\u00e1 de llevarlo al pecado todo el tiempo. Pero tambi\u00e9n \u00e9l tiene la nueva naturaleza, la vida de Dios, la cual odia el pecado y quiere lograr que hagamos lo recto. Las dos naturalezas luchan una contra otra continuamente. La cuesti\u00f3n es cual vencer\u00e1. La respuesta es: \u201cla que alimentemos\u201d (G\u00e1latas 5:16-17; Romanos 8:5-8).\" \/>\n<meta property=\"og:url\" content=\"https:\/\/bbn1.bbnradio.org\/spanish\/herramientas\/que-temas-ensena-la-biblia\/que-ensena-la-biblia-triunfo-sobre-la-tentacion\/\" \/>\n<meta property=\"og:site_name\" content=\"BBN\" \/>\n<meta property=\"article:publisher\" content=\"https:\/\/www.facebook.com\/BBNEspanol\" \/>\n<meta property=\"article:modified_time\" content=\"2018-04-05T20:18:23+00:00\" \/>\n<meta name=\"twitter:card\" content=\"summary_large_image\" \/>\n<meta name=\"twitter:title\" content=\"Que ense\u00f1a la Biblia - Triunfo sobre la tentaci\u00f3n -BBN\" \/>\n<meta name=\"twitter:description\" content=\"TRIUNFO SOBRE LA TENTACI\u00d3N \u00bfC\u00f3mo puede un cristiano resistir tentaciones pecaminosas? Al momento que una persona llega a ser salva, una gran lucha comienza. Todav\u00eda tiene la vieja naturaleza, la pecaminosa naturaleza de Ad\u00e1n, la cual tratar\u00e1 de llevarlo al pecado todo el tiempo. Pero tambi\u00e9n \u00e9l tiene la nueva naturaleza, la vida de Dios, la cual odia el pecado y quiere lograr que hagamos lo recto. Las dos naturalezas luchan una contra otra continuamente. La cuesti\u00f3n es cual vencer\u00e1. La respuesta es: \u201cla que alimentemos\u201d (G\u00e1latas 5:16-17; Romanos 8:5-8).\" \/>\n<meta name=\"twitter:site\" content=\"@BBNEspanol\" \/>\n<meta name=\"twitter:label1\" content=\"Tiempo de lectura\" \/>\n\t<meta name=\"twitter:data1\" content=\"4 minutos\" \/>\n<script type=\"application\/ld+json\" class=\"yoast-schema-graph\">{\"@context\":\"https:\/\/schema.org\",\"@graph\":[{\"@type\":\"WebPage\",\"@id\":\"https:\/\/bbn1.bbnradio.org\/spanish\/herramientas\/que-temas-ensena-la-biblia\/que-ensena-la-biblia-triunfo-sobre-la-tentacion\/\",\"url\":\"https:\/\/bbn1.bbnradio.org\/spanish\/herramientas\/que-temas-ensena-la-biblia\/que-ensena-la-biblia-triunfo-sobre-la-tentacion\/\",\"name\":\"Que ense\u00f1a la Biblia - Triunfo sobre la Tentaci\u00f3n - BBN\",\"isPartOf\":{\"@id\":\"https:\/\/bbn1.bbnradio.org\/spanish\/#website\"},\"datePublished\":\"2016-04-04T20:23:20+00:00\",\"dateModified\":\"2018-04-05T20:18:23+00:00\",\"breadcrumb\":{\"@id\":\"https:\/\/bbn1.bbnradio.org\/spanish\/herramientas\/que-temas-ensena-la-biblia\/que-ensena-la-biblia-triunfo-sobre-la-tentacion\/#breadcrumb\"},\"inLanguage\":\"es\",\"potentialAction\":[{\"@type\":\"ReadAction\",\"target\":[\"https:\/\/bbn1.bbnradio.org\/spanish\/herramientas\/que-temas-ensena-la-biblia\/que-ensena-la-biblia-triunfo-sobre-la-tentacion\/\"]}]},{\"@type\":\"BreadcrumbList\",\"@id\":\"https:\/\/bbn1.bbnradio.org\/spanish\/herramientas\/que-temas-ensena-la-biblia\/que-ensena-la-biblia-triunfo-sobre-la-tentacion\/#breadcrumb\",\"itemListElement\":[{\"@type\":\"ListItem\",\"position\":1,\"name\":\"Home\",\"item\":\"https:\/\/bbn1.bbnradio.org\/spanish\/inicio\/\"},{\"@type\":\"ListItem\",\"position\":2,\"name\":\"Herramientas\",\"item\":\"https:\/\/bbn1.bbnradio.org\/spanish\/herramientas\/\"},{\"@type\":\"ListItem\",\"position\":3,\"name\":\"Que temas ense\u00f1a la Biblia\",\"item\":\"https:\/\/bbn1.bbnradio.org\/spanish\/herramientas\/que-temas-ensena-la-biblia\/\"},{\"@type\":\"ListItem\",\"position\":4,\"name\":\"Que ense\u00f1a la Biblia &#8211; Triunfo sobre la Tentaci\u00f3n\"}]},{\"@type\":\"WebSite\",\"@id\":\"https:\/\/bbn1.bbnradio.org\/spanish\/#website\",\"url\":\"https:\/\/bbn1.bbnradio.org\/spanish\/\",\"name\":\"BBN Spanish\",\"description\":\"BBN\",\"potentialAction\":[{\"@type\":\"SearchAction\",\"target\":{\"@type\":\"EntryPoint\",\"urlTemplate\":\"https:\/\/bbn1.bbnradio.org\/spanish\/?s={search_term_string}\"},\"query-input\":{\"@type\":\"PropertyValueSpecification\",\"valueRequired\":true,\"valueName\":\"search_term_string\"}}],\"inLanguage\":\"es\"}]}<\/script>\n<!-- \/ Yoast SEO Premium plugin. -->","yoast_head_json":{"title":"Que ense\u00f1a la Biblia - Triunfo sobre la Tentaci\u00f3n - BBN","robots":{"index":"index","follow":"follow","max-snippet":"max-snippet:-1","max-image-preview":"max-image-preview:large","max-video-preview":"max-video-preview:-1"},"canonical":"https:\/\/bbn1.bbnradio.org\/spanish\/herramientas\/que-temas-ensena-la-biblia\/que-ensena-la-biblia-triunfo-sobre-la-tentacion\/","og_locale":"es_ES","og_type":"article","og_title":"Que ense\u00f1a la Biblia - Triunfo sobre la Tentaci\u00f3n- BBN","og_description":"TRIUNFO SOBRE LA TENTACI\u00d3N \u00bfC\u00f3mo puede un cristiano resistir tentaciones pecaminosas? Al momento que una persona llega a ser salva, una gran lucha comienza. Todav\u00eda tiene la vieja naturaleza, la pecaminosa naturaleza de Ad\u00e1n, la cual tratar\u00e1 de llevarlo al pecado todo el tiempo. Pero tambi\u00e9n \u00e9l tiene la nueva naturaleza, la vida de Dios, la cual odia el pecado y quiere lograr que hagamos lo recto. Las dos naturalezas luchan una contra otra continuamente. La cuesti\u00f3n es cual vencer\u00e1. La respuesta es: \u201cla que alimentemos\u201d (G\u00e1latas 5:16-17; Romanos 8:5-8).","og_url":"https:\/\/bbn1.bbnradio.org\/spanish\/herramientas\/que-temas-ensena-la-biblia\/que-ensena-la-biblia-triunfo-sobre-la-tentacion\/","og_site_name":"BBN","article_publisher":"https:\/\/www.facebook.com\/BBNEspanol","article_modified_time":"2018-04-05T20:18:23+00:00","twitter_card":"summary_large_image","twitter_title":"Que ense\u00f1a la Biblia - Triunfo sobre la tentaci\u00f3n -BBN","twitter_description":"TRIUNFO SOBRE LA TENTACI\u00d3N \u00bfC\u00f3mo puede un cristiano resistir tentaciones pecaminosas? Al momento que una persona llega a ser salva, una gran lucha comienza. Todav\u00eda tiene la vieja naturaleza, la pecaminosa naturaleza de Ad\u00e1n, la cual tratar\u00e1 de llevarlo al pecado todo el tiempo. Pero tambi\u00e9n \u00e9l tiene la nueva naturaleza, la vida de Dios, la cual odia el pecado y quiere lograr que hagamos lo recto. Las dos naturalezas luchan una contra otra continuamente. La cuesti\u00f3n es cual vencer\u00e1. La respuesta es: \u201cla que alimentemos\u201d (G\u00e1latas 5:16-17; Romanos 8:5-8).","twitter_site":"@BBNEspanol","twitter_misc":{"Tiempo de lectura":"4 minutos"},"schema":{"@context":"https:\/\/schema.org","@graph":[{"@type":"WebPage","@id":"https:\/\/bbn1.bbnradio.org\/spanish\/herramientas\/que-temas-ensena-la-biblia\/que-ensena-la-biblia-triunfo-sobre-la-tentacion\/","url":"https:\/\/bbn1.bbnradio.org\/spanish\/herramientas\/que-temas-ensena-la-biblia\/que-ensena-la-biblia-triunfo-sobre-la-tentacion\/","name":"Que ense\u00f1a la Biblia - Triunfo sobre la Tentaci\u00f3n - BBN","isPartOf":{"@id":"https:\/\/bbn1.bbnradio.org\/spanish\/#website"},"datePublished":"2016-04-04T20:23:20+00:00","dateModified":"2018-04-05T20:18:23+00:00","breadcrumb":{"@id":"https:\/\/bbn1.bbnradio.org\/spanish\/herramientas\/que-temas-ensena-la-biblia\/que-ensena-la-biblia-triunfo-sobre-la-tentacion\/#breadcrumb"},"inLanguage":"es","potentialAction":[{"@type":"ReadAction","target":["https:\/\/bbn1.bbnradio.org\/spanish\/herramientas\/que-temas-ensena-la-biblia\/que-ensena-la-biblia-triunfo-sobre-la-tentacion\/"]}]},{"@type":"BreadcrumbList","@id":"https:\/\/bbn1.bbnradio.org\/spanish\/herramientas\/que-temas-ensena-la-biblia\/que-ensena-la-biblia-triunfo-sobre-la-tentacion\/#breadcrumb","itemListElement":[{"@type":"ListItem","position":1,"name":"Home","item":"https:\/\/bbn1.bbnradio.org\/spanish\/inicio\/"},{"@type":"ListItem","position":2,"name":"Herramientas","item":"https:\/\/bbn1.bbnradio.org\/spanish\/herramientas\/"},{"@type":"ListItem","position":3,"name":"Que temas ense\u00f1a la Biblia","item":"https:\/\/bbn1.bbnradio.org\/spanish\/herramientas\/que-temas-ensena-la-biblia\/"},{"@type":"ListItem","position":4,"name":"Que ense\u00f1a la Biblia &#8211; Triunfo sobre la Tentaci\u00f3n"}]},{"@type":"WebSite","@id":"https:\/\/bbn1.bbnradio.org\/spanish\/#website","url":"https:\/\/bbn1.bbnradio.org\/spanish\/","name":"BBN Spanish","description":"BBN","potentialAction":[{"@type":"SearchAction","target":{"@type":"EntryPoint","urlTemplate":"https:\/\/bbn1.bbnradio.org\/spanish\/?s={search_term_string}"},"query-input":{"@type":"PropertyValueSpecification","valueRequired":true,"valueName":"search_term_string"}}],"inLanguage":"es"}]}},"jetpack_sharing_enabled":true,"jetpack_shortlink":"https:\/\/wp.me\/P85nNm-1YK","_links":{"self":[{"href":"https:\/\/bbn1.bbnradio.org\/spanish\/wp-json\/wp\/v2\/pages\/7610","targetHints":{"allow":["GET"]}}],"collection":[{"href":"https:\/\/bbn1.bbnradio.org\/spanish\/wp-json\/wp\/v2\/pages"}],"about":[{"href":"https:\/\/bbn1.bbnradio.org\/spanish\/wp-json\/wp\/v2\/types\/page"}],"author":[{"embeddable":true,"href":"https:\/\/bbn1.bbnradio.org\/spanish\/wp-json\/wp\/v2\/users\/21"}],"replies":[{"embeddable":true,"href":"https:\/\/bbn1.bbnradio.org\/spanish\/wp-json\/wp\/v2\/comments?post=7610"}],"version-history":[{"count":2,"href":"https:\/\/bbn1.bbnradio.org\/spanish\/wp-json\/wp\/v2\/pages\/7610\/revisions"}],"predecessor-version":[{"id":12685,"href":"https:\/\/bbn1.bbnradio.org\/spanish\/wp-json\/wp\/v2\/pages\/7610\/revisions\/12685"}],"up":[{"embeddable":true,"href":"https:\/\/bbn1.bbnradio.org\/spanish\/wp-json\/wp\/v2\/pages\/5034"}],"wp:attachment":[{"href":"https:\/\/bbn1.bbnradio.org\/spanish\/wp-json\/wp\/v2\/media?parent=7610"}],"wp:term":[{"taxonomy":"category","embeddable":true,"href":"https:\/\/bbn1.bbnradio.org\/spanish\/wp-json\/wp\/v2\/categories?post=7610"},{"taxonomy":"post_tag","embeddable":true,"href":"https:\/\/bbn1.bbnradio.org\/spanish\/wp-json\/wp\/v2\/tags?post=7610"}],"curies":[{"name":"wp","href":"https:\/\/api.w.org\/{rel}","templated":true}]}}