{"id":7618,"date":"2016-04-04T16:27:40","date_gmt":"2016-04-04T20:27:40","guid":{"rendered":"https:\/\/bbn1.bbnradio.org\/english\/?page_id=7618"},"modified":"2018-04-12T10:43:03","modified_gmt":"2018-04-12T15:43:03","slug":"que-ensena-la-biblia-la-voluntad-de-dios","status":"publish","type":"page","link":"https:\/\/bbn1.bbnradio.org\/spanish\/herramientas\/que-temas-ensena-la-biblia\/que-ensena-la-biblia-la-voluntad-de-dios\/","title":{"rendered":"Que ense\u00f1a la Biblia &#8211; La voluntad de Dios"},"content":{"rendered":"<p><strong>ESPERANDO LA VOLUNTAD DE DIOS<\/strong><\/p>\n<p>\u00bfC\u00f3mo puede un cristiano saber la voluntad de Dios para su vida? Todo cristiano deber\u00eda estar intensamente interesado en saber la voluntad de Dios para su vida. Si el Plan del Se\u00f1or no es conocido y obedecido, entonces nuestras vidas est\u00e1n malgastadas, y perderemos el \u201cbien hecho\u201d del maestro. Las Escrituras son enf\u00e1ticas en ense\u00f1ar que Dios revela Su voluntad a aquellos que desean conocerla (Juan 7:17). Es un privilegio que deber\u00eda ser la experiencia normal de todo creyente (Romanos 12:2).<\/p>\n<p>Ya sea que alguien busque gu\u00eda para un problema moment\u00e1neo o para el curso de la vida, hay 5 pasos para seguir. Pueden ser resumidos de la siguiente manera: RENDIRSE, CONFESAR, ORAR, ESTUDIAR, ESPERAR.<\/p>\n<p>RENDIRSE. Rendirse es presentarse uno mismo al Se\u00f1or. Significa dejar a un lado esperanzas personales, ambiciones y deseos; es querer por sobre todo su voluntad. Pablo se rindi\u00f3 cuando \u00e9l pregunt\u00f3: \u00ab\u00bfQu\u00e9 quieres que haga?\u00bb Isa\u00edas se rindi\u00f3 cuando dijo: \u00abheme aqu\u00ed; env\u00edame a m\u00ed.\u00bb Amas\u00edas se rindi\u00f3 cuando \u00abvoluntariamente se ofreci\u00f3 a s\u00ed mismo al Se\u00f1or.\u00bb (II Cr\u00f3nicas 17:16)<\/p>\n<p>CONFESAR. Si queremos estar en el centro de Su voluntad, debemos confesar y abandonar cualquier pecado secreto. Recuerda las palabras del salmista: \u00abSi en mi coraz\u00f3n hubiese yo mirado a la iniquidad, el Se\u00f1or no me habr\u00eda escuchado\u00bb (Salmos 66:18). Tambi\u00e9n deber\u00edamos confesar nuestra propia incapacidad e inhabilidad, y depender de Su poder (Salmos 139:23-24). Tambi\u00e9n deber\u00edamos confesar a Cristo delante de los hombres (Hechos 1:8).<\/p>\n<p>ORAR. Esto simplemente significa que debemos venir delante del Se\u00f1or regularmente, pidiendo Su direcci\u00f3n. Deber\u00edamos suplicar Su promesa de guiarnos, pidi\u00e9ndole que haga conforme a lo que ha dicho. Nuestras oraciones deber\u00edan tener Su gloria como nuestra m\u00e1xima meta. (Colosenses 1:9; 4:12)<br \/>\nESTUDIAR. Pasar mucho tiempo en la Palabra de Dios. L\u00e9ela mientras est\u00e1s de rodillas pidi\u00e9ndole a Dios que te hable a trav\u00e9s de ella. L\u00e9ela lentamente. L\u00e9ela plenamente. L\u00e9ela con expectativa. (II Timoteo 2:15)<\/p>\n<p>ESPERAR. Si Dios no responde inmediatamente, espera (Salmos 62:5). Si has pedido la direcci\u00f3n de Dios y no llega la respuesta, entonces la gu\u00eda de Dios para ti es que permanezcas donde est\u00e1s. Si realmente est\u00e1s confiando en el Se\u00f1or, no estar\u00e1s en un apuro. \u00abEl que creyere, no se apresure\u00bb (Isa\u00edas 28:16). Dios nos revela Su voluntad en diferentes maneras, puede usar una, o una combinaci\u00f3n de los siguientes m\u00e9todos:<\/p>\n<p>1. Gu\u00eda a trav\u00e9s de la Biblia. Las Escrituras nos dan direcci\u00f3n en dos maneras. Primero de todo, ellas definitivamente proh\u00edben ciertos cursos de acci\u00f3n. Por ejemplo, si un cristiano est\u00e1 orando por gu\u00eda mientras intenta casarse con una joven no creyente, \u00e9l puede encontrar la respuesta de Dios en II Corintios 6:14. Por otro lado, Dios a menudo usa otros vers\u00edculos de la Escritura para guiarnos para tomar un definitivo curso de acci\u00f3n. Un vers\u00edculo que nunca hab\u00edas notado antes puede tomar un nuevo significado porque te dice lo que tienes que hacer al mismo tiempo que est\u00e1s orando por direcci\u00f3n (Salmos 119:105).<\/p>\n<p>2. Gu\u00eda a trav\u00e9s de otros cristianos. A veces ayuda buscar el consejo de cristianos maduros y espirituales. Sus experiencias y consejos pueden a menudo salvar una persona m\u00e1s joven de serias ca\u00eddas (Hebreos 13:7-17).<\/p>\n<p>3. Gu\u00eda a trav\u00e9s de las circunstancias. Puesto que Dios controla el Universo entero, \u00c9l puede planear, y a menudo lo hace, las circunstancias de nuestras vidas para revelar su voluntad. Una carta, un e-mail, un mensaje o\u00eddo en la radio o Internet puede llegar al justo momento con la justa informaci\u00f3n necesitada para marcar el rumbo.<\/p>\n<p>4. Gu\u00eda a trav\u00e9s del Esp\u00edritu Santo. El Esp\u00edritu de Dios puede influenciar nuestras convicciones, nuestros deseos o nuestras inclinaciones de tal manera de hacer clara la voluntad de Dios. En tales casos, la gu\u00eda es tan obvia que oponerse ser\u00eda lo mismo que desobediencia (Hechos 11:12; 16:6-7).<\/p>\n<p>5. Una palabra adicional. Cuando Dios da luz, camina en ella (Hechos 26:19). La gu\u00eda debe ser obedecida para tener continuidad. Obediencia es la base de una vida de verdadera felicidad y valores perdurables.<\/p>\n<!-- AddThis Advanced Settings generic via filter on the_content --><!-- AddThis Share Buttons generic via filter on the_content -->","protected":false},"excerpt":{"rendered":"<p>ESPERANDO LA VOLUNTAD DE DIOS \u00bfC\u00f3mo puede un cristiano saber la voluntad de Dios para su vida? Todo cristiano deber\u00eda estar intensamente interesado en saber la voluntad de Dios para su vida. Si el Plan del Se\u00f1or no es conocido y obedecido, entonces nuestras vidas est\u00e1n malgastadas, y perderemos el \u201cbien hecho\u201d del maestro. Las [&hellip;]<!-- AddThis Advanced Settings generic via filter on get_the_excerpt --><!-- AddThis Share Buttons generic via filter on get_the_excerpt --><\/p>\n","protected":false},"author":21,"featured_media":0,"parent":5034,"menu_order":0,"comment_status":"closed","ping_status":"closed","template":"","meta":{"jetpack_post_was_ever_published":false,"footnotes":""},"categories":[],"tags":[],"class_list":["post-7618","page","type-page","status-publish","hentry"],"yoast_head":"<!-- This site is optimized with the Yoast SEO Premium plugin v24.8 (Yoast SEO v24.8.1) - https:\/\/yoast.com\/wordpress\/plugins\/seo\/ -->\n<title>Que ense\u00f1a la Biblia - La voluntad de Dios - BBN<\/title>\n<meta name=\"robots\" content=\"index, follow, max-snippet:-1, max-image-preview:large, max-video-preview:-1\" \/>\n<link rel=\"canonical\" href=\"https:\/\/bbn1.bbnradio.org\/spanish\/herramientas\/que-temas-ensena-la-biblia\/que-ensena-la-biblia-la-voluntad-de-dios\/\" \/>\n<meta property=\"og:locale\" content=\"es_ES\" \/>\n<meta property=\"og:type\" content=\"article\" \/>\n<meta property=\"og:title\" content=\"Que ense\u00f1a la Biblia - La voluntad de Dios- BBN\" \/>\n<meta property=\"og:description\" content=\"ESPERANDO LA VOLUNTAD DE DIOS \u00bfC\u00f3mo puede un cristiano saber la voluntad de Dios para su vida? Todo cristiano deber\u00eda estar intensamente interesado en saber la voluntad de Dios para su vida. Si el Plan del Se\u00f1or no es conocido y obedecido, entonces nuestras vidas est\u00e1n malgastadas, y perderemos el \u201cbien hecho\u201d del maestro. Las Escrituras son enf\u00e1ticas en ense\u00f1ar que Dios revela Su voluntad a aquellos que desean conocerla (Juan 7:17). Es un privilegio que deber\u00eda ser la experiencia normal de todo creyente (Romanos 12:2).\" \/>\n<meta property=\"og:url\" content=\"https:\/\/bbn1.bbnradio.org\/spanish\/herramientas\/que-temas-ensena-la-biblia\/que-ensena-la-biblia-la-voluntad-de-dios\/\" \/>\n<meta property=\"og:site_name\" content=\"BBN\" \/>\n<meta property=\"article:publisher\" content=\"https:\/\/www.facebook.com\/BBNEspanol\" \/>\n<meta property=\"article:modified_time\" content=\"2018-04-12T15:43:03+00:00\" \/>\n<meta name=\"twitter:card\" content=\"summary_large_image\" \/>\n<meta name=\"twitter:title\" content=\"Que ense\u00f1a la Biblia - La voluntad de Dios- BBN\" \/>\n<meta name=\"twitter:description\" content=\"Esperando la Voluntad de Dios Cap\u00edtulo 22 ESPERANDO LA VOLUNTAD DE DIOS \u00bfC\u00f3mo puede un cristiano saber la voluntad de Dios para su vida? Todo cristiano deber\u00eda estar intensamente interesado en saber la voluntad de Dios para su vida. Si el Plan del Se\u00f1or no es conocido y obedecido, entonces nuestras vidas est\u00e1n malgastadas, y perderemos el \u201cbien hecho\u201d del maestro. Las Escrituras son enf\u00e1ticas en ense\u00f1ar que Dios revela Su voluntad a aquellos que desean conocerla (Juan 7:17). Es un privilegio que deber\u00eda ser la experiencia normal de todo creyente (Romanos 12:2).\" \/>\n<meta name=\"twitter:site\" content=\"@BBNEspanol\" \/>\n<meta name=\"twitter:label1\" content=\"Tiempo de lectura\" \/>\n\t<meta name=\"twitter:data1\" content=\"4 minutos\" \/>\n<script type=\"application\/ld+json\" class=\"yoast-schema-graph\">{\"@context\":\"https:\/\/schema.org\",\"@graph\":[{\"@type\":\"WebPage\",\"@id\":\"https:\/\/bbn1.bbnradio.org\/spanish\/herramientas\/que-temas-ensena-la-biblia\/que-ensena-la-biblia-la-voluntad-de-dios\/\",\"url\":\"https:\/\/bbn1.bbnradio.org\/spanish\/herramientas\/que-temas-ensena-la-biblia\/que-ensena-la-biblia-la-voluntad-de-dios\/\",\"name\":\"Que ense\u00f1a la Biblia - La voluntad de Dios - BBN\",\"isPartOf\":{\"@id\":\"https:\/\/bbn1.bbnradio.org\/spanish\/#website\"},\"datePublished\":\"2016-04-04T20:27:40+00:00\",\"dateModified\":\"2018-04-12T15:43:03+00:00\",\"breadcrumb\":{\"@id\":\"https:\/\/bbn1.bbnradio.org\/spanish\/herramientas\/que-temas-ensena-la-biblia\/que-ensena-la-biblia-la-voluntad-de-dios\/#breadcrumb\"},\"inLanguage\":\"es\",\"potentialAction\":[{\"@type\":\"ReadAction\",\"target\":[\"https:\/\/bbn1.bbnradio.org\/spanish\/herramientas\/que-temas-ensena-la-biblia\/que-ensena-la-biblia-la-voluntad-de-dios\/\"]}]},{\"@type\":\"BreadcrumbList\",\"@id\":\"https:\/\/bbn1.bbnradio.org\/spanish\/herramientas\/que-temas-ensena-la-biblia\/que-ensena-la-biblia-la-voluntad-de-dios\/#breadcrumb\",\"itemListElement\":[{\"@type\":\"ListItem\",\"position\":1,\"name\":\"Home\",\"item\":\"https:\/\/bbn1.bbnradio.org\/spanish\/inicio\/\"},{\"@type\":\"ListItem\",\"position\":2,\"name\":\"Herramientas\",\"item\":\"https:\/\/bbn1.bbnradio.org\/spanish\/herramientas\/\"},{\"@type\":\"ListItem\",\"position\":3,\"name\":\"Que temas ense\u00f1a la Biblia\",\"item\":\"https:\/\/bbn1.bbnradio.org\/spanish\/herramientas\/que-temas-ensena-la-biblia\/\"},{\"@type\":\"ListItem\",\"position\":4,\"name\":\"Que ense\u00f1a la Biblia &#8211; La voluntad de Dios\"}]},{\"@type\":\"WebSite\",\"@id\":\"https:\/\/bbn1.bbnradio.org\/spanish\/#website\",\"url\":\"https:\/\/bbn1.bbnradio.org\/spanish\/\",\"name\":\"BBN Spanish\",\"description\":\"BBN\",\"potentialAction\":[{\"@type\":\"SearchAction\",\"target\":{\"@type\":\"EntryPoint\",\"urlTemplate\":\"https:\/\/bbn1.bbnradio.org\/spanish\/?s={search_term_string}\"},\"query-input\":{\"@type\":\"PropertyValueSpecification\",\"valueRequired\":true,\"valueName\":\"search_term_string\"}}],\"inLanguage\":\"es\"}]}<\/script>\n<!-- \/ Yoast SEO Premium plugin. -->","yoast_head_json":{"title":"Que ense\u00f1a la Biblia - La voluntad de Dios - BBN","robots":{"index":"index","follow":"follow","max-snippet":"max-snippet:-1","max-image-preview":"max-image-preview:large","max-video-preview":"max-video-preview:-1"},"canonical":"https:\/\/bbn1.bbnradio.org\/spanish\/herramientas\/que-temas-ensena-la-biblia\/que-ensena-la-biblia-la-voluntad-de-dios\/","og_locale":"es_ES","og_type":"article","og_title":"Que ense\u00f1a la Biblia - La voluntad de Dios- BBN","og_description":"ESPERANDO LA VOLUNTAD DE DIOS \u00bfC\u00f3mo puede un cristiano saber la voluntad de Dios para su vida? Todo cristiano deber\u00eda estar intensamente interesado en saber la voluntad de Dios para su vida. Si el Plan del Se\u00f1or no es conocido y obedecido, entonces nuestras vidas est\u00e1n malgastadas, y perderemos el \u201cbien hecho\u201d del maestro. Las Escrituras son enf\u00e1ticas en ense\u00f1ar que Dios revela Su voluntad a aquellos que desean conocerla (Juan 7:17). Es un privilegio que deber\u00eda ser la experiencia normal de todo creyente (Romanos 12:2).","og_url":"https:\/\/bbn1.bbnradio.org\/spanish\/herramientas\/que-temas-ensena-la-biblia\/que-ensena-la-biblia-la-voluntad-de-dios\/","og_site_name":"BBN","article_publisher":"https:\/\/www.facebook.com\/BBNEspanol","article_modified_time":"2018-04-12T15:43:03+00:00","twitter_card":"summary_large_image","twitter_title":"Que ense\u00f1a la Biblia - La voluntad de Dios- BBN","twitter_description":"Esperando la Voluntad de Dios Cap\u00edtulo 22 ESPERANDO LA VOLUNTAD DE DIOS \u00bfC\u00f3mo puede un cristiano saber la voluntad de Dios para su vida? Todo cristiano deber\u00eda estar intensamente interesado en saber la voluntad de Dios para su vida. Si el Plan del Se\u00f1or no es conocido y obedecido, entonces nuestras vidas est\u00e1n malgastadas, y perderemos el \u201cbien hecho\u201d del maestro. Las Escrituras son enf\u00e1ticas en ense\u00f1ar que Dios revela Su voluntad a aquellos que desean conocerla (Juan 7:17). Es un privilegio que deber\u00eda ser la experiencia normal de todo creyente (Romanos 12:2).","twitter_site":"@BBNEspanol","twitter_misc":{"Tiempo de lectura":"4 minutos"},"schema":{"@context":"https:\/\/schema.org","@graph":[{"@type":"WebPage","@id":"https:\/\/bbn1.bbnradio.org\/spanish\/herramientas\/que-temas-ensena-la-biblia\/que-ensena-la-biblia-la-voluntad-de-dios\/","url":"https:\/\/bbn1.bbnradio.org\/spanish\/herramientas\/que-temas-ensena-la-biblia\/que-ensena-la-biblia-la-voluntad-de-dios\/","name":"Que ense\u00f1a la Biblia - La voluntad de Dios - BBN","isPartOf":{"@id":"https:\/\/bbn1.bbnradio.org\/spanish\/#website"},"datePublished":"2016-04-04T20:27:40+00:00","dateModified":"2018-04-12T15:43:03+00:00","breadcrumb":{"@id":"https:\/\/bbn1.bbnradio.org\/spanish\/herramientas\/que-temas-ensena-la-biblia\/que-ensena-la-biblia-la-voluntad-de-dios\/#breadcrumb"},"inLanguage":"es","potentialAction":[{"@type":"ReadAction","target":["https:\/\/bbn1.bbnradio.org\/spanish\/herramientas\/que-temas-ensena-la-biblia\/que-ensena-la-biblia-la-voluntad-de-dios\/"]}]},{"@type":"BreadcrumbList","@id":"https:\/\/bbn1.bbnradio.org\/spanish\/herramientas\/que-temas-ensena-la-biblia\/que-ensena-la-biblia-la-voluntad-de-dios\/#breadcrumb","itemListElement":[{"@type":"ListItem","position":1,"name":"Home","item":"https:\/\/bbn1.bbnradio.org\/spanish\/inicio\/"},{"@type":"ListItem","position":2,"name":"Herramientas","item":"https:\/\/bbn1.bbnradio.org\/spanish\/herramientas\/"},{"@type":"ListItem","position":3,"name":"Que temas ense\u00f1a la Biblia","item":"https:\/\/bbn1.bbnradio.org\/spanish\/herramientas\/que-temas-ensena-la-biblia\/"},{"@type":"ListItem","position":4,"name":"Que ense\u00f1a la Biblia &#8211; La voluntad de Dios"}]},{"@type":"WebSite","@id":"https:\/\/bbn1.bbnradio.org\/spanish\/#website","url":"https:\/\/bbn1.bbnradio.org\/spanish\/","name":"BBN Spanish","description":"BBN","potentialAction":[{"@type":"SearchAction","target":{"@type":"EntryPoint","urlTemplate":"https:\/\/bbn1.bbnradio.org\/spanish\/?s={search_term_string}"},"query-input":{"@type":"PropertyValueSpecification","valueRequired":true,"valueName":"search_term_string"}}],"inLanguage":"es"}]}},"jetpack_sharing_enabled":true,"jetpack_shortlink":"https:\/\/wp.me\/P85nNm-1YS","_links":{"self":[{"href":"https:\/\/bbn1.bbnradio.org\/spanish\/wp-json\/wp\/v2\/pages\/7618","targetHints":{"allow":["GET"]}}],"collection":[{"href":"https:\/\/bbn1.bbnradio.org\/spanish\/wp-json\/wp\/v2\/pages"}],"about":[{"href":"https:\/\/bbn1.bbnradio.org\/spanish\/wp-json\/wp\/v2\/types\/page"}],"author":[{"embeddable":true,"href":"https:\/\/bbn1.bbnradio.org\/spanish\/wp-json\/wp\/v2\/users\/21"}],"replies":[{"embeddable":true,"href":"https:\/\/bbn1.bbnradio.org\/spanish\/wp-json\/wp\/v2\/comments?post=7618"}],"version-history":[{"count":2,"href":"https:\/\/bbn1.bbnradio.org\/spanish\/wp-json\/wp\/v2\/pages\/7618\/revisions"}],"predecessor-version":[{"id":12837,"href":"https:\/\/bbn1.bbnradio.org\/spanish\/wp-json\/wp\/v2\/pages\/7618\/revisions\/12837"}],"up":[{"embeddable":true,"href":"https:\/\/bbn1.bbnradio.org\/spanish\/wp-json\/wp\/v2\/pages\/5034"}],"wp:attachment":[{"href":"https:\/\/bbn1.bbnradio.org\/spanish\/wp-json\/wp\/v2\/media?parent=7618"}],"wp:term":[{"taxonomy":"category","embeddable":true,"href":"https:\/\/bbn1.bbnradio.org\/spanish\/wp-json\/wp\/v2\/categories?post=7618"},{"taxonomy":"post_tag","embeddable":true,"href":"https:\/\/bbn1.bbnradio.org\/spanish\/wp-json\/wp\/v2\/tags?post=7618"}],"curies":[{"name":"wp","href":"https:\/\/api.w.org\/{rel}","templated":true}]}}