{"id":7622,"date":"2016-04-04T16:29:41","date_gmt":"2016-04-04T20:29:41","guid":{"rendered":"https:\/\/bbn1.bbnradio.org\/english\/?page_id=7622"},"modified":"2018-04-05T15:19:59","modified_gmt":"2018-04-05T20:19:59","slug":"que-ensena-la-biblia-testificar-y-ganar-a-otros","status":"publish","type":"page","link":"https:\/\/bbn1.bbnradio.org\/spanish\/herramientas\/que-temas-ensena-la-biblia\/que-ensena-la-biblia-testificar-y-ganar-a-otros\/","title":{"rendered":"Que ense\u00f1a la Biblia &#8211; Testificar y ganar a otros"},"content":{"rendered":"<p><strong>TESTIFICAR Y GANAR A OTROS<\/strong><\/p>\n<p>\u00bfC\u00f3mo puede un cristiano guiar a otros a Cristo? Ganar almas para Jesucristo es una de las m\u00e1s grandes ocupaciones en el mundo hoy (Proverbios 11:30). Pese a que no hay estrictas ni r\u00e1pidas reglas para asegurar \u00e9xito en esta tarea, hay algunos principios generales que son extremadamente valiosos. Cuando testificas, est\u00e1s en una batalla espiritual. Antes de ir a esa batalla debes ponerte toda la armadura de Dios, una pieza a la vez (Efesios 6:11-18).<\/p>\n<p>A. Es de primera importancia que el ganador de almas est\u00e9 espiritualmente sano: debe estar constantemente alimentado de la Palabra, debe pasar mucho tiempo en oraci\u00f3n, debe estar sometido a Dios, debe confesar y abandonar todo pecado. Al andar en el Esp\u00edritu, el cristiano encontrar\u00e1 que el Se\u00f1or proveer\u00e1 oportunidades para testificar efectivamente. Esta es indudablemente la Regla de Oro del ganador de almas: \u00abVive cerca de Dios\u00bb (Mateo 4:19). Recuerda que tu vida es un testimonio continuo, bueno, malo o indiferente.<\/p>\n<p>B. Es buena cosa empezar cada d\u00eda pidi\u00e9ndole a Dios que nos gu\u00ede a aquellos que \u00c9l quiere que contactemos. Es obvio que no podemos hablarles a todos los que vemos. Tambi\u00e9n es claro que no tenemos manera de saber por nosotros mismos cual alma est\u00e1 \u00ablista\u00bb para salvaci\u00f3n. Pero si le permitimos al Se\u00f1or guiarnos, trabajaremos m\u00e1s eficientemente y cosecharemos m\u00e1s fruto para \u00c9l.<\/p>\n<p>Entonces durante el d\u00eda deber\u00edamos aprovechar las oportunidades de hablar de Cristo. Cuando compa\u00f1eros de trabajo profanan el Nombre del Se\u00f1or, por ejemplo, tenemos entonces oportunidad para una discreta y amable palabra de testimonio. Frecuentemente los temas religiosos surgen en conversaci\u00f3n, deber\u00edamos preparar la mayor\u00eda de ellos. No siempre tenemos que esperar por oportunidades: podemos generarlas nosotros mismos. El hombre mundano habla libremente sobre pol\u00edtica, el clima y los deportes. \u00bfPor qu\u00e9 nuestros labios estar\u00edan cerrados acerca de Cristo, nuestro Redentor?<\/p>\n<p>B. Mencione la Palabra de Dios lo m\u00e1s posible. Mejor a\u00fan, ll\u00e9valos a leerla.<\/p>\n<p>\u00a1Es palabra Viviente! Es la Espada del Esp\u00edritu. Hebreos 4:12. Tiene poder para alcanzar a las almas m\u00e1s all\u00e1 de cualquier palabra que nosotros pudi\u00e9semos decir. Todo buen soldado de Jesucristo deber\u00eda usar la m\u00e1s grande de las armas. Los no salvos har\u00e1n todo lo que puedan para pararte de recitarles vers\u00edculos b\u00edblicos, pero no te detengas. Si ellos dicen que no creen en la Biblia, c\u00edtales m\u00e1s de ella. La Biblia nos ense\u00f1a a sembrar y cosechar. Hay un tiempo para sembrar y un tiempo para cosechar. Es Dios quien nos da la cosecha. Si no siembras no habr\u00e1 cosecha. Su Palabra es la semilla, as\u00ed que esp\u00e1rcela a lo largo y a lo ancho (Mateo 13:4-8).<\/p>\n<p>Sigue cada contacto. No muchas personas son salvos la primera vez que escuchan el Evangelio, usualmente debemos hablarles una y otra vez, y tener muestra bondad hacia ellos. Entr\u00e9gales buena literatura evangel\u00edstica. Inv\u00edtales a asistir a reuniones evangel\u00edsticas contigo. Sobre todo, ora mucho por ellos. No seas descort\u00e9s si alguien es hostil contigo, la oposici\u00f3n es a menudo una se\u00f1al de que ellos est\u00e1n siendo convencidos por el Esp\u00edritu Santo, mientras que es casi imposible tratar con la indiferencia.<\/p>\n<p>C. No les presiones para decisiones r\u00e1pidas.<\/p>\n<p>Una falsa profesi\u00f3n de fe no s\u00f3lo es peor, sino que puede enga\u00f1ar al individuo en s\u00ed mismo y puede hacer mucho da\u00f1o a la causa de Cristo. Debes ser fiel en sembrar la semilla, y Dios ser\u00e1 fiel en darte el incremento (Juan 4:35-38).<\/p>\n<p>Si encuentras dificultad en hablar a otros acerca del Se\u00f1or, dile al Se\u00f1or acerca de esto y p\u00eddele fuerzas y coraje para testificar de \u00c9l. Si realmente lo quieres, \u00c9l te lo dar\u00e1 (Mateo 10:32).<\/p>\n<p>Siempre lleva contigo una buena cantidad de literatura evangel\u00edstica. No puedes s\u00f3lo compartir folletos con aquellos que te encuentras, sino que tambi\u00e9n puedes dejarlos en la calle, en los autom\u00f3viles o en los microbuses, en restaurantes, o en casi todo lugar p\u00fablico.<\/p>\n<p>Las recompensas de los ganadores de almas son tremendas: (1) \u00a1El gozo de guiar personas a Cristo es indescriptible! Lucas 15:10. (2) \u00a1Cu\u00e1nto m\u00e1s grande ser\u00e1 el gozo en el cielo cuando alguien te encuentre con estas palabras: \u00abfuiste t\u00fa quien me invit\u00f3 a venir aqu\u00ed!\u00bb (3) Finalmente, cu\u00e1n incomparable ser\u00e1 la emoci\u00f3n cuando el Se\u00f1or Jesucristo abiertamente te confiese delante de las multitudes en los cielos. Mateo 10:32.<\/p>\n<p>En vista a todo esto, que nuestra constante oraci\u00f3n sea:<\/p>\n<p>Hazme mirar las multitudes como mi Salvador lo hizo,<br \/>\nCon l\u00e1grimas cultiva mis ojos oscurecidos.<br \/>\nD\u00e9jame contemplar con misericordia la oveja extraviada,<br \/>\nY amarlos por amor de \u00c9l. Mateo 9:36.<\/p>\n<!-- AddThis Advanced Settings generic via filter on the_content --><!-- AddThis Share Buttons generic via filter on the_content -->","protected":false},"excerpt":{"rendered":"<p>TESTIFICAR Y GANAR A OTROS \u00bfC\u00f3mo puede un cristiano guiar a otros a Cristo? Ganar almas para Jesucristo es una de las m\u00e1s grandes ocupaciones en el mundo hoy (Proverbios 11:30). Pese a que no hay estrictas ni r\u00e1pidas reglas para asegurar \u00e9xito en esta tarea, hay algunos principios generales que son extremadamente valiosos. Cuando [&hellip;]<!-- AddThis Advanced Settings generic via filter on get_the_excerpt --><!-- AddThis Share Buttons generic via filter on get_the_excerpt --><\/p>\n","protected":false},"author":21,"featured_media":0,"parent":5034,"menu_order":0,"comment_status":"closed","ping_status":"closed","template":"","meta":{"jetpack_post_was_ever_published":false,"footnotes":""},"categories":[],"tags":[],"class_list":["post-7622","page","type-page","status-publish","hentry"],"yoast_head":"<!-- This site is optimized with the Yoast SEO Premium plugin v24.8 (Yoast SEO v24.8.1) - https:\/\/yoast.com\/wordpress\/plugins\/seo\/ -->\n<title>Que ense\u00f1a la Biblia - Testificar y ganar a otros - BBN<\/title>\n<meta name=\"robots\" content=\"index, follow, max-snippet:-1, max-image-preview:large, max-video-preview:-1\" \/>\n<link rel=\"canonical\" href=\"https:\/\/bbn1.bbnradio.org\/spanish\/herramientas\/que-temas-ensena-la-biblia\/que-ensena-la-biblia-testificar-y-ganar-a-otros\/\" \/>\n<meta property=\"og:locale\" content=\"es_ES\" \/>\n<meta property=\"og:type\" content=\"article\" \/>\n<meta property=\"og:title\" content=\"\u00bfQue ense\u00f1a la Biblia en cuanto a Testificar y ganar almas?\" \/>\n<meta property=\"og:description\" content=\"TESTIFICANDO Y GANANDO \u00bfC\u00f3mo puede un cristiano guiar a otros a Cristo? Ganar almas para Jesucristo es una de las m\u00e1s grandes ocupaciones en el mundo hoy (Proverbios 11:30). Pese a que no hay estrictas ni r\u00e1pidas reglas para asegurar \u00e9xito en esta tarea, hay algunos principios generales que son extremadamente valiosos. Cuando testificas, est\u00e1s en una batalla espiritual. Antes de ir a esa batalla debes ponerte toda la armadura de Dios, una pieza a la vez (Efesios 6:11-18).\" \/>\n<meta property=\"og:url\" content=\"https:\/\/bbn1.bbnradio.org\/spanish\/herramientas\/que-temas-ensena-la-biblia\/que-ensena-la-biblia-testificar-y-ganar-a-otros\/\" \/>\n<meta property=\"og:site_name\" content=\"BBN\" \/>\n<meta property=\"article:publisher\" content=\"https:\/\/www.facebook.com\/BBNEspanol\" \/>\n<meta property=\"article:modified_time\" content=\"2018-04-05T20:19:59+00:00\" \/>\n<meta name=\"twitter:card\" content=\"summary_large_image\" \/>\n<meta name=\"twitter:title\" content=\"\u00bfQue ense\u00f1a la Biblia en cuanto a Testificar y Ganar Almas?\" \/>\n<meta name=\"twitter:description\" content=\"TESTIFICANDO Y GANANDO \u00bfC\u00f3mo puede un cristiano guiar a otros a Cristo? Ganar almas para Jesucristo es una de las m\u00e1s grandes ocupaciones en el mundo hoy (Proverbios 11:30). Pese a que no hay estrictas ni r\u00e1pidas reglas para asegurar \u00e9xito en esta tarea, hay algunos principios generales que son extremadamente valiosos. Cuando testificas, est\u00e1s en una batalla espiritual. Antes de ir a esa batalla debes ponerte toda la armadura de Dios, una pieza a la vez (Efesios 6:11-18).\" \/>\n<meta name=\"twitter:site\" content=\"@BBNEspanol\" \/>\n<meta name=\"twitter:label1\" content=\"Tiempo de lectura\" \/>\n\t<meta name=\"twitter:data1\" content=\"4 minutos\" \/>\n<script type=\"application\/ld+json\" class=\"yoast-schema-graph\">{\"@context\":\"https:\/\/schema.org\",\"@graph\":[{\"@type\":\"WebPage\",\"@id\":\"https:\/\/bbn1.bbnradio.org\/spanish\/herramientas\/que-temas-ensena-la-biblia\/que-ensena-la-biblia-testificar-y-ganar-a-otros\/\",\"url\":\"https:\/\/bbn1.bbnradio.org\/spanish\/herramientas\/que-temas-ensena-la-biblia\/que-ensena-la-biblia-testificar-y-ganar-a-otros\/\",\"name\":\"Que ense\u00f1a la Biblia - Testificar y ganar a otros - BBN\",\"isPartOf\":{\"@id\":\"https:\/\/bbn1.bbnradio.org\/spanish\/#website\"},\"datePublished\":\"2016-04-04T20:29:41+00:00\",\"dateModified\":\"2018-04-05T20:19:59+00:00\",\"breadcrumb\":{\"@id\":\"https:\/\/bbn1.bbnradio.org\/spanish\/herramientas\/que-temas-ensena-la-biblia\/que-ensena-la-biblia-testificar-y-ganar-a-otros\/#breadcrumb\"},\"inLanguage\":\"es\",\"potentialAction\":[{\"@type\":\"ReadAction\",\"target\":[\"https:\/\/bbn1.bbnradio.org\/spanish\/herramientas\/que-temas-ensena-la-biblia\/que-ensena-la-biblia-testificar-y-ganar-a-otros\/\"]}]},{\"@type\":\"BreadcrumbList\",\"@id\":\"https:\/\/bbn1.bbnradio.org\/spanish\/herramientas\/que-temas-ensena-la-biblia\/que-ensena-la-biblia-testificar-y-ganar-a-otros\/#breadcrumb\",\"itemListElement\":[{\"@type\":\"ListItem\",\"position\":1,\"name\":\"Home\",\"item\":\"https:\/\/bbn1.bbnradio.org\/spanish\/inicio\/\"},{\"@type\":\"ListItem\",\"position\":2,\"name\":\"Herramientas\",\"item\":\"https:\/\/bbn1.bbnradio.org\/spanish\/herramientas\/\"},{\"@type\":\"ListItem\",\"position\":3,\"name\":\"Que temas ense\u00f1a la Biblia\",\"item\":\"https:\/\/bbn1.bbnradio.org\/spanish\/herramientas\/que-temas-ensena-la-biblia\/\"},{\"@type\":\"ListItem\",\"position\":4,\"name\":\"Que ense\u00f1a la Biblia &#8211; Testificar y ganar a otros\"}]},{\"@type\":\"WebSite\",\"@id\":\"https:\/\/bbn1.bbnradio.org\/spanish\/#website\",\"url\":\"https:\/\/bbn1.bbnradio.org\/spanish\/\",\"name\":\"BBN Spanish\",\"description\":\"BBN\",\"potentialAction\":[{\"@type\":\"SearchAction\",\"target\":{\"@type\":\"EntryPoint\",\"urlTemplate\":\"https:\/\/bbn1.bbnradio.org\/spanish\/?s={search_term_string}\"},\"query-input\":{\"@type\":\"PropertyValueSpecification\",\"valueRequired\":true,\"valueName\":\"search_term_string\"}}],\"inLanguage\":\"es\"}]}<\/script>\n<!-- \/ Yoast SEO Premium plugin. -->","yoast_head_json":{"title":"Que ense\u00f1a la Biblia - Testificar y ganar a otros - BBN","robots":{"index":"index","follow":"follow","max-snippet":"max-snippet:-1","max-image-preview":"max-image-preview:large","max-video-preview":"max-video-preview:-1"},"canonical":"https:\/\/bbn1.bbnradio.org\/spanish\/herramientas\/que-temas-ensena-la-biblia\/que-ensena-la-biblia-testificar-y-ganar-a-otros\/","og_locale":"es_ES","og_type":"article","og_title":"\u00bfQue ense\u00f1a la Biblia en cuanto a Testificar y ganar almas?","og_description":"TESTIFICANDO Y GANANDO \u00bfC\u00f3mo puede un cristiano guiar a otros a Cristo? Ganar almas para Jesucristo es una de las m\u00e1s grandes ocupaciones en el mundo hoy (Proverbios 11:30). Pese a que no hay estrictas ni r\u00e1pidas reglas para asegurar \u00e9xito en esta tarea, hay algunos principios generales que son extremadamente valiosos. Cuando testificas, est\u00e1s en una batalla espiritual. Antes de ir a esa batalla debes ponerte toda la armadura de Dios, una pieza a la vez (Efesios 6:11-18).","og_url":"https:\/\/bbn1.bbnradio.org\/spanish\/herramientas\/que-temas-ensena-la-biblia\/que-ensena-la-biblia-testificar-y-ganar-a-otros\/","og_site_name":"BBN","article_publisher":"https:\/\/www.facebook.com\/BBNEspanol","article_modified_time":"2018-04-05T20:19:59+00:00","twitter_card":"summary_large_image","twitter_title":"\u00bfQue ense\u00f1a la Biblia en cuanto a Testificar y Ganar Almas?","twitter_description":"TESTIFICANDO Y GANANDO \u00bfC\u00f3mo puede un cristiano guiar a otros a Cristo? Ganar almas para Jesucristo es una de las m\u00e1s grandes ocupaciones en el mundo hoy (Proverbios 11:30). Pese a que no hay estrictas ni r\u00e1pidas reglas para asegurar \u00e9xito en esta tarea, hay algunos principios generales que son extremadamente valiosos. Cuando testificas, est\u00e1s en una batalla espiritual. Antes de ir a esa batalla debes ponerte toda la armadura de Dios, una pieza a la vez (Efesios 6:11-18).","twitter_site":"@BBNEspanol","twitter_misc":{"Tiempo de lectura":"4 minutos"},"schema":{"@context":"https:\/\/schema.org","@graph":[{"@type":"WebPage","@id":"https:\/\/bbn1.bbnradio.org\/spanish\/herramientas\/que-temas-ensena-la-biblia\/que-ensena-la-biblia-testificar-y-ganar-a-otros\/","url":"https:\/\/bbn1.bbnradio.org\/spanish\/herramientas\/que-temas-ensena-la-biblia\/que-ensena-la-biblia-testificar-y-ganar-a-otros\/","name":"Que ense\u00f1a la Biblia - Testificar y ganar a otros - BBN","isPartOf":{"@id":"https:\/\/bbn1.bbnradio.org\/spanish\/#website"},"datePublished":"2016-04-04T20:29:41+00:00","dateModified":"2018-04-05T20:19:59+00:00","breadcrumb":{"@id":"https:\/\/bbn1.bbnradio.org\/spanish\/herramientas\/que-temas-ensena-la-biblia\/que-ensena-la-biblia-testificar-y-ganar-a-otros\/#breadcrumb"},"inLanguage":"es","potentialAction":[{"@type":"ReadAction","target":["https:\/\/bbn1.bbnradio.org\/spanish\/herramientas\/que-temas-ensena-la-biblia\/que-ensena-la-biblia-testificar-y-ganar-a-otros\/"]}]},{"@type":"BreadcrumbList","@id":"https:\/\/bbn1.bbnradio.org\/spanish\/herramientas\/que-temas-ensena-la-biblia\/que-ensena-la-biblia-testificar-y-ganar-a-otros\/#breadcrumb","itemListElement":[{"@type":"ListItem","position":1,"name":"Home","item":"https:\/\/bbn1.bbnradio.org\/spanish\/inicio\/"},{"@type":"ListItem","position":2,"name":"Herramientas","item":"https:\/\/bbn1.bbnradio.org\/spanish\/herramientas\/"},{"@type":"ListItem","position":3,"name":"Que temas ense\u00f1a la Biblia","item":"https:\/\/bbn1.bbnradio.org\/spanish\/herramientas\/que-temas-ensena-la-biblia\/"},{"@type":"ListItem","position":4,"name":"Que ense\u00f1a la Biblia &#8211; Testificar y ganar a otros"}]},{"@type":"WebSite","@id":"https:\/\/bbn1.bbnradio.org\/spanish\/#website","url":"https:\/\/bbn1.bbnradio.org\/spanish\/","name":"BBN Spanish","description":"BBN","potentialAction":[{"@type":"SearchAction","target":{"@type":"EntryPoint","urlTemplate":"https:\/\/bbn1.bbnradio.org\/spanish\/?s={search_term_string}"},"query-input":{"@type":"PropertyValueSpecification","valueRequired":true,"valueName":"search_term_string"}}],"inLanguage":"es"}]}},"jetpack_sharing_enabled":true,"jetpack_shortlink":"https:\/\/wp.me\/P85nNm-1YW","_links":{"self":[{"href":"https:\/\/bbn1.bbnradio.org\/spanish\/wp-json\/wp\/v2\/pages\/7622","targetHints":{"allow":["GET"]}}],"collection":[{"href":"https:\/\/bbn1.bbnradio.org\/spanish\/wp-json\/wp\/v2\/pages"}],"about":[{"href":"https:\/\/bbn1.bbnradio.org\/spanish\/wp-json\/wp\/v2\/types\/page"}],"author":[{"embeddable":true,"href":"https:\/\/bbn1.bbnradio.org\/spanish\/wp-json\/wp\/v2\/users\/21"}],"replies":[{"embeddable":true,"href":"https:\/\/bbn1.bbnradio.org\/spanish\/wp-json\/wp\/v2\/comments?post=7622"}],"version-history":[{"count":1,"href":"https:\/\/bbn1.bbnradio.org\/spanish\/wp-json\/wp\/v2\/pages\/7622\/revisions"}],"predecessor-version":[{"id":12323,"href":"https:\/\/bbn1.bbnradio.org\/spanish\/wp-json\/wp\/v2\/pages\/7622\/revisions\/12323"}],"up":[{"embeddable":true,"href":"https:\/\/bbn1.bbnradio.org\/spanish\/wp-json\/wp\/v2\/pages\/5034"}],"wp:attachment":[{"href":"https:\/\/bbn1.bbnradio.org\/spanish\/wp-json\/wp\/v2\/media?parent=7622"}],"wp:term":[{"taxonomy":"category","embeddable":true,"href":"https:\/\/bbn1.bbnradio.org\/spanish\/wp-json\/wp\/v2\/categories?post=7622"},{"taxonomy":"post_tag","embeddable":true,"href":"https:\/\/bbn1.bbnradio.org\/spanish\/wp-json\/wp\/v2\/tags?post=7622"}],"curies":[{"name":"wp","href":"https:\/\/api.w.org\/{rel}","templated":true}]}}