{"id":7624,"date":"2016-04-04T16:30:50","date_gmt":"2016-04-04T20:30:50","guid":{"rendered":"https:\/\/bbn1.bbnradio.org\/english\/?page_id=7624"},"modified":"2018-04-12T10:39:24","modified_gmt":"2018-04-12T15:39:24","slug":"que-ensena-la-biblia-escudrinando-las-escrituras","status":"publish","type":"page","link":"https:\/\/bbn1.bbnradio.org\/spanish\/herramientas\/que-temas-ensena-la-biblia\/que-ensena-la-biblia-escudrinando-las-escrituras\/","title":{"rendered":"Que ense\u00f1a la Biblia &#8211; Escudri\u00f1ando las Escrituras"},"content":{"rendered":"<p><strong>ESCUDRI\u00d1ANDO LAS ESCRITURAS<\/strong><\/p>\n<p>\u00bfQu\u00e9 deber\u00eda saber un cristiano acerca de la Biblia? El estudio b\u00edblico deber\u00eda ser llevado a cabo en plena dependencia del Esp\u00edritu Santo. \u00c9l es nuestro Maestro y constantemente deber\u00edamos buscar su gu\u00eda (Juan 14:26; 16:13). No hay un atajo, una manera f\u00e1cil de aprender la Biblia. Involucra duro trabajo para cada uno. De todos modos, nunca olvides que el Autor del libro est\u00e1 siempre presente, y nadie sabe m\u00e1s acerca de lo que est\u00e1 escrito que el Autor mismo. Si no entiendes, ora y p\u00eddele a \u00e9l que te ense\u00f1e lo que dice (Juan 14:26).<\/p>\n<p>A. Lo primero para hacer es apartar un tiempo definido cada d\u00eda para leer la Biblia.<\/p>\n<p>Es un buen plan comenzar en Mateo y avanzar por el Nuevo Testamento. Luego comenzar en G\u00e9nesis y leer la Biblia entera. No leas s\u00f3lo para decir que has ido por toda la Biblia, sino lee para conocer lo que la Biblia dice.<\/p>\n<p>B. Cuando llegues a una palabra desconocida, b\u00fascala en el diccionario.<\/p>\n<p>Si llegas a un pasaje que no puedes entender, primero trata de comprender el significado estudi\u00e1ndolo cuidadosamente. Si esto no alcanza, escribe una nota sobre el problema, y consulta un comentario cuando tengas oportunidad.<\/p>\n<p>C. Compara Escritura con Escritura.<\/p>\n<p>No trates de edificar una doctrina sobre un solo vers\u00edculo. Encuentra la consistente ense\u00f1anza de la Biblia entera sobre el tema. \u00abLa Verdad no contradice a la Verdad.\u00bb<\/p>\n<p>D. Ser\u00e1s bien recompensado si escribes un bosquejo de cada cap\u00edtulo, respondiendo las siguientes preguntas:<\/p>\n<p>1. \u00bfQu\u00e9 aprend\u00ed acerca de Cristo? (A\u00fan en el Antiguo Testamento hallar\u00e1s al Salvador en tipos y sombras.)<br \/>\n2. \u00bfCu\u00e1l es el principal mensaje de este cap\u00edtulo?<br \/>\n3. \u00bfQu\u00e9 preciosa promesa puedo solicitar?<br \/>\n4. \u00bfCu\u00e1l es el vers\u00edculo destacado?<br \/>\n5. \u00bfCu\u00e1l pecado fui ense\u00f1ado a evitar?<br \/>\n6. \u00bfQu\u00e9 ejemplo hay para que siga?<br \/>\n7. \u00bfCuales son los vers\u00edculos dificultosos?<\/p>\n<p>E. Durante el d\u00eda trata de discutir lo que has le\u00eddo con alguien m\u00e1s. Esto te servir\u00e1 en dos prop\u00f3sitos: te ayudar\u00e1 a fijar la lecci\u00f3n en tu propia mente y te ayudar\u00e1 a compartir con otro la bendici\u00f3n que has recibido de tu estudio b\u00edblico. Malaqu\u00edas 3:16.<\/p>\n<p>F. Trata de memorizar dos o tres vers\u00edculos cada semana.<\/p>\n<p>Comienza a compartir con familiares vers\u00edculos del evangelio tales como: Juan 1:12; Juan 3:16; Juan 3:36; Juan 5:24; Romanos 10:9, etc. Repasa todos los vers\u00edculos memorizados constantemente hasta que realmente hayan sido puestos en tu mente y coraz\u00f3n. Escr\u00edbelos en tarjetitas y ll\u00e9valos contigo para repasar durante el d\u00eda. Hallar\u00e1s tu propia vida enriquecida, y estar\u00e1s en mejores condiciones para hablar a otros.<\/p>\n<p>G. La gran meta del estudio b\u00edblico, por supuesto, es poner en pr\u00e1ctica lo que has aprendido.<\/p>\n<p>Deber\u00edamos permitir a la Palabra redarg\u00fcirnos, corregirnos y hacernos m\u00e1s como el Se\u00f1or Jes\u00fas. Jerem\u00edas 15:16. Recuerda cuando estudias la Biblia que est\u00e1s estudiando un libro eterno. Todo lo que aprendas de ella aqu\u00ed es una inversi\u00f3n para la eternidad. As\u00ed que dale lo mejor de ti.<\/p>\n<!-- AddThis Advanced Settings generic via filter on the_content --><!-- AddThis Share Buttons generic via filter on the_content -->","protected":false},"excerpt":{"rendered":"<p>ESCUDRI\u00d1ANDO LAS ESCRITURAS \u00bfQu\u00e9 deber\u00eda saber un cristiano acerca de la Biblia? El estudio b\u00edblico deber\u00eda ser llevado a cabo en plena dependencia del Esp\u00edritu Santo. \u00c9l es nuestro Maestro y constantemente deber\u00edamos buscar su gu\u00eda (Juan 14:26; 16:13). No hay un atajo, una manera f\u00e1cil de aprender la Biblia. Involucra duro trabajo para cada [&hellip;]<!-- AddThis Advanced Settings generic via filter on get_the_excerpt --><!-- AddThis Share Buttons generic via filter on get_the_excerpt --><\/p>\n","protected":false},"author":21,"featured_media":0,"parent":5034,"menu_order":0,"comment_status":"closed","ping_status":"closed","template":"","meta":{"jetpack_post_was_ever_published":false,"footnotes":""},"categories":[],"tags":[],"class_list":["post-7624","page","type-page","status-publish","hentry"],"yoast_head":"<!-- This site is optimized with the Yoast SEO Premium plugin v24.8 (Yoast SEO v24.8.1) - https:\/\/yoast.com\/wordpress\/plugins\/seo\/ -->\n<title>Que ense\u00f1a la Biblia - Escudri\u00f1ando las Escrituras - BBN<\/title>\n<meta name=\"robots\" content=\"index, follow, max-snippet:-1, max-image-preview:large, max-video-preview:-1\" \/>\n<link rel=\"canonical\" href=\"https:\/\/bbn1.bbnradio.org\/spanish\/herramientas\/que-temas-ensena-la-biblia\/que-ensena-la-biblia-escudrinando-las-escrituras\/\" \/>\n<meta property=\"og:locale\" content=\"es_ES\" \/>\n<meta property=\"og:type\" content=\"article\" \/>\n<meta property=\"og:title\" content=\"Que ense\u00f1a la Biblia - Escudri\u00f1ando las Escrituras -BBN\" \/>\n<meta property=\"og:description\" content=\"ESCUDRI\u00d1ANDO LAS ESCRITURAS \u00bfQu\u00e9 deber\u00eda saber un cristiano acerca de la Biblia? El estudio b\u00edblico deber\u00eda ser llevado a cabo en plena dependencia del Esp\u00edritu Santo. \u00c9l es nuestro Maestro y constantemente deber\u00edamos buscar su gu\u00eda (Juan 14:26; 16:13). No hay un atajo, una manera f\u00e1cil de aprender la Biblia. Involucra duro trabajo para cada uno. De todos modos, nunca olvides que el Autor del libro est\u00e1 siempre presente, y nadie sabe m\u00e1s acerca de lo que est\u00e1 escrito que el Autor mismo. Si no entiendes, ora y p\u00eddele a \u00e9l que te ense\u00f1e lo que dice (Juan 14:26).\" \/>\n<meta property=\"og:url\" content=\"https:\/\/bbn1.bbnradio.org\/spanish\/herramientas\/que-temas-ensena-la-biblia\/que-ensena-la-biblia-escudrinando-las-escrituras\/\" \/>\n<meta property=\"og:site_name\" content=\"BBN\" \/>\n<meta property=\"article:publisher\" content=\"https:\/\/www.facebook.com\/BBNEspanol\" \/>\n<meta property=\"article:modified_time\" content=\"2018-04-12T15:39:24+00:00\" \/>\n<meta name=\"twitter:card\" content=\"summary_large_image\" \/>\n<meta name=\"twitter:title\" content=\"Que ense\u00f1a la Biblia - Escudri\u00f1ando las Escrituras -BBN\" \/>\n<meta name=\"twitter:description\" content=\"ESCUDRI\u00d1ANDO LAS ESCRITURAS \u00bfQu\u00e9 deber\u00eda saber un cristiano acerca de la Biblia? El estudio b\u00edblico deber\u00eda ser llevado a cabo en plena dependencia del Esp\u00edritu Santo. \u00c9l es nuestro Maestro y constantemente deber\u00edamos buscar su gu\u00eda (Juan 14:26; 16:13). No hay un atajo, una manera f\u00e1cil de aprender la Biblia. Involucra duro trabajo para cada uno. De todos modos, nunca olvides que el Autor del libro est\u00e1 siempre presente, y nadie sabe m\u00e1s acerca de lo que est\u00e1 escrito que el Autor mismo. Si no entiendes, ora y p\u00eddele a \u00e9l que te ense\u00f1e lo que dice (Juan 14:26).\" \/>\n<meta name=\"twitter:site\" content=\"@BBNEspanol\" \/>\n<meta name=\"twitter:label1\" content=\"Tiempo de lectura\" \/>\n\t<meta name=\"twitter:data1\" content=\"3 minutos\" \/>\n<script type=\"application\/ld+json\" class=\"yoast-schema-graph\">{\"@context\":\"https:\/\/schema.org\",\"@graph\":[{\"@type\":\"WebPage\",\"@id\":\"https:\/\/bbn1.bbnradio.org\/spanish\/herramientas\/que-temas-ensena-la-biblia\/que-ensena-la-biblia-escudrinando-las-escrituras\/\",\"url\":\"https:\/\/bbn1.bbnradio.org\/spanish\/herramientas\/que-temas-ensena-la-biblia\/que-ensena-la-biblia-escudrinando-las-escrituras\/\",\"name\":\"Que ense\u00f1a la Biblia - Escudri\u00f1ando las Escrituras - BBN\",\"isPartOf\":{\"@id\":\"https:\/\/bbn1.bbnradio.org\/spanish\/#website\"},\"datePublished\":\"2016-04-04T20:30:50+00:00\",\"dateModified\":\"2018-04-12T15:39:24+00:00\",\"breadcrumb\":{\"@id\":\"https:\/\/bbn1.bbnradio.org\/spanish\/herramientas\/que-temas-ensena-la-biblia\/que-ensena-la-biblia-escudrinando-las-escrituras\/#breadcrumb\"},\"inLanguage\":\"es\",\"potentialAction\":[{\"@type\":\"ReadAction\",\"target\":[\"https:\/\/bbn1.bbnradio.org\/spanish\/herramientas\/que-temas-ensena-la-biblia\/que-ensena-la-biblia-escudrinando-las-escrituras\/\"]}]},{\"@type\":\"BreadcrumbList\",\"@id\":\"https:\/\/bbn1.bbnradio.org\/spanish\/herramientas\/que-temas-ensena-la-biblia\/que-ensena-la-biblia-escudrinando-las-escrituras\/#breadcrumb\",\"itemListElement\":[{\"@type\":\"ListItem\",\"position\":1,\"name\":\"Home\",\"item\":\"https:\/\/bbn1.bbnradio.org\/spanish\/inicio\/\"},{\"@type\":\"ListItem\",\"position\":2,\"name\":\"Herramientas\",\"item\":\"https:\/\/bbn1.bbnradio.org\/spanish\/herramientas\/\"},{\"@type\":\"ListItem\",\"position\":3,\"name\":\"Que temas ense\u00f1a la Biblia\",\"item\":\"https:\/\/bbn1.bbnradio.org\/spanish\/herramientas\/que-temas-ensena-la-biblia\/\"},{\"@type\":\"ListItem\",\"position\":4,\"name\":\"Que ense\u00f1a la Biblia &#8211; Escudri\u00f1ando las Escrituras\"}]},{\"@type\":\"WebSite\",\"@id\":\"https:\/\/bbn1.bbnradio.org\/spanish\/#website\",\"url\":\"https:\/\/bbn1.bbnradio.org\/spanish\/\",\"name\":\"BBN Spanish\",\"description\":\"BBN\",\"potentialAction\":[{\"@type\":\"SearchAction\",\"target\":{\"@type\":\"EntryPoint\",\"urlTemplate\":\"https:\/\/bbn1.bbnradio.org\/spanish\/?s={search_term_string}\"},\"query-input\":{\"@type\":\"PropertyValueSpecification\",\"valueRequired\":true,\"valueName\":\"search_term_string\"}}],\"inLanguage\":\"es\"}]}<\/script>\n<!-- \/ Yoast SEO Premium plugin. -->","yoast_head_json":{"title":"Que ense\u00f1a la Biblia - Escudri\u00f1ando las Escrituras - BBN","robots":{"index":"index","follow":"follow","max-snippet":"max-snippet:-1","max-image-preview":"max-image-preview:large","max-video-preview":"max-video-preview:-1"},"canonical":"https:\/\/bbn1.bbnradio.org\/spanish\/herramientas\/que-temas-ensena-la-biblia\/que-ensena-la-biblia-escudrinando-las-escrituras\/","og_locale":"es_ES","og_type":"article","og_title":"Que ense\u00f1a la Biblia - Escudri\u00f1ando las Escrituras -BBN","og_description":"ESCUDRI\u00d1ANDO LAS ESCRITURAS \u00bfQu\u00e9 deber\u00eda saber un cristiano acerca de la Biblia? El estudio b\u00edblico deber\u00eda ser llevado a cabo en plena dependencia del Esp\u00edritu Santo. \u00c9l es nuestro Maestro y constantemente deber\u00edamos buscar su gu\u00eda (Juan 14:26; 16:13). No hay un atajo, una manera f\u00e1cil de aprender la Biblia. Involucra duro trabajo para cada uno. De todos modos, nunca olvides que el Autor del libro est\u00e1 siempre presente, y nadie sabe m\u00e1s acerca de lo que est\u00e1 escrito que el Autor mismo. Si no entiendes, ora y p\u00eddele a \u00e9l que te ense\u00f1e lo que dice (Juan 14:26).","og_url":"https:\/\/bbn1.bbnradio.org\/spanish\/herramientas\/que-temas-ensena-la-biblia\/que-ensena-la-biblia-escudrinando-las-escrituras\/","og_site_name":"BBN","article_publisher":"https:\/\/www.facebook.com\/BBNEspanol","article_modified_time":"2018-04-12T15:39:24+00:00","twitter_card":"summary_large_image","twitter_title":"Que ense\u00f1a la Biblia - Escudri\u00f1ando las Escrituras -BBN","twitter_description":"ESCUDRI\u00d1ANDO LAS ESCRITURAS \u00bfQu\u00e9 deber\u00eda saber un cristiano acerca de la Biblia? El estudio b\u00edblico deber\u00eda ser llevado a cabo en plena dependencia del Esp\u00edritu Santo. \u00c9l es nuestro Maestro y constantemente deber\u00edamos buscar su gu\u00eda (Juan 14:26; 16:13). No hay un atajo, una manera f\u00e1cil de aprender la Biblia. Involucra duro trabajo para cada uno. De todos modos, nunca olvides que el Autor del libro est\u00e1 siempre presente, y nadie sabe m\u00e1s acerca de lo que est\u00e1 escrito que el Autor mismo. Si no entiendes, ora y p\u00eddele a \u00e9l que te ense\u00f1e lo que dice (Juan 14:26).","twitter_site":"@BBNEspanol","twitter_misc":{"Tiempo de lectura":"3 minutos"},"schema":{"@context":"https:\/\/schema.org","@graph":[{"@type":"WebPage","@id":"https:\/\/bbn1.bbnradio.org\/spanish\/herramientas\/que-temas-ensena-la-biblia\/que-ensena-la-biblia-escudrinando-las-escrituras\/","url":"https:\/\/bbn1.bbnradio.org\/spanish\/herramientas\/que-temas-ensena-la-biblia\/que-ensena-la-biblia-escudrinando-las-escrituras\/","name":"Que ense\u00f1a la Biblia - Escudri\u00f1ando las Escrituras - BBN","isPartOf":{"@id":"https:\/\/bbn1.bbnradio.org\/spanish\/#website"},"datePublished":"2016-04-04T20:30:50+00:00","dateModified":"2018-04-12T15:39:24+00:00","breadcrumb":{"@id":"https:\/\/bbn1.bbnradio.org\/spanish\/herramientas\/que-temas-ensena-la-biblia\/que-ensena-la-biblia-escudrinando-las-escrituras\/#breadcrumb"},"inLanguage":"es","potentialAction":[{"@type":"ReadAction","target":["https:\/\/bbn1.bbnradio.org\/spanish\/herramientas\/que-temas-ensena-la-biblia\/que-ensena-la-biblia-escudrinando-las-escrituras\/"]}]},{"@type":"BreadcrumbList","@id":"https:\/\/bbn1.bbnradio.org\/spanish\/herramientas\/que-temas-ensena-la-biblia\/que-ensena-la-biblia-escudrinando-las-escrituras\/#breadcrumb","itemListElement":[{"@type":"ListItem","position":1,"name":"Home","item":"https:\/\/bbn1.bbnradio.org\/spanish\/inicio\/"},{"@type":"ListItem","position":2,"name":"Herramientas","item":"https:\/\/bbn1.bbnradio.org\/spanish\/herramientas\/"},{"@type":"ListItem","position":3,"name":"Que temas ense\u00f1a la Biblia","item":"https:\/\/bbn1.bbnradio.org\/spanish\/herramientas\/que-temas-ensena-la-biblia\/"},{"@type":"ListItem","position":4,"name":"Que ense\u00f1a la Biblia &#8211; Escudri\u00f1ando las Escrituras"}]},{"@type":"WebSite","@id":"https:\/\/bbn1.bbnradio.org\/spanish\/#website","url":"https:\/\/bbn1.bbnradio.org\/spanish\/","name":"BBN Spanish","description":"BBN","potentialAction":[{"@type":"SearchAction","target":{"@type":"EntryPoint","urlTemplate":"https:\/\/bbn1.bbnradio.org\/spanish\/?s={search_term_string}"},"query-input":{"@type":"PropertyValueSpecification","valueRequired":true,"valueName":"search_term_string"}}],"inLanguage":"es"}]}},"jetpack_sharing_enabled":true,"jetpack_shortlink":"https:\/\/wp.me\/P85nNm-1YY","_links":{"self":[{"href":"https:\/\/bbn1.bbnradio.org\/spanish\/wp-json\/wp\/v2\/pages\/7624","targetHints":{"allow":["GET"]}}],"collection":[{"href":"https:\/\/bbn1.bbnradio.org\/spanish\/wp-json\/wp\/v2\/pages"}],"about":[{"href":"https:\/\/bbn1.bbnradio.org\/spanish\/wp-json\/wp\/v2\/types\/page"}],"author":[{"embeddable":true,"href":"https:\/\/bbn1.bbnradio.org\/spanish\/wp-json\/wp\/v2\/users\/21"}],"replies":[{"embeddable":true,"href":"https:\/\/bbn1.bbnradio.org\/spanish\/wp-json\/wp\/v2\/comments?post=7624"}],"version-history":[{"count":2,"href":"https:\/\/bbn1.bbnradio.org\/spanish\/wp-json\/wp\/v2\/pages\/7624\/revisions"}],"predecessor-version":[{"id":12834,"href":"https:\/\/bbn1.bbnradio.org\/spanish\/wp-json\/wp\/v2\/pages\/7624\/revisions\/12834"}],"up":[{"embeddable":true,"href":"https:\/\/bbn1.bbnradio.org\/spanish\/wp-json\/wp\/v2\/pages\/5034"}],"wp:attachment":[{"href":"https:\/\/bbn1.bbnradio.org\/spanish\/wp-json\/wp\/v2\/media?parent=7624"}],"wp:term":[{"taxonomy":"category","embeddable":true,"href":"https:\/\/bbn1.bbnradio.org\/spanish\/wp-json\/wp\/v2\/categories?post=7624"},{"taxonomy":"post_tag","embeddable":true,"href":"https:\/\/bbn1.bbnradio.org\/spanish\/wp-json\/wp\/v2\/tags?post=7624"}],"curies":[{"name":"wp","href":"https:\/\/api.w.org\/{rel}","templated":true}]}}