{"id":7651,"date":"2016-04-05T07:09:05","date_gmt":"2016-04-05T11:09:05","guid":{"rendered":"https:\/\/bbn1.bbnradio.org\/english\/?page_id=7651"},"modified":"2018-06-14T13:18:32","modified_gmt":"2018-06-14T18:18:32","slug":"hogar-cristiano-hijos-fruto-del-hogar","status":"publish","type":"page","link":"https:\/\/bbn1.bbnradio.org\/spanish\/herramientas\/un-hogar-cristiano\/hogar-cristiano-hijos-fruto-del-hogar\/","title":{"rendered":"Un Hogar Cristiano &#8211; Hijos &#8211; El fruto del Hogar"},"content":{"rendered":"\n<style type=\"text\/css\" data-created_by=\"avia_inline_auto\" id=\"style-css-av-av_image-3145ddb45f12a5a86a69b05abe5bf204\">\n.avia-image-container.av-av_image-3145ddb45f12a5a86a69b05abe5bf204 img.avia_image{\nbox-shadow:none;\n}\n.avia-image-container.av-av_image-3145ddb45f12a5a86a69b05abe5bf204 .av-image-caption-overlay-center{\ncolor:#ffffff;\n}\n<\/style>\n<div  class='avia-image-container av-av_image-3145ddb45f12a5a86a69b05abe5bf204 av-styling- avia-align-center  avia-builder-el-0  el_before_av_textblock  avia-builder-el-first '   itemprop=\"image\" itemscope=\"itemscope\" itemtype=\"https:\/\/schema.org\/ImageObject\" ><div class=\"avia-image-container-inner\"><div class=\"avia-image-overlay-wrap\"><img decoding=\"async\" fetchpriority=\"high\" class='wp-image-8615 avia-img-lazy-loading-not-8615 avia_image ' src=\"https:\/\/i0.wp.com\/bbn1.bbnradio.org\/spanish\/wp-content\/uploads\/sites\/5\/2016\/04\/A-Christian-Home-Children-The-Fruit-of-the-Home.jpg?resize=845%2C321&ssl=1\" alt='' title='A Christian Home \u2013 Children \u2013 The Fruit of the Home'  height=\"321\" width=\"845\"  itemprop=\"thumbnailUrl\"  \/><\/div><\/div><\/div>\n<section  class='av_textblock_section av-av_textblock-2de302bf1aa3cf4c9157dbe6f50ac7eb '   itemscope=\"itemscope\" itemtype=\"https:\/\/schema.org\/CreativeWork\" ><div class='avia_textblock'  itemprop=\"text\" ><p><strong>HIJOS -El fruto del hogar<\/strong><\/p>\n<p>Charles Lamb dijo que no hab\u00eda nada sobre la tierra que \u00e9l no diese por tener la posibilidad de volver a estar con su madre que hab\u00eda partido de este mundo, y de rodillas, pedirle perd\u00f3n por cada cosa que hab\u00edan afligido su gentil esp\u00edritu. Seguramente, con el avance de los a\u00f1os, cada hijo pensativo ha ca\u00eddo como \u00e9ste y ha llegado a darse cuenta de lo que sus padres han hecho por \u00e9l.<\/p>\n<p>Que nadie suponga que cada hijo es demasiado peque\u00f1o para tener una parte real en el desempe\u00f1o de un hogar. Las rueditas internas en mi reloj son peque\u00f1as, algunas excesivamente peque\u00f1as, pero ellas son todas importantes para el buen funcionamiento de esa m\u00e1quina de tiempo. Un ni\u00f1o peque\u00f1o puede ser de tan mal genio e irritante que \u00e9l perturbe la familia completa, o puede ser tan amoroso y razonable que brinde paz y buen humor al hogar completo.<\/p>\n<p><strong>Obediencia<\/strong><\/p>\n<p>Hay 3 cosas que los padres deben hacer: Amar, Disciplinar y Ense\u00f1ar, pero, \u00bfcu\u00e1les son las responsabilidades de los hijos en el hogar? \u00bfCu\u00e1l es la parte de ellos?<\/p>\n<p>La Biblia no dice, \u201cHijos, obedezcan a sus padres cuando ellos est\u00e1n en lo correcto\u201d. Dice, \u201cObedezcan a sus padres en el Se\u00f1or porque esto es justo\u201d\u2026 aun si ellos est\u00e1n equivocados (Efesios 6:1). Algunos tratar\u00edan de decir que no tenemos registro de la vida familiar de nuestro Salvador. Solo unos pocos detalles fueron escritos acerca de su vida temprana, pero ellos son reveladores. No hay palabras m\u00e1s hermosas que aquellas que dicen de \u00e9l, \u201cY descendi\u00f3 con ellos, y volvi\u00f3 a Nazaret, y estaba sujeto a ellos\u201d (eso es, a Su madre y a Su padre adoptivo). \u00bfY qui\u00e9n fue Jes\u00fas? \u00bfQui\u00e9n era este ni\u00f1o que obedec\u00eda? El era el eterno Hijo de Dios. El era el Creador del universo, \u201cporque por \u00e9l fueron hechas todas las cosas, y sin \u00e9l nada de lo que ha sido hecho fue hecho.\u201d El fue el Se\u00f1or y Maestro de todas las huestes del cielo. \u00a1Qu\u00e9 lecci\u00f3n de obediencia!<\/p>\n<p>\u201cY vosotros, padres, no provoqu\u00e9is a ira a vuestros hijos, sino criadlos en disciplina y amonestaci\u00f3n del Se\u00f1or\u201d (Efesios 6:4). Mucha gente joven tiene la idea de que obedecer y sujetarse a sus padres es una humillaci\u00f3n, una especie de restricci\u00f3n auto impuesta, la cual los limita. \u00bfTuvo ese efecto sobre Jes\u00fas? Sabemos que no. Una vida joven no deber\u00eda ser impedida ni dejar descarriarse, si sigue cuidadosamente las advertencias de fieles padres cristianos. Ninguna joven persona que fue una vez estudiante, se estorb\u00f3 o injuri\u00f3 por obedecer las instrucciones impl\u00edcitas de padres piadosos. Jes\u00fas obedeci\u00f3 sus padres terrenales hasta que tuvo 30 a\u00f1os de edad, entonces \u00c9l dej\u00f3 su hogar para llevar a cabo Su obra se\u00f1alada por Dios.<\/p>\n<p>La obediencia debe ser absoluta; incluye aquellas cosas que son amenas como tambi\u00e9n las que no lo son. Solamente una cualidad clave es mencionada, \u201cen el Se\u00f1or\u201d. Los hijos deben obedecer, \u201cen el Se\u00f1or\u201d. Un padre cristiano puede requerir algo que parece estar equivocado, pero el hijo debe obedecer. \u201cHijos, obedeced a vuestros padres en todo, porque esto agrada al Se\u00f1or (Col. 3:20). De todos modos, debemos recordar que los padres son falibles. Ninguna autoridad humana, de ninguna clase, est\u00e1 en lo correcto cuando ordena a alguien quebrar una de las leyes de Dios. Si un padre no creyente exige a su hijo que desobedezca la palabra de Dios, las consecuencias caer\u00e1n sobre el padre y no sobre el hijo.<br \/>\nLa Biblia dice, \u201cCualquiera que haga tropezar a uno de estos peque\u00f1itos que creen en m\u00ed, mejor le fuera si se le atase una piedra de molino al cuello, y se le arrojase en el mar\u201d (Marcos 9:42).<\/p>\n<p><strong>Amor y Respeto de Padres<\/strong><\/p>\n<p>En todo esto, tomamos por hecho que los padres guardan delante de ellos la referencia que sigue a \u201chijos obedeced a vuestros padres en el Se\u00f1or,\u201d la cual es \u201cpadres, no provoqueis a ira a vuestros hijos\u201d. La relaci\u00f3n es decididamente a dos puntas. Que un padre no creyente demande que su hijo niegue al Se\u00f1or acarrear\u00e1 consecuencias sobre los padres y sobre los hijos.<\/p>\n<p>No s\u00e9 de ninguna otra palabra que necesite ser dicha con mayor \u00e9nfasis a los j\u00f3venes que \u00e9sta. Hay una joven muchacha que se averg\u00fcenza de su madre. Ella ve que la belleza de su madre ha empalidecido; sus vestidos no son tan finos como deber\u00edan ser; sus manos son rojas y fatigadas de esfuerzo. La joven muchacha se averg\u00fcenza de su madre y no le importa cuando tiene sus encuentros con sus j\u00f3venes amigas que vienen a su casa. O la verg\u00fcenza est\u00e1 dirigida al padre, cuyos encorvados hombros, su cara curtida y golpeada por el clima y manos lisiadas hablan elocuentemente de a\u00f1os de esfuerzos y penurias que soport\u00f3 para que sus hijos pudieran tener una mejor oportunidad en la vida que la que \u00e9l tuvo. La joven muchacha, o el joven var\u00f3n, con sus j\u00f3venes amigos y sus estrafalarias vestimentas y ropas de estilo, tal vez se averg\u00fcenza de ver \u201cal viejo\u201d.<\/p>\n<p>Estos no son casos sacados de nuestra imaginaci\u00f3n. Sabemos de muchos casos as\u00ed. \u00bfNo sabes que esas marcas de esfuerzo, edad, esmero, y privaciones son marcas que hablan elocuentemente de amor por ti? Tu madre y padre recibieron esas marcas derramando la misma sangre de sus vidas por ti.<\/p>\n<p>\u00bfTe avergonzar\u00edas de un hombre que tiene solo un ojo, habiendo perdido uno en defensa de tu vida? Bueno, tu padre y tu madre han hecho m\u00e1s que salvar tu vida. Ellos han tenido noches de quebranto y d\u00edas de ansiedad. Ellos te han cuidado en tus enfermedades. Ellos no han considerado su propio confort y placer, mas bien se negaron a s\u00ed mismos las necesidades de la vida para que tu puedas tener algunos lujos. Ellos se levantaron temprano y trabajaron tarde para que tu tengas la oportunidad de estudiar y prepararte para un gran trabajo en el mundo. De all\u00ed proceden esas cicatrices, y son santas y sagradas cicatrices. \u00bfTe averg\u00fcenzas de ellas?<\/p>\n<p>Un comerciante en una de las ciudades del oeste medio de nuestro pa\u00eds envi\u00f3 a su hijo al Colegio. El tuvo que hipotecar su negocio para hacerlo. El economiz\u00f3 y ahorr\u00f3, y tanto \u00e9l como su esposa llegaron a quedar con ropas inapropiadas en funci\u00f3n de que su hijo pudiese tomar su lugar entre los dem\u00e1s estudiantes adecuadamente vestido y provisto con dinero. Pasados unos pocos meses, vino al coraz\u00f3n de la anciana pareja un incontrolable deseo de ver a su hijo. Ataron su viejo caballo a un inseguro carro (ellos habr\u00edan tenido un autom\u00f3vil si no le hubiesen dado el dinero a su hijo) y fueron a la ciudad donde estaba el Colegio, a unos 30 kil\u00f3metros de all\u00ed. Ellos llegaron justo cuando las clases estaban terminando, y vieron a su muchacho, Harry, con un grupo de amigos viniendo a trav\u00e9s del campo escolar. Mientras se aproximaban a \u00e9l, algunos de sus compa\u00f1eros ridiculizaron el viejo carro y su caballo, y el ropaje t\u00edpico de aquel viejo hombre y su esposa. Harry se par\u00f3, mir\u00f3 intencionadamente por un momento a su madre y a su padre, se ruboriz\u00f3 profundamente y r\u00e1pidamente se volvi\u00f3 y alej\u00f3, pretendiendo no conocerles. Con sus corazones quebrantados, la vieja pareja comenz\u00f3 el cansador viaje a casa, y aquella noche la anciana madre muri\u00f3.<\/p>\n<p>Si estas palabras caen en manos de cualquier chica o muchacho que es tentado a proceder como Harry lo hizo, te suplico, no lo hagas. Si tu madre y padre, o uno de ellos est\u00e1n en vida, anda a ellos, echa tus brazos sobre sus cuellos y diles que los amas y aprecias todo lo que han hecho por ti. Si no est\u00e1n al alcance de tus brazos, \u00a1entonces escr\u00edbeles! Escr\u00edbeles una larga carta de amor, regocijo y aprecio.<\/p>\n<p>Un hijo nunca llega a ser demasiado viejo para que \u00e9l o ella no sean un hijo para sus padres. Por lo tanto, este amor y respeto es para retribu\u00edrselos mientras vivan. La vida tiene pocas cosas m\u00e1s hermosas que el devoto pensamiento y amor de un hijo o hija ya crecido, hacia un anciano padre. Esto complace el coraz\u00f3n de Dios.<\/p>\n<p>Cuando nuestros padres envejecen, ellos cambian lugares con nosotros. Una vez nos alimentaron, ahora es nuestro privilegio y alto honor alimentarles. Una vez ellos nos protegieron de la tormenta. Ahora nosotros debemos protegerlos a ellos. Nosotros ahora estamos fuertes, y ellos est\u00e1n d\u00e9biles. \u00a1Qu\u00e9 oportunidad de amorosamente pagar una parte de la deuda que tenemos con ellos! Ser\u00e1 solamente una parte, de todos modos. Ning\u00fan hijo puede jam\u00e1s pagar completamente el amor y el cuidado de un padre piadoso.<\/p>\n<p>La vida tiene pocas satisfacciones m\u00e1s intensas que pensar que hemos sido justos, amables y gentiles para con nuestros padres en sus tiempos de necesidad y dependencia. Da paz al alma, y hace del cielo y nuestra reuni\u00f3n una expectativa m\u00e1s gloriosa. Estar preparados para decir \u201cadi\u00f3s\u201d a un padre, sin el pesar de oportunidades perdidas, es una bendici\u00f3n en s\u00ed mismo.<\/p>\n<\/div><\/section>\n<!-- AddThis Advanced Settings generic via filter on the_content --><!-- AddThis Share Buttons generic via filter on the_content -->","protected":false},"excerpt":{"rendered":"<p><!-- AddThis Advanced Settings generic via filter on get_the_excerpt --><!-- AddThis Share Buttons generic via filter on get_the_excerpt --><\/p>\n","protected":false},"author":21,"featured_media":8615,"parent":4940,"menu_order":0,"comment_status":"closed","ping_status":"closed","template":"","meta":{"jetpack_post_was_ever_published":false,"footnotes":""},"categories":[],"tags":[],"class_list":["post-7651","page","type-page","status-publish","has-post-thumbnail","hentry"],"yoast_head":"<!-- This site is optimized with the Yoast SEO Premium plugin v24.8 (Yoast SEO v24.8.1) - https:\/\/yoast.com\/wordpress\/plugins\/seo\/ -->\n<title>Un Hogar Cristiano - Hijos - El fruto del Hogar - BBN<\/title>\n<meta name=\"description\" content=\"HIJOS -El fruto del hogar CAPITULO 4 Charles Lamb dijo que no hab\u00eda nada sobre la tierra que \u00e9l no diese por tener la posibilidad de volver a estar con su madre que hab\u00eda partido de este mundo, y de rodillas, pedirle perd\u00f3n por cada cosa que hab\u00edan afligido su gentil esp\u00edritu. Seguramente, con el avance de los a\u00f1os, cada hijo pensativo ha ca\u00eddo como \u00e9ste y ha llegado a darse cuenta de lo que sus padres han hecho por \u00e9l.\" \/>\n<meta name=\"robots\" content=\"index, follow, max-snippet:-1, max-image-preview:large, max-video-preview:-1\" \/>\n<link rel=\"canonical\" href=\"https:\/\/bbn1.bbnradio.org\/spanish\/herramientas\/un-hogar-cristiano\/hogar-cristiano-hijos-fruto-del-hogar\/\" \/>\n<meta property=\"og:locale\" content=\"es_ES\" \/>\n<meta property=\"og:type\" content=\"article\" \/>\n<meta property=\"og:title\" content=\"Hijos El Fruto del Hogar\" \/>\n<meta property=\"og:description\" content=\"HIJOS -El fruto del hogar CAPITULO 4 Charles Lamb dijo que no hab\u00eda nada sobre la tierra que \u00e9l no diese por tener la posibilidad de volver a estar con su madre que hab\u00eda partido de este mundo, y de rodillas, pedirle perd\u00f3n por cada cosa que hab\u00edan afligido su gentil esp\u00edritu. Seguramente, con el avance de los a\u00f1os, cada hijo pensativo ha ca\u00eddo como \u00e9ste y ha llegado a darse cuenta de lo que sus padres han hecho por \u00e9l.\" \/>\n<meta property=\"og:url\" content=\"https:\/\/bbn1.bbnradio.org\/spanish\/herramientas\/un-hogar-cristiano\/hogar-cristiano-hijos-fruto-del-hogar\/\" \/>\n<meta property=\"og:site_name\" content=\"BBN\" \/>\n<meta property=\"article:publisher\" content=\"https:\/\/www.facebook.com\/BBNEspanol\" \/>\n<meta property=\"article:modified_time\" content=\"2018-06-14T18:18:32+00:00\" \/>\n<meta name=\"twitter:card\" content=\"summary_large_image\" \/>\n<meta name=\"twitter:title\" content=\"Hijos El Fruto del Hogar\" \/>\n<meta name=\"twitter:description\" content=\"HIJOS -El fruto del hogar CAPITULO 4 Charles Lamb dijo que no hab\u00eda nada sobre la tierra que \u00e9l no diese por tener la posibilidad de volver a estar con su madre que hab\u00eda partido de este mundo, y de rodillas, pedirle perd\u00f3n por cada cosa que hab\u00edan afligido su gentil esp\u00edritu. Seguramente, con el avance de los a\u00f1os, cada hijo pensativo ha ca\u00eddo como \u00e9ste y ha llegado a darse cuenta de lo que sus padres han hecho por \u00e9l.\" \/>\n<meta name=\"twitter:image\" content=\"https:\/\/bbn1.bbnradio.org\/english\/wp-content\/uploads\/sites\/2\/2016\/04\/A-Christian-Home-Children-The-Fruit-of-the-Home.jpg\" \/>\n<meta name=\"twitter:site\" content=\"@BBNEspanol\" \/>\n<meta name=\"twitter:label1\" content=\"Tiempo de lectura\" \/>\n\t<meta name=\"twitter:data1\" content=\"8 minutos\" \/>\n<script type=\"application\/ld+json\" class=\"yoast-schema-graph\">{\"@context\":\"https:\/\/schema.org\",\"@graph\":[{\"@type\":\"WebPage\",\"@id\":\"https:\/\/bbn1.bbnradio.org\/spanish\/herramientas\/un-hogar-cristiano\/hogar-cristiano-hijos-fruto-del-hogar\/\",\"url\":\"https:\/\/bbn1.bbnradio.org\/spanish\/herramientas\/un-hogar-cristiano\/hogar-cristiano-hijos-fruto-del-hogar\/\",\"name\":\"Un Hogar Cristiano - Hijos - El fruto del Hogar - BBN\",\"isPartOf\":{\"@id\":\"https:\/\/bbn1.bbnradio.org\/spanish\/#website\"},\"primaryImageOfPage\":{\"@id\":\"https:\/\/bbn1.bbnradio.org\/spanish\/herramientas\/un-hogar-cristiano\/hogar-cristiano-hijos-fruto-del-hogar\/#primaryimage\"},\"image\":{\"@id\":\"https:\/\/bbn1.bbnradio.org\/spanish\/herramientas\/un-hogar-cristiano\/hogar-cristiano-hijos-fruto-del-hogar\/#primaryimage\"},\"thumbnailUrl\":\"https:\/\/i0.wp.com\/bbn1.bbnradio.org\/spanish\/wp-content\/uploads\/sites\/5\/2016\/04\/A-Christian-Home-Children-The-Fruit-of-the-Home.jpg?fit=1200%2C628&ssl=1\",\"datePublished\":\"2016-04-05T11:09:05+00:00\",\"dateModified\":\"2018-06-14T18:18:32+00:00\",\"description\":\"HIJOS -El fruto del hogar CAPITULO 4 Charles Lamb dijo que no hab\u00eda nada sobre la tierra que \u00e9l no diese por tener la posibilidad de volver a estar con su madre que hab\u00eda partido de este mundo, y de rodillas, pedirle perd\u00f3n por cada cosa que hab\u00edan afligido su gentil esp\u00edritu. Seguramente, con el avance de los a\u00f1os, cada hijo pensativo ha ca\u00eddo como \u00e9ste y ha llegado a darse cuenta de lo que sus padres han hecho por \u00e9l.\",\"breadcrumb\":{\"@id\":\"https:\/\/bbn1.bbnradio.org\/spanish\/herramientas\/un-hogar-cristiano\/hogar-cristiano-hijos-fruto-del-hogar\/#breadcrumb\"},\"inLanguage\":\"es\",\"potentialAction\":[{\"@type\":\"ReadAction\",\"target\":[\"https:\/\/bbn1.bbnradio.org\/spanish\/herramientas\/un-hogar-cristiano\/hogar-cristiano-hijos-fruto-del-hogar\/\"]}]},{\"@type\":\"ImageObject\",\"inLanguage\":\"es\",\"@id\":\"https:\/\/bbn1.bbnradio.org\/spanish\/herramientas\/un-hogar-cristiano\/hogar-cristiano-hijos-fruto-del-hogar\/#primaryimage\",\"url\":\"https:\/\/i0.wp.com\/bbn1.bbnradio.org\/spanish\/wp-content\/uploads\/sites\/5\/2016\/04\/A-Christian-Home-Children-The-Fruit-of-the-Home.jpg?fit=1200%2C628&ssl=1\",\"contentUrl\":\"https:\/\/i0.wp.com\/bbn1.bbnradio.org\/spanish\/wp-content\/uploads\/sites\/5\/2016\/04\/A-Christian-Home-Children-The-Fruit-of-the-Home.jpg?fit=1200%2C628&ssl=1\",\"width\":1200,\"height\":628},{\"@type\":\"BreadcrumbList\",\"@id\":\"https:\/\/bbn1.bbnradio.org\/spanish\/herramientas\/un-hogar-cristiano\/hogar-cristiano-hijos-fruto-del-hogar\/#breadcrumb\",\"itemListElement\":[{\"@type\":\"ListItem\",\"position\":1,\"name\":\"Home\",\"item\":\"https:\/\/bbn1.bbnradio.org\/spanish\/inicio\/\"},{\"@type\":\"ListItem\",\"position\":2,\"name\":\"Herramientas\",\"item\":\"https:\/\/bbn1.bbnradio.org\/spanish\/herramientas\/\"},{\"@type\":\"ListItem\",\"position\":3,\"name\":\"Un Hogar Cristiano\",\"item\":\"https:\/\/bbn1.bbnradio.org\/spanish\/herramientas\/un-hogar-cristiano\/\"},{\"@type\":\"ListItem\",\"position\":4,\"name\":\"Un Hogar Cristiano &#8211; Hijos &#8211; El fruto del Hogar\"}]},{\"@type\":\"WebSite\",\"@id\":\"https:\/\/bbn1.bbnradio.org\/spanish\/#website\",\"url\":\"https:\/\/bbn1.bbnradio.org\/spanish\/\",\"name\":\"BBN Spanish\",\"description\":\"BBN\",\"potentialAction\":[{\"@type\":\"SearchAction\",\"target\":{\"@type\":\"EntryPoint\",\"urlTemplate\":\"https:\/\/bbn1.bbnradio.org\/spanish\/?s={search_term_string}\"},\"query-input\":{\"@type\":\"PropertyValueSpecification\",\"valueRequired\":true,\"valueName\":\"search_term_string\"}}],\"inLanguage\":\"es\"}]}<\/script>\n<!-- \/ Yoast SEO Premium plugin. -->","yoast_head_json":{"title":"Un Hogar Cristiano - Hijos - El fruto del Hogar - BBN","description":"HIJOS -El fruto del hogar CAPITULO 4 Charles Lamb dijo que no hab\u00eda nada sobre la tierra que \u00e9l no diese por tener la posibilidad de volver a estar con su madre que hab\u00eda partido de este mundo, y de rodillas, pedirle perd\u00f3n por cada cosa que hab\u00edan afligido su gentil esp\u00edritu. Seguramente, con el avance de los a\u00f1os, cada hijo pensativo ha ca\u00eddo como \u00e9ste y ha llegado a darse cuenta de lo que sus padres han hecho por \u00e9l.","robots":{"index":"index","follow":"follow","max-snippet":"max-snippet:-1","max-image-preview":"max-image-preview:large","max-video-preview":"max-video-preview:-1"},"canonical":"https:\/\/bbn1.bbnradio.org\/spanish\/herramientas\/un-hogar-cristiano\/hogar-cristiano-hijos-fruto-del-hogar\/","og_locale":"es_ES","og_type":"article","og_title":"Hijos El Fruto del Hogar","og_description":"HIJOS -El fruto del hogar CAPITULO 4 Charles Lamb dijo que no hab\u00eda nada sobre la tierra que \u00e9l no diese por tener la posibilidad de volver a estar con su madre que hab\u00eda partido de este mundo, y de rodillas, pedirle perd\u00f3n por cada cosa que hab\u00edan afligido su gentil esp\u00edritu. Seguramente, con el avance de los a\u00f1os, cada hijo pensativo ha ca\u00eddo como \u00e9ste y ha llegado a darse cuenta de lo que sus padres han hecho por \u00e9l.","og_url":"https:\/\/bbn1.bbnradio.org\/spanish\/herramientas\/un-hogar-cristiano\/hogar-cristiano-hijos-fruto-del-hogar\/","og_site_name":"BBN","article_publisher":"https:\/\/www.facebook.com\/BBNEspanol","article_modified_time":"2018-06-14T18:18:32+00:00","twitter_card":"summary_large_image","twitter_title":"Hijos El Fruto del Hogar","twitter_description":"HIJOS -El fruto del hogar CAPITULO 4 Charles Lamb dijo que no hab\u00eda nada sobre la tierra que \u00e9l no diese por tener la posibilidad de volver a estar con su madre que hab\u00eda partido de este mundo, y de rodillas, pedirle perd\u00f3n por cada cosa que hab\u00edan afligido su gentil esp\u00edritu. Seguramente, con el avance de los a\u00f1os, cada hijo pensativo ha ca\u00eddo como \u00e9ste y ha llegado a darse cuenta de lo que sus padres han hecho por \u00e9l.","twitter_image":"https:\/\/bbn1.bbnradio.org\/english\/wp-content\/uploads\/sites\/2\/2016\/04\/A-Christian-Home-Children-The-Fruit-of-the-Home.jpg","twitter_site":"@BBNEspanol","twitter_misc":{"Tiempo de lectura":"8 minutos"},"schema":{"@context":"https:\/\/schema.org","@graph":[{"@type":"WebPage","@id":"https:\/\/bbn1.bbnradio.org\/spanish\/herramientas\/un-hogar-cristiano\/hogar-cristiano-hijos-fruto-del-hogar\/","url":"https:\/\/bbn1.bbnradio.org\/spanish\/herramientas\/un-hogar-cristiano\/hogar-cristiano-hijos-fruto-del-hogar\/","name":"Un Hogar Cristiano - Hijos - El fruto del Hogar - BBN","isPartOf":{"@id":"https:\/\/bbn1.bbnradio.org\/spanish\/#website"},"primaryImageOfPage":{"@id":"https:\/\/bbn1.bbnradio.org\/spanish\/herramientas\/un-hogar-cristiano\/hogar-cristiano-hijos-fruto-del-hogar\/#primaryimage"},"image":{"@id":"https:\/\/bbn1.bbnradio.org\/spanish\/herramientas\/un-hogar-cristiano\/hogar-cristiano-hijos-fruto-del-hogar\/#primaryimage"},"thumbnailUrl":"https:\/\/i0.wp.com\/bbn1.bbnradio.org\/spanish\/wp-content\/uploads\/sites\/5\/2016\/04\/A-Christian-Home-Children-The-Fruit-of-the-Home.jpg?fit=1200%2C628&ssl=1","datePublished":"2016-04-05T11:09:05+00:00","dateModified":"2018-06-14T18:18:32+00:00","description":"HIJOS -El fruto del hogar CAPITULO 4 Charles Lamb dijo que no hab\u00eda nada sobre la tierra que \u00e9l no diese por tener la posibilidad de volver a estar con su madre que hab\u00eda partido de este mundo, y de rodillas, pedirle perd\u00f3n por cada cosa que hab\u00edan afligido su gentil esp\u00edritu. Seguramente, con el avance de los a\u00f1os, cada hijo pensativo ha ca\u00eddo como \u00e9ste y ha llegado a darse cuenta de lo que sus padres han hecho por \u00e9l.","breadcrumb":{"@id":"https:\/\/bbn1.bbnradio.org\/spanish\/herramientas\/un-hogar-cristiano\/hogar-cristiano-hijos-fruto-del-hogar\/#breadcrumb"},"inLanguage":"es","potentialAction":[{"@type":"ReadAction","target":["https:\/\/bbn1.bbnradio.org\/spanish\/herramientas\/un-hogar-cristiano\/hogar-cristiano-hijos-fruto-del-hogar\/"]}]},{"@type":"ImageObject","inLanguage":"es","@id":"https:\/\/bbn1.bbnradio.org\/spanish\/herramientas\/un-hogar-cristiano\/hogar-cristiano-hijos-fruto-del-hogar\/#primaryimage","url":"https:\/\/i0.wp.com\/bbn1.bbnradio.org\/spanish\/wp-content\/uploads\/sites\/5\/2016\/04\/A-Christian-Home-Children-The-Fruit-of-the-Home.jpg?fit=1200%2C628&ssl=1","contentUrl":"https:\/\/i0.wp.com\/bbn1.bbnradio.org\/spanish\/wp-content\/uploads\/sites\/5\/2016\/04\/A-Christian-Home-Children-The-Fruit-of-the-Home.jpg?fit=1200%2C628&ssl=1","width":1200,"height":628},{"@type":"BreadcrumbList","@id":"https:\/\/bbn1.bbnradio.org\/spanish\/herramientas\/un-hogar-cristiano\/hogar-cristiano-hijos-fruto-del-hogar\/#breadcrumb","itemListElement":[{"@type":"ListItem","position":1,"name":"Home","item":"https:\/\/bbn1.bbnradio.org\/spanish\/inicio\/"},{"@type":"ListItem","position":2,"name":"Herramientas","item":"https:\/\/bbn1.bbnradio.org\/spanish\/herramientas\/"},{"@type":"ListItem","position":3,"name":"Un Hogar Cristiano","item":"https:\/\/bbn1.bbnradio.org\/spanish\/herramientas\/un-hogar-cristiano\/"},{"@type":"ListItem","position":4,"name":"Un Hogar Cristiano &#8211; Hijos &#8211; El fruto del Hogar"}]},{"@type":"WebSite","@id":"https:\/\/bbn1.bbnradio.org\/spanish\/#website","url":"https:\/\/bbn1.bbnradio.org\/spanish\/","name":"BBN Spanish","description":"BBN","potentialAction":[{"@type":"SearchAction","target":{"@type":"EntryPoint","urlTemplate":"https:\/\/bbn1.bbnradio.org\/spanish\/?s={search_term_string}"},"query-input":{"@type":"PropertyValueSpecification","valueRequired":true,"valueName":"search_term_string"}}],"inLanguage":"es"}]}},"jetpack_sharing_enabled":true,"jetpack_shortlink":"https:\/\/wp.me\/P85nNm-1Zp","_links":{"self":[{"href":"https:\/\/bbn1.bbnradio.org\/spanish\/wp-json\/wp\/v2\/pages\/7651","targetHints":{"allow":["GET"]}}],"collection":[{"href":"https:\/\/bbn1.bbnradio.org\/spanish\/wp-json\/wp\/v2\/pages"}],"about":[{"href":"https:\/\/bbn1.bbnradio.org\/spanish\/wp-json\/wp\/v2\/types\/page"}],"author":[{"embeddable":true,"href":"https:\/\/bbn1.bbnradio.org\/spanish\/wp-json\/wp\/v2\/users\/21"}],"replies":[{"embeddable":true,"href":"https:\/\/bbn1.bbnradio.org\/spanish\/wp-json\/wp\/v2\/comments?post=7651"}],"version-history":[{"count":3,"href":"https:\/\/bbn1.bbnradio.org\/spanish\/wp-json\/wp\/v2\/pages\/7651\/revisions"}],"predecessor-version":[{"id":15296,"href":"https:\/\/bbn1.bbnradio.org\/spanish\/wp-json\/wp\/v2\/pages\/7651\/revisions\/15296"}],"up":[{"embeddable":true,"href":"https:\/\/bbn1.bbnradio.org\/spanish\/wp-json\/wp\/v2\/pages\/4940"}],"wp:featuredmedia":[{"embeddable":true,"href":"https:\/\/bbn1.bbnradio.org\/spanish\/wp-json\/wp\/v2\/media\/8615"}],"wp:attachment":[{"href":"https:\/\/bbn1.bbnradio.org\/spanish\/wp-json\/wp\/v2\/media?parent=7651"}],"wp:term":[{"taxonomy":"category","embeddable":true,"href":"https:\/\/bbn1.bbnradio.org\/spanish\/wp-json\/wp\/v2\/categories?post=7651"},{"taxonomy":"post_tag","embeddable":true,"href":"https:\/\/bbn1.bbnradio.org\/spanish\/wp-json\/wp\/v2\/tags?post=7651"}],"curies":[{"name":"wp","href":"https:\/\/api.w.org\/{rel}","templated":true}]}}