{"id":7655,"date":"2016-04-05T07:11:50","date_gmt":"2016-04-05T11:11:50","guid":{"rendered":"https:\/\/bbn1.bbnradio.org\/english\/?page_id=7655"},"modified":"2018-06-14T13:23:08","modified_gmt":"2018-06-14T18:23:08","slug":"un-hogar-cristiano-los-recuerdos-del-hogar","status":"publish","type":"page","link":"https:\/\/bbn1.bbnradio.org\/spanish\/herramientas\/un-hogar-cristiano\/un-hogar-cristiano-los-recuerdos-del-hogar\/","title":{"rendered":"Un Hogar Cristiano &#8211; Los Recuerdos del Hogar"},"content":{"rendered":"\n<style type=\"text\/css\" data-created_by=\"avia_inline_auto\" id=\"style-css-av-av_image-1dc0dea87b87d7800efa17abf8c8105b\">\n.avia-image-container.av-av_image-1dc0dea87b87d7800efa17abf8c8105b img.avia_image{\nbox-shadow:none;\n}\n.avia-image-container.av-av_image-1dc0dea87b87d7800efa17abf8c8105b .av-image-caption-overlay-center{\ncolor:#ffffff;\n}\n<\/style>\n<div  class='avia-image-container av-av_image-1dc0dea87b87d7800efa17abf8c8105b av-styling- avia-align-center  avia-builder-el-0  el_before_av_textblock  avia-builder-el-first '   itemprop=\"image\" itemscope=\"itemscope\" itemtype=\"https:\/\/schema.org\/ImageObject\" ><div class=\"avia-image-container-inner\"><div class=\"avia-image-overlay-wrap\"><img decoding=\"async\" fetchpriority=\"high\" class='wp-image-8610 avia-img-lazy-loading-not-8610 avia_image ' src=\"https:\/\/i0.wp.com\/bbn1.bbnradio.org\/spanish\/wp-content\/uploads\/sites\/5\/2016\/04\/A-Christian-Home-The-Memories-of-Home.jpg?resize=845%2C321&ssl=1\" alt='A Christian Home \u2013 The Memories of Home' title='A Christian Home \u2013 The Memories of Home'  height=\"321\" width=\"845\"  itemprop=\"thumbnailUrl\"  \/><\/div><\/div><\/div>\n<section  class='av_textblock_section av-av_textblock-2de302bf1aa3cf4c9157dbe6f50ac7eb '   itemscope=\"itemscope\" itemtype=\"https:\/\/schema.org\/CreativeWork\" ><div class='avia_textblock'  itemprop=\"text\" ><p><strong>LOS RECUERDOS DEL HOGAR<\/strong><\/p>\n<p>Mientras vivimos cada d\u00eda, estamos escribiendo recuerdos. Cada d\u00eda aporta algo a ellos y determina m\u00e1s plenamente el car\u00e1cter final que tendr\u00e1n. A menudo, nos sentamos horas con nuestros hijos y nietos, hablando acerca de nuestro hogar y reflexionando sobre el pasado. Cuando estamos juntos, re\u00edmos, lloramos y alabamos al Se\u00f1or por el gran hogar que \u00c9l nos ha dado. Inevitablemente, alguien dice, \u201c\u00bfTe acuerdas cuando&#8230;?\u201d Parte de la tristeza y del sufrimiento de Cristo aqu\u00ed sobre la tierra debe ser tenido en cuenta por el hecho de que \u00c9l estaba lejos del hogar del Padre. El amaba los hijos de los hombres, pero extra\u00f1aba la Gloria y el gozo que \u00c9l hab\u00eda tenido en la casa del Padre. Esto debe ser una parte de c\u00f3mo el cielo ser\u00e1. Constantemente estamos haciendo recuerdos, y el proceso de hacerlos determina la manera en la cual vivimos. Nuestros recuerdos har\u00e1n nuestros viejos tiempos felices o infelices. \u00a1Eso es lo que los recuerdos hacen! Nuestros m\u00e1s profundos recuerdos, deber\u00edan ser los de nuestra vida diaria en nuestro hogar cristiano, tanto los nuestros como los de nuestros hijos.<\/p>\n<p>Los recuerdos del hogar deber\u00edan incluir los momentos de nuestras comidas, tiempos de oraci\u00f3n y tiempos de juegos que compartimos. Los viajes que hicimos, los animales que tuvimos, las bromas y las batallas que enfrentamos. A menudo hubieron conflictos, y tambi\u00e9n compartimos de ellos. Como una familia, hacemos recuerdos cada d\u00eda de la semana, porque tu nunca sabes cu\u00e1ndo estar\u00e1s haciendo el \u00faltimo de ellos. La vida es tan incierta que no sabemos nunca cuando estamos compartiendo la \u00faltima comida, la \u00faltima conversaci\u00f3n o el \u00faltimo paseo juntos. Yo conozco una familia que termina cada conversaci\u00f3n telef\u00f3nica, e-mail, nota y cada partida con un \u201cte amo\u201d. Nunca dejes la casa en la ma\u00f1ana si ha habido un malentendido, palabras feas o amargas, o silencio malhumorado, porque esas cosas pueden llegar a ser un amargo recuerdo de por vida. La mejor defensa del hogar son esas pocas y especiales palabras que mencionamos al principio, \u201clo siento,\u201d \u201cperd\u00f3name,\u201d<br \/>\ny \u201cte amo\u201d. \u201cLa blanda respuesta quita la ira; mas la palabra \u00e1spera hace subir el furor\u201d (Proverbios 15:1).<\/p>\n<p>Se cuenta la historia de un hombre joven con naturaleza bondadosa y gentil que dej\u00f3 su hogar para ir a su trabajo. No hac\u00eda una hora que se hab\u00eda ido cuando su cuerpo fue tra\u00eddo a su casa. El andamio donde estaba trabajando se hab\u00eda soltado y hab\u00eda fallecido. Una de sus hermanas estaba m\u00e1s apenada que los dem\u00e1s. Parec\u00eda tener una tristeza en particular. Ella solo pod\u00eda decir, \u201cno fui tan amable con \u00e9l esta ma\u00f1ana cuando se fue\u201d.<br \/>\n\u00a1 Recuerdos! Una vez hechos, son eternos y no pueden cambiarse.<\/p>\n<p><strong>Los hijos tienen recuerdos tambi\u00e9n<\/strong><\/p>\n<p>Habiendo viajado a muchas grandes ciudades y habiendo observado las grandes multitudes de personas movi\u00e9ndose por las calles, dentro y fuera de los grandes edificios, crec\u00ed acostumbrado a observar gente apurada en todas direcciones. Cada vez lo recuerdo, cada uno de ellos llevando en sus corazones y vidas la impresi\u00f3n del hogar del cual proceden.<\/p>\n<p>\u00bfQu\u00e9 tipo de recuerdos tendr\u00e1n tus hijos del hogar? \u00bfSer\u00e1n recuerdos de padres que amaron al Se\u00f1or Jesucristo y continuamente buscaron la Biblia como direcci\u00f3n de sus vidas? \u00bfSer\u00e1n recuerdos de confort, inspiraci\u00f3n, motivaci\u00f3n y bendiciones, o ser\u00e1n recuerdos que queman, muerden y maldicen? Deber\u00edamos encarar el asunto ajustadamente, estando completamente seguros que los hijos que enviamos al mundo nunca escapar\u00e1n plenamente de los recuerdos e influencias del hogar. Si el hogar de la ni\u00f1ez ha sido justo y dulce, su bendici\u00f3n ir\u00e1 con ellos por toda la vida.<\/p>\n<p>\u201cEl pecado puede barrer sobre el alma como un fuego devastador; la tristeza puede apagar todo gozo y esperanza; pero el recuerdo de un dulce y bendecido hogar vive como una estrella solitaria alumbrando en lo profundo de la noche. Y aun en medio del pecado, su cuadro flota delante de la mente como un sue\u00f1o evanescente.\u201d<\/p>\n<p>Aqu\u00ed est\u00e1 el testimonio de un hombre: \u201cRecuerdo noches en que estaba acostado quietamente, en la peque\u00f1a habitaci\u00f3n de arriba, antes de que me llegara el sue\u00f1o. Se acercaban suaves pisadas por la escalera, la puerta silenciosamente se abr\u00eda y una silueta bien conocida, suavemente se deslizaba a trav\u00e9s de la oscuridad, y se ubicaba al lado de mi cama. Primero, unas pocas y amenas preguntas de afecto, las cuales gradualmente se profundizaban en palabras de consejo. Entonces se arrodillaba, su cabeza cerca de la m\u00eda, sus m\u00e1s fervorosas esperanzas y peticiones flu\u00edan en oraci\u00f3n. \u00a1Cu\u00e1nto una madre puede desear para su muchacho! Sus l\u00e1grimas hablaban del fervor de su deseo. Me parece sentirlas todav\u00eda cuando a veces ca\u00edan sobre mi rostro. Levant\u00e1ndose, con un beso de buenas noches, se iba.\u201d<\/p>\n<p>Un recuerdo como este es el m\u00e1s grande regalo que un padre puede dejarle a su hijo. Ser\u00e1 un guardi\u00e1n contra la tentaci\u00f3n y el pecado. Proveer\u00e1 una cadena de oro atando a sus hijos a los pies de Dios. \u00bfNo es valioso llenar la vida de un hijo con recuerdos como estos? \u00a1Cu\u00e1n descuidados los padres podemos ser! \u00a1Cu\u00e1n negligentes! \u00a1Dios nos perdone y ayude!<\/p>\n<p>A veces, la tristeza no es tomada apropiadamente. Si un hogar es un verdadero hogar cristiano, la tristeza no echar\u00e1 fuera todas las luces. M\u00e1s bien har\u00e1 el hogar m\u00e1s tierno y amoroso. Arrastra el hogar m\u00e1s cerca de Dios. La tristeza santificada transforma un hogar, y trae m\u00e1s de Dios hacia \u00e9l. De modo que suceder\u00e1 que el recuerdo de una tristeza pruebe ser el m\u00e1s tierno y firme broche que ligue hogar y corazones juntos.<\/p>\n<p>Ya cerrando este libro, hay algunas cosas que nunca debemos olvidar. Debemos tener a Cristo en nuestros hogares si nuestros recuerdos han de ser todo lo que deber\u00edan. Deber\u00eda haber un altar familiar donde en alg\u00fan momento cada d\u00eda toda la familia se re\u00fana para o\u00edr la Palabra de Dios y orar juntos. En este siglo 21 r\u00e1pidamente nos movemos por el mundo. Pronto, todo lo que permanezca ser\u00e1 el recuerdo de nuestras vidas. El m\u00e1s fuerte fundamento que nos dar\u00e1 estabilidad, direcci\u00f3n y prop\u00f3sito en nuestras vidas es un Hogar Cristiano (I Cor. 3:11-13).<\/p>\n<p>Se cuenta una Hermosa historia de Mozart. Su \u00faltima composici\u00f3n musical fue el R\u00e9quiem. Despu\u00e9s de d\u00edas de enfermedad y de la labor m\u00e1s dolorosa, logr\u00f3 terminarlo. Su hermosa hija Emily vino a su habitaci\u00f3n justo cuando estaba escribiendo las \u00faltimas notas, y Mozart puso en sus manos el manuscrito, diciendo, \u201cAqu\u00ed est\u00e1, mi hermosa Emily, est\u00e1 terminado; mi R\u00e9quiem est\u00e1 terminado, y yo tambi\u00e9n, estoy terminado.\u201d<br \/>\n\u201cNo digas eso, querido padre,\u201d dijo la gentil Emily, \u201cpareces mas fuerte hoy.\u201d<br \/>\n\u201cYa nunca estar\u00e9 bien otra vez,\u201d replic\u00f3 su padre, \u201cpero aqu\u00ed est\u00e1, Emily, si\u00e9ntate al piano y toca estas notas y c\u00e1ntalas con los himnos de tu santa madre.\u201d<br \/>\nEmily obedeci\u00f3, cantando con una voz enriquecida por la tierna emoci\u00f3n.<br \/>\nEntonces, cuando hubo terminado, se volvi\u00f3 del piano, esperando la sonrisa de aprobaci\u00f3n de su padre; pero ella solamente vio la apariencia de paz sobre sus facciones y el sello de la muerte. El se hab\u00eda ido al hogar en las alas de su propio R\u00e9quiem.<\/p>\n<p>Por favor, escuchen cuando digo que no habr\u00e1 R\u00e9quiem m\u00e1s dulce al coraz\u00f3n en la \u00faltima hora de la vida terrenal como el R\u00e9quiem de los benditos recuerdos del hogar. Ser\u00e1n m\u00fasica en el coraz\u00f3n, m\u00e1s dulce que la canci\u00f3n de los \u00e1ngeles. Dios nos ayude a vivir en el hogar dulcemente. Una de las mejores recompensas ser\u00e1n nuestros hijos, nietos y futuras generaciones que sigan nuestro ejemplo al edificar un hogar cristiano donde Jesucristo haya sido continuamente hu\u00e9sped invitado, y Su preciosa Palabra haya sido nuestro est\u00e1ndar y gu\u00eda. Hagamos del hogar un lugar donde \u201catesoremos un buen fundamento para lo por venir, un lugar donde echemos mano de la vida eterna\u201d (1 Timoteo 6:19).<\/p>\n<p>Hagamos que nuestras metas sean evidentes en este aspecto. Lo m\u00e1s cercano al cielo es un Hogar Cristiano.<\/p>\n<\/div><\/section>\n<!-- AddThis Advanced Settings generic via filter on the_content --><!-- AddThis Share Buttons generic via filter on the_content -->","protected":false},"excerpt":{"rendered":"<p><!-- AddThis Advanced Settings generic via filter on get_the_excerpt --><!-- AddThis Share Buttons generic via filter on get_the_excerpt --><\/p>\n","protected":false},"author":21,"featured_media":8610,"parent":4940,"menu_order":0,"comment_status":"closed","ping_status":"closed","template":"","meta":{"jetpack_post_was_ever_published":false,"footnotes":""},"categories":[],"tags":[],"class_list":["post-7655","page","type-page","status-publish","has-post-thumbnail","hentry"],"yoast_head":"<!-- This site is optimized with the Yoast SEO Premium plugin v24.8 (Yoast SEO v24.8.1) - https:\/\/yoast.com\/wordpress\/plugins\/seo\/ -->\n<title>Un Hogar Cristiano - Los Recuerdos del Hogar - BBN<\/title>\n<meta name=\"robots\" content=\"index, follow, max-snippet:-1, max-image-preview:large, max-video-preview:-1\" \/>\n<link rel=\"canonical\" href=\"https:\/\/bbn1.bbnradio.org\/spanish\/herramientas\/un-hogar-cristiano\/un-hogar-cristiano-los-recuerdos-del-hogar\/\" \/>\n<meta property=\"og:locale\" content=\"es_ES\" \/>\n<meta property=\"og:type\" content=\"article\" \/>\n<meta property=\"og:title\" content=\"Un Hogar Cristiano - Los recuerdos del Hogar\" \/>\n<meta property=\"og:description\" content=\"LOS RECUERDOS DEL HOGAR Mientras vivimos cada d\u00eda, estamos escribiendo recuerdos. Cada d\u00eda aporta algo a ellos y determina m\u00e1s plenamente el car\u00e1cter final que tendr\u00e1n. A menudo, nos sentamos horas con nuestros hijos y nietos, hablando acerca de nuestro hogar y reflexionando sobre el pasado. Cuando estamos juntos, re\u00edmos, lloramos y alabamos al Se\u00f1or por el gran hogar que \u00c9l nos ha dado. Inevitablemente, alguien dice, \u201c\u00bfTe acuerdas cuando...?\u201d Parte de la tristeza y del sufrimiento de Cristo aqu\u00ed sobre la tierra debe ser tenido en cuenta por el hecho de que \u00c9l estaba lejos del hogar del Padre. El amaba los hijos de los hombres, pero extra\u00f1aba la Gloria y el gozo que \u00c9l hab\u00eda tenido en la casa del Padre. Esto debe ser una parte de c\u00f3mo el cielo ser\u00e1. Constantemente estamos haciendo recuerdos, y el proceso de hacerlos determina la manera en la cual vivimos. Nuestros recuerdos har\u00e1n nuestros viejos tiempos felices o infelices. \u00a1Eso es lo que los recuerdos hacen! Nuestros m\u00e1s profundos recuerdos, deber\u00edan ser los de nuestra vida diaria en nuestro hogar cristiano, tanto los nuestros como los de nuestros hijos.\" \/>\n<meta property=\"og:url\" content=\"https:\/\/bbn1.bbnradio.org\/spanish\/herramientas\/un-hogar-cristiano\/un-hogar-cristiano-los-recuerdos-del-hogar\/\" \/>\n<meta property=\"og:site_name\" content=\"BBN\" \/>\n<meta property=\"article:publisher\" content=\"https:\/\/www.facebook.com\/BBNEspanol\" \/>\n<meta property=\"article:modified_time\" content=\"2018-06-14T18:23:08+00:00\" \/>\n<meta name=\"twitter:card\" content=\"summary_large_image\" \/>\n<meta name=\"twitter:title\" content=\"Un Hogar Cristiano - Los recuerdos del Hogar\" \/>\n<meta name=\"twitter:description\" content=\"LOS RECUERDOS DEL HOGAR Mientras vivimos cada d\u00eda, estamos escribiendo recuerdos. Cada d\u00eda aporta algo a ellos y determina m\u00e1s plenamente el car\u00e1cter final que tendr\u00e1n. A menudo, nos sentamos horas con nuestros hijos y nietos, hablando acerca de nuestro hogar y reflexionando sobre el pasado. Cuando estamos juntos, re\u00edmos, lloramos y alabamos al Se\u00f1or por el gran hogar que \u00c9l nos ha dado. Inevitablemente, alguien dice, \u201c\u00bfTe acuerdas cuando...?\u201d Parte de la tristeza y del sufrimiento de Cristo aqu\u00ed sobre la tierra debe ser tenido en cuenta por el hecho de que \u00c9l estaba lejos del hogar del Padre. El amaba los hijos de los hombres, pero extra\u00f1aba la Gloria y el gozo que \u00c9l hab\u00eda tenido en la casa del Padre. Esto debe ser una parte de c\u00f3mo el cielo ser\u00e1. Constantemente estamos haciendo recuerdos, y el proceso de hacerlos determina la manera en la cual vivimos. Nuestros recuerdos har\u00e1n nuestros viejos tiempos felices o infelices. \u00a1Eso es lo que los recuerdos hacen! Nuestros m\u00e1s profundos recuerdos, deber\u00edan ser los de nuestra vida diaria en nuestro hogar cristiano, tanto los nuestros como los de nuestros hijos.\" \/>\n<meta name=\"twitter:image\" content=\"https:\/\/bbn1.bbnradio.org\/english\/wp-content\/uploads\/sites\/2\/2016\/04\/A-Christian-Home-The-Memories-of-Home.jpg\" \/>\n<meta name=\"twitter:site\" content=\"@BBNEspanol\" \/>\n<meta name=\"twitter:label1\" content=\"Tiempo de lectura\" \/>\n\t<meta name=\"twitter:data1\" content=\"8 minutos\" \/>\n<script type=\"application\/ld+json\" class=\"yoast-schema-graph\">{\"@context\":\"https:\/\/schema.org\",\"@graph\":[{\"@type\":\"WebPage\",\"@id\":\"https:\/\/bbn1.bbnradio.org\/spanish\/herramientas\/un-hogar-cristiano\/un-hogar-cristiano-los-recuerdos-del-hogar\/\",\"url\":\"https:\/\/bbn1.bbnradio.org\/spanish\/herramientas\/un-hogar-cristiano\/un-hogar-cristiano-los-recuerdos-del-hogar\/\",\"name\":\"Un Hogar Cristiano - Los Recuerdos del Hogar - BBN\",\"isPartOf\":{\"@id\":\"https:\/\/bbn1.bbnradio.org\/spanish\/#website\"},\"primaryImageOfPage\":{\"@id\":\"https:\/\/bbn1.bbnradio.org\/spanish\/herramientas\/un-hogar-cristiano\/un-hogar-cristiano-los-recuerdos-del-hogar\/#primaryimage\"},\"image\":{\"@id\":\"https:\/\/bbn1.bbnradio.org\/spanish\/herramientas\/un-hogar-cristiano\/un-hogar-cristiano-los-recuerdos-del-hogar\/#primaryimage\"},\"thumbnailUrl\":\"https:\/\/i0.wp.com\/bbn1.bbnradio.org\/spanish\/wp-content\/uploads\/sites\/5\/2016\/04\/A-Christian-Home-The-Memories-of-Home.jpg?fit=1200%2C628&ssl=1\",\"datePublished\":\"2016-04-05T11:11:50+00:00\",\"dateModified\":\"2018-06-14T18:23:08+00:00\",\"breadcrumb\":{\"@id\":\"https:\/\/bbn1.bbnradio.org\/spanish\/herramientas\/un-hogar-cristiano\/un-hogar-cristiano-los-recuerdos-del-hogar\/#breadcrumb\"},\"inLanguage\":\"es\",\"potentialAction\":[{\"@type\":\"ReadAction\",\"target\":[\"https:\/\/bbn1.bbnradio.org\/spanish\/herramientas\/un-hogar-cristiano\/un-hogar-cristiano-los-recuerdos-del-hogar\/\"]}]},{\"@type\":\"ImageObject\",\"inLanguage\":\"es\",\"@id\":\"https:\/\/bbn1.bbnradio.org\/spanish\/herramientas\/un-hogar-cristiano\/un-hogar-cristiano-los-recuerdos-del-hogar\/#primaryimage\",\"url\":\"https:\/\/i0.wp.com\/bbn1.bbnradio.org\/spanish\/wp-content\/uploads\/sites\/5\/2016\/04\/A-Christian-Home-The-Memories-of-Home.jpg?fit=1200%2C628&ssl=1\",\"contentUrl\":\"https:\/\/i0.wp.com\/bbn1.bbnradio.org\/spanish\/wp-content\/uploads\/sites\/5\/2016\/04\/A-Christian-Home-The-Memories-of-Home.jpg?fit=1200%2C628&ssl=1\",\"width\":1200,\"height\":628,\"caption\":\"A Christian Home \u2013 The Memories of Home\"},{\"@type\":\"BreadcrumbList\",\"@id\":\"https:\/\/bbn1.bbnradio.org\/spanish\/herramientas\/un-hogar-cristiano\/un-hogar-cristiano-los-recuerdos-del-hogar\/#breadcrumb\",\"itemListElement\":[{\"@type\":\"ListItem\",\"position\":1,\"name\":\"Home\",\"item\":\"https:\/\/bbn1.bbnradio.org\/spanish\/inicio\/\"},{\"@type\":\"ListItem\",\"position\":2,\"name\":\"Herramientas\",\"item\":\"https:\/\/bbn1.bbnradio.org\/spanish\/herramientas\/\"},{\"@type\":\"ListItem\",\"position\":3,\"name\":\"Un Hogar Cristiano\",\"item\":\"https:\/\/bbn1.bbnradio.org\/spanish\/herramientas\/un-hogar-cristiano\/\"},{\"@type\":\"ListItem\",\"position\":4,\"name\":\"Un Hogar Cristiano &#8211; Los Recuerdos del Hogar\"}]},{\"@type\":\"WebSite\",\"@id\":\"https:\/\/bbn1.bbnradio.org\/spanish\/#website\",\"url\":\"https:\/\/bbn1.bbnradio.org\/spanish\/\",\"name\":\"BBN Spanish\",\"description\":\"BBN\",\"potentialAction\":[{\"@type\":\"SearchAction\",\"target\":{\"@type\":\"EntryPoint\",\"urlTemplate\":\"https:\/\/bbn1.bbnradio.org\/spanish\/?s={search_term_string}\"},\"query-input\":{\"@type\":\"PropertyValueSpecification\",\"valueRequired\":true,\"valueName\":\"search_term_string\"}}],\"inLanguage\":\"es\"}]}<\/script>\n<!-- \/ Yoast SEO Premium plugin. -->","yoast_head_json":{"title":"Un Hogar Cristiano - Los Recuerdos del Hogar - BBN","robots":{"index":"index","follow":"follow","max-snippet":"max-snippet:-1","max-image-preview":"max-image-preview:large","max-video-preview":"max-video-preview:-1"},"canonical":"https:\/\/bbn1.bbnradio.org\/spanish\/herramientas\/un-hogar-cristiano\/un-hogar-cristiano-los-recuerdos-del-hogar\/","og_locale":"es_ES","og_type":"article","og_title":"Un Hogar Cristiano - Los recuerdos del Hogar","og_description":"LOS RECUERDOS DEL HOGAR Mientras vivimos cada d\u00eda, estamos escribiendo recuerdos. Cada d\u00eda aporta algo a ellos y determina m\u00e1s plenamente el car\u00e1cter final que tendr\u00e1n. A menudo, nos sentamos horas con nuestros hijos y nietos, hablando acerca de nuestro hogar y reflexionando sobre el pasado. Cuando estamos juntos, re\u00edmos, lloramos y alabamos al Se\u00f1or por el gran hogar que \u00c9l nos ha dado. Inevitablemente, alguien dice, \u201c\u00bfTe acuerdas cuando...?\u201d Parte de la tristeza y del sufrimiento de Cristo aqu\u00ed sobre la tierra debe ser tenido en cuenta por el hecho de que \u00c9l estaba lejos del hogar del Padre. El amaba los hijos de los hombres, pero extra\u00f1aba la Gloria y el gozo que \u00c9l hab\u00eda tenido en la casa del Padre. Esto debe ser una parte de c\u00f3mo el cielo ser\u00e1. Constantemente estamos haciendo recuerdos, y el proceso de hacerlos determina la manera en la cual vivimos. Nuestros recuerdos har\u00e1n nuestros viejos tiempos felices o infelices. \u00a1Eso es lo que los recuerdos hacen! Nuestros m\u00e1s profundos recuerdos, deber\u00edan ser los de nuestra vida diaria en nuestro hogar cristiano, tanto los nuestros como los de nuestros hijos.","og_url":"https:\/\/bbn1.bbnradio.org\/spanish\/herramientas\/un-hogar-cristiano\/un-hogar-cristiano-los-recuerdos-del-hogar\/","og_site_name":"BBN","article_publisher":"https:\/\/www.facebook.com\/BBNEspanol","article_modified_time":"2018-06-14T18:23:08+00:00","twitter_card":"summary_large_image","twitter_title":"Un Hogar Cristiano - Los recuerdos del Hogar","twitter_description":"LOS RECUERDOS DEL HOGAR Mientras vivimos cada d\u00eda, estamos escribiendo recuerdos. Cada d\u00eda aporta algo a ellos y determina m\u00e1s plenamente el car\u00e1cter final que tendr\u00e1n. A menudo, nos sentamos horas con nuestros hijos y nietos, hablando acerca de nuestro hogar y reflexionando sobre el pasado. Cuando estamos juntos, re\u00edmos, lloramos y alabamos al Se\u00f1or por el gran hogar que \u00c9l nos ha dado. Inevitablemente, alguien dice, \u201c\u00bfTe acuerdas cuando...?\u201d Parte de la tristeza y del sufrimiento de Cristo aqu\u00ed sobre la tierra debe ser tenido en cuenta por el hecho de que \u00c9l estaba lejos del hogar del Padre. El amaba los hijos de los hombres, pero extra\u00f1aba la Gloria y el gozo que \u00c9l hab\u00eda tenido en la casa del Padre. Esto debe ser una parte de c\u00f3mo el cielo ser\u00e1. Constantemente estamos haciendo recuerdos, y el proceso de hacerlos determina la manera en la cual vivimos. Nuestros recuerdos har\u00e1n nuestros viejos tiempos felices o infelices. \u00a1Eso es lo que los recuerdos hacen! Nuestros m\u00e1s profundos recuerdos, deber\u00edan ser los de nuestra vida diaria en nuestro hogar cristiano, tanto los nuestros como los de nuestros hijos.","twitter_image":"https:\/\/bbn1.bbnradio.org\/english\/wp-content\/uploads\/sites\/2\/2016\/04\/A-Christian-Home-The-Memories-of-Home.jpg","twitter_site":"@BBNEspanol","twitter_misc":{"Tiempo de lectura":"8 minutos"},"schema":{"@context":"https:\/\/schema.org","@graph":[{"@type":"WebPage","@id":"https:\/\/bbn1.bbnradio.org\/spanish\/herramientas\/un-hogar-cristiano\/un-hogar-cristiano-los-recuerdos-del-hogar\/","url":"https:\/\/bbn1.bbnradio.org\/spanish\/herramientas\/un-hogar-cristiano\/un-hogar-cristiano-los-recuerdos-del-hogar\/","name":"Un Hogar Cristiano - Los Recuerdos del Hogar - BBN","isPartOf":{"@id":"https:\/\/bbn1.bbnradio.org\/spanish\/#website"},"primaryImageOfPage":{"@id":"https:\/\/bbn1.bbnradio.org\/spanish\/herramientas\/un-hogar-cristiano\/un-hogar-cristiano-los-recuerdos-del-hogar\/#primaryimage"},"image":{"@id":"https:\/\/bbn1.bbnradio.org\/spanish\/herramientas\/un-hogar-cristiano\/un-hogar-cristiano-los-recuerdos-del-hogar\/#primaryimage"},"thumbnailUrl":"https:\/\/i0.wp.com\/bbn1.bbnradio.org\/spanish\/wp-content\/uploads\/sites\/5\/2016\/04\/A-Christian-Home-The-Memories-of-Home.jpg?fit=1200%2C628&ssl=1","datePublished":"2016-04-05T11:11:50+00:00","dateModified":"2018-06-14T18:23:08+00:00","breadcrumb":{"@id":"https:\/\/bbn1.bbnradio.org\/spanish\/herramientas\/un-hogar-cristiano\/un-hogar-cristiano-los-recuerdos-del-hogar\/#breadcrumb"},"inLanguage":"es","potentialAction":[{"@type":"ReadAction","target":["https:\/\/bbn1.bbnradio.org\/spanish\/herramientas\/un-hogar-cristiano\/un-hogar-cristiano-los-recuerdos-del-hogar\/"]}]},{"@type":"ImageObject","inLanguage":"es","@id":"https:\/\/bbn1.bbnradio.org\/spanish\/herramientas\/un-hogar-cristiano\/un-hogar-cristiano-los-recuerdos-del-hogar\/#primaryimage","url":"https:\/\/i0.wp.com\/bbn1.bbnradio.org\/spanish\/wp-content\/uploads\/sites\/5\/2016\/04\/A-Christian-Home-The-Memories-of-Home.jpg?fit=1200%2C628&ssl=1","contentUrl":"https:\/\/i0.wp.com\/bbn1.bbnradio.org\/spanish\/wp-content\/uploads\/sites\/5\/2016\/04\/A-Christian-Home-The-Memories-of-Home.jpg?fit=1200%2C628&ssl=1","width":1200,"height":628,"caption":"A Christian Home \u2013 The Memories of Home"},{"@type":"BreadcrumbList","@id":"https:\/\/bbn1.bbnradio.org\/spanish\/herramientas\/un-hogar-cristiano\/un-hogar-cristiano-los-recuerdos-del-hogar\/#breadcrumb","itemListElement":[{"@type":"ListItem","position":1,"name":"Home","item":"https:\/\/bbn1.bbnradio.org\/spanish\/inicio\/"},{"@type":"ListItem","position":2,"name":"Herramientas","item":"https:\/\/bbn1.bbnradio.org\/spanish\/herramientas\/"},{"@type":"ListItem","position":3,"name":"Un Hogar Cristiano","item":"https:\/\/bbn1.bbnradio.org\/spanish\/herramientas\/un-hogar-cristiano\/"},{"@type":"ListItem","position":4,"name":"Un Hogar Cristiano &#8211; Los Recuerdos del Hogar"}]},{"@type":"WebSite","@id":"https:\/\/bbn1.bbnradio.org\/spanish\/#website","url":"https:\/\/bbn1.bbnradio.org\/spanish\/","name":"BBN Spanish","description":"BBN","potentialAction":[{"@type":"SearchAction","target":{"@type":"EntryPoint","urlTemplate":"https:\/\/bbn1.bbnradio.org\/spanish\/?s={search_term_string}"},"query-input":{"@type":"PropertyValueSpecification","valueRequired":true,"valueName":"search_term_string"}}],"inLanguage":"es"}]}},"jetpack_sharing_enabled":true,"jetpack_shortlink":"https:\/\/wp.me\/P85nNm-1Zt","_links":{"self":[{"href":"https:\/\/bbn1.bbnradio.org\/spanish\/wp-json\/wp\/v2\/pages\/7655","targetHints":{"allow":["GET"]}}],"collection":[{"href":"https:\/\/bbn1.bbnradio.org\/spanish\/wp-json\/wp\/v2\/pages"}],"about":[{"href":"https:\/\/bbn1.bbnradio.org\/spanish\/wp-json\/wp\/v2\/types\/page"}],"author":[{"embeddable":true,"href":"https:\/\/bbn1.bbnradio.org\/spanish\/wp-json\/wp\/v2\/users\/21"}],"replies":[{"embeddable":true,"href":"https:\/\/bbn1.bbnradio.org\/spanish\/wp-json\/wp\/v2\/comments?post=7655"}],"version-history":[{"count":3,"href":"https:\/\/bbn1.bbnradio.org\/spanish\/wp-json\/wp\/v2\/pages\/7655\/revisions"}],"predecessor-version":[{"id":15298,"href":"https:\/\/bbn1.bbnradio.org\/spanish\/wp-json\/wp\/v2\/pages\/7655\/revisions\/15298"}],"up":[{"embeddable":true,"href":"https:\/\/bbn1.bbnradio.org\/spanish\/wp-json\/wp\/v2\/pages\/4940"}],"wp:featuredmedia":[{"embeddable":true,"href":"https:\/\/bbn1.bbnradio.org\/spanish\/wp-json\/wp\/v2\/media\/8610"}],"wp:attachment":[{"href":"https:\/\/bbn1.bbnradio.org\/spanish\/wp-json\/wp\/v2\/media?parent=7655"}],"wp:term":[{"taxonomy":"category","embeddable":true,"href":"https:\/\/bbn1.bbnradio.org\/spanish\/wp-json\/wp\/v2\/categories?post=7655"},{"taxonomy":"post_tag","embeddable":true,"href":"https:\/\/bbn1.bbnradio.org\/spanish\/wp-json\/wp\/v2\/tags?post=7655"}],"curies":[{"name":"wp","href":"https:\/\/api.w.org\/{rel}","templated":true}]}}