{"id":8217,"date":"2016-08-02T11:11:42","date_gmt":"2016-08-02T15:11:42","guid":{"rendered":"https:\/\/bbn1.bbnradio.org\/english\/?page_id=8217"},"modified":"2018-06-13T13:18:58","modified_gmt":"2018-06-13T18:18:58","slug":"saturno-colmenares","status":"publish","type":"page","link":"https:\/\/bbn1.bbnradio.org\/spanish\/quienes-somos\/nuestros-locutores\/saturno-colmenares\/","title":{"rendered":"Saturno Colmenares"},"content":{"rendered":"\n<style type=\"text\/css\" data-created_by=\"avia_inline_auto\" id=\"style-css-av-av_one_fourth-9497bbf8bff73ea4c6992cc17fa9ec36\">\n.flex_column.av-av_one_fourth-9497bbf8bff73ea4c6992cc17fa9ec36{\nborder-radius:0px 0px 0px 0px;\npadding:0px 0px 0px 0px;\n}\n<\/style>\n<div  class='flex_column av-av_one_fourth-9497bbf8bff73ea4c6992cc17fa9ec36 av_one_fourth  avia-builder-el-0  el_before_av_three_fourth  avia-builder-el-first  first flex_column_div av-zero-column-padding  '     ><p>\n<style type=\"text\/css\" data-created_by=\"avia_inline_auto\" id=\"style-css-av-av_hr-c8dc2a51a6f4017121e8dbd441687de1\">\n#top .hr.hr-invisible.av-av_hr-c8dc2a51a6f4017121e8dbd441687de1{\nheight:1px;\n}\n<\/style>\n<div  class='hr av-av_hr-c8dc2a51a6f4017121e8dbd441687de1 hr-invisible  avia-builder-el-1  el_before_av_team_member  avia-builder-el-first '><span class='hr-inner '><span class=\"hr-inner-style\"><\/span><\/span><\/div><br \/>\n<section  class='avia-team-member av-av_team_member-8d117c45dbd57f65d771a6c74698b72f  avia-builder-el-2  el_after_av_hr  avia-builder-el-last '  itemscope=\"itemscope\" itemtype=\"https:\/\/schema.org\/Person\" ><div class=\"team-img-container\"><img decoding=\"async\" fetchpriority=\"high\" class='wp-image-12479 avia-img-lazy-loading-not-12479 avia_image avia_image_team' src=\"https:\/\/i0.wp.com\/bbn1.bbnradio.org\/spanish\/wp-content\/uploads\/sites\/5\/2018\/02\/Saturno-Colmenares.jpg?fit=213%2C320&ssl=1\" alt='Saturno Colmenares'  itemprop=\"image\"   height=\"320\" width=\"213\" \/><\/div><h3 class='team-member-name '  itemprop=\"name\" >Saturno Colmenares<\/h3><div class='team-member-job-title '  itemprop=\"jobTitle\" >Locutor<\/div><span class='hidden team-member-affiliation'  itemprop=\"affiliation\" >BBN<\/span><\/section><\/p><\/div>\n\n<style type=\"text\/css\" data-created_by=\"avia_inline_auto\" id=\"style-css-av-av_three_fourth-9c1d454dc06f7247226bc4e8f931daae\">\n.flex_column.av-av_three_fourth-9c1d454dc06f7247226bc4e8f931daae{\nborder-radius:0px 0px 0px 0px;\npadding:0px 0px 0px 0px;\n}\n<\/style>\n<div  class='flex_column av-av_three_fourth-9c1d454dc06f7247226bc4e8f931daae av_three_fourth  avia-builder-el-3  el_after_av_one_fourth  avia-builder-el-last  flex_column_div av-zero-column-padding  '     ><section  class='av_textblock_section av-av_textblock-2de302bf1aa3cf4c9157dbe6f50ac7eb '   itemscope=\"itemscope\" itemtype=\"https:\/\/schema.org\/CreativeWork\" ><div class='avia_textblock'  itemprop=\"text\" ><p>Mi nombre es Saturno Colmenares, venezolano, espec\u00edficamente de El Tocuyo, Estado Lara. Casado con Mar\u00eda, de cuya uni\u00f3n tuvimos un hijo, Satmar Pedro, fallecido el 5 de marzo del a\u00f1o 2010.<\/p>\n<p>Conoc\u00ed a Cristo como Se\u00f1or y Salvador el 17 de abril del a\u00f1o 1967, en una campa\u00f1a evangel\u00edstica en mi ciudad natal. El mensaje b\u00edblico impact\u00f3 la parte espiritual, necesitaba llenar un gran vac\u00edo, por varias noches no cesaba de pensar en el contenido del himno \u201cPecador Ven a Cristo Jes\u00fas\u201d, la acci\u00f3n de la palabra y la obra del Esp\u00edritu Santo me llevaron a tomar la decisi\u00f3n de aceptar el plan de Dios para mi vida.<\/p>\n<p>Tengo fundamentado mi llamamiento al servicio del Se\u00f1or en lo que la Sagrada Escritura me dice. Despu\u00e9s de haber ayudado en diferentes actividades concernientes a la iglesia, sent\u00ed la necesidad de una mejor preparaci\u00f3n, en el a\u00f1o 1975 junto con mi esposa fui a una instituci\u00f3n teol\u00f3gica por espacio de cuatro a\u00f1os.<\/p>\n<p>Egresados de all\u00ed, trabajamos con un instituto b\u00edblico en el cual ejerc\u00ed la direcci\u00f3n por 5 a\u00f1os, despu\u00e9s Dios nos llev\u00f3 a la isla de Bonaire, Antillas Holandesas en el a\u00f1o 1983, para trabajar como misioneros de carrera en Radio Trans Mundial, all\u00ed estuvimos 15 a\u00f1os. En 1999 El Todopoderoso nos abri\u00f3 puertas en BBN, donde mi esposa se desempe\u00f1a como secretar\u00eda, y yo como locutor.<\/p>\n<p>Creo que es un trabajo de gran responsabilidad, en el cual hemos tenido que depender de Dios diariamente, en primer lugar a darle la honra y gloria a El, para luego pensar en la manera c\u00f3mo ayudar espiritualmente al oyente. Este ha sido nuestro lema a trav\u00e9s de los a\u00f1os de ministerio: \u201cNo desmayamos, antes bien renunciamos a lo oculto y vergonzoso, no andando con astucia, ni adulterando la palabra de Dios\u2026\u201d 2 Co. 4: 2<\/p>\n<p>En este a\u00f1o, esperamos que nos respalde a trav\u00e9s de sus oraciones.<\/p>\n<\/div><\/section><\/div>\n<!-- AddThis Advanced Settings generic via filter on the_content --><!-- AddThis Share Buttons generic via filter on the_content -->","protected":false},"excerpt":{"rendered":"<p><!-- AddThis Advanced Settings generic via filter on get_the_excerpt --><!-- AddThis Share Buttons generic via filter on get_the_excerpt --><\/p>\n","protected":false},"author":21,"featured_media":0,"parent":6263,"menu_order":0,"comment_status":"closed","ping_status":"closed","template":"","meta":{"jetpack_post_was_ever_published":false,"footnotes":""},"categories":[],"tags":[],"class_list":["post-8217","page","type-page","status-publish","hentry"],"yoast_head":"<!-- This site is optimized with the Yoast SEO Premium plugin v24.8 (Yoast SEO v24.8.1) - https:\/\/yoast.com\/wordpress\/plugins\/seo\/ -->\n<title>Saturno Colmenares - BBN<\/title>\n<meta name=\"robots\" content=\"index, follow, max-snippet:-1, max-image-preview:large, max-video-preview:-1\" \/>\n<link rel=\"canonical\" href=\"https:\/\/bbn1.bbnradio.org\/spanish\/quienes-somos\/nuestros-locutores\/saturno-colmenares\/\" \/>\n<meta property=\"og:locale\" content=\"es_ES\" \/>\n<meta property=\"og:type\" content=\"article\" \/>\n<meta property=\"og:title\" content=\"Nuestros Locutores- Saturno Colmenares\" \/>\n<meta property=\"og:description\" content=\"Mi nombre es Saturno Colmenares, venezolano, espec\u00edficamente de El Tocuyo, Estado Lara. Casado con Mar\u00eda, de cuya uni\u00f3n tuvimos un hijo, Satmar Pedro, fallecido el 5 de marzo del a\u00f1o 2010. Conoc\u00ed a Cristo como Se\u00f1or y Salvador el 17 de abril del a\u00f1o 1.967, en una campa\u00f1a evangel\u00edstica en mi ciudad natal. El mensaje b\u00edblico impact\u00f3 la parte espiritual, necesitaba llenar un gran vac\u00edo, por varias noches no cesaba de pensar en el contenido del himno \u201cPecador Ven a Cristo Jes\u00fas\u201d, la acci\u00f3n de la palabra y la obra del Esp\u00edritu Santo me llevaron a tomar la decisi\u00f3n de aceptar el plan de Dios para mi vida.\" \/>\n<meta property=\"og:url\" content=\"https:\/\/bbn1.bbnradio.org\/spanish\/quienes-somos\/nuestros-locutores\/saturno-colmenares\/\" \/>\n<meta property=\"og:site_name\" content=\"BBN\" \/>\n<meta property=\"article:publisher\" content=\"https:\/\/www.facebook.com\/BBNEspanol\" \/>\n<meta property=\"article:modified_time\" content=\"2018-06-13T18:18:58+00:00\" \/>\n<meta name=\"twitter:card\" content=\"summary_large_image\" \/>\n<meta name=\"twitter:title\" content=\"Nuestros Locutores- Saturno Colmenares\" \/>\n<meta name=\"twitter:description\" content=\"Mi nombre es Saturno Colmenares, venezolano, espec\u00edficamente de El Tocuyo, Estado Lara. Casado con Mar\u00eda, de cuya uni\u00f3n tuvimos un hijo, Satmar Pedro, fallecido el 5 de marzo del a\u00f1o 2010. Conoc\u00ed a Cristo como Se\u00f1or y Salvador el 17 de abril del a\u00f1o 1.967, en una campa\u00f1a evangel\u00edstica en mi ciudad natal. El mensaje b\u00edblico impact\u00f3 la parte espiritual, necesitaba llenar un gran vac\u00edo, por varias noches no cesaba de pensar en el contenido del himno \u201cPecador Ven a Cristo Jes\u00fas\u201d, la acci\u00f3n de la palabra y la obra del Esp\u00edritu Santo me llevaron a tomar la decisi\u00f3n de aceptar el plan de Dios para mi vida.\" \/>\n<meta name=\"twitter:site\" content=\"@BBNEspanol\" \/>\n<meta name=\"twitter:label1\" content=\"Tiempo de lectura\" \/>\n\t<meta name=\"twitter:data1\" content=\"3 minutos\" \/>\n<script type=\"application\/ld+json\" class=\"yoast-schema-graph\">{\"@context\":\"https:\/\/schema.org\",\"@graph\":[{\"@type\":\"WebPage\",\"@id\":\"https:\/\/bbn1.bbnradio.org\/spanish\/quienes-somos\/nuestros-locutores\/saturno-colmenares\/\",\"url\":\"https:\/\/bbn1.bbnradio.org\/spanish\/quienes-somos\/nuestros-locutores\/saturno-colmenares\/\",\"name\":\"Saturno Colmenares - BBN\",\"isPartOf\":{\"@id\":\"https:\/\/bbn1.bbnradio.org\/spanish\/#website\"},\"datePublished\":\"2016-08-02T15:11:42+00:00\",\"dateModified\":\"2018-06-13T18:18:58+00:00\",\"breadcrumb\":{\"@id\":\"https:\/\/bbn1.bbnradio.org\/spanish\/quienes-somos\/nuestros-locutores\/saturno-colmenares\/#breadcrumb\"},\"inLanguage\":\"es\",\"potentialAction\":[{\"@type\":\"ReadAction\",\"target\":[\"https:\/\/bbn1.bbnradio.org\/spanish\/quienes-somos\/nuestros-locutores\/saturno-colmenares\/\"]}]},{\"@type\":\"BreadcrumbList\",\"@id\":\"https:\/\/bbn1.bbnradio.org\/spanish\/quienes-somos\/nuestros-locutores\/saturno-colmenares\/#breadcrumb\",\"itemListElement\":[{\"@type\":\"ListItem\",\"position\":1,\"name\":\"Home\",\"item\":\"https:\/\/bbn1.bbnradio.org\/spanish\/inicio\/\"},{\"@type\":\"ListItem\",\"position\":2,\"name\":\"Quienes somos\",\"item\":\"https:\/\/bbn1.bbnradio.org\/spanish\/quienes-somos\/\"},{\"@type\":\"ListItem\",\"position\":3,\"name\":\"Nuestros Locutores\",\"item\":\"https:\/\/bbn1.bbnradio.org\/spanish\/quienes-somos\/nuestros-locutores\/\"},{\"@type\":\"ListItem\",\"position\":4,\"name\":\"Saturno Colmenares\"}]},{\"@type\":\"WebSite\",\"@id\":\"https:\/\/bbn1.bbnradio.org\/spanish\/#website\",\"url\":\"https:\/\/bbn1.bbnradio.org\/spanish\/\",\"name\":\"BBN Spanish\",\"description\":\"BBN\",\"potentialAction\":[{\"@type\":\"SearchAction\",\"target\":{\"@type\":\"EntryPoint\",\"urlTemplate\":\"https:\/\/bbn1.bbnradio.org\/spanish\/?s={search_term_string}\"},\"query-input\":{\"@type\":\"PropertyValueSpecification\",\"valueRequired\":true,\"valueName\":\"search_term_string\"}}],\"inLanguage\":\"es\"}]}<\/script>\n<!-- \/ Yoast SEO Premium plugin. -->","yoast_head_json":{"title":"Saturno Colmenares - BBN","robots":{"index":"index","follow":"follow","max-snippet":"max-snippet:-1","max-image-preview":"max-image-preview:large","max-video-preview":"max-video-preview:-1"},"canonical":"https:\/\/bbn1.bbnradio.org\/spanish\/quienes-somos\/nuestros-locutores\/saturno-colmenares\/","og_locale":"es_ES","og_type":"article","og_title":"Nuestros Locutores- Saturno Colmenares","og_description":"Mi nombre es Saturno Colmenares, venezolano, espec\u00edficamente de El Tocuyo, Estado Lara. Casado con Mar\u00eda, de cuya uni\u00f3n tuvimos un hijo, Satmar Pedro, fallecido el 5 de marzo del a\u00f1o 2010. Conoc\u00ed a Cristo como Se\u00f1or y Salvador el 17 de abril del a\u00f1o 1.967, en una campa\u00f1a evangel\u00edstica en mi ciudad natal. El mensaje b\u00edblico impact\u00f3 la parte espiritual, necesitaba llenar un gran vac\u00edo, por varias noches no cesaba de pensar en el contenido del himno \u201cPecador Ven a Cristo Jes\u00fas\u201d, la acci\u00f3n de la palabra y la obra del Esp\u00edritu Santo me llevaron a tomar la decisi\u00f3n de aceptar el plan de Dios para mi vida.","og_url":"https:\/\/bbn1.bbnradio.org\/spanish\/quienes-somos\/nuestros-locutores\/saturno-colmenares\/","og_site_name":"BBN","article_publisher":"https:\/\/www.facebook.com\/BBNEspanol","article_modified_time":"2018-06-13T18:18:58+00:00","twitter_card":"summary_large_image","twitter_title":"Nuestros Locutores- Saturno Colmenares","twitter_description":"Mi nombre es Saturno Colmenares, venezolano, espec\u00edficamente de El Tocuyo, Estado Lara. Casado con Mar\u00eda, de cuya uni\u00f3n tuvimos un hijo, Satmar Pedro, fallecido el 5 de marzo del a\u00f1o 2010. Conoc\u00ed a Cristo como Se\u00f1or y Salvador el 17 de abril del a\u00f1o 1.967, en una campa\u00f1a evangel\u00edstica en mi ciudad natal. El mensaje b\u00edblico impact\u00f3 la parte espiritual, necesitaba llenar un gran vac\u00edo, por varias noches no cesaba de pensar en el contenido del himno \u201cPecador Ven a Cristo Jes\u00fas\u201d, la acci\u00f3n de la palabra y la obra del Esp\u00edritu Santo me llevaron a tomar la decisi\u00f3n de aceptar el plan de Dios para mi vida.","twitter_site":"@BBNEspanol","twitter_misc":{"Tiempo de lectura":"3 minutos"},"schema":{"@context":"https:\/\/schema.org","@graph":[{"@type":"WebPage","@id":"https:\/\/bbn1.bbnradio.org\/spanish\/quienes-somos\/nuestros-locutores\/saturno-colmenares\/","url":"https:\/\/bbn1.bbnradio.org\/spanish\/quienes-somos\/nuestros-locutores\/saturno-colmenares\/","name":"Saturno Colmenares - BBN","isPartOf":{"@id":"https:\/\/bbn1.bbnradio.org\/spanish\/#website"},"datePublished":"2016-08-02T15:11:42+00:00","dateModified":"2018-06-13T18:18:58+00:00","breadcrumb":{"@id":"https:\/\/bbn1.bbnradio.org\/spanish\/quienes-somos\/nuestros-locutores\/saturno-colmenares\/#breadcrumb"},"inLanguage":"es","potentialAction":[{"@type":"ReadAction","target":["https:\/\/bbn1.bbnradio.org\/spanish\/quienes-somos\/nuestros-locutores\/saturno-colmenares\/"]}]},{"@type":"BreadcrumbList","@id":"https:\/\/bbn1.bbnradio.org\/spanish\/quienes-somos\/nuestros-locutores\/saturno-colmenares\/#breadcrumb","itemListElement":[{"@type":"ListItem","position":1,"name":"Home","item":"https:\/\/bbn1.bbnradio.org\/spanish\/inicio\/"},{"@type":"ListItem","position":2,"name":"Quienes somos","item":"https:\/\/bbn1.bbnradio.org\/spanish\/quienes-somos\/"},{"@type":"ListItem","position":3,"name":"Nuestros Locutores","item":"https:\/\/bbn1.bbnradio.org\/spanish\/quienes-somos\/nuestros-locutores\/"},{"@type":"ListItem","position":4,"name":"Saturno Colmenares"}]},{"@type":"WebSite","@id":"https:\/\/bbn1.bbnradio.org\/spanish\/#website","url":"https:\/\/bbn1.bbnradio.org\/spanish\/","name":"BBN Spanish","description":"BBN","potentialAction":[{"@type":"SearchAction","target":{"@type":"EntryPoint","urlTemplate":"https:\/\/bbn1.bbnradio.org\/spanish\/?s={search_term_string}"},"query-input":{"@type":"PropertyValueSpecification","valueRequired":true,"valueName":"search_term_string"}}],"inLanguage":"es"}]}},"jetpack_sharing_enabled":true,"jetpack_shortlink":"https:\/\/wp.me\/P85nNm-28x","_links":{"self":[{"href":"https:\/\/bbn1.bbnradio.org\/spanish\/wp-json\/wp\/v2\/pages\/8217","targetHints":{"allow":["GET"]}}],"collection":[{"href":"https:\/\/bbn1.bbnradio.org\/spanish\/wp-json\/wp\/v2\/pages"}],"about":[{"href":"https:\/\/bbn1.bbnradio.org\/spanish\/wp-json\/wp\/v2\/types\/page"}],"author":[{"embeddable":true,"href":"https:\/\/bbn1.bbnradio.org\/spanish\/wp-json\/wp\/v2\/users\/21"}],"replies":[{"embeddable":true,"href":"https:\/\/bbn1.bbnradio.org\/spanish\/wp-json\/wp\/v2\/comments?post=8217"}],"version-history":[{"count":3,"href":"https:\/\/bbn1.bbnradio.org\/spanish\/wp-json\/wp\/v2\/pages\/8217\/revisions"}],"predecessor-version":[{"id":16769,"href":"https:\/\/bbn1.bbnradio.org\/spanish\/wp-json\/wp\/v2\/pages\/8217\/revisions\/16769"}],"up":[{"embeddable":true,"href":"https:\/\/bbn1.bbnradio.org\/spanish\/wp-json\/wp\/v2\/pages\/6263"}],"wp:attachment":[{"href":"https:\/\/bbn1.bbnradio.org\/spanish\/wp-json\/wp\/v2\/media?parent=8217"}],"wp:term":[{"taxonomy":"category","embeddable":true,"href":"https:\/\/bbn1.bbnradio.org\/spanish\/wp-json\/wp\/v2\/categories?post=8217"},{"taxonomy":"post_tag","embeddable":true,"href":"https:\/\/bbn1.bbnradio.org\/spanish\/wp-json\/wp\/v2\/tags?post=8217"}],"curies":[{"name":"wp","href":"https:\/\/api.w.org\/{rel}","templated":true}]}}